{"id":743,"date":"2020-06-17T15:25:55","date_gmt":"2020-06-17T15:25:55","guid":{"rendered":"https:\/\/www.greenfieldresidence.ro\/baneasa\/?page_id=743"},"modified":"2022-07-04T16:54:06","modified_gmt":"2022-07-04T13:54:06","slug":"termeni-conditii","status":"publish","type":"page","link":"https:\/\/www.greenfieldresidence.ro\/copou\/termeni-conditii\/","title":{"rendered":"Termeni \u0219i Condi\u021bii"},"content":{"rendered":"<p><strong>Termeni \u0219i Condi\u021bii<\/strong><\/p>\n<p>Site-ul <a href=\"www.greenfieldresidence.ro\/copou\">www.greenfieldresidence.ro\/copou<\/a>, \u00a0se afl\u0103 \u00een proprietatea <strong>Impact Developer &amp; Contractor SA<\/strong> persoana juridica romana, avand sediul social in Bucuresti, Sos. Bucuresti-Ploiesti nr. 172-176, Willbrook Platinum Business &amp; Convention Center, Cladirea A, etajul 1, sectorul 1, cod postal 077190, inregistrata la Registrul Comertului Bucuresti sub nr. J40\/7228\/2018, Cod Unic de Inregistrare 1553483, cont nr. RO83BTRL05001202G09191XX, deschis la Banca Transilvania, companie din care <strong>GREENFIELD COPOU RESIDENCE S.R.L<\/strong> face parte, si \u00a0va prelucra datele personale ale utilizatorilor site-ului.<\/p>\n<p>Accesarea, vizitarea sau\/\u0219i utilizarea site-ului implic\u0103 acceptarea deplin\u0103 \u015fi necondi\u021bionat\u0103 de c\u0103tre utilizator a condi\u021biilor expuse \u00een Termenii \u015fi Condi\u021biile prezente. \u00a0\u00cen m\u0103sura \u00een care nu agrea\u0163i prezentele condi\u0163ii, ave\u021bi dreptul de a \u00eenceta imediat utilizarea site-ului.<\/p>\n<ol>\n<li><strong> Preciz\u0103ri generale<\/strong><\/li>\n<\/ol>\n<p>Site-ul www.greenfieldresidence.ro\/copou reprezint\u0103 un site de prezentare pentru proiectul rezidential GREENFIELD COPOU precum \u0219i de informare asupra ansamblurilor reziden\u021biale construite in cadrul grupului <strong>IMPACT Developer &amp; Contractor<\/strong> din care fac parte si companiile afiliate <strong>Greenfiled Copou Residence SRL , Bergamot Development SRL <\/strong>si <strong>\u00a0Actual Invest House SRL, Bergamot Development SRL <\/strong>\u00a0\u0219i are ca scop \u00a0facilitarea accesului la informa\u021bii privind disponibilitatea \u0219i posibilit\u0103\u021bile de achizi\u021bionare a unui apartament \u00een cadrul acestor ansambluri reziden\u021biale din Grup.<\/p>\n<p>Informa\u021biile prezentate pe site au caracter informativ, condi\u021biile contractuale exacte (inclusiv pre\u021b) fiind stabilite \u00een mod direct cu reprezentan\u021bii dezvoltatorului.<\/p>\n<ol start=\"2\">\n<li><strong> Defini\u021bii <\/strong><\/li>\n<\/ol>\n<p><strong>Utilizator<\/strong> &#8211; orice persoan\u0103 care acceseaz\u0103, navigheaz\u0103 \u0219i\/sau folose\u0219te site-ul sau se aboneaz\u0103 la newsletter.<\/p>\n<p><strong>Newsletter <\/strong>&#8211; orice \u0219tire, informa\u021bie, noutate legat\u0103 de ofertele \u0219i evenimentele organizate de Luxuria Residence \u0219i celelalte societ\u0103\u021bi din grupul IMPACT transmis\u0103 utilizatorilor abona\u021bi \u00een modulul de newsletter din cadrul site-ului.<\/p>\n<p><strong>Oferta de v\u00e2nzare<\/strong> &#8211; oferta de apartamente de v\u00e2nzare publicat\u0103 pe site, valabil\u0103 \u00een limita stocului disponibil. Pentru a afla stocul disponibil este necesar\u0103 contactarea reprezentan\u021bilor de v\u00e2nz\u0103ri. Din motive tehnice \u0219i obiective, legate de actualizarea \u0219i modificarea foarte rapid\u0103 a ofertelor, nu este posibil\u0103 publicarea exact\u0103 a ofertelor disponibile la un moment dat.<\/p>\n<p><strong>Client<\/strong> &#8211; orice persoan\u0103 fizic\u0103 major\u0103 sau persoan\u0103 juridic\u0103 care acceseaz\u0103 site-ul \u0219i se adreseaz\u0103 <a href=\"http:\/\/www.luxuria-residence.ro\/\" target=\"_blank\" rel=\"noopener\">www.impactsa.ro<\/a> pentru a solicita o ofert\u0103 \u00een scopul achizi\u021bion\u0103rii unui apartament sau a solicita programarea unei vizion\u0103ri de apartament.<\/p>\n<ol start=\"3\">\n<li><strong> Drepturi de proprietate intelectual\u0103<\/strong><\/li>\n<\/ol>\n<p>\u00centregul con\u021binut al site-ului &#8211; imagini, texte, grafice, simboluri, elemente de grafic\u0103 web &#8211; este proprietatea de\u021bin\u0103torului site-ului \u0219i a colaboratorilor s\u0103i, drepturile de proprietate intelectual\u0103 fiind protejate de lege. Niciun material de pe acest site nu poate fi reprodus par\u021bial sau integral \u0219i\/sau modificat f\u0103r\u0103 acordul expres prealabil al titularului dreptului de proprietate intelectual\u0103.<\/p>\n<p>Toate informa\u021biile prezentate pe site cu privire la produse (selec\u021bia de apartamente) incluz\u00e2nd pre\u021buri, informa\u021bii, disponibilitatea apartamentelor sunt prezentate cu titlu informativ \u0219i nu reprezint\u0103 o ofert\u0103 ferm\u0103 de a contracta \u0219i nici nu poate angaja r\u0103spunderea <strong>Impact Developer &amp; Contractor SA<\/strong> \u00een lipsa unor acorduri ulterioare.<\/p>\n<ol start=\"4\">\n<li><strong> Exonerarea de r\u0103spundere<\/strong><\/li>\n<\/ol>\n<p><strong>Impact Developer &amp; Contractor SA<\/strong> nu garanteaz\u0103 c\u0103 utilizarea site-ului \u0219i a serverelor pe care este g\u0103zduit acesta sau c\u0103 desc\u0103rcarea materialelor de pe website nu prezint\u0103 riscul de virusare sau de transmitere a altor componente informatice poten\u021bial daun\u0103toare. A\u0219adar, nu va r\u0103spunde pentru eventuale daune de ordin direct sau indirect, cauzate de accesarea\/vizitarea\/utilizarea site-ului \u0219i a informa\u021biilor de pe acesta.<\/p>\n<p><strong>Impact Developer &amp; Contractor SA. <\/strong>nu acord\u0103 garan\u021bie privind con\u021binutul \u0219i folosirea website-ului \u0219i nu poate fi f\u0103cut\u0103 responsabil\u0103 pentru neconcordan\u021be, indisponibilitate sau alte defecte ale site-ului sau ale con\u021binutului s\u0103u, determinate de cauze obiective.<\/p>\n<ol start=\"5\">\n<li><strong> Politica de confiden\u021bialitate a datelor \u0219i de protec\u021bie a datelor cu caracter personal<\/strong><\/li>\n<\/ol>\n<p><strong>Impact Developer &amp; Contractor SA<\/strong> garanteaz\u0103 confiden\u021bialitatea tuturor datelor \u0219i informa\u021biile comunicate de clien\u021bi.<\/p>\n<p><strong>Impact Developer &amp; Contractor SA. <\/strong>garanteaz\u0103 c\u0103 respect\u0103 prevederile legale \u00een materie de protec\u021bie a datelor cu caracter personal, inclusiv Regulamentul nr. 679 din 27 aprilie 2016 privind protec\u0163ia persoanelor fizice \u00een ceea ce prive\u015fte prelucrarea datelor cu caracter personal \u015fi privind libera circula\u0163ie a acestor date \u015fi de abrogare a Directivei 95\/46\/CE (Regulamentul general privind protec\u0163ia datelor).<\/p>\n<p>Tuturor utilizatorilor le sunt respectate toate drepturile incidente \u00een materie de protec\u021bie a datelor cu caracter personal (ex. dreptul la informare, dreptul de acces, dreptul la rectificare, dreptul la restric\u021bionarea prelucr\u0103rii, dreptul la portabilitate, dreptul de opozi\u021bie, dreptul de \u0219tergere precum \u0219i dreptul de a se adresa justi\u021biei) privind protec\u021bia persoanelor cu privire la prelucrarea datelor cu caracter personal \u0219i libera circula\u021bie a acestor date.<\/p>\n<p>Orice date cu caracter personal ale utilizatorilor precum nume, prenume, num\u0103r de telefon sau adres\u0103 de e-mail colectate prin intermediul site-ului sau comunicate prin po\u0219t\u0103 electronic\u0103 sau prin alt\u0103 modalitate vor fi men\u021binute confiden\u021biale \u0219i nu vor fi divulgate ter\u021bilor.<\/p>\n<p>Prelucrarea datelor cu caracter personal este efectuat\u0103 \u00een conformitate cu \u015fi pentru scopurile prev\u0103zute \u00een <a href=\"https:\/\/www.greenfieldresidence.ro\/copou\/privacy-policy\/\"><em>Politica de Confiden\u021bialitate<\/em><\/a> \u0219i <a href=\"https:\/\/www.greenfieldresidence.ro\/copou\/cookie\/\"><em>Politica de cookies<\/em><\/a> si <a href=\"https:\/\/www.greenfieldresidence.ro\/copou\/nota-de-informare\/\">Nota de informare<\/a>.<\/p>\n<ol start=\"6\">\n<li><strong> Newsletter<\/strong><\/li>\n<\/ol>\n<p>Utilizatorii se pot abona la serviciul de newsletter prin completarea c\u00e2mpurilor specifice de pe site (nume \u0219i adresa de e-mail), datele fiind utilizate \u00een scopul transmiterii de mesaje de informare cu privire la produsele \u0219i evenimentele derulate in cadrul Luxuria Residence \u0219i celelalte societ\u0103\u021bi din grupul IMPACT, respect\u00e2nd dispozi\u021biile legale \u00een vigoare. Utilizatorul are posibilitatea de a renun\u021ba oric\u00e2nd \u0219i \u00een mod gratuit la servciul newsletter prin bifarea op\u021biunii \u201e<em>Dezabonare<\/em>\u201d din cadrul newsletterului sau prin transmiterea unei solicit\u0103ri scrise la adresa de e-mail <a href=\"mailto:dpo@impactsa.ro\">dpo@impactsa.ro<\/a> prin care se solicit\u0103 \u00een mod expres dezabonarea de la serviciul de newsletter.<\/p>\n<ol start=\"7\">\n<li><strong> Fraud\u0103<\/strong><\/li>\n<\/ol>\n<p><strong>Impact Developer &amp; Contractor SA<\/strong> a implementat m\u0103suri pentru a reduce riscurile de eroare uman\u0103, furt, fraud\u0103 a datelor \u0219i informa\u021biilor, implement\u00e2nd proceduri \u015fi standarde care s\u0103 protejeze informa\u021biile colectate \u0219i stocate \u00een mediile informatice.<\/p>\n<ol start=\"8\">\n<li><strong> Limita de responsabilitate<\/strong><\/li>\n<\/ol>\n<p>Utilizarea prezentului site se face pe propria r\u0103spundere a utilizatorului. Site-ul este oferit astfel cum este disponibil, respectiv \u201eas it is\u201d \u0219i \u201eas available\u201d, f\u0103r\u0103 reprezent\u0103ri \u0219i garan\u021bii (spre exemplu, disponibilitate, acurate\u021be sau form\u0103 complet\u0103), <strong>Impact Developer &amp; Contractor SA<\/strong> \u0219i afilia\u021bii s\u0103i limit\u00e2ndu-\u0219i r\u0103spunderea fa\u021b\u0103 de oricare \u0219i toate cele mai sus men\u021bionate.<\/p>\n<p>Utilizarea site-ului poate fi afectat\u0103 de numero\u0219i factori \u00een afara controlulu <strong>Impact Developer &amp; Contractor SA<\/strong><\/p>\n<p><strong>Impact Developer &amp; Contractor SA<\/strong> \u0219i afilia\u021bii s\u0103i nu vor fi responsabili fa\u021b\u0103 de utilizatori sau fa\u021b\u0103 de alte ter\u021be p\u0103r\u021bi pentru vreun prejudiciu suferit ca rezultat al oric\u0103rui eveniment \u0219i pentru nici un fel de prejudiciu suferit de utilizator ca rezultat al oric\u0103rei defec\u021biuni opera\u021bionale, modific\u0103ri sau retrageri a site-ului. \u00cen consecin\u021b\u0103, con\u021binutul website-ului este disponibil f\u0103r\u0103 garan\u021bii, exprese sau implicite inclusiv dar f\u0103r\u0103 a se limita acurate\u021bea, actualitatea \u0219i\/sau integralitatea informa\u021biilor furnizate.<\/p>\n<ol start=\"9\">\n<li><strong> For\u021ba major\u0103<\/strong><\/li>\n<\/ol>\n<p><strong>Impact Developer &amp; Contractor SA<\/strong> nu va fi \u021binut\u0103 r\u0103spunz\u0103toare pentru neexecutarea obliga\u021biilor sale decurg\u00e2nd din Termenii \u0219i Condi\u021biile prezente, dac\u0103 o astfel de neexecutare la termen \u0219i\/sau executare \u00een mod necorespunz\u0103tor, total sau par\u021bial, este datorat\u0103 unui eveniment de for\u021b\u0103 major\u0103.<\/p>\n<p>For\u021b\u0103 major\u0103 este orice eveniment extern imprevizibil, absolut invincibil \u0219i inevitabil.<\/p>\n<ol start=\"10\">\n<li><strong> Legea aplicabil\u0103<\/strong><\/li>\n<\/ol>\n<p>Termenii \u0219i Condi\u021biile prezente \u0219i utilizarea prezentului site sunt guvernate de legile din Rom\u00e2nia. \u00cen caz de apari\u021bie a unor dispute cu privire la Termeni \u0219i Condi\u021biile prezente, se va \u00eencerca o rezolvare pe cale amiabil\u0103 \u00eentre p\u0103r\u021bile implicate. \u00cen cazul \u00een care nu se ajunge la nicio \u00een\u021belegere \u00een acest mod, litigiile vor fi solu\u021bionate de instan\u021bele judec\u0103tore\u0219ti competente din Rom\u00e2nia.<\/p>\n<ol start=\"11\">\n<li><strong> Politica de utilizare cookies<\/strong><\/li>\n<\/ol>\n<p>Site-ul www.greenfieldresidence.ro\/copou utilizeaz\u0103 diferite tipuri de cookies. Toate informa\u021biile specifice privind cookie-urile utilizate de acest site pot fi consultate \u00een cadrul <a href=\"https:\/\/www.greenfieldresidence.ro\/copou\/cookie\/\">Politicii de cookies<\/a>.<\/p>\n<p>&nbsp;<\/p>\n","protected":false},"excerpt":{"rendered":"<p>Termeni \u0219i Condi\u021bii Site-ul www.greenfieldresidence.ro\/copou, \u00a0se afl\u0103 \u00een proprietatea Impact Developer &amp; Contractor SA persoana juridica romana, avand sediul social in Bucuresti, Sos&#8230;<\/p>\n","protected":false},"author":1,"featured_media":0,"parent":0,"menu_order":0,"comment_status":"closed","ping_status":"closed","template":"","meta":{"_acf_changed":false,"footnotes":""},"class_list":["post-743","page","type-page","status-publish","hentry"],"acf":[],"_links":{"self":[{"href":"https:\/\/www.greenfieldresidence.ro\/copou\/wp-json\/wp\/v2\/pages\/743"}],"collection":[{"href":"https:\/\/www.greenfieldresidence.ro\/copou\/wp-json\/wp\/v2\/pages"}],"about":[{"href":"https:\/\/www.greenfieldresidence.ro\/copou\/wp-json\/wp\/v2\/types\/page"}],"author":[{"embeddable":true,"href":"https:\/\/www.greenfieldresidence.ro\/copou\/wp-json\/wp\/v2\/users\/1"}],"replies":[{"embeddable":true,"href":"https:\/\/www.greenfieldresidence.ro\/copou\/wp-json\/wp\/v2\/comments?post=743"}],"version-history":[{"count":5,"href":"https:\/\/www.greenfieldresidence.ro\/copou\/wp-json\/wp\/v2\/pages\/743\/revisions"}],"predecessor-version":[{"id":17588,"href":"https:\/\/www.greenfieldresidence.ro\/copou\/wp-json\/wp\/v2\/pages\/743\/revisions\/17588"}],"wp:attachment":[{"href":"https:\/\/www.greenfieldresidence.ro\/copou\/wp-json\/wp\/v2\/media?parent=743"}],"curies":[{"name":"wp","href":"https:\/\/api.w.org\/{rel}","templated":true}]}}