{"id":13498,"date":"2021-04-05T13:40:26","date_gmt":"2021-04-05T10:40:26","guid":{"rendered":"https:\/\/www.greenfieldresidence.ro\/baneasa\/?page_id=13498"},"modified":"2022-06-10T15:43:27","modified_gmt":"2022-06-10T12:43:27","slug":"apartament-3-camere","status":"publish","type":"page","link":"https:\/\/www.greenfieldresidence.ro\/copou\/tur-virtual\/apartament-3-camere\/","title":{"rendered":"Tur virtual 3 Camere"},"content":{"rendered":"<p>&nbsp;<\/p>\n<p>Familia ta merit\u0103 s\u0103 se bucure de confortul locuirii \u00eentr-un apartament modern \u0219i spa\u021bios, \u00eentr-un cartier cu un aer curat, aflat \u00een mijlocul naturii. Apartamentul cu 3 camere din Greenfield este alegerea ideal\u0103 pentru cei care apreciaz\u0103 un standard de locuire, ridicat.<\/p>\n<p>\u021ai-a pl\u0103cut ce ai v\u0103zut? Te a\u0219tept\u0103m la o vizionare!<\/p>\n","protected":false},"excerpt":{"rendered":"<p>&nbsp; Familia ta merit\u0103 s\u0103 se bucure de confortul locuirii \u00eentr-un apartament modern \u0219i spa\u021bios, \u00eentr-un cartier cu un aer curat, aflat \u00een..<\/p>\n","protected":false},"author":1,"featured_media":0,"parent":13483,"menu_order":0,"comment_status":"closed","ping_status":"closed","template":"tours.php","meta":{"_acf_changed":false,"footnotes":""},"class_list":["post-13498","page","type-page","status-publish","hentry"],"acf":[],"_links":{"self":[{"href":"https:\/\/www.greenfieldresidence.ro\/copou\/wp-json\/wp\/v2\/pages\/13498"}],"collection":[{"href":"https:\/\/www.greenfieldresidence.ro\/copou\/wp-json\/wp\/v2\/pages"}],"about":[{"href":"https:\/\/www.greenfieldresidence.ro\/copou\/wp-json\/wp\/v2\/types\/page"}],"author":[{"embeddable":true,"href":"https:\/\/www.greenfieldresidence.ro\/copou\/wp-json\/wp\/v2\/users\/1"}],"replies":[{"embeddable":true,"href":"https:\/\/www.greenfieldresidence.ro\/copou\/wp-json\/wp\/v2\/comments?post=13498"}],"version-history":[{"count":5,"href":"https:\/\/www.greenfieldresidence.ro\/copou\/wp-json\/wp\/v2\/pages\/13498\/revisions"}],"predecessor-version":[{"id":17329,"href":"https:\/\/www.greenfieldresidence.ro\/copou\/wp-json\/wp\/v2\/pages\/13498\/revisions\/17329"}],"up":[{"embeddable":true,"href":"https:\/\/www.greenfieldresidence.ro\/copou\/wp-json\/wp\/v2\/pages\/13483"}],"wp:attachment":[{"href":"https:\/\/www.greenfieldresidence.ro\/copou\/wp-json\/wp\/v2\/media?parent=13498"}],"curies":[{"name":"wp","href":"https:\/\/api.w.org\/{rel}","templated":true}]}}