{"id":13490,"date":"2021-04-05T13:35:27","date_gmt":"2021-04-05T10:35:27","guid":{"rendered":"https:\/\/www.greenfieldresidence.ro\/baneasa\/?page_id=13490"},"modified":"2022-06-10T15:44:28","modified_gmt":"2022-06-10T12:44:28","slug":"studio","status":"publish","type":"page","link":"https:\/\/www.greenfieldresidence.ro\/copou\/tur-virtual\/studio\/","title":{"rendered":"Tur virtual Studio"},"content":{"rendered":"<p>&nbsp;<\/p>\n<p>Aceast\u0103 vizit\u0103 virtual\u0103 \u00eentr-un studio cochet din Greenfield te va surprinde \u00een mod pl\u0103cut, prin spa\u021biile vitrate deschise \u0219i dispunerea practic\u0103 a punctelor de interes. Momentele petrecute pe terasa studioului \u00ee\u021bi vor \u00eenc\u00e2nta cu siguran\u021b\u0103 sim\u021burile.<\/p>\n<p>\u021ai-a pl\u0103cut ce ai v\u0103zut? Te a\u0219tept\u0103m la o vizionare!<\/p>\n","protected":false},"excerpt":{"rendered":"<p>&nbsp; Aceast\u0103 vizit\u0103 virtual\u0103 \u00eentr-un studio cochet din Greenfield te va surprinde \u00een mod pl\u0103cut, prin spa\u021biile vitrate deschise \u0219i dispunerea practic\u0103 a..<\/p>\n","protected":false},"author":1,"featured_media":0,"parent":13483,"menu_order":0,"comment_status":"closed","ping_status":"closed","template":"tours.php","meta":{"_acf_changed":false,"footnotes":""},"class_list":["post-13490","page","type-page","status-publish","hentry"],"acf":[],"_links":{"self":[{"href":"https:\/\/www.greenfieldresidence.ro\/copou\/wp-json\/wp\/v2\/pages\/13490"}],"collection":[{"href":"https:\/\/www.greenfieldresidence.ro\/copou\/wp-json\/wp\/v2\/pages"}],"about":[{"href":"https:\/\/www.greenfieldresidence.ro\/copou\/wp-json\/wp\/v2\/types\/page"}],"author":[{"embeddable":true,"href":"https:\/\/www.greenfieldresidence.ro\/copou\/wp-json\/wp\/v2\/users\/1"}],"replies":[{"embeddable":true,"href":"https:\/\/www.greenfieldresidence.ro\/copou\/wp-json\/wp\/v2\/comments?post=13490"}],"version-history":[{"count":4,"href":"https:\/\/www.greenfieldresidence.ro\/copou\/wp-json\/wp\/v2\/pages\/13490\/revisions"}],"predecessor-version":[{"id":13769,"href":"https:\/\/www.greenfieldresidence.ro\/copou\/wp-json\/wp\/v2\/pages\/13490\/revisions\/13769"}],"up":[{"embeddable":true,"href":"https:\/\/www.greenfieldresidence.ro\/copou\/wp-json\/wp\/v2\/pages\/13483"}],"wp:attachment":[{"href":"https:\/\/www.greenfieldresidence.ro\/copou\/wp-json\/wp\/v2\/media?parent=13490"}],"curies":[{"name":"wp","href":"https:\/\/api.w.org\/{rel}","templated":true}]}}