{"id":13483,"date":"2021-03-31T15:37:45","date_gmt":"2021-03-31T12:37:45","guid":{"rendered":"https:\/\/www.greenfieldresidence.ro\/baneasa\/?page_id=13483"},"modified":"2022-06-10T15:37:54","modified_gmt":"2022-06-10T12:37:54","slug":"tur-virtual","status":"publish","type":"page","link":"https:\/\/www.greenfieldresidence.ro\/copou\/tur-virtual\/","title":{"rendered":"Tur Virtual"},"content":{"rendered":"<p style=\"text-align: justify;\">Emo\u021biile pe care le ai cu g\u00e2ndul la viitoarea ta locuin\u021b\u0103 sunt unice. Ai at\u00e2t de multe curiozit\u0103\u021bi despre cum vor ar\u0103ta apartamentul, cartierul, ce facilit\u0103\u021bi vei avea \u0219i, mai ales, cum va fi comunitatea \u00een care vei tr\u0103i.<\/p>\n<p style=\"text-align: justify;\">Plimb\u0103-te virtual prin apartamentele din Greenfield \u0219i descoper\u0103:<\/p>\n<ul style=\"text-align: justify;\">\n<li>compartimentarea apartamentelor;<\/li>\n<li>priveli\u0219tea panoramic\u0103 spre colinele Ia\u0219ilor;<\/li>\n<li>finisajele premium;<\/li>\n<li>spa\u021biile vitrate mari;<\/li>\n<li>designul interior modern \u0219i optimizat spa\u021biului.<\/li>\n<\/ul>\n<p style=\"text-align: justify;\">\u00cens\u0103, magia Greenfield se simte cu adev\u0103rat doar la fa\u021ba locului, prin urmare, te invit\u0103m s\u0103 ne cunoa\u0219tem.<\/p>\n","protected":false},"excerpt":{"rendered":"<p>Emo\u021biile pe care le ai cu g\u00e2ndul la viitoarea ta locuin\u021b\u0103 sunt unice. Ai at\u00e2t de multe curiozit\u0103\u021bi despre cum vor ar\u0103ta apartamentul,..<\/p>\n","protected":false},"author":1,"featured_media":0,"parent":0,"menu_order":0,"comment_status":"closed","ping_status":"closed","template":"tours.php","meta":{"_acf_changed":false,"footnotes":""},"class_list":["post-13483","page","type-page","status-publish","hentry"],"acf":[],"_links":{"self":[{"href":"https:\/\/www.greenfieldresidence.ro\/copou\/wp-json\/wp\/v2\/pages\/13483"}],"collection":[{"href":"https:\/\/www.greenfieldresidence.ro\/copou\/wp-json\/wp\/v2\/pages"}],"about":[{"href":"https:\/\/www.greenfieldresidence.ro\/copou\/wp-json\/wp\/v2\/types\/page"}],"author":[{"embeddable":true,"href":"https:\/\/www.greenfieldresidence.ro\/copou\/wp-json\/wp\/v2\/users\/1"}],"replies":[{"embeddable":true,"href":"https:\/\/www.greenfieldresidence.ro\/copou\/wp-json\/wp\/v2\/comments?post=13483"}],"version-history":[{"count":5,"href":"https:\/\/www.greenfieldresidence.ro\/copou\/wp-json\/wp\/v2\/pages\/13483\/revisions"}],"predecessor-version":[{"id":15864,"href":"https:\/\/www.greenfieldresidence.ro\/copou\/wp-json\/wp\/v2\/pages\/13483\/revisions\/15864"}],"wp:attachment":[{"href":"https:\/\/www.greenfieldresidence.ro\/copou\/wp-json\/wp\/v2\/media?parent=13483"}],"curies":[{"name":"wp","href":"https:\/\/api.w.org\/{rel}","templated":true}]}}