{"id":35756,"date":"2026-05-05T11:06:20","date_gmt":"2026-05-05T08:06:20","guid":{"rendered":"https:\/\/www.greenfieldresidence.ro\/baneasa\/?page_id=35756"},"modified":"2026-05-05T11:54:40","modified_gmt":"2026-05-05T08:54:40","slug":"despre-greenfield-baneasa-2026","status":"publish","type":"page","link":"https:\/\/www.greenfieldresidence.ro\/baneasa\/despre-greenfield-baneasa-2026\/","title":{"rendered":"Despre\u00a0Greenfield\u00a0B\u0103neasa\u00a02026"},"content":{"rendered":"\t\t<div data-elementor-type=\"wp-page\" data-elementor-id=\"35756\" class=\"elementor elementor-35756\" data-elementor-post-type=\"page\">\n\t\t\t\t<div class=\"elementor-element elementor-element-87925ba e-flex e-con-boxed e-con e-parent\" data-id=\"87925ba\" data-element_type=\"container\" data-e-type=\"container\">\n\t\t\t\t\t<div class=\"e-con-inner\">\n\t\t\t\t<div class=\"elementor-element elementor-element-08c6d5f elementor-widget elementor-widget-html\" data-id=\"08c6d5f\" data-element_type=\"widget\" data-e-type=\"widget\" data-widget_type=\"html.default\">\n\t\t\t\t\t\n<div class=\"gf-page gf-page--about-2026\">\n  <main>\n    <section class=\"gf-page-hero gf-reveal\" id=\"top\">\n      <div class=\"gf-page-hero-bg\">\n        <div class=\"gf-page-hero-image\" style=\"background-image: url('https:\/\/www.greenfieldresidence.ro\/baneasa\/wp-content\/uploads\/2024\/04\/Greenfield-baneasa-in-padurea-baneasa-e1712236017839.jpeg');\"><\/div>\n        <div class=\"gf-page-hero-overlay\"><\/div>\n      <\/div>\n\n      <div class=\"gf-container\">\n        <div class=\"gf-page-hero-content\">\n          <div class=\"gf-page-hero-card\">\n            <h1 class=\"gf-page-title\">Despre Greenfield B\u0103neasa<\/h1>\n            <p class=\"gf-page-subtitle\">Un cartier unic \u00een Bucure\u0219ti, care \u00eembun\u0103t\u0103\u021be\u0219te considerabil via\u021ba oamenilor care aleg s\u0103 locuiasc\u0103 aici.<\/p>\n          <\/div>\n        <\/div>\n      <\/div>\n    <\/section>\n\n    <section class=\"gf-section gf-about-section--white gf-reveal\" id=\"intro-despre\">\n      <div class=\"gf-about-shell\">\n        <div class=\"gf-about-richtext\"><p>Greenfield este construit \u00een jurul unei idei simple: locul \u00een care tr\u0103ie\u0219ti influen\u021beaz\u0103 felul \u00een care tr\u0103ie\u0219ti. De aceea, proiectul a fost g\u00e2ndit ca un concept integrat de Home Wellbeing, \u00een care starea de bine nu \u021bine doar de apartament, ci \u0219i de proximitate, facilit\u0103\u021bi, accesibilitate \u0219i calitatea comunit\u0103\u021bii.<\/p><p>Ast\u0103zi, GREENFIELD B\u0103neasa \u00eenseamn\u0103 un cartier viu, cu peste 7.000 de locuitori \u0219i 3.418 locuin\u021be livrate, dezvoltat pentru oameni care caut\u0103 un cadru pentru o via\u021b\u0103 lung\u0103 \u0219i s\u0103n\u0103toas\u0103.<\/p><\/div>\n      <\/div>\n    <\/section>\n\n    <section class=\"gf-section gf-about-section--cream gf-reveal\" id=\"conceptul-nostru\">\n      <div class=\"gf-about-shell\">\n        <div class=\"gf-about-head\">\n          <span class=\"gf-eyebrow\">Conceptul nostru<\/span>\n          <h2 class=\"gf-h2\">Un concept integrat de Home Wellbeing<\/h2>\n        <\/div>\n        <div class=\"gf-about-body\"><p>\u00cen Greenfield B\u0103neasa, locuirea \u00eenseamn\u0103 un mod de via\u021b\u0103 \u00een care calitatea locuin\u021bei, natura din jur, facilit\u0103\u021bile de zi cu zi \u0219i comunitatea contribuie \u00eempreun\u0103 la confort, echilibru \u0219i stare de bine. Conceptul Greenfield pleac\u0103 de la ideea c\u0103 acas\u0103 nu \u00eenseamn\u0103 doar interiorul locuin\u021bei, ci \u0219i tot ceea ce ai \u00een jur: aer, lumin\u0103, lini\u0219te, mi\u0219care, accesibilitate \u0219i apartenen\u021b\u0103.<\/p><p>Aceast\u0103 viziune a dat na\u0219tere unui cartier care propune un alt mod de a locui \u00een Bucure\u0219ti: mai aproape de natur\u0103, mai bine conectat la nevoile reale ale vie\u021bii de zi cu zi \u0219i construit pentru o experien\u021b\u0103 de locuire complet\u0103.<\/p><\/div>\n      <\/div>\n    <\/section>\n\n    <section class=\"gf-section gf-about-section--white gf-reveal\" id=\"scurt-istoric\">\n      <div class=\"gf-about-shell\">\n        <div class=\"gf-about-head\">\n          <span class=\"gf-eyebrow\">Scurt istoric<\/span>\n          <h2 class=\"gf-h2\">2007 \u2013 2026: De la proiect la cartier matur<\/h2>\n        <\/div>\n        <div class=\"gf-about-body\"><p>Greenfield B\u0103neasa s-a dezvoltat etapizat \u00een nordul Bucure\u0219tiului, \u00eentr-o zon\u0103 care a devenit \u00een timp unul dintre cei mai dinamici poli de dezvoltare ai ora\u0219ului. Pozi\u021bionarea \u00een Sectorul 1, apropierea de p\u0103dure \u0219i dezvoltarea treptat\u0103 a infrastructurii au transformat proiectul \u00eentr-un cartier cu identitate dinstinct\u0103, puternic\u0103.<\/p><p>\u00cen timp, Greenfield a crescut prin faze succesive de dezvoltare, completate de apari\u021bia facilit\u0103\u021bilor comerciale, sportive, educa\u021bionale \u0219i comunitare, astfel \u00eenc\u00e2t ast\u0103zi vorbim despre un cartier viu, deja format, cu o comunitate real\u0103 \u0219i cu perspective clare de extindere.<\/p><\/div>\n      <\/div>\n    <\/section>\n\n    <section class=\"gf-section gf-about-section--cream gf-reveal\" id=\"faze-de-dezvoltare\">\n      <div class=\"gf-about-shell\">\n        <div class=\"gf-about-head\">\n          <span class=\"gf-eyebrow\">Faze de dezvoltare<\/span>\n          <h2 class=\"gf-h2\">Un proiect construit \u00een etape, pe termen lung<\/h2>\n        <\/div>\n        <div class=\"gf-about-body\"><p>GREENFIELD B\u0103neasa este un proiect reziden\u021bial de mari dimensiuni, cu peste 6.600 de locuin\u021be \u0219i peste 15.000 de locuitori la finalizarea lui \u00een anul 2034. Este un proiect construit \u00een etape.<\/p><p>Aceast\u0103 dezvoltare gradual\u0103 a permis formarea unei comunit\u0103\u021bi reale \u0219i extinderea infrastructurii odat\u0103 cu cre\u0219terea cartierului.<\/p><\/div>\n\n        <div class=\"gf-about-wide\">\n          <figure class=\"gf-about-stage-media\">\n            <img src=\"https:\/\/www.greenfieldresidence.ro\/baneasa\/wp-content\/uploads\/2020\/07\/masterplan_ro.jpg\" alt=\"GREENFIELD B\u0103neasa faze de dezvoltare\" loading=\"lazy\" decoding=\"async\">\n          <\/figure>\n          <p class=\"gf-about-stage-caption\">*GREENFIELD B\u0103neasa la 31 decembrie 2025;<\/p>\n        <\/div>\n      <\/div>\n    <\/section>\n\n    <section class=\"gf-section gf-about-section--white gf-reveal\" id=\"dezvoltatorul\">\n      <div class=\"gf-about-shell\">\n        <div class=\"gf-about-head\">\n          <span class=\"gf-eyebrow\">Dezvoltatorul<\/span>\n          <h2 class=\"gf-h2\">O viziune construit\u0103 de IMPACT Developer &amp; Contractor S.A.<\/h2>\n        <\/div>\n        <div class=\"gf-about-body\"><p>IMPACT Developer &amp; Contractor S.A., primul dezvoltator imobiliar listat la Bursa de Valori Bucure\u0219ti (1996), dezvolt\u0103 de peste trei decenii proiecte ce definesc standardele locuirii urbane. Viziunea companiei este centrat\u0103 pe sustenabilitate \u0219i crearea de comunit\u0103\u021bi mari, durabile.<\/p><p>De la concept la execu\u021bie, fiecare etap\u0103 reflect\u0103 rigoarea \u0219i inova\u021bia grupului care, prin servicii integrate, orchestreaz\u0103 \u00eentregul proces de dezvoltare. Printre proiectele de referin\u021b\u0103 se num\u0103r\u0103 GREENFIELD B\u0103neasa, cea mai mare comunitate reziden\u021bial\u0103 din nordul capitalei, \u0219i LUXURIA Residence, primul ansamblu certificat BREEAM Excellent din Rom\u00e2nia.<\/p><p>Cel mai nou proiect din portofoliu, ARIA Verdi reprezint\u0103 continuarea acestei pove\u0219ti prin crearea unui nou reper al luxului sustenabil, \u00een armonie cu natura \u0219i dinamica ora\u0219ului.<\/p><\/div>\n        <div class=\"gf-about-dev-metrics\">\n                      <article class=\"gf-about-dev-metric\">\n          <div class=\"gf-about-dev-number\">591<\/div>          <p class=\"gf-about-dev-unit\">milioane lei<\/p>          <p class=\"gf-about-dev-label\">Capital social<\/p>        <\/article>\n                      <article class=\"gf-about-dev-metric\">\n          <div class=\"gf-about-dev-number\">331<\/div>          <p class=\"gf-about-dev-unit\">milioane lei<\/p>          <p class=\"gf-about-dev-label\">Venituri<\/p>        <\/article>\n                      <article class=\"gf-about-dev-metric\">\n          <div class=\"gf-about-dev-number\">82,5<\/div>          <p class=\"gf-about-dev-unit\">milioane lei<\/p>          <p class=\"gf-about-dev-label\">Profit net<\/p>        <\/article>\n                      <article class=\"gf-about-dev-metric\">\n          <div class=\"gf-about-dev-number\">1.050,84<\/div>          <p class=\"gf-about-dev-unit\">milioane lei<\/p>          <p class=\"gf-about-dev-label\">Activ net IFRS<\/p>        <\/article>\n                      <article class=\"gf-about-dev-metric\">\n          <div class=\"gf-about-dev-number\">1.381,94<\/div>          <p class=\"gf-about-dev-unit\">milioane lei<\/p>          <p class=\"gf-about-dev-label\">Active net la valoarea de pia\u021b\u0103<\/p>        <\/article>\n          <\/div>\n              <p class=\"gf-about-dev-note\">Performan\u021ba grupului la 31 decembrie 2025<\/p>\n      <\/div>\n    <\/section>\n\n    <section class=\"gf-section gf-about-section--cream gf-reveal\" id=\"sustenabilitate\">\n      <div class=\"gf-about-shell\">\n        <div class=\"gf-about-head\">\n          <span class=\"gf-eyebrow\">Sustenabilitate<\/span>\n          <h2 class=\"gf-h2\">Un cartier responsabil g\u00e2ndit pentru viitor<\/h2>\n        <\/div>\n        <div class=\"gf-about-body\"><p>\u00cen Greenfield B\u0103neasa, sustenabilitatea este parte din felul \u00een care proiect\u0103m, construim \u0219i dezvolt\u0103m comunitatea. \u00censeamn\u0103 aten\u021bie la eficien\u021ba energetic\u0103, la reducerea impactului asupra mediului, la folosirea responsabil\u0103 a resurselor \u0219i la integrarea naturii \u00een experien\u021ba de locuire.<\/p><p>Direc\u021bia proiectului integreaz\u0103 principii de eficien\u021b\u0103 energetic\u0103, solu\u021bii aliniate standardului nZEB, aten\u021bie pentru utilizarea responsabil\u0103 a resurselor \u0219i o viziune orientat\u0103 c\u0103tre performan\u021b\u0103 sustenabil\u0103, inclusiv prin raportare la standarde precum BREEAM Excellent.<\/p><p>Dar sustenabilitatea nu \u00eenseamn\u0103 doar cl\u0103diri mai eficiente. \u00censeamn\u0103 \u0219i un mod de via\u021b\u0103 mai s\u0103n\u0103tos, mai echilibrat \u0219i mai conectat la ceea ce conteaz\u0103 pe termen lung: aer mai curat, mai mult verde, mobilitate mai bun\u0103, facilit\u0103\u021bi de proximitate \u0219i o comunitate care cre\u0219te responsabil.<\/p><\/div>\n      <\/div>\n    <\/section>\n\n    <section class=\"gf-section gf-about-section--white gf-reveal\" id=\"responsabilitate-sociala\">\n      <div class=\"gf-about-shell\">\n        <div class=\"gf-about-head\">\n          <span class=\"gf-eyebrow\">Responsabilitate Social\u0103<\/span>\n          <h2 class=\"gf-h2\">Responsabilitatea social\u0103, tr\u0103it\u0103 \u00een comunitate<\/h2>\n        <\/div>\n        <div class=\"gf-about-body\"><p>Credem \u00een puterea exemplului \u0219i \u00een formarea tinerei genera\u021bii a\u0219a c\u0103 promov\u0103m \u0219i ne implic\u0103m ca parteneri activi \u00een evenimente ce sus\u021bin tradi\u021biile \u0219i valorile, \u00een activit\u0103\u021bi educa\u021bionale \u0219i ac\u021biuni de voluntariat ce \u00eendeamn\u0103 locuitorii s\u0103 tr\u0103iasc\u0103 \u00een armonie cu natura. Sus\u021binem \u00een acela\u0219i timp \u0219i un stil de via\u021b\u0103 s\u0103n\u0103tos, ce pune accent pe p\u0103strarea condi\u021biei fizice \u0219i pe beneficiile activit\u0103\u021bilor p\u0103rinte-copil, \u00een aer liber.<\/p><\/div>\n\n        <div class=\"gf-about-inline-cta\">\n          <a class=\"gf-btn gf-btn-ghost magnetic-btn\" href=\"https:\/\/www.greenfieldresidence.ro\/baneasa\/responsabilitate-sociala\/\">Descoper\u0103 ini\u021biativele noastre<\/a>\n        <\/div>\n\n        <div class=\"gf-about-final-ctas\">\n          <a class=\"gf-btn gf-btn-primary magnetic-btn\" href=\"https:\/\/www.greenfieldresidence.ro\/baneasa\/oferte-apartamente-2026\/\">Vezi apartamente disponibile<\/a>\n          <a class=\"gf-btn gf-btn-ghost magnetic-btn\" href=\"https:\/\/www.greenfieldresidence.ro\/baneasa\/locatie-2026\/#contact\">Programeaz\u0103 o vizionare<\/a>\n        <\/div>\n      <\/div>\n    <\/section>\n  <\/main>\n<\/div>\n\t\t\t\t<\/div>\n\t\t\t\t\t<\/div>\n\t\t\t\t<\/div>\n\t\t\t\t<\/div>\n\t\t","protected":false},"excerpt":{"rendered":"","protected":false},"author":5,"featured_media":0,"parent":0,"menu_order":0,"comment_status":"closed","ping_status":"closed","template":"elementor_header_footer","meta":{"_acf_changed":false,"footnotes":""},"page-cat":[],"nr-camere":[],"class_list":["post-35756","page","type-page","status-publish","hentry"],"acf":[],"yoast_head":"<!-- This site is optimized with the Yoast SEO plugin v27.4 - https:\/\/yoast.com\/product\/yoast-seo-wordpress\/ -->\n<title>Despre\u00a0Greenfield\u00a0B\u0103neasa\u00a02026 - Greenfield B\u0103neasa<\/title>\n<meta name=\"robots\" content=\"index, follow, max-snippet:-1, max-image-preview:large, max-video-preview:-1\" \/>\n<link rel=\"canonical\" href=\"https:\/\/www.greenfieldresidence.ro\/baneasa\/despre-greenfield-baneasa-2026\/\" \/>\n<meta property=\"og:locale\" content=\"ro_RO\" \/>\n<meta property=\"og:type\" content=\"article\" \/>\n<meta property=\"og:title\" content=\"Despre\u00a0Greenfield\u00a0B\u0103neasa\u00a02026 - Greenfield B\u0103neasa\" \/>\n<meta property=\"og:url\" content=\"https:\/\/www.greenfieldresidence.ro\/baneasa\/despre-greenfield-baneasa-2026\/\" \/>\n<meta property=\"og:site_name\" content=\"Greenfield B\u0103neasa\" \/>\n<meta property=\"article:modified_time\" content=\"2026-05-05T08:54:40+00:00\" \/>\n<meta name=\"twitter:card\" content=\"summary_large_image\" \/>\n<meta name=\"twitter:label1\" content=\"Timp estimat pentru citire\" \/>\n\t<meta name=\"twitter:data1\" content=\"1 minut\" \/>\n<script type=\"application\/ld+json\" class=\"yoast-schema-graph\">{\"@context\":\"https:\\\/\\\/schema.org\",\"@graph\":[{\"@type\":\"WebPage\",\"@id\":\"https:\\\/\\\/www.greenfieldresidence.ro\\\/baneasa\\\/despre-greenfield-baneasa-2026\\\/\",\"url\":\"https:\\\/\\\/www.greenfieldresidence.ro\\\/baneasa\\\/despre-greenfield-baneasa-2026\\\/\",\"name\":\"Despre\u00a0Greenfield\u00a0B\u0103neasa\u00a02026 - Greenfield B\u0103neasa\",\"isPartOf\":{\"@id\":\"https:\\\/\\\/www.greenfieldresidence.ro\\\/baneasa\\\/#website\"},\"datePublished\":\"2026-05-05T08:06:20+00:00\",\"dateModified\":\"2026-05-05T08:54:40+00:00\",\"breadcrumb\":{\"@id\":\"https:\\\/\\\/www.greenfieldresidence.ro\\\/baneasa\\\/despre-greenfield-baneasa-2026\\\/#breadcrumb\"},\"inLanguage\":\"ro-RO\",\"potentialAction\":[{\"@type\":\"ReadAction\",\"target\":[\"https:\\\/\\\/www.greenfieldresidence.ro\\\/baneasa\\\/despre-greenfield-baneasa-2026\\\/\"]}]},{\"@type\":\"BreadcrumbList\",\"@id\":\"https:\\\/\\\/www.greenfieldresidence.ro\\\/baneasa\\\/despre-greenfield-baneasa-2026\\\/#breadcrumb\",\"itemListElement\":[{\"@type\":\"ListItem\",\"position\":1,\"name\":\"Home\",\"item\":\"https:\\\/\\\/www.greenfieldresidence.ro\\\/baneasa\\\/\"},{\"@type\":\"ListItem\",\"position\":2,\"name\":\"Despre\u00a0Greenfield\u00a0B\u0103neasa\u00a02026\"}]},{\"@type\":\"WebSite\",\"@id\":\"https:\\\/\\\/www.greenfieldresidence.ro\\\/baneasa\\\/#website\",\"url\":\"https:\\\/\\\/www.greenfieldresidence.ro\\\/baneasa\\\/\",\"name\":\"Greenfield B\u0103neasa\",\"description\":\"Cartierul \u00eembr\u0103\u021bi\u0219at de p\u0103dure\",\"publisher\":{\"@id\":\"https:\\\/\\\/www.greenfieldresidence.ro\\\/baneasa\\\/#organization\"},\"potentialAction\":[{\"@type\":\"SearchAction\",\"target\":{\"@type\":\"EntryPoint\",\"urlTemplate\":\"https:\\\/\\\/www.greenfieldresidence.ro\\\/baneasa\\\/?s={search_term_string}\"},\"query-input\":{\"@type\":\"PropertyValueSpecification\",\"valueRequired\":true,\"valueName\":\"search_term_string\"}}],\"inLanguage\":\"ro-RO\"},{\"@type\":\"Organization\",\"@id\":\"https:\\\/\\\/www.greenfieldresidence.ro\\\/baneasa\\\/#organization\",\"name\":\"Greenfield B\u0103neasa\",\"url\":\"https:\\\/\\\/www.greenfieldresidence.ro\\\/baneasa\\\/\",\"logo\":{\"@type\":\"ImageObject\",\"inLanguage\":\"ro-RO\",\"@id\":\"https:\\\/\\\/www.greenfieldresidence.ro\\\/baneasa\\\/#\\\/schema\\\/logo\\\/image\\\/\",\"url\":\"https:\\\/\\\/www.greenfieldresidence.ro\\\/baneasa\\\/wp-content\\\/uploads\\\/2020\\\/05\\\/logo.svg\",\"contentUrl\":\"https:\\\/\\\/www.greenfieldresidence.ro\\\/baneasa\\\/wp-content\\\/uploads\\\/2020\\\/05\\\/logo.svg\",\"caption\":\"Greenfield B\u0103neasa\"},\"image\":{\"@id\":\"https:\\\/\\\/www.greenfieldresidence.ro\\\/baneasa\\\/#\\\/schema\\\/logo\\\/image\\\/\"}}]}<\/script>\n<!-- \/ Yoast SEO plugin. -->","yoast_head_json":{"title":"Despre\u00a0Greenfield\u00a0B\u0103neasa\u00a02026 - Greenfield B\u0103neasa","robots":{"index":"index","follow":"follow","max-snippet":"max-snippet:-1","max-image-preview":"max-image-preview:large","max-video-preview":"max-video-preview:-1"},"canonical":"https:\/\/www.greenfieldresidence.ro\/baneasa\/despre-greenfield-baneasa-2026\/","og_locale":"ro_RO","og_type":"article","og_title":"Despre\u00a0Greenfield\u00a0B\u0103neasa\u00a02026 - Greenfield B\u0103neasa","og_url":"https:\/\/www.greenfieldresidence.ro\/baneasa\/despre-greenfield-baneasa-2026\/","og_site_name":"Greenfield B\u0103neasa","article_modified_time":"2026-05-05T08:54:40+00:00","twitter_card":"summary_large_image","twitter_misc":{"Timp estimat pentru citire":"1 minut"},"schema":{"@context":"https:\/\/schema.org","@graph":[{"@type":"WebPage","@id":"https:\/\/www.greenfieldresidence.ro\/baneasa\/despre-greenfield-baneasa-2026\/","url":"https:\/\/www.greenfieldresidence.ro\/baneasa\/despre-greenfield-baneasa-2026\/","name":"Despre\u00a0Greenfield\u00a0B\u0103neasa\u00a02026 - Greenfield B\u0103neasa","isPartOf":{"@id":"https:\/\/www.greenfieldresidence.ro\/baneasa\/#website"},"datePublished":"2026-05-05T08:06:20+00:00","dateModified":"2026-05-05T08:54:40+00:00","breadcrumb":{"@id":"https:\/\/www.greenfieldresidence.ro\/baneasa\/despre-greenfield-baneasa-2026\/#breadcrumb"},"inLanguage":"ro-RO","potentialAction":[{"@type":"ReadAction","target":["https:\/\/www.greenfieldresidence.ro\/baneasa\/despre-greenfield-baneasa-2026\/"]}]},{"@type":"BreadcrumbList","@id":"https:\/\/www.greenfieldresidence.ro\/baneasa\/despre-greenfield-baneasa-2026\/#breadcrumb","itemListElement":[{"@type":"ListItem","position":1,"name":"Home","item":"https:\/\/www.greenfieldresidence.ro\/baneasa\/"},{"@type":"ListItem","position":2,"name":"Despre\u00a0Greenfield\u00a0B\u0103neasa\u00a02026"}]},{"@type":"WebSite","@id":"https:\/\/www.greenfieldresidence.ro\/baneasa\/#website","url":"https:\/\/www.greenfieldresidence.ro\/baneasa\/","name":"Greenfield B\u0103neasa","description":"Cartierul \u00eembr\u0103\u021bi\u0219at de p\u0103dure","publisher":{"@id":"https:\/\/www.greenfieldresidence.ro\/baneasa\/#organization"},"potentialAction":[{"@type":"SearchAction","target":{"@type":"EntryPoint","urlTemplate":"https:\/\/www.greenfieldresidence.ro\/baneasa\/?s={search_term_string}"},"query-input":{"@type":"PropertyValueSpecification","valueRequired":true,"valueName":"search_term_string"}}],"inLanguage":"ro-RO"},{"@type":"Organization","@id":"https:\/\/www.greenfieldresidence.ro\/baneasa\/#organization","name":"Greenfield B\u0103neasa","url":"https:\/\/www.greenfieldresidence.ro\/baneasa\/","logo":{"@type":"ImageObject","inLanguage":"ro-RO","@id":"https:\/\/www.greenfieldresidence.ro\/baneasa\/#\/schema\/logo\/image\/","url":"https:\/\/www.greenfieldresidence.ro\/baneasa\/wp-content\/uploads\/2020\/05\/logo.svg","contentUrl":"https:\/\/www.greenfieldresidence.ro\/baneasa\/wp-content\/uploads\/2020\/05\/logo.svg","caption":"Greenfield B\u0103neasa"},"image":{"@id":"https:\/\/www.greenfieldresidence.ro\/baneasa\/#\/schema\/logo\/image\/"}}]}},"ACF":false,"_links":{"self":[{"href":"https:\/\/www.greenfieldresidence.ro\/baneasa\/wp-json\/wp\/v2\/pages\/35756","targetHints":{"allow":["GET"]}}],"collection":[{"href":"https:\/\/www.greenfieldresidence.ro\/baneasa\/wp-json\/wp\/v2\/pages"}],"about":[{"href":"https:\/\/www.greenfieldresidence.ro\/baneasa\/wp-json\/wp\/v2\/types\/page"}],"author":[{"embeddable":true,"href":"https:\/\/www.greenfieldresidence.ro\/baneasa\/wp-json\/wp\/v2\/users\/5"}],"replies":[{"embeddable":true,"href":"https:\/\/www.greenfieldresidence.ro\/baneasa\/wp-json\/wp\/v2\/comments?post=35756"}],"version-history":[{"count":7,"href":"https:\/\/www.greenfieldresidence.ro\/baneasa\/wp-json\/wp\/v2\/pages\/35756\/revisions"}],"predecessor-version":[{"id":35790,"href":"https:\/\/www.greenfieldresidence.ro\/baneasa\/wp-json\/wp\/v2\/pages\/35756\/revisions\/35790"}],"wp:attachment":[{"href":"https:\/\/www.greenfieldresidence.ro\/baneasa\/wp-json\/wp\/v2\/media?parent=35756"}],"wp:term":[{"taxonomy":"page-cat","embeddable":true,"href":"https:\/\/www.greenfieldresidence.ro\/baneasa\/wp-json\/wp\/v2\/page-cat?post=35756"},{"taxonomy":"nr-camere","embeddable":true,"href":"https:\/\/www.greenfieldresidence.ro\/baneasa\/wp-json\/wp\/v2\/nr-camere?post=35756"}],"curies":[{"name":"wp","href":"https:\/\/api.w.org\/{rel}","templated":true}]}}