{"id":25619,"date":"2024-12-09T13:31:18","date_gmt":"2024-12-09T11:31:18","guid":{"rendered":"https:\/\/www.greenfieldresidence.ro\/baneasa\/?page_id=25619"},"modified":"2025-01-14T14:10:41","modified_gmt":"2025-01-14T12:10:41","slug":"locatie","status":"publish","type":"page","link":"https:\/\/www.greenfieldresidence.ro\/baneasa\/locatie\/","title":{"rendered":"Loca\u021bie"},"content":{"rendered":"\t\t<div data-elementor-type=\"wp-page\" data-elementor-id=\"25619\" class=\"elementor elementor-25619\" data-elementor-post-type=\"page\">\n\t\t\t\t<div class=\"elementor-element elementor-element-f262cf6 e-flex e-con-boxed e-con e-parent\" data-id=\"f262cf6\" data-element_type=\"container\" data-e-type=\"container\" data-settings=\"{&quot;background_background&quot;:&quot;classic&quot;,&quot;sticky&quot;:&quot;top&quot;,&quot;sticky_on&quot;:[&quot;desktop&quot;],&quot;sticky_parent&quot;:&quot;yes&quot;,&quot;sticky_offset&quot;:0,&quot;sticky_effects_offset&quot;:0,&quot;sticky_anchor_link_offset&quot;:0}\">\n\t\t\t\t\t<div class=\"e-con-inner\">\n\t\t\t\t<div class=\"elementor-element elementor-element-7a5ff3d elementor-widget elementor-widget-button\" data-id=\"7a5ff3d\" data-element_type=\"widget\" data-e-type=\"widget\" data-widget_type=\"button.default\">\n\t\t\t\t\t\t\t\t\t\t<a class=\"elementor-button elementor-button-link elementor-size-sm\" href=\"https:\/\/www.greenfieldresidence.ro\/baneasa\/locatie\/#greenfield-location\">\n\t\t\t\t\t\t<span class=\"elementor-button-content-wrapper\">\n\t\t\t\t\t\t\t\t\t<span class=\"elementor-button-text\">GREENFIELD B\u0103neasa - Hart\u0103<\/span>\n\t\t\t\t\t<\/span>\n\t\t\t\t\t<\/a>\n\t\t\t\t\t\t\t\t<\/div>\n\t\t\t\t<div class=\"elementor-element elementor-element-561f79e elementor-widget elementor-widget-button\" data-id=\"561f79e\" data-element_type=\"widget\" data-e-type=\"widget\" data-widget_type=\"button.default\">\n\t\t\t\t\t\t\t\t\t\t<a class=\"elementor-button elementor-button-link elementor-size-sm\" href=\"https:\/\/www.greenfieldresidence.ro\/baneasa\/locatie\/#access-road\">\n\t\t\t\t\t\t<span class=\"elementor-button-content-wrapper\">\n\t\t\t\t\t\t\t\t\t<span class=\"elementor-button-text\">Acces<\/span>\n\t\t\t\t\t<\/span>\n\t\t\t\t\t<\/a>\n\t\t\t\t\t\t\t\t<\/div>\n\t\t\t\t<div class=\"elementor-element elementor-element-59d3d2e elementor-widget elementor-widget-button\" data-id=\"59d3d2e\" data-element_type=\"widget\" data-e-type=\"widget\" data-widget_type=\"button.default\">\n\t\t\t\t\t\t\t\t\t\t<a class=\"elementor-button elementor-button-link elementor-size-sm\" href=\"https:\/\/www.greenfieldresidence.ro\/baneasa\/locatie\/#transport\">\n\t\t\t\t\t\t<span class=\"elementor-button-content-wrapper\">\n\t\t\t\t\t\t\t\t\t<span class=\"elementor-button-text\">Transport<\/span>\n\t\t\t\t\t<\/span>\n\t\t\t\t\t<\/a>\n\t\t\t\t\t\t\t\t<\/div>\n\t\t\t\t\t<\/div>\n\t\t\t\t<\/div>\n\t\t<div class=\"elementor-element elementor-element-78f28cf e-flex e-con-boxed e-con e-parent\" data-id=\"78f28cf\" data-element_type=\"container\" data-e-type=\"container\" id=\"greenfield-location\" data-settings=\"{&quot;background_background&quot;:&quot;classic&quot;}\">\n\t\t\t\t\t<div class=\"e-con-inner\">\n\t\t<div class=\"elementor-element elementor-element-79b5c6b e-con-full e-flex e-con e-child\" data-id=\"79b5c6b\" data-element_type=\"container\" data-e-type=\"container\">\n\t\t\t\t<div class=\"elementor-element elementor-element-4032f61 elementor-widget elementor-widget-heading\" data-id=\"4032f61\" data-element_type=\"widget\" data-e-type=\"widget\" data-widget_type=\"heading.default\">\n\t\t\t\t\t<h2 class=\"elementor-heading-title elementor-size-default\">GREENFIELD B\u0103neasa - Hart\u0103\n<\/h2>\t\t\t\t<\/div>\n\t\t\t\t<div class=\"elementor-element elementor-element-d89af5c elementor-widget elementor-widget-text-editor\" data-id=\"d89af5c\" data-element_type=\"widget\" data-e-type=\"widget\" data-widget_type=\"text-editor.default\">\n\t\t\t\t\t\t\t\t\t<p><strong>Bucure\u0219ti, Sector 1<\/strong>, \u00een interiorul triunghiului format de str\u0103zile Drumul P\u0103durea Pustnicu \u2013 paralel\u0103 cu P\u0103durea B\u0103neasa, Vadul Moldovei \u2013 paralel\u0103 cu P\u0103durea Tunari \u0219i Aleea Tei\u0219ani \u2013 la nord, paralel\u0103 cu \u0218oseaua de Centur\u0103.<\/p>\t\t\t\t\t\t\t\t<\/div>\n\t\t\t\t<div class=\"elementor-element elementor-element-d3ba1da elementor-widget elementor-widget-text-editor\" data-id=\"d3ba1da\" data-element_type=\"widget\" data-e-type=\"widget\" data-widget_type=\"text-editor.default\">\n\t\t\t\t\t\t\t\t\t<p>De c\u00e2nd faci st\u00e2nga pe l\u00e2ng\u0103 Gradina Zoologic\u0103, \u00een fa\u021ba ta se deschide o alee ce \u0219erpuie\u0219te u\u0219or prin P\u0103durea B\u0103neasa. P\u0103\u0219e\u0219ti printre copacii de\u0219i \u0219i verzi, inspiri aerul curat \u0219i te \u00eendrep\u021bi spre cap\u0103tul aleii.<\/p>\t\t\t\t\t\t\t\t<\/div>\n\t\t\t\t<div class=\"elementor-element elementor-element-1868db8 elementor-widget elementor-widget-text-editor\" data-id=\"1868db8\" data-element_type=\"widget\" data-e-type=\"widget\" data-widget_type=\"text-editor.default\">\n\t\t\t\t\t\t\t\t\tAi senza\u021bia c\u0103 nu mai e\u0219ti \u00een Bucure\u0219ti \u0219i c\u0103 te-ai r\u0103t\u0103cit \u00een mijlocul p\u0103durii. Dar, la un moment dat, dup\u0103 numai c\u00e2teva minute se deschide pe nea\u0219teptate un ora\u0219 diferit de tot ce exist\u0103 \u00een Bucure\u0219ti, o combina\u021bie unic\u0103 de arhitectur\u0103 modern\u0103 minimalist\u0103, stil de via\u021b\u0103 excep\u021bional \u0219i un peisaj natural spectaculos, un ora\u0219 \u00eembr\u0103\u021bi\u0219at de p\u0103dure.\n\n\t\t\t\t\t\t\t\t<\/div>\n\t\t\t\t<div class=\"elementor-element elementor-element-68b45dc elementor-widget elementor-widget-text-editor\" data-id=\"68b45dc\" data-element_type=\"widget\" data-e-type=\"widget\" data-widget_type=\"text-editor.default\">\n\t\t\t\t\t\t\t\t\tAi ajuns ACAS\u0102, \u00een ansamblul reziden\u021bial GREENFIELD B\u0103neasa! Priveli\u0219tea este unic\u0103! Parc\u0103 ritmul alert al vie\u021bii \u00eencetine\u0219te, iar atmosfera \u00eendeamn\u0103 la lini\u0219te.\n\n\t\t\t\t\t\t\t\t<\/div>\n\t\t\t\t<\/div>\n\t\t<div class=\"elementor-element elementor-element-67530bb e-con-full outlinedImg e-flex e-con e-child\" data-id=\"67530bb\" data-element_type=\"container\" data-e-type=\"container\">\n\t\t\t\t<div class=\"elementor-element elementor-element-1944d1e outlinedImg elementor-widget elementor-widget-google_maps\" data-id=\"1944d1e\" data-element_type=\"widget\" data-e-type=\"widget\" data-widget_type=\"google_maps.default\">\n\t\t\t\t\t\t\t<div class=\"elementor-custom-embed\">\n\t\t\t<iframe loading=\"lazy\"\n\t\t\t\t\tsrc=\"https:\/\/maps.google.com\/maps?q=Greenfield%20baneasa%20Residence&#038;t=m&#038;z=15&#038;output=embed&#038;iwloc=near\"\n\t\t\t\t\ttitle=\"Greenfield baneasa Residence\"\n\t\t\t\t\taria-label=\"Greenfield baneasa Residence\"\n\t\t\t><\/iframe>\n\t\t<\/div>\n\t\t\t\t\t\t<\/div>\n\t\t\t\t<\/div>\n\t\t\t\t\t<\/div>\n\t\t\t\t<\/div>\n\t\t<div class=\"elementor-element elementor-element-8ccfa73 e-flex e-con-boxed e-con e-parent\" data-id=\"8ccfa73\" data-element_type=\"container\" data-e-type=\"container\" id=\"access-road\" data-settings=\"{&quot;background_background&quot;:&quot;classic&quot;}\">\n\t\t\t\t\t<div class=\"e-con-inner\">\n\t\t<div class=\"elementor-element elementor-element-f005449 e-con-full e-flex e-con e-child\" data-id=\"f005449\" data-element_type=\"container\" data-e-type=\"container\">\n\t\t\t\t<div class=\"elementor-element elementor-element-eba6618 elementor-widget elementor-widget-heading\" data-id=\"eba6618\" data-element_type=\"widget\" data-e-type=\"widget\" data-widget_type=\"heading.default\">\n\t\t\t\t\t<h2 class=\"elementor-heading-title elementor-size-default\">Acces<\/h2>\t\t\t\t<\/div>\n\t\t\t\t<div class=\"elementor-element elementor-element-a9ec0b6 elementor-widget elementor-widget-text-editor\" data-id=\"a9ec0b6\" data-element_type=\"widget\" data-e-type=\"widget\" data-widget_type=\"text-editor.default\">\n\t\t\t\t\t\t\t\t\t<p>Pozi\u021bia privilegiat\u0103 a ansamblului reziden\u021bial GREENFIELD B\u0103neasa, \u00een zona de Nord, permite accesul c\u0103tre orice punct de interes, fie c\u0103 e vorba de zona de business a ora\u0219ului, de cea mai select\u0103 zon\u0103 de cump\u0103r\u0103turi sau de \u0219coli \u0219i gr\u0103dini\u021be de top.<\/p>\t\t\t\t\t\t\t\t<\/div>\n\t\t\t\t<div class=\"elementor-element elementor-element-d5a2088 elementor-widget elementor-widget-text-editor\" data-id=\"d5a2088\" data-element_type=\"widget\" data-e-type=\"widget\" data-widget_type=\"text-editor.default\">\n\t\t\t\t\t\t\t\t\t<p>Accesul spre GREENFIELD B\u0103neasa se face pe dou\u0103 c\u0103i, prin Aleea Tei\u0219ani cu intrare din DN1 Bucure\u0219ti \u2013 Ploie\u0219ti, sau pietonal, prin strada Vadul Moldovei, care face leg\u0103tura dintre complexul reziden\u021bial \u0219i ZOO Bucure\u0219ti (<strong>drum \u00eenchis de Romsilva \u00een data de 07.01.2023 \u2013 2023<\/strong> \u2013 <span style=\"text-decoration: underline;\"><a href=\"https:\/\/www.greenfieldresidence.ro\/baneasa\/blog\/imobiliare\/istoricul-drumului-din-strada-vadul-moldovei-si-demersurile-impact-pentru-mentinerea-acestuia-ca-drum-de-acces\/\">Vezi aici istoricul drumului<\/a><\/span> \u0219i <span style=\"text-decoration: underline;\"><a href=\"https:\/\/www.greenfieldresidence.ro\/baneasa\/blog\/deblocarea-accesului-catre-greenfield-prin-drumul-vadul-moldovei\/\">Deblocarea accesului<\/a><\/span>). Urmeaz\u0103 s\u0103 adaug\u0103m c\u0103i suplimentare de acces, pe m\u0103sur\u0103 ce cartierul se dezvolt\u0103. Ast\u0103zi, acestea sunt \u00een faza final\u0103 de avizare a documenta\u021biilor PUZ.<\/p>\t\t\t\t\t\t\t\t<\/div>\n\t\t\t\t<div class=\"elementor-element elementor-element-c056e75 elementor-widget elementor-widget-text-editor\" data-id=\"c056e75\" data-element_type=\"widget\" data-e-type=\"widget\" data-widget_type=\"text-editor.default\">\n\t\t\t\t\t\t\t\t\tPentru cei care ador\u0103 escapadele din weekend, GREENFIELD B\u0103neasa este loca\u021bia ideal\u0103. F\u0103r\u0103 a traversa \u00eentregul ora\u0219, ajungi imediat pe oricare dintre cele trei autostr\u0103zi, datorit\u0103 accesului imediat \u00een \u0218oseaua de Centur\u0103.\n\n\t\t\t\t\t\t\t\t<\/div>\n\t\t\t\t<div class=\"elementor-element elementor-element-a1be40c elementor-widget elementor-widget-text-editor\" data-id=\"a1be40c\" data-element_type=\"widget\" data-e-type=\"widget\" data-widget_type=\"text-editor.default\">\n\t\t\t\t\t\t\t\t\t\u00cen plus, aeroportul Henri Coand\u0103 este la 10 minute distan\u021b\u0103, astfel \u00een Greenfield e\u0219ti cu o or\u0103 mai aproape de orice col\u021b al lumii.\n\n\t\t\t\t\t\t\t\t<\/div>\n\t\t\t\t<\/div>\n\t\t<div class=\"elementor-element elementor-element-f6df6d1 e-con-full e-flex e-con e-child\" data-id=\"f6df6d1\" data-element_type=\"container\" data-e-type=\"container\">\n\t\t\t\t<div class=\"elementor-element elementor-element-7da3934 outlinedImg elementor-widget elementor-widget-image\" data-id=\"7da3934\" data-element_type=\"widget\" data-e-type=\"widget\" data-widget_type=\"image.default\">\n\t\t\t\t\t\t\t\t\t\t\t\t\t\t\t<img fetchpriority=\"high\" decoding=\"async\" width=\"500\" height=\"340\" src=\"https:\/\/www.greenfieldresidence.ro\/baneasa\/wp-content\/uploads\/2024\/12\/acces-greenfield-500x365c.jpg\" class=\"attachment-poster-image size-poster-image wp-image-25628\" alt=\"\" \/>\t\t\t\t\t\t\t\t\t\t\t\t\t\t\t<\/div>\n\t\t\t\t<\/div>\n\t\t\t\t\t<\/div>\n\t\t\t\t<\/div>\n\t\t<div class=\"elementor-element elementor-element-e8ed47c e-flex e-con-boxed e-con e-parent\" data-id=\"e8ed47c\" data-element_type=\"container\" data-e-type=\"container\" id=\"transport\" data-settings=\"{&quot;background_background&quot;:&quot;classic&quot;}\">\n\t\t\t\t\t<div class=\"e-con-inner\">\n\t\t<div class=\"elementor-element elementor-element-4f9824d e-con-full e-flex e-con e-child\" data-id=\"4f9824d\" data-element_type=\"container\" data-e-type=\"container\">\n\t\t\t\t<div class=\"elementor-element elementor-element-8429604 elementor-widget elementor-widget-heading\" data-id=\"8429604\" data-element_type=\"widget\" data-e-type=\"widget\" data-widget_type=\"heading.default\">\n\t\t\t\t\t<h2 class=\"elementor-heading-title elementor-size-default\">Transport<\/h2>\t\t\t\t<\/div>\n\t\t\t\t<div class=\"elementor-element elementor-element-00913f9 elementor-widget elementor-widget-text-editor\" data-id=\"00913f9\" data-element_type=\"widget\" data-e-type=\"widget\" data-widget_type=\"text-editor.default\">\n\t\t\t\t\t\t\t\t\t\u00cen cartier exist\u0103 un terminal STB modern care asigur\u0103 accesul reziden\u021bilor la transportul public de c\u0103l\u0103tori al Municipiului Bucure\u0219ti. Linia 203 face leg\u0103tura \u00eentre Greenfield \u0219i sta\u021bia de metrou Pia\u021ba Victoriei.\n\n\t\t\t\t\t\t\t\t<\/div>\n\t\t\t\t<div class=\"elementor-element elementor-element-21e1d74 elementor-widget elementor-widget-text-editor\" data-id=\"21e1d74\" data-element_type=\"widget\" data-e-type=\"widget\" data-widget_type=\"text-editor.default\">\n\t\t\t\t\t\t\t\t\t\u00cen viitorul apropiat, conform informa\u021biilor publice existente pe site-ul Metrorex, Magistrala 6 de metrou va lega re\u021beaua existent\u0103 cu aeroportul Otopeni. Vor fi amplasate sta\u021bii de metrou \u00een apropierea ansamblului reziden\u021bial GREENFIELD B\u0103neasa, \u00een dreptul centrului comercial B\u0103neasa Shopping City, Ambasadei SUA, Liceului Francez, respectiv podul Otopeni.\n\n\t\t\t\t\t\t\t\t<\/div>\n\t\t\t\t<div class=\"elementor-element elementor-element-e5f38d8 elementor-widget elementor-widget-text-editor\" data-id=\"e5f38d8\" data-element_type=\"widget\" data-e-type=\"widget\" data-widget_type=\"text-editor.default\">\n\t\t\t\t\t\t\t\t\tAu \u00eenceput deja lucr\u0103rile. Data estimativ\u0103 la care linia de metrou va fi func\u021bional\u0103 este finalul anului 2027. Aceast\u0103 linie nou\u0103 va aduce beneficii semnificative pentru comunitatea noastr\u0103, facilit\u00e2nd accesul rapid c\u0103tre zone importante din ora\u0219.\n\n\t\t\t\t\t\t\t\t<\/div>\n\t\t\t\t<\/div>\n\t\t<div class=\"elementor-element elementor-element-4b8f0e4 e-con-full outlinedImg e-flex e-con e-child\" data-id=\"4b8f0e4\" data-element_type=\"container\" data-e-type=\"container\">\n\t\t\t\t<div class=\"elementor-element elementor-element-f0b0e54 elementor-widget elementor-widget-image\" data-id=\"f0b0e54\" data-element_type=\"widget\" data-e-type=\"widget\" data-widget_type=\"image.default\">\n\t\t\t\t\t\t\t\t\t\t\t\t\t\t\t<img decoding=\"async\" width=\"500\" height=\"365\" src=\"https:\/\/www.greenfieldresidence.ro\/baneasa\/wp-content\/uploads\/2024\/12\/Cai-Acces-Greenfield-Baneasa-1-500x365c.jpg\" class=\"attachment-large size-large wp-image-25630\" alt=\"\" \/>\t\t\t\t\t\t\t\t\t\t\t\t\t\t\t<\/div>\n\t\t\t\t<\/div>\n\t\t\t\t\t<\/div>\n\t\t\t\t<\/div>\n\t\t\t\t<\/div>\n\t\t","protected":false},"excerpt":{"rendered":"<p>GREENFIELD B\u0103neasa &#8211; Hart\u0103 Acces Transport GREENFIELD B\u0103neasa &#8211; Hart\u0103 Bucure\u0219ti, Sector 1, \u00een interiorul triunghiului format de str\u0103zile Drumul P\u0103durea Pustnicu \u2013..<\/p>\n","protected":false},"author":5,"featured_media":0,"parent":0,"menu_order":0,"comment_status":"closed","ping_status":"closed","template":"","meta":{"_acf_changed":false,"footnotes":""},"page-cat":[],"nr-camere":[],"class_list":["post-25619","page","type-page","status-publish","hentry"],"acf":[],"yoast_head":"<!-- This site is optimized with the Yoast SEO plugin v27.2 - https:\/\/yoast.com\/product\/yoast-seo-wordpress\/ -->\n<title>Loca\u021bie - Greenfield B\u0103neasa<\/title>\n<meta name=\"robots\" content=\"index, follow, max-snippet:-1, max-image-preview:large, max-video-preview:-1\" \/>\n<link rel=\"canonical\" href=\"https:\/\/www.greenfieldresidence.ro\/baneasa\/locatie\/\" \/>\n<meta property=\"og:locale\" content=\"ro_RO\" \/>\n<meta property=\"og:type\" content=\"article\" \/>\n<meta property=\"og:title\" content=\"Loca\u021bie - Greenfield B\u0103neasa\" \/>\n<meta property=\"og:description\" content=\"GREENFIELD B\u0103neasa &#8211; Hart\u0103 Acces Transport GREENFIELD B\u0103neasa &#8211; Hart\u0103 Bucure\u0219ti, Sector 1, \u00een interiorul triunghiului format de str\u0103zile Drumul P\u0103durea Pustnicu \u2013..\" \/>\n<meta property=\"og:url\" content=\"https:\/\/www.greenfieldresidence.ro\/baneasa\/locatie\/\" \/>\n<meta property=\"og:site_name\" content=\"Greenfield B\u0103neasa\" \/>\n<meta property=\"article:modified_time\" content=\"2025-01-14T12:10:41+00:00\" \/>\n<meta property=\"og:image\" content=\"https:\/\/www.greenfieldresidence.ro\/baneasa\/wp-content\/uploads\/2024\/12\/acces-greenfield-500x365c.jpg\" \/>\n\t<meta property=\"og:image:width\" content=\"500\" \/>\n\t<meta property=\"og:image:height\" content=\"340\" \/>\n\t<meta property=\"og:image:type\" content=\"image\/jpeg\" \/>\n<meta name=\"twitter:card\" content=\"summary_large_image\" \/>\n<script type=\"application\/ld+json\" class=\"yoast-schema-graph\">{\"@context\":\"https:\/\/schema.org\",\"@graph\":[{\"@type\":\"WebPage\",\"@id\":\"https:\/\/www.greenfieldresidence.ro\/baneasa\/locatie\/\",\"url\":\"https:\/\/www.greenfieldresidence.ro\/baneasa\/locatie\/\",\"name\":\"Loca\u021bie - Greenfield B\u0103neasa\",\"isPartOf\":{\"@id\":\"https:\/\/www.greenfieldresidence.ro\/baneasa\/#website\"},\"primaryImageOfPage\":{\"@id\":\"https:\/\/www.greenfieldresidence.ro\/baneasa\/locatie\/#primaryimage\"},\"image\":{\"@id\":\"https:\/\/www.greenfieldresidence.ro\/baneasa\/locatie\/#primaryimage\"},\"thumbnailUrl\":\"https:\/\/www.greenfieldresidence.ro\/baneasa\/wp-content\/uploads\/2024\/12\/acces-greenfield-500x365c.jpg\",\"datePublished\":\"2024-12-09T11:31:18+00:00\",\"dateModified\":\"2025-01-14T12:10:41+00:00\",\"breadcrumb\":{\"@id\":\"https:\/\/www.greenfieldresidence.ro\/baneasa\/locatie\/#breadcrumb\"},\"inLanguage\":\"ro-RO\",\"potentialAction\":[{\"@type\":\"ReadAction\",\"target\":[\"https:\/\/www.greenfieldresidence.ro\/baneasa\/locatie\/\"]}]},{\"@type\":\"ImageObject\",\"inLanguage\":\"ro-RO\",\"@id\":\"https:\/\/www.greenfieldresidence.ro\/baneasa\/locatie\/#primaryimage\",\"url\":\"https:\/\/www.greenfieldresidence.ro\/baneasa\/wp-content\/uploads\/2024\/12\/acces-greenfield-500x365c.jpg\",\"contentUrl\":\"https:\/\/www.greenfieldresidence.ro\/baneasa\/wp-content\/uploads\/2024\/12\/acces-greenfield-500x365c.jpg\",\"width\":500,\"height\":340},{\"@type\":\"BreadcrumbList\",\"@id\":\"https:\/\/www.greenfieldresidence.ro\/baneasa\/locatie\/#breadcrumb\",\"itemListElement\":[{\"@type\":\"ListItem\",\"position\":1,\"name\":\"Home\",\"item\":\"https:\/\/www.greenfieldresidence.ro\/baneasa\/\"},{\"@type\":\"ListItem\",\"position\":2,\"name\":\"Loca\u021bie\"}]},{\"@type\":\"WebSite\",\"@id\":\"https:\/\/www.greenfieldresidence.ro\/baneasa\/#website\",\"url\":\"https:\/\/www.greenfieldresidence.ro\/baneasa\/\",\"name\":\"Greenfield B\u0103neasa\",\"description\":\"Cartierul \u00eembr\u0103\u021bi\u0219at de p\u0103dure\",\"publisher\":{\"@id\":\"https:\/\/www.greenfieldresidence.ro\/baneasa\/#organization\"},\"potentialAction\":[{\"@type\":\"SearchAction\",\"target\":{\"@type\":\"EntryPoint\",\"urlTemplate\":\"https:\/\/www.greenfieldresidence.ro\/baneasa\/?s={search_term_string}\"},\"query-input\":{\"@type\":\"PropertyValueSpecification\",\"valueRequired\":true,\"valueName\":\"search_term_string\"}}],\"inLanguage\":\"ro-RO\"},{\"@type\":\"Organization\",\"@id\":\"https:\/\/www.greenfieldresidence.ro\/baneasa\/#organization\",\"name\":\"Greenfield B\u0103neasa\",\"url\":\"https:\/\/www.greenfieldresidence.ro\/baneasa\/\",\"logo\":{\"@type\":\"ImageObject\",\"inLanguage\":\"ro-RO\",\"@id\":\"https:\/\/www.greenfieldresidence.ro\/baneasa\/#\/schema\/logo\/image\/\",\"url\":\"https:\/\/www.greenfieldresidence.ro\/baneasa\/wp-content\/uploads\/2020\/05\/logo.svg\",\"contentUrl\":\"https:\/\/www.greenfieldresidence.ro\/baneasa\/wp-content\/uploads\/2020\/05\/logo.svg\",\"caption\":\"Greenfield B\u0103neasa\"},\"image\":{\"@id\":\"https:\/\/www.greenfieldresidence.ro\/baneasa\/#\/schema\/logo\/image\/\"}}]}<\/script>\n<!-- \/ Yoast SEO plugin. -->","yoast_head_json":{"title":"Loca\u021bie - Greenfield B\u0103neasa","robots":{"index":"index","follow":"follow","max-snippet":"max-snippet:-1","max-image-preview":"max-image-preview:large","max-video-preview":"max-video-preview:-1"},"canonical":"https:\/\/www.greenfieldresidence.ro\/baneasa\/locatie\/","og_locale":"ro_RO","og_type":"article","og_title":"Loca\u021bie - Greenfield B\u0103neasa","og_description":"GREENFIELD B\u0103neasa &#8211; Hart\u0103 Acces Transport GREENFIELD B\u0103neasa &#8211; Hart\u0103 Bucure\u0219ti, Sector 1, \u00een interiorul triunghiului format de str\u0103zile Drumul P\u0103durea Pustnicu \u2013..","og_url":"https:\/\/www.greenfieldresidence.ro\/baneasa\/locatie\/","og_site_name":"Greenfield B\u0103neasa","article_modified_time":"2025-01-14T12:10:41+00:00","og_image":[{"width":500,"height":340,"url":"https:\/\/www.greenfieldresidence.ro\/baneasa\/wp-content\/uploads\/2024\/12\/acces-greenfield-500x365c.jpg","type":"image\/jpeg"}],"twitter_card":"summary_large_image","schema":{"@context":"https:\/\/schema.org","@graph":[{"@type":"WebPage","@id":"https:\/\/www.greenfieldresidence.ro\/baneasa\/locatie\/","url":"https:\/\/www.greenfieldresidence.ro\/baneasa\/locatie\/","name":"Loca\u021bie - Greenfield B\u0103neasa","isPartOf":{"@id":"https:\/\/www.greenfieldresidence.ro\/baneasa\/#website"},"primaryImageOfPage":{"@id":"https:\/\/www.greenfieldresidence.ro\/baneasa\/locatie\/#primaryimage"},"image":{"@id":"https:\/\/www.greenfieldresidence.ro\/baneasa\/locatie\/#primaryimage"},"thumbnailUrl":"https:\/\/www.greenfieldresidence.ro\/baneasa\/wp-content\/uploads\/2024\/12\/acces-greenfield-500x365c.jpg","datePublished":"2024-12-09T11:31:18+00:00","dateModified":"2025-01-14T12:10:41+00:00","breadcrumb":{"@id":"https:\/\/www.greenfieldresidence.ro\/baneasa\/locatie\/#breadcrumb"},"inLanguage":"ro-RO","potentialAction":[{"@type":"ReadAction","target":["https:\/\/www.greenfieldresidence.ro\/baneasa\/locatie\/"]}]},{"@type":"ImageObject","inLanguage":"ro-RO","@id":"https:\/\/www.greenfieldresidence.ro\/baneasa\/locatie\/#primaryimage","url":"https:\/\/www.greenfieldresidence.ro\/baneasa\/wp-content\/uploads\/2024\/12\/acces-greenfield-500x365c.jpg","contentUrl":"https:\/\/www.greenfieldresidence.ro\/baneasa\/wp-content\/uploads\/2024\/12\/acces-greenfield-500x365c.jpg","width":500,"height":340},{"@type":"BreadcrumbList","@id":"https:\/\/www.greenfieldresidence.ro\/baneasa\/locatie\/#breadcrumb","itemListElement":[{"@type":"ListItem","position":1,"name":"Home","item":"https:\/\/www.greenfieldresidence.ro\/baneasa\/"},{"@type":"ListItem","position":2,"name":"Loca\u021bie"}]},{"@type":"WebSite","@id":"https:\/\/www.greenfieldresidence.ro\/baneasa\/#website","url":"https:\/\/www.greenfieldresidence.ro\/baneasa\/","name":"Greenfield B\u0103neasa","description":"Cartierul \u00eembr\u0103\u021bi\u0219at de p\u0103dure","publisher":{"@id":"https:\/\/www.greenfieldresidence.ro\/baneasa\/#organization"},"potentialAction":[{"@type":"SearchAction","target":{"@type":"EntryPoint","urlTemplate":"https:\/\/www.greenfieldresidence.ro\/baneasa\/?s={search_term_string}"},"query-input":{"@type":"PropertyValueSpecification","valueRequired":true,"valueName":"search_term_string"}}],"inLanguage":"ro-RO"},{"@type":"Organization","@id":"https:\/\/www.greenfieldresidence.ro\/baneasa\/#organization","name":"Greenfield B\u0103neasa","url":"https:\/\/www.greenfieldresidence.ro\/baneasa\/","logo":{"@type":"ImageObject","inLanguage":"ro-RO","@id":"https:\/\/www.greenfieldresidence.ro\/baneasa\/#\/schema\/logo\/image\/","url":"https:\/\/www.greenfieldresidence.ro\/baneasa\/wp-content\/uploads\/2020\/05\/logo.svg","contentUrl":"https:\/\/www.greenfieldresidence.ro\/baneasa\/wp-content\/uploads\/2020\/05\/logo.svg","caption":"Greenfield B\u0103neasa"},"image":{"@id":"https:\/\/www.greenfieldresidence.ro\/baneasa\/#\/schema\/logo\/image\/"}}]}},"ACF":false,"_links":{"self":[{"href":"https:\/\/www.greenfieldresidence.ro\/baneasa\/wp-json\/wp\/v2\/pages\/25619","targetHints":{"allow":["GET"]}}],"collection":[{"href":"https:\/\/www.greenfieldresidence.ro\/baneasa\/wp-json\/wp\/v2\/pages"}],"about":[{"href":"https:\/\/www.greenfieldresidence.ro\/baneasa\/wp-json\/wp\/v2\/types\/page"}],"author":[{"embeddable":true,"href":"https:\/\/www.greenfieldresidence.ro\/baneasa\/wp-json\/wp\/v2\/users\/5"}],"replies":[{"embeddable":true,"href":"https:\/\/www.greenfieldresidence.ro\/baneasa\/wp-json\/wp\/v2\/comments?post=25619"}],"version-history":[{"count":41,"href":"https:\/\/www.greenfieldresidence.ro\/baneasa\/wp-json\/wp\/v2\/pages\/25619\/revisions"}],"predecessor-version":[{"id":26805,"href":"https:\/\/www.greenfieldresidence.ro\/baneasa\/wp-json\/wp\/v2\/pages\/25619\/revisions\/26805"}],"wp:attachment":[{"href":"https:\/\/www.greenfieldresidence.ro\/baneasa\/wp-json\/wp\/v2\/media?parent=25619"}],"wp:term":[{"taxonomy":"page-cat","embeddable":true,"href":"https:\/\/www.greenfieldresidence.ro\/baneasa\/wp-json\/wp\/v2\/page-cat?post=25619"},{"taxonomy":"nr-camere","embeddable":true,"href":"https:\/\/www.greenfieldresidence.ro\/baneasa\/wp-json\/wp\/v2\/nr-camere?post=25619"}],"curies":[{"name":"wp","href":"https:\/\/api.w.org\/{rel}","templated":true}]}}