{"id":23415,"date":"2024-05-15T16:07:25","date_gmt":"2024-05-15T13:07:25","guid":{"rendered":"https:\/\/www.greenfieldresidence.ro\/baneasa\/2-camere-73-mp\/"},"modified":"2025-06-27T13:22:46","modified_gmt":"2025-06-27T10:22:46","slug":"2-camere-73-mp","status":"publish","type":"page","link":"https:\/\/www.greenfieldresidence.ro\/baneasa\/2-camere-73-mp\/","title":{"rendered":"Apartament 2 Camere, 73 m<sup>2<\/sup>"},"content":{"rendered":"","protected":false},"excerpt":{"rendered":"","protected":false},"author":5,"featured_media":23417,"parent":0,"menu_order":0,"comment_status":"closed","ping_status":"closed","template":"templates\/apartment.php","meta":{"_acf_changed":false,"footnotes":""},"page-cat":[6092],"nr-camere":[6093],"class_list":["post-23415","page","type-page","status-publish","has-post-thumbnail","hentry","page-cat-apartamente","nr-camere-2-camere"],"acf":[],"yoast_head":"<!-- This site is optimized with the Yoast SEO plugin v27.2 - https:\/\/yoast.com\/product\/yoast-seo-wordpress\/ -->\n<title>Apartament 2 Camere, 73 mp - Greenfield B\u0103neasa<\/title>\n<meta name=\"description\" content=\"Apartament 2 camere Bucuresti, 73 mp, sector 1, Greenfield Baneasa. Descopera confortul si avantajele acestuia. Ideal pentru orice familie.\" \/>\n<meta name=\"robots\" content=\"index, follow, max-snippet:-1, max-image-preview:large, max-video-preview:-1\" \/>\n<link rel=\"canonical\" href=\"https:\/\/www.greenfieldresidence.ro\/baneasa\/2-camere-73-mp\/\" \/>\n<meta property=\"og:locale\" content=\"ro_RO\" \/>\n<meta property=\"og:type\" content=\"article\" \/>\n<meta property=\"og:title\" content=\"Apartament 2 Camere, 73 mp - Greenfield B\u0103neasa\" \/>\n<meta property=\"og:description\" content=\"Apartament 2 camere Bucuresti, 73 mp, sector 1, Greenfield Baneasa. Descopera confortul si avantajele acestuia. Ideal pentru orice familie.\" \/>\n<meta property=\"og:url\" content=\"https:\/\/www.greenfieldresidence.ro\/baneasa\/2-camere-73-mp\/\" \/>\n<meta property=\"og:site_name\" content=\"Greenfield B\u0103neasa\" \/>\n<meta property=\"article:modified_time\" content=\"2025-06-27T10:22:46+00:00\" \/>\n<meta property=\"og:image\" content=\"https:\/\/www.greenfieldresidence.ro\/baneasa\/wp-content\/uploads\/products\/4-teilor-2-camere-73-mp.jpg\" \/>\n\t<meta property=\"og:image:width\" content=\"1500\" \/>\n\t<meta property=\"og:image:height\" content=\"1500\" \/>\n\t<meta property=\"og:image:type\" content=\"image\/jpeg\" \/>\n<meta name=\"twitter:card\" content=\"summary_large_image\" \/>\n<meta name=\"twitter:label1\" content=\"Timp estimat pentru citire\" \/>\n\t<meta name=\"twitter:data1\" content=\"1 minut\" \/>\n<script type=\"application\/ld+json\" class=\"yoast-schema-graph\">{\"@context\":\"https:\/\/schema.org\",\"@graph\":[{\"@type\":\"WebPage\",\"@id\":\"https:\/\/www.greenfieldresidence.ro\/baneasa\/2-camere-73-mp\/\",\"url\":\"https:\/\/www.greenfieldresidence.ro\/baneasa\/2-camere-73-mp\/\",\"name\":\"Apartament 2 Camere, 73 mp - Greenfield B\u0103neasa\",\"isPartOf\":{\"@id\":\"https:\/\/www.greenfieldresidence.ro\/baneasa\/#website\"},\"primaryImageOfPage\":{\"@id\":\"https:\/\/www.greenfieldresidence.ro\/baneasa\/2-camere-73-mp\/#primaryimage\"},\"image\":{\"@id\":\"https:\/\/www.greenfieldresidence.ro\/baneasa\/2-camere-73-mp\/#primaryimage\"},\"thumbnailUrl\":\"https:\/\/www.greenfieldresidence.ro\/baneasa\/wp-content\/uploads\/products\/4-teilor-2-camere-73-mp.jpg\",\"datePublished\":\"2024-05-15T13:07:25+00:00\",\"dateModified\":\"2025-06-27T10:22:46+00:00\",\"description\":\"Apartament 2 camere Bucuresti, 73 mp, sector 1, Greenfield Baneasa. Descopera confortul si avantajele acestuia. Ideal pentru orice familie.\",\"breadcrumb\":{\"@id\":\"https:\/\/www.greenfieldresidence.ro\/baneasa\/2-camere-73-mp\/#breadcrumb\"},\"inLanguage\":\"ro-RO\",\"potentialAction\":[{\"@type\":\"ReadAction\",\"target\":[\"https:\/\/www.greenfieldresidence.ro\/baneasa\/2-camere-73-mp\/\"]}]},{\"@type\":\"ImageObject\",\"inLanguage\":\"ro-RO\",\"@id\":\"https:\/\/www.greenfieldresidence.ro\/baneasa\/2-camere-73-mp\/#primaryimage\",\"url\":\"https:\/\/www.greenfieldresidence.ro\/baneasa\/wp-content\/uploads\/products\/4-teilor-2-camere-73-mp.jpg\",\"contentUrl\":\"https:\/\/www.greenfieldresidence.ro\/baneasa\/wp-content\/uploads\/products\/4-teilor-2-camere-73-mp.jpg\",\"width\":1500,\"height\":1500,\"caption\":\"Apartament 2 Camere, 73 m2\"},{\"@type\":\"BreadcrumbList\",\"@id\":\"https:\/\/www.greenfieldresidence.ro\/baneasa\/2-camere-73-mp\/#breadcrumb\",\"itemListElement\":[{\"@type\":\"ListItem\",\"position\":1,\"name\":\"Home\",\"item\":\"https:\/\/www.greenfieldresidence.ro\/baneasa\/\"},{\"@type\":\"ListItem\",\"position\":2,\"name\":\"Apartament 2 Camere, 73 mp\"}]},{\"@type\":\"WebSite\",\"@id\":\"https:\/\/www.greenfieldresidence.ro\/baneasa\/#website\",\"url\":\"https:\/\/www.greenfieldresidence.ro\/baneasa\/\",\"name\":\"Greenfield B\u0103neasa\",\"description\":\"Cartierul \u00eembr\u0103\u021bi\u0219at de p\u0103dure\",\"publisher\":{\"@id\":\"https:\/\/www.greenfieldresidence.ro\/baneasa\/#organization\"},\"potentialAction\":[{\"@type\":\"SearchAction\",\"target\":{\"@type\":\"EntryPoint\",\"urlTemplate\":\"https:\/\/www.greenfieldresidence.ro\/baneasa\/?s={search_term_string}\"},\"query-input\":{\"@type\":\"PropertyValueSpecification\",\"valueRequired\":true,\"valueName\":\"search_term_string\"}}],\"inLanguage\":\"ro-RO\"},{\"@type\":\"Organization\",\"@id\":\"https:\/\/www.greenfieldresidence.ro\/baneasa\/#organization\",\"name\":\"Greenfield B\u0103neasa\",\"url\":\"https:\/\/www.greenfieldresidence.ro\/baneasa\/\",\"logo\":{\"@type\":\"ImageObject\",\"inLanguage\":\"ro-RO\",\"@id\":\"https:\/\/www.greenfieldresidence.ro\/baneasa\/#\/schema\/logo\/image\/\",\"url\":\"https:\/\/www.greenfieldresidence.ro\/baneasa\/wp-content\/uploads\/2020\/05\/logo.svg\",\"contentUrl\":\"https:\/\/www.greenfieldresidence.ro\/baneasa\/wp-content\/uploads\/2020\/05\/logo.svg\",\"caption\":\"Greenfield B\u0103neasa\"},\"image\":{\"@id\":\"https:\/\/www.greenfieldresidence.ro\/baneasa\/#\/schema\/logo\/image\/\"}}]}<\/script>\n<!-- \/ Yoast SEO plugin. -->","yoast_head_json":{"title":"Apartament 2 Camere, 73 mp - Greenfield B\u0103neasa","description":"Apartament 2 camere Bucuresti, 73 mp, sector 1, Greenfield Baneasa. Descopera confortul si avantajele acestuia. Ideal pentru orice familie.","robots":{"index":"index","follow":"follow","max-snippet":"max-snippet:-1","max-image-preview":"max-image-preview:large","max-video-preview":"max-video-preview:-1"},"canonical":"https:\/\/www.greenfieldresidence.ro\/baneasa\/2-camere-73-mp\/","og_locale":"ro_RO","og_type":"article","og_title":"Apartament 2 Camere, 73 mp - Greenfield B\u0103neasa","og_description":"Apartament 2 camere Bucuresti, 73 mp, sector 1, Greenfield Baneasa. Descopera confortul si avantajele acestuia. Ideal pentru orice familie.","og_url":"https:\/\/www.greenfieldresidence.ro\/baneasa\/2-camere-73-mp\/","og_site_name":"Greenfield B\u0103neasa","article_modified_time":"2025-06-27T10:22:46+00:00","og_image":[{"width":1500,"height":1500,"url":"https:\/\/www.greenfieldresidence.ro\/baneasa\/wp-content\/uploads\/products\/4-teilor-2-camere-73-mp.jpg","type":"image\/jpeg"}],"twitter_card":"summary_large_image","twitter_misc":{"Timp estimat pentru citire":"1 minut"},"schema":{"@context":"https:\/\/schema.org","@graph":[{"@type":"WebPage","@id":"https:\/\/www.greenfieldresidence.ro\/baneasa\/2-camere-73-mp\/","url":"https:\/\/www.greenfieldresidence.ro\/baneasa\/2-camere-73-mp\/","name":"Apartament 2 Camere, 73 mp - Greenfield B\u0103neasa","isPartOf":{"@id":"https:\/\/www.greenfieldresidence.ro\/baneasa\/#website"},"primaryImageOfPage":{"@id":"https:\/\/www.greenfieldresidence.ro\/baneasa\/2-camere-73-mp\/#primaryimage"},"image":{"@id":"https:\/\/www.greenfieldresidence.ro\/baneasa\/2-camere-73-mp\/#primaryimage"},"thumbnailUrl":"https:\/\/www.greenfieldresidence.ro\/baneasa\/wp-content\/uploads\/products\/4-teilor-2-camere-73-mp.jpg","datePublished":"2024-05-15T13:07:25+00:00","dateModified":"2025-06-27T10:22:46+00:00","description":"Apartament 2 camere Bucuresti, 73 mp, sector 1, Greenfield Baneasa. Descopera confortul si avantajele acestuia. Ideal pentru orice familie.","breadcrumb":{"@id":"https:\/\/www.greenfieldresidence.ro\/baneasa\/2-camere-73-mp\/#breadcrumb"},"inLanguage":"ro-RO","potentialAction":[{"@type":"ReadAction","target":["https:\/\/www.greenfieldresidence.ro\/baneasa\/2-camere-73-mp\/"]}]},{"@type":"ImageObject","inLanguage":"ro-RO","@id":"https:\/\/www.greenfieldresidence.ro\/baneasa\/2-camere-73-mp\/#primaryimage","url":"https:\/\/www.greenfieldresidence.ro\/baneasa\/wp-content\/uploads\/products\/4-teilor-2-camere-73-mp.jpg","contentUrl":"https:\/\/www.greenfieldresidence.ro\/baneasa\/wp-content\/uploads\/products\/4-teilor-2-camere-73-mp.jpg","width":1500,"height":1500,"caption":"Apartament 2 Camere, 73 m2"},{"@type":"BreadcrumbList","@id":"https:\/\/www.greenfieldresidence.ro\/baneasa\/2-camere-73-mp\/#breadcrumb","itemListElement":[{"@type":"ListItem","position":1,"name":"Home","item":"https:\/\/www.greenfieldresidence.ro\/baneasa\/"},{"@type":"ListItem","position":2,"name":"Apartament 2 Camere, 73 mp"}]},{"@type":"WebSite","@id":"https:\/\/www.greenfieldresidence.ro\/baneasa\/#website","url":"https:\/\/www.greenfieldresidence.ro\/baneasa\/","name":"Greenfield B\u0103neasa","description":"Cartierul \u00eembr\u0103\u021bi\u0219at de p\u0103dure","publisher":{"@id":"https:\/\/www.greenfieldresidence.ro\/baneasa\/#organization"},"potentialAction":[{"@type":"SearchAction","target":{"@type":"EntryPoint","urlTemplate":"https:\/\/www.greenfieldresidence.ro\/baneasa\/?s={search_term_string}"},"query-input":{"@type":"PropertyValueSpecification","valueRequired":true,"valueName":"search_term_string"}}],"inLanguage":"ro-RO"},{"@type":"Organization","@id":"https:\/\/www.greenfieldresidence.ro\/baneasa\/#organization","name":"Greenfield B\u0103neasa","url":"https:\/\/www.greenfieldresidence.ro\/baneasa\/","logo":{"@type":"ImageObject","inLanguage":"ro-RO","@id":"https:\/\/www.greenfieldresidence.ro\/baneasa\/#\/schema\/logo\/image\/","url":"https:\/\/www.greenfieldresidence.ro\/baneasa\/wp-content\/uploads\/2020\/05\/logo.svg","contentUrl":"https:\/\/www.greenfieldresidence.ro\/baneasa\/wp-content\/uploads\/2020\/05\/logo.svg","caption":"Greenfield B\u0103neasa"},"image":{"@id":"https:\/\/www.greenfieldresidence.ro\/baneasa\/#\/schema\/logo\/image\/"}}]}},"ACF":{"phase":"teilor","Tip":"2 Camere","pret":"119.200 \u20ac","tva":"TVA","badge":"","SC":"64,86","SU":"60,46","SB":"8,54","ST":"73.4","TG":"T","etaj":"1-10","stadiu":"Finalizat","imagini":[{"ID":23417,"id":23417,"title":"Apartament 2 Camere, 73 m2","filename":"4-teilor-2-camere-73-mp.jpg","filesize":152475,"url":"https:\/\/www.greenfieldresidence.ro\/baneasa\/wp-content\/uploads\/products\/4-teilor-2-camere-73-mp.jpg","link":"https:\/\/www.greenfieldresidence.ro\/baneasa\/2-camere-73-mp\/attachment\/4-teilor-2-camere-73-mp\/","alt":"Apartament 2 Camere, 73 m2","author":"7","description":"","caption":"Apartament 2 Camere, 73 m2","name":"4-teilor-2-camere-73-mp","status":"inherit","uploaded_to":23415,"date":"2024-05-15 13:07:25","modified":"2025-06-30 07:33:58","menu_order":0,"mime_type":"image\/jpeg","type":"image","subtype":"jpeg","icon":"https:\/\/www.greenfieldresidence.ro\/baneasa\/wp-includes\/images\/media\/default.png","width":1500,"height":1500,"sizes":{"thumbnail":"https:\/\/www.greenfieldresidence.ro\/baneasa\/wp-content\/uploads\/products\/4-teilor-2-camere-73-mp.jpg","thumbnail-width":150,"thumbnail-height":150,"medium":"https:\/\/www.greenfieldresidence.ro\/baneasa\/wp-content\/uploads\/products\/4-teilor-2-camere-73-mp.jpg","medium-width":300,"medium-height":300,"medium_large":"https:\/\/www.greenfieldresidence.ro\/baneasa\/wp-content\/uploads\/products\/4-teilor-2-camere-73-mp.jpg","medium_large-width":768,"medium_large-height":768,"large":"https:\/\/www.greenfieldresidence.ro\/baneasa\/wp-content\/uploads\/products\/4-teilor-2-camere-73-mp.jpg","large-width":1024,"large-height":1024,"main-slider":"https:\/\/www.greenfieldresidence.ro\/baneasa\/wp-content\/uploads\/products\/4-teilor-2-camere-73-mp.jpg","main-slider-width":538,"main-slider-height":538,"main-slider-480":"https:\/\/www.greenfieldresidence.ro\/baneasa\/wp-content\/uploads\/products\/4-teilor-2-camere-73-mp.jpg","main-slider-480-width":220,"main-slider-480-height":220,"product-listing":"https:\/\/www.greenfieldresidence.ro\/baneasa\/wp-content\/uploads\/products\/4-teilor-2-camere-73-mp.jpg","product-listing-width":350,"product-listing-height":350,"product-listing-480":"https:\/\/www.greenfieldresidence.ro\/baneasa\/wp-content\/uploads\/products\/4-teilor-2-camere-73-mp.jpg","product-listing-480-width":80,"product-listing-480-height":80,"product-page":"https:\/\/www.greenfieldresidence.ro\/baneasa\/wp-content\/uploads\/products\/4-teilor-2-camere-73-mp.jpg","product-page-width":390,"product-page-height":390,"product-page-480":"https:\/\/www.greenfieldresidence.ro\/baneasa\/wp-content\/uploads\/products\/4-teilor-2-camere-73-mp.jpg","product-page-480-width":360,"product-page-480-height":360,"product-page-thumbs":"https:\/\/www.greenfieldresidence.ro\/baneasa\/wp-content\/uploads\/products\/4-teilor-2-camere-73-mp.jpg","product-page-thumbs-width":65,"product-page-thumbs-height":65,"product-page-gallery":"https:\/\/www.greenfieldresidence.ro\/baneasa\/wp-content\/uploads\/products\/4-teilor-2-camere-73-mp.jpg","product-page-gallery-width":600,"product-page-gallery-height":600,"product-page-gallery-thumbs":"https:\/\/www.greenfieldresidence.ro\/baneasa\/wp-content\/uploads\/products\/4-teilor-2-camere-73-mp.jpg","product-page-gallery-thumbs-width":150,"product-page-gallery-thumbs-height":150,"bottom-gallery":"https:\/\/www.greenfieldresidence.ro\/baneasa\/wp-content\/uploads\/products\/4-teilor-2-camere-73-mp.jpg","bottom-gallery-width":500,"bottom-gallery-height":500,"bottom-gallery-480":"https:\/\/www.greenfieldresidence.ro\/baneasa\/wp-content\/uploads\/products\/4-teilor-2-camere-73-mp.jpg","bottom-gallery-480-width":220,"bottom-gallery-480-height":220,"bottom-gallery-thumb":"https:\/\/www.greenfieldresidence.ro\/baneasa\/wp-content\/uploads\/products\/4-teilor-2-camere-73-mp.jpg","bottom-gallery-thumb-width":140,"bottom-gallery-thumb-height":140,"blog-posts-listing":"https:\/\/www.greenfieldresidence.ro\/baneasa\/wp-content\/uploads\/products\/4-teilor-2-camere-73-mp.jpg","blog-posts-listing-width":220,"blog-posts-listing-height":220,"testimonials-img-size":"https:\/\/www.greenfieldresidence.ro\/baneasa\/wp-content\/uploads\/products\/4-teilor-2-camere-73-mp.jpg","testimonials-img-size-width":60,"testimonials-img-size-height":60,"apartments-gallery":"https:\/\/www.greenfieldresidence.ro\/baneasa\/wp-content\/uploads\/products\/4-teilor-2-camere-73-mp.jpg","apartments-gallery-width":370,"apartments-gallery-height":370,"apartments-gallery-980":"https:\/\/www.greenfieldresidence.ro\/baneasa\/wp-content\/uploads\/products\/4-teilor-2-camere-73-mp.jpg","apartments-gallery-980-width":678,"apartments-gallery-980-height":678,"apartments-gallery-480":"https:\/\/www.greenfieldresidence.ro\/baneasa\/wp-content\/uploads\/products\/4-teilor-2-camere-73-mp.jpg","apartments-gallery-480-width":200,"apartments-gallery-480-height":200,"apartments-gallery-thumb":"https:\/\/www.greenfieldresidence.ro\/baneasa\/wp-content\/uploads\/products\/4-teilor-2-camere-73-mp.jpg","apartments-gallery-thumb-width":65,"apartments-gallery-thumb-height":65,"contact-picture":"https:\/\/www.greenfieldresidence.ro\/baneasa\/wp-content\/uploads\/products\/4-teilor-2-camere-73-mp.jpg","contact-picture-width":504,"contact-picture-height":504,"team-image":"https:\/\/www.greenfieldresidence.ro\/baneasa\/wp-content\/uploads\/products\/4-teilor-2-camere-73-mp.jpg","team-image-width":315,"team-image-height":315,"poster-image":"https:\/\/www.greenfieldresidence.ro\/baneasa\/wp-content\/uploads\/products\/4-teilor-2-camere-73-mp.jpg","poster-image-width":365,"poster-image-height":365,"phases-image":"https:\/\/www.greenfieldresidence.ro\/baneasa\/wp-content\/uploads\/products\/4-teilor-2-camere-73-mp.jpg","phases-image-width":1500,"phases-image-height":1500,"lifestyle-slider":"https:\/\/www.greenfieldresidence.ro\/baneasa\/wp-content\/uploads\/products\/4-teilor-2-camere-73-mp.jpg","lifestyle-slider-width":538,"lifestyle-slider-height":538,"lifestyle-slider-480":"https:\/\/www.greenfieldresidence.ro\/baneasa\/wp-content\/uploads\/products\/4-teilor-2-camere-73-mp.jpg","lifestyle-slider-480-width":220,"lifestyle-slider-480-height":220,"blog-size":"https:\/\/www.greenfieldresidence.ro\/baneasa\/wp-content\/uploads\/products\/4-teilor-2-camere-73-mp.jpg","blog-size-width":250,"blog-size-height":250}}],"virtual_tour_link":"","eticheta":"","eticheta_culoare":"","pret_genius":"","data_genius":"","Homepage":"","Oferta":""},"_links":{"self":[{"href":"https:\/\/www.greenfieldresidence.ro\/baneasa\/wp-json\/wp\/v2\/pages\/23415","targetHints":{"allow":["GET"]}}],"collection":[{"href":"https:\/\/www.greenfieldresidence.ro\/baneasa\/wp-json\/wp\/v2\/pages"}],"about":[{"href":"https:\/\/www.greenfieldresidence.ro\/baneasa\/wp-json\/wp\/v2\/types\/page"}],"author":[{"embeddable":true,"href":"https:\/\/www.greenfieldresidence.ro\/baneasa\/wp-json\/wp\/v2\/users\/5"}],"replies":[{"embeddable":true,"href":"https:\/\/www.greenfieldresidence.ro\/baneasa\/wp-json\/wp\/v2\/comments?post=23415"}],"version-history":[{"count":10,"href":"https:\/\/www.greenfieldresidence.ro\/baneasa\/wp-json\/wp\/v2\/pages\/23415\/revisions"}],"predecessor-version":[{"id":27741,"href":"https:\/\/www.greenfieldresidence.ro\/baneasa\/wp-json\/wp\/v2\/pages\/23415\/revisions\/27741"}],"wp:featuredmedia":[{"embeddable":true,"href":"https:\/\/www.greenfieldresidence.ro\/baneasa\/wp-json\/wp\/v2\/media\/23417"}],"wp:attachment":[{"href":"https:\/\/www.greenfieldresidence.ro\/baneasa\/wp-json\/wp\/v2\/media?parent=23415"}],"wp:term":[{"taxonomy":"page-cat","embeddable":true,"href":"https:\/\/www.greenfieldresidence.ro\/baneasa\/wp-json\/wp\/v2\/page-cat?post=23415"},{"taxonomy":"nr-camere","embeddable":true,"href":"https:\/\/www.greenfieldresidence.ro\/baneasa\/wp-json\/wp\/v2\/nr-camere?post=23415"}],"curies":[{"name":"wp","href":"https:\/\/api.w.org\/{rel}","templated":true}]}}