{"id":13496,"date":"2021-04-05T13:39:27","date_gmt":"2021-04-05T10:39:27","guid":{"rendered":"https:\/\/www.greenfieldresidence.ro\/baneasa\/?page_id=13496"},"modified":"2022-06-10T15:27:05","modified_gmt":"2022-06-10T12:27:05","slug":"apartament-2-camere","status":"publish","type":"page","link":"https:\/\/www.greenfieldresidence.ro\/baneasa\/tur-virtual\/apartament-2-camere\/","title":{"rendered":"Tur virtual 2 Camere"},"content":{"rendered":"<p>&nbsp;<\/p>\n<p>Un apartament cu 2 camere este ideal pentru un \u00eenceput \u00een doi. Ansamblul reziden\u021bial Greenfield este potrivit pentru cei care iubesc sportul \u00een aer liber, plimb\u0103rile lungi prin p\u0103dure \u0219i sunt adep\u021bii unui stil de via\u021b\u0103 s\u0103n\u0103tos. Dup\u0103 o zi \u00eenc\u0103rcat\u0103, apartamentul t\u0103u din Greenfield te va a\u0219tepta s\u0103 te bucuri de lini\u0219tea cartierului \u0219i s\u0103 ui\u021bi de toat\u0103 agita\u021bia de peste zi.<\/p>\n<p>\u021ai-a pl\u0103cut ce ai v\u0103zut? Te a\u0219tept\u0103m la o vizionare!<\/p>\n","protected":false},"excerpt":{"rendered":"<p>&nbsp; Un apartament cu 2 camere este ideal pentru un \u00eenceput \u00een doi. Ansamblul reziden\u021bial Greenfield este potrivit pentru cei care iubesc sportul..<\/p>\n","protected":false},"author":1,"featured_media":0,"parent":13483,"menu_order":0,"comment_status":"closed","ping_status":"closed","template":"tours.php","meta":{"_acf_changed":false,"footnotes":""},"page-cat":[],"nr-camere":[],"class_list":["post-13496","page","type-page","status-publish","hentry"],"acf":[],"yoast_head":"<!-- This site is optimized with the Yoast SEO plugin v27.2 - https:\/\/yoast.com\/product\/yoast-seo-wordpress\/ -->\n<title>Tur virtual 2 Camere - Greenfield B\u0103neasa<\/title>\n<meta name=\"robots\" content=\"index, follow, max-snippet:-1, max-image-preview:large, max-video-preview:-1\" \/>\n<link rel=\"canonical\" href=\"https:\/\/www.greenfieldresidence.ro\/baneasa\/tur-virtual\/apartament-2-camere\/\" \/>\n<meta property=\"og:locale\" content=\"ro_RO\" \/>\n<meta property=\"og:type\" content=\"article\" \/>\n<meta property=\"og:title\" content=\"Tur virtual 2 Camere - Greenfield B\u0103neasa\" \/>\n<meta property=\"og:description\" content=\"&nbsp; Un apartament cu 2 camere este ideal pentru un \u00eenceput \u00een doi. Ansamblul reziden\u021bial Greenfield este potrivit pentru cei care iubesc sportul..\" \/>\n<meta property=\"og:url\" content=\"https:\/\/www.greenfieldresidence.ro\/baneasa\/tur-virtual\/apartament-2-camere\/\" \/>\n<meta property=\"og:site_name\" content=\"Greenfield B\u0103neasa\" \/>\n<meta property=\"article:modified_time\" content=\"2022-06-10T12:27:05+00:00\" \/>\n<meta name=\"twitter:card\" content=\"summary_large_image\" \/>\n<script type=\"application\/ld+json\" class=\"yoast-schema-graph\">{\"@context\":\"https:\/\/schema.org\",\"@graph\":[{\"@type\":\"WebPage\",\"@id\":\"https:\/\/www.greenfieldresidence.ro\/baneasa\/tur-virtual\/apartament-2-camere\/\",\"url\":\"https:\/\/www.greenfieldresidence.ro\/baneasa\/tur-virtual\/apartament-2-camere\/\",\"name\":\"Tur virtual 2 Camere - Greenfield B\u0103neasa\",\"isPartOf\":{\"@id\":\"https:\/\/www.greenfieldresidence.ro\/baneasa\/#website\"},\"datePublished\":\"2021-04-05T10:39:27+00:00\",\"dateModified\":\"2022-06-10T12:27:05+00:00\",\"breadcrumb\":{\"@id\":\"https:\/\/www.greenfieldresidence.ro\/baneasa\/tur-virtual\/apartament-2-camere\/#breadcrumb\"},\"inLanguage\":\"ro-RO\",\"potentialAction\":[{\"@type\":\"ReadAction\",\"target\":[\"https:\/\/www.greenfieldresidence.ro\/baneasa\/tur-virtual\/apartament-2-camere\/\"]}]},{\"@type\":\"BreadcrumbList\",\"@id\":\"https:\/\/www.greenfieldresidence.ro\/baneasa\/tur-virtual\/apartament-2-camere\/#breadcrumb\",\"itemListElement\":[{\"@type\":\"ListItem\",\"position\":1,\"name\":\"Home\",\"item\":\"https:\/\/www.greenfieldresidence.ro\/baneasa\/\"},{\"@type\":\"ListItem\",\"position\":2,\"name\":\"Tur Virtual\",\"item\":\"https:\/\/www.greenfieldresidence.ro\/baneasa\/tur-virtual\/\"},{\"@type\":\"ListItem\",\"position\":3,\"name\":\"Tur virtual 2 Camere\"}]},{\"@type\":\"WebSite\",\"@id\":\"https:\/\/www.greenfieldresidence.ro\/baneasa\/#website\",\"url\":\"https:\/\/www.greenfieldresidence.ro\/baneasa\/\",\"name\":\"Greenfield B\u0103neasa\",\"description\":\"Cartierul \u00eembr\u0103\u021bi\u0219at de p\u0103dure\",\"publisher\":{\"@id\":\"https:\/\/www.greenfieldresidence.ro\/baneasa\/#organization\"},\"potentialAction\":[{\"@type\":\"SearchAction\",\"target\":{\"@type\":\"EntryPoint\",\"urlTemplate\":\"https:\/\/www.greenfieldresidence.ro\/baneasa\/?s={search_term_string}\"},\"query-input\":{\"@type\":\"PropertyValueSpecification\",\"valueRequired\":true,\"valueName\":\"search_term_string\"}}],\"inLanguage\":\"ro-RO\"},{\"@type\":\"Organization\",\"@id\":\"https:\/\/www.greenfieldresidence.ro\/baneasa\/#organization\",\"name\":\"Greenfield B\u0103neasa\",\"url\":\"https:\/\/www.greenfieldresidence.ro\/baneasa\/\",\"logo\":{\"@type\":\"ImageObject\",\"inLanguage\":\"ro-RO\",\"@id\":\"https:\/\/www.greenfieldresidence.ro\/baneasa\/#\/schema\/logo\/image\/\",\"url\":\"https:\/\/www.greenfieldresidence.ro\/baneasa\/wp-content\/uploads\/2020\/05\/logo.svg\",\"contentUrl\":\"https:\/\/www.greenfieldresidence.ro\/baneasa\/wp-content\/uploads\/2020\/05\/logo.svg\",\"caption\":\"Greenfield B\u0103neasa\"},\"image\":{\"@id\":\"https:\/\/www.greenfieldresidence.ro\/baneasa\/#\/schema\/logo\/image\/\"}}]}<\/script>\n<!-- \/ Yoast SEO plugin. -->","yoast_head_json":{"title":"Tur virtual 2 Camere - Greenfield B\u0103neasa","robots":{"index":"index","follow":"follow","max-snippet":"max-snippet:-1","max-image-preview":"max-image-preview:large","max-video-preview":"max-video-preview:-1"},"canonical":"https:\/\/www.greenfieldresidence.ro\/baneasa\/tur-virtual\/apartament-2-camere\/","og_locale":"ro_RO","og_type":"article","og_title":"Tur virtual 2 Camere - Greenfield B\u0103neasa","og_description":"&nbsp; Un apartament cu 2 camere este ideal pentru un \u00eenceput \u00een doi. Ansamblul reziden\u021bial Greenfield este potrivit pentru cei care iubesc sportul..","og_url":"https:\/\/www.greenfieldresidence.ro\/baneasa\/tur-virtual\/apartament-2-camere\/","og_site_name":"Greenfield B\u0103neasa","article_modified_time":"2022-06-10T12:27:05+00:00","twitter_card":"summary_large_image","schema":{"@context":"https:\/\/schema.org","@graph":[{"@type":"WebPage","@id":"https:\/\/www.greenfieldresidence.ro\/baneasa\/tur-virtual\/apartament-2-camere\/","url":"https:\/\/www.greenfieldresidence.ro\/baneasa\/tur-virtual\/apartament-2-camere\/","name":"Tur virtual 2 Camere - Greenfield B\u0103neasa","isPartOf":{"@id":"https:\/\/www.greenfieldresidence.ro\/baneasa\/#website"},"datePublished":"2021-04-05T10:39:27+00:00","dateModified":"2022-06-10T12:27:05+00:00","breadcrumb":{"@id":"https:\/\/www.greenfieldresidence.ro\/baneasa\/tur-virtual\/apartament-2-camere\/#breadcrumb"},"inLanguage":"ro-RO","potentialAction":[{"@type":"ReadAction","target":["https:\/\/www.greenfieldresidence.ro\/baneasa\/tur-virtual\/apartament-2-camere\/"]}]},{"@type":"BreadcrumbList","@id":"https:\/\/www.greenfieldresidence.ro\/baneasa\/tur-virtual\/apartament-2-camere\/#breadcrumb","itemListElement":[{"@type":"ListItem","position":1,"name":"Home","item":"https:\/\/www.greenfieldresidence.ro\/baneasa\/"},{"@type":"ListItem","position":2,"name":"Tur Virtual","item":"https:\/\/www.greenfieldresidence.ro\/baneasa\/tur-virtual\/"},{"@type":"ListItem","position":3,"name":"Tur virtual 2 Camere"}]},{"@type":"WebSite","@id":"https:\/\/www.greenfieldresidence.ro\/baneasa\/#website","url":"https:\/\/www.greenfieldresidence.ro\/baneasa\/","name":"Greenfield B\u0103neasa","description":"Cartierul \u00eembr\u0103\u021bi\u0219at de p\u0103dure","publisher":{"@id":"https:\/\/www.greenfieldresidence.ro\/baneasa\/#organization"},"potentialAction":[{"@type":"SearchAction","target":{"@type":"EntryPoint","urlTemplate":"https:\/\/www.greenfieldresidence.ro\/baneasa\/?s={search_term_string}"},"query-input":{"@type":"PropertyValueSpecification","valueRequired":true,"valueName":"search_term_string"}}],"inLanguage":"ro-RO"},{"@type":"Organization","@id":"https:\/\/www.greenfieldresidence.ro\/baneasa\/#organization","name":"Greenfield B\u0103neasa","url":"https:\/\/www.greenfieldresidence.ro\/baneasa\/","logo":{"@type":"ImageObject","inLanguage":"ro-RO","@id":"https:\/\/www.greenfieldresidence.ro\/baneasa\/#\/schema\/logo\/image\/","url":"https:\/\/www.greenfieldresidence.ro\/baneasa\/wp-content\/uploads\/2020\/05\/logo.svg","contentUrl":"https:\/\/www.greenfieldresidence.ro\/baneasa\/wp-content\/uploads\/2020\/05\/logo.svg","caption":"Greenfield B\u0103neasa"},"image":{"@id":"https:\/\/www.greenfieldresidence.ro\/baneasa\/#\/schema\/logo\/image\/"}}]}},"ACF":{"url_tur":"apartament-2-camere","eticheta_formular":"Apartament 2 camere"},"_links":{"self":[{"href":"https:\/\/www.greenfieldresidence.ro\/baneasa\/wp-json\/wp\/v2\/pages\/13496","targetHints":{"allow":["GET"]}}],"collection":[{"href":"https:\/\/www.greenfieldresidence.ro\/baneasa\/wp-json\/wp\/v2\/pages"}],"about":[{"href":"https:\/\/www.greenfieldresidence.ro\/baneasa\/wp-json\/wp\/v2\/types\/page"}],"author":[{"embeddable":true,"href":"https:\/\/www.greenfieldresidence.ro\/baneasa\/wp-json\/wp\/v2\/users\/1"}],"replies":[{"embeddable":true,"href":"https:\/\/www.greenfieldresidence.ro\/baneasa\/wp-json\/wp\/v2\/comments?post=13496"}],"version-history":[{"count":4,"href":"https:\/\/www.greenfieldresidence.ro\/baneasa\/wp-json\/wp\/v2\/pages\/13496\/revisions"}],"predecessor-version":[{"id":17010,"href":"https:\/\/www.greenfieldresidence.ro\/baneasa\/wp-json\/wp\/v2\/pages\/13496\/revisions\/17010"}],"up":[{"embeddable":true,"href":"https:\/\/www.greenfieldresidence.ro\/baneasa\/wp-json\/wp\/v2\/pages\/13483"}],"wp:attachment":[{"href":"https:\/\/www.greenfieldresidence.ro\/baneasa\/wp-json\/wp\/v2\/media?parent=13496"}],"wp:term":[{"taxonomy":"page-cat","embeddable":true,"href":"https:\/\/www.greenfieldresidence.ro\/baneasa\/wp-json\/wp\/v2\/page-cat?post=13496"},{"taxonomy":"nr-camere","embeddable":true,"href":"https:\/\/www.greenfieldresidence.ro\/baneasa\/wp-json\/wp\/v2\/nr-camere?post=13496"}],"curies":[{"name":"wp","href":"https:\/\/api.w.org\/{rel}","templated":true}]}}