{"id":116,"date":"2020-05-01T09:06:25","date_gmt":"2020-05-01T09:06:25","guid":{"rendered":"https:\/\/www.greenfieldresidence.ro\/baneasa\/?page_id=116"},"modified":"2025-01-14T13:53:12","modified_gmt":"2025-01-14T11:53:12","slug":"locatie-old","status":"publish","type":"page","link":"https:\/\/www.greenfieldresidence.ro\/baneasa\/locatie-old\/","title":{"rendered":"Loca\u021bie"},"content":{"rendered":"","protected":false},"excerpt":{"rendered":"","protected":false},"author":1,"featured_media":0,"parent":0,"menu_order":0,"comment_status":"closed","ping_status":"closed","template":"templates\/location.php","meta":{"_acf_changed":false,"footnotes":""},"page-cat":[],"nr-camere":[],"class_list":["post-116","page","type-page","status-publish","hentry"],"acf":[],"yoast_head":"<!-- This site is optimized with the Yoast SEO plugin v27.2 - https:\/\/yoast.com\/product\/yoast-seo-wordpress\/ -->\n<title>Loca\u021bie - Greenfield B\u0103neasa<\/title>\n<meta name=\"robots\" content=\"index, follow, max-snippet:-1, max-image-preview:large, max-video-preview:-1\" \/>\n<link rel=\"canonical\" href=\"https:\/\/www.greenfieldresidence.ro\/baneasa\/locatie-old\/\" \/>\n<meta property=\"og:locale\" content=\"ro_RO\" \/>\n<meta property=\"og:type\" content=\"article\" \/>\n<meta property=\"og:title\" content=\"Loca\u021bie - Greenfield B\u0103neasa\" \/>\n<meta property=\"og:url\" content=\"https:\/\/www.greenfieldresidence.ro\/baneasa\/locatie-old\/\" \/>\n<meta property=\"og:site_name\" content=\"Greenfield B\u0103neasa\" \/>\n<meta property=\"article:modified_time\" content=\"2025-01-14T11:53:12+00:00\" \/>\n<meta name=\"twitter:card\" content=\"summary_large_image\" \/>\n<script type=\"application\/ld+json\" class=\"yoast-schema-graph\">{\"@context\":\"https:\/\/schema.org\",\"@graph\":[{\"@type\":\"WebPage\",\"@id\":\"https:\/\/www.greenfieldresidence.ro\/baneasa\/locatie-old\/\",\"url\":\"https:\/\/www.greenfieldresidence.ro\/baneasa\/locatie-old\/\",\"name\":\"Loca\u021bie - Greenfield B\u0103neasa\",\"isPartOf\":{\"@id\":\"https:\/\/www.greenfieldresidence.ro\/baneasa\/#website\"},\"datePublished\":\"2020-05-01T09:06:25+00:00\",\"dateModified\":\"2025-01-14T11:53:12+00:00\",\"breadcrumb\":{\"@id\":\"https:\/\/www.greenfieldresidence.ro\/baneasa\/locatie-old\/#breadcrumb\"},\"inLanguage\":\"ro-RO\",\"potentialAction\":[{\"@type\":\"ReadAction\",\"target\":[\"https:\/\/www.greenfieldresidence.ro\/baneasa\/locatie-old\/\"]}]},{\"@type\":\"BreadcrumbList\",\"@id\":\"https:\/\/www.greenfieldresidence.ro\/baneasa\/locatie-old\/#breadcrumb\",\"itemListElement\":[{\"@type\":\"ListItem\",\"position\":1,\"name\":\"Home\",\"item\":\"https:\/\/www.greenfieldresidence.ro\/baneasa\/\"},{\"@type\":\"ListItem\",\"position\":2,\"name\":\"Loca\u021bie\"}]},{\"@type\":\"WebSite\",\"@id\":\"https:\/\/www.greenfieldresidence.ro\/baneasa\/#website\",\"url\":\"https:\/\/www.greenfieldresidence.ro\/baneasa\/\",\"name\":\"Greenfield B\u0103neasa\",\"description\":\"Cartierul \u00eembr\u0103\u021bi\u0219at de p\u0103dure\",\"publisher\":{\"@id\":\"https:\/\/www.greenfieldresidence.ro\/baneasa\/#organization\"},\"potentialAction\":[{\"@type\":\"SearchAction\",\"target\":{\"@type\":\"EntryPoint\",\"urlTemplate\":\"https:\/\/www.greenfieldresidence.ro\/baneasa\/?s={search_term_string}\"},\"query-input\":{\"@type\":\"PropertyValueSpecification\",\"valueRequired\":true,\"valueName\":\"search_term_string\"}}],\"inLanguage\":\"ro-RO\"},{\"@type\":\"Organization\",\"@id\":\"https:\/\/www.greenfieldresidence.ro\/baneasa\/#organization\",\"name\":\"Greenfield B\u0103neasa\",\"url\":\"https:\/\/www.greenfieldresidence.ro\/baneasa\/\",\"logo\":{\"@type\":\"ImageObject\",\"inLanguage\":\"ro-RO\",\"@id\":\"https:\/\/www.greenfieldresidence.ro\/baneasa\/#\/schema\/logo\/image\/\",\"url\":\"https:\/\/www.greenfieldresidence.ro\/baneasa\/wp-content\/uploads\/2020\/05\/logo.svg\",\"contentUrl\":\"https:\/\/www.greenfieldresidence.ro\/baneasa\/wp-content\/uploads\/2020\/05\/logo.svg\",\"caption\":\"Greenfield B\u0103neasa\"},\"image\":{\"@id\":\"https:\/\/www.greenfieldresidence.ro\/baneasa\/#\/schema\/logo\/image\/\"}}]}<\/script>\n<!-- \/ Yoast SEO plugin. -->","yoast_head_json":{"title":"Loca\u021bie - Greenfield B\u0103neasa","robots":{"index":"index","follow":"follow","max-snippet":"max-snippet:-1","max-image-preview":"max-image-preview:large","max-video-preview":"max-video-preview:-1"},"canonical":"https:\/\/www.greenfieldresidence.ro\/baneasa\/locatie-old\/","og_locale":"ro_RO","og_type":"article","og_title":"Loca\u021bie - Greenfield B\u0103neasa","og_url":"https:\/\/www.greenfieldresidence.ro\/baneasa\/locatie-old\/","og_site_name":"Greenfield B\u0103neasa","article_modified_time":"2025-01-14T11:53:12+00:00","twitter_card":"summary_large_image","schema":{"@context":"https:\/\/schema.org","@graph":[{"@type":"WebPage","@id":"https:\/\/www.greenfieldresidence.ro\/baneasa\/locatie-old\/","url":"https:\/\/www.greenfieldresidence.ro\/baneasa\/locatie-old\/","name":"Loca\u021bie - Greenfield B\u0103neasa","isPartOf":{"@id":"https:\/\/www.greenfieldresidence.ro\/baneasa\/#website"},"datePublished":"2020-05-01T09:06:25+00:00","dateModified":"2025-01-14T11:53:12+00:00","breadcrumb":{"@id":"https:\/\/www.greenfieldresidence.ro\/baneasa\/locatie-old\/#breadcrumb"},"inLanguage":"ro-RO","potentialAction":[{"@type":"ReadAction","target":["https:\/\/www.greenfieldresidence.ro\/baneasa\/locatie-old\/"]}]},{"@type":"BreadcrumbList","@id":"https:\/\/www.greenfieldresidence.ro\/baneasa\/locatie-old\/#breadcrumb","itemListElement":[{"@type":"ListItem","position":1,"name":"Home","item":"https:\/\/www.greenfieldresidence.ro\/baneasa\/"},{"@type":"ListItem","position":2,"name":"Loca\u021bie"}]},{"@type":"WebSite","@id":"https:\/\/www.greenfieldresidence.ro\/baneasa\/#website","url":"https:\/\/www.greenfieldresidence.ro\/baneasa\/","name":"Greenfield B\u0103neasa","description":"Cartierul \u00eembr\u0103\u021bi\u0219at de p\u0103dure","publisher":{"@id":"https:\/\/www.greenfieldresidence.ro\/baneasa\/#organization"},"potentialAction":[{"@type":"SearchAction","target":{"@type":"EntryPoint","urlTemplate":"https:\/\/www.greenfieldresidence.ro\/baneasa\/?s={search_term_string}"},"query-input":{"@type":"PropertyValueSpecification","valueRequired":true,"valueName":"search_term_string"}}],"inLanguage":"ro-RO"},{"@type":"Organization","@id":"https:\/\/www.greenfieldresidence.ro\/baneasa\/#organization","name":"Greenfield B\u0103neasa","url":"https:\/\/www.greenfieldresidence.ro\/baneasa\/","logo":{"@type":"ImageObject","inLanguage":"ro-RO","@id":"https:\/\/www.greenfieldresidence.ro\/baneasa\/#\/schema\/logo\/image\/","url":"https:\/\/www.greenfieldresidence.ro\/baneasa\/wp-content\/uploads\/2020\/05\/logo.svg","contentUrl":"https:\/\/www.greenfieldresidence.ro\/baneasa\/wp-content\/uploads\/2020\/05\/logo.svg","caption":"Greenfield B\u0103neasa"},"image":{"@id":"https:\/\/www.greenfieldresidence.ro\/baneasa\/#\/schema\/logo\/image\/"}}]}},"ACF":{"location_title":"GREENFIELD B\u0103neasa - Hart\u0103","location_text":"<p><strong>Bucure\u0219ti, Sector 1<\/strong>, \u00een interiorul triunghiului format de str\u0103zile Drumul P\u0103durea Pustnicu \u2013 paralel\u0103 cu P\u0103durea B\u0103neasa, Vadul Moldovei \u2013 paralel\u0103 cu P\u0103durea Tunari \u0219i Aleea Tei\u0219ani \u2013 la nord, paralel\u0103 cu \u0218oseaua de Centur\u0103.<\/p>\n<p>De c\u00e2nd faci st\u00e2nga pe l\u00e2ng\u0103 Gradina Zoologic\u0103, \u00een fa\u021ba ta se deschide o alee ce \u0219erpuie\u0219te u\u0219or prin P\u0103durea B\u0103neasa. P\u0103\u0219e\u0219ti printre copacii de\u0219i \u0219i verzi, inspiri aerul curat \u0219i te \u00eendrep\u021bi spre cap\u0103tul aleii.<\/p>\n<p>Ai senza\u021bia c\u0103 nu mai e\u0219ti \u00een Bucure\u0219ti \u0219i c\u0103 te-ai r\u0103t\u0103cit \u00een mijlocul p\u0103durii. Dar, la un moment dat, dup\u0103 numai c\u00e2teva minute se deschide pe nea\u0219teptate un ora\u0219 diferit de tot ce exist\u0103 \u00een Bucure\u0219ti, o combina\u021bie unic\u0103 de arhitectur\u0103 modern\u0103 minimalist\u0103, stil de via\u021b\u0103 excep\u021bional \u0219i un peisaj natural spectaculos, un ora\u0219 \u00eembr\u0103\u021bi\u0219at de p\u0103dure.<\/p>\n<p>Ai ajuns ACAS\u0102, \u00een ansamblul reziden\u021bial GREENFIELD B\u0103neasa! Priveli\u0219tea este unic\u0103! Parc\u0103 ritmul alert al vie\u021bii \u00eencetine\u0219te, iar atmosfera \u00eendeamn\u0103 la lini\u0219te.<\/p>\n","location_access_road_title":"Acces","location_access_road_text":"<p>Pozi\u021bia privilegiat\u0103 a ansamblului reziden\u021bial GREENFIELD B\u0103neasa, \u00een zona de Nord, permite accesul c\u0103tre orice punct de interes, fie c\u0103 e vorba de zona de business a ora\u0219ului, de cea mai select\u0103 zon\u0103 de cump\u0103r\u0103turi sau de \u0219coli \u0219i gr\u0103dini\u021be de top.<\/p>\n<p>Accesul spre GREENFIELD B\u0103neasa se face pe dou\u0103 c\u0103i, prin Aleea Tei\u0219ani cu intrare din DN1 Bucure\u0219ti &#8211; Ploie\u0219ti, sau pietonal, prin strada Vadul Moldovei, care face leg\u0103tura dintre complexul reziden\u021bial \u0219i ZOO Bucure\u0219ti (<strong>drum \u00eenchis de Romsilva \u00een data de 07.01.2023<\/strong> &#8211; 2023 \u2013 <a href=\"https:\/\/www.greenfieldresidence.ro\/baneasa\/blog\/mobilitate-si-acces\/istoricul-drumului-din-strada-vadul-moldovei-si-demersurile-impact-pentru-mentinerea-acestuia-ca-drum-de-acces\/\">Vezi aici istoricul drumului<\/a> \u0219i <a href=\"https:\/\/www.greenfieldresidence.ro\/baneasa\/blog\/mobilitate-si-acces\/deblocarea-accesului-catre-greenfield-prin-drumul-vadul-moldovei\/\">Deblocarea accesului<\/a>). Urmeaz\u0103 s\u0103 adaug\u0103m c\u0103i suplimentare de acces, pe m\u0103sur\u0103 ce cartierul se dezvolt\u0103. Ast\u0103zi, acestea sunt \u00een faza final\u0103 de avizare a documenta\u021biilor PUZ.<\/p>\n<p>Pentru cei care ador\u0103 escapadele din weekend, GREENFIELD B\u0103neasa este loca\u021bia ideal\u0103. F\u0103r\u0103 a traversa \u00eentregul ora\u0219, ajungi imediat pe oricare dintre cele trei autostr\u0103zi, datorit\u0103 accesului imediat \u00een \u0218oseaua de Centur\u0103.<\/p>\n<p>\u00cen plus, aeroportul Henri Coand\u0103 este la 10 minute distan\u021b\u0103, astfel \u00een Greenfield e\u0219ti cu o or\u0103 mai aproape de orice col\u021b al lumii.<\/p>\n","location_transportation_title":"Transport","location_transportation_text":"<p>\u00cen cartier exist\u0103 un terminal STB modern care asigur\u0103 accesul reziden\u021bilor la transportul public de c\u0103l\u0103tori al Municipiului Bucure\u0219ti. Linia 203 face leg\u0103tura \u00eentre Greenfield \u0219i sta\u021bia de metrou Pia\u021ba Victoriei.<\/p>\n<p>\u00cen viitorul apropiat, conform informa\u021biilor publice existente pe site-ul Metrorex, Magistrala 6 de metrou va lega re\u021beaua existent\u0103 cu aeroportul Otopeni. Vor fi amplasate sta\u021bii de metrou \u00een apropierea ansamblului reziden\u021bial GREENFIELD B\u0103neasa, \u00een dreptul centrului comercial B\u0103neasa Shopping City, Ambasadei SUA, Liceului Francez, respectiv podul Otopeni.<\/p>\n<p>Au \u00eenceput deja lucr\u0103rile. Data estimativ\u0103 la care linia de metrou va fi func\u021bional\u0103 este finalul anului 2027. Aceast\u0103 linie nou\u0103 va aduce beneficii semnificative pentru comunitatea noastr\u0103, facilit\u00e2nd accesul rapid c\u0103tre zone importante din ora\u0219.<\/p>\n","location_access_road_image":{"ID":21471,"id":21471,"title":"acces-greenfield","filename":"acces-greenfield.jpg","filesize":78255,"url":"https:\/\/www.greenfieldresidence.ro\/baneasa\/wp-content\/uploads\/2023\/01\/acces-greenfield.jpg","link":"https:\/\/www.greenfieldresidence.ro\/baneasa\/locatie-old\/attachment\/acces-greenfield\/","alt":"","author":"5","description":"","caption":"","name":"acces-greenfield","status":"inherit","uploaded_to":116,"date":"2023-01-30 08:24:20","modified":"2023-01-30 08:24:20","menu_order":0,"mime_type":"image\/jpeg","type":"image","subtype":"jpeg","icon":"https:\/\/www.greenfieldresidence.ro\/baneasa\/wp-includes\/images\/media\/default.png","width":510,"height":340,"sizes":{"thumbnail":"https:\/\/www.greenfieldresidence.ro\/baneasa\/wp-content\/uploads\/2023\/01\/acces-greenfield.jpg","thumbnail-width":150,"thumbnail-height":100,"medium":"https:\/\/www.greenfieldresidence.ro\/baneasa\/wp-content\/uploads\/2023\/01\/acces-greenfield.jpg","medium-width":300,"medium-height":200,"medium_large":"https:\/\/www.greenfieldresidence.ro\/baneasa\/wp-content\/uploads\/2023\/01\/acces-greenfield.jpg","medium_large-width":510,"medium_large-height":340,"large":"https:\/\/www.greenfieldresidence.ro\/baneasa\/wp-content\/uploads\/2023\/01\/acces-greenfield.jpg","large-width":510,"large-height":340,"main-slider":"https:\/\/www.greenfieldresidence.ro\/baneasa\/wp-content\/uploads\/2023\/01\/acces-greenfield.jpg","main-slider-width":510,"main-slider-height":340,"main-slider-480":"https:\/\/www.greenfieldresidence.ro\/baneasa\/wp-content\/uploads\/2023\/01\/acces-greenfield.jpg","main-slider-480-width":330,"main-slider-480-height":220,"product-listing":"https:\/\/www.greenfieldresidence.ro\/baneasa\/wp-content\/uploads\/2023\/01\/acces-greenfield.jpg","product-listing-width":400,"product-listing-height":267,"product-listing-480":"https:\/\/www.greenfieldresidence.ro\/baneasa\/wp-content\/uploads\/2023\/01\/acces-greenfield.jpg","product-listing-480-width":80,"product-listing-480-height":53,"product-page":"https:\/\/www.greenfieldresidence.ro\/baneasa\/wp-content\/uploads\/2023\/01\/acces-greenfield.jpg","product-page-width":390,"product-page-height":260,"product-page-480":"https:\/\/www.greenfieldresidence.ro\/baneasa\/wp-content\/uploads\/2023\/01\/acces-greenfield.jpg","product-page-480-width":360,"product-page-480-height":240,"product-page-thumbs":"https:\/\/www.greenfieldresidence.ro\/baneasa\/wp-content\/uploads\/2023\/01\/acces-greenfield.jpg","product-page-thumbs-width":65,"product-page-thumbs-height":43,"product-page-gallery":"https:\/\/www.greenfieldresidence.ro\/baneasa\/wp-content\/uploads\/2023\/01\/acces-greenfield.jpg","product-page-gallery-width":510,"product-page-gallery-height":340,"product-page-gallery-thumbs":"https:\/\/www.greenfieldresidence.ro\/baneasa\/wp-content\/uploads\/2023\/01\/acces-greenfield.jpg","product-page-gallery-thumbs-width":150,"product-page-gallery-thumbs-height":100,"bottom-gallery":"https:\/\/www.greenfieldresidence.ro\/baneasa\/wp-content\/uploads\/2023\/01\/acces-greenfield.jpg","bottom-gallery-width":510,"bottom-gallery-height":340,"bottom-gallery-480":"https:\/\/www.greenfieldresidence.ro\/baneasa\/wp-content\/uploads\/2023\/01\/acces-greenfield.jpg","bottom-gallery-480-width":330,"bottom-gallery-480-height":220,"bottom-gallery-thumb":"https:\/\/www.greenfieldresidence.ro\/baneasa\/wp-content\/uploads\/2023\/01\/acces-greenfield.jpg","bottom-gallery-thumb-width":210,"bottom-gallery-thumb-height":140,"blog-posts-listing":"https:\/\/www.greenfieldresidence.ro\/baneasa\/wp-content\/uploads\/2023\/01\/acces-greenfield.jpg","blog-posts-listing-width":320,"blog-posts-listing-height":213,"testimonials-img-size":"https:\/\/www.greenfieldresidence.ro\/baneasa\/wp-content\/uploads\/2023\/01\/acces-greenfield.jpg","testimonials-img-size-width":60,"testimonials-img-size-height":40,"apartments-gallery":"https:\/\/www.greenfieldresidence.ro\/baneasa\/wp-content\/uploads\/2023\/01\/acces-greenfield.jpg","apartments-gallery-width":370,"apartments-gallery-height":247,"apartments-gallery-980":"https:\/\/www.greenfieldresidence.ro\/baneasa\/wp-content\/uploads\/2023\/01\/acces-greenfield.jpg","apartments-gallery-980-width":510,"apartments-gallery-980-height":340,"apartments-gallery-480":"https:\/\/www.greenfieldresidence.ro\/baneasa\/wp-content\/uploads\/2023\/01\/acces-greenfield.jpg","apartments-gallery-480-width":270,"apartments-gallery-480-height":180,"apartments-gallery-thumb":"https:\/\/www.greenfieldresidence.ro\/baneasa\/wp-content\/uploads\/2023\/01\/acces-greenfield.jpg","apartments-gallery-thumb-width":65,"apartments-gallery-thumb-height":43,"contact-picture":"https:\/\/www.greenfieldresidence.ro\/baneasa\/wp-content\/uploads\/2023\/01\/acces-greenfield.jpg","contact-picture-width":510,"contact-picture-height":340,"team-image":"https:\/\/www.greenfieldresidence.ro\/baneasa\/wp-content\/uploads\/2023\/01\/acces-greenfield.jpg","team-image-width":315,"team-image-height":210,"poster-image":"https:\/\/www.greenfieldresidence.ro\/baneasa\/wp-content\/uploads\/2023\/01\/acces-greenfield.jpg","poster-image-width":500,"poster-image-height":333,"phases-image":"https:\/\/www.greenfieldresidence.ro\/baneasa\/wp-content\/uploads\/2023\/01\/acces-greenfield.jpg","phases-image-width":510,"phases-image-height":340,"lifestyle-slider":"https:\/\/www.greenfieldresidence.ro\/baneasa\/wp-content\/uploads\/2023\/01\/acces-greenfield.jpg","lifestyle-slider-width":510,"lifestyle-slider-height":340,"lifestyle-slider-480":"https:\/\/www.greenfieldresidence.ro\/baneasa\/wp-content\/uploads\/2023\/01\/acces-greenfield.jpg","lifestyle-slider-480-width":330,"lifestyle-slider-480-height":220,"blog-size":"https:\/\/www.greenfieldresidence.ro\/baneasa\/wp-content\/uploads\/2023\/01\/acces-greenfield.jpg","blog-size-width":375,"blog-size-height":250}},"location_transportation_image":{"ID":23266,"id":23266,"title":"Cai Acces Greenfield Baneasa","filename":"Cai-Acces-Greenfield-Baneasa-1.jpg","filesize":198046,"url":"https:\/\/www.greenfieldresidence.ro\/baneasa\/wp-content\/uploads\/2024\/02\/Cai-Acces-Greenfield-Baneasa-1.jpg","link":"https:\/\/www.greenfieldresidence.ro\/baneasa\/blog\/mobilitate-si-acces\/legatura-directa-intre-cartier-greenfield-si-piata-victoriei\/attachment\/cai-acces-greenfield-baneasa-2\/","alt":"","author":"5","description":"","caption":"","name":"cai-acces-greenfield-baneasa-2","status":"inherit","uploaded_to":23263,"date":"2024-02-07 13:13:32","modified":"2024-02-07 13:13:32","menu_order":0,"mime_type":"image\/jpeg","type":"image","subtype":"jpeg","icon":"https:\/\/www.greenfieldresidence.ro\/baneasa\/wp-includes\/images\/media\/default.png","width":960,"height":640,"sizes":{"thumbnail":"https:\/\/www.greenfieldresidence.ro\/baneasa\/wp-content\/uploads\/2024\/02\/Cai-Acces-Greenfield-Baneasa-1.jpg","thumbnail-width":150,"thumbnail-height":100,"medium":"https:\/\/www.greenfieldresidence.ro\/baneasa\/wp-content\/uploads\/2024\/02\/Cai-Acces-Greenfield-Baneasa-1.jpg","medium-width":300,"medium-height":200,"medium_large":"https:\/\/www.greenfieldresidence.ro\/baneasa\/wp-content\/uploads\/2024\/02\/Cai-Acces-Greenfield-Baneasa-1.jpg","medium_large-width":768,"medium_large-height":512,"large":"https:\/\/www.greenfieldresidence.ro\/baneasa\/wp-content\/uploads\/2024\/02\/Cai-Acces-Greenfield-Baneasa-1.jpg","large-width":960,"large-height":640,"main-slider":"https:\/\/www.greenfieldresidence.ro\/baneasa\/wp-content\/uploads\/2024\/02\/Cai-Acces-Greenfield-Baneasa-1.jpg","main-slider-width":807,"main-slider-height":538,"main-slider-480":"https:\/\/www.greenfieldresidence.ro\/baneasa\/wp-content\/uploads\/2024\/02\/Cai-Acces-Greenfield-Baneasa-1.jpg","main-slider-480-width":330,"main-slider-480-height":220,"product-listing":"https:\/\/www.greenfieldresidence.ro\/baneasa\/wp-content\/uploads\/2024\/02\/Cai-Acces-Greenfield-Baneasa-1.jpg","product-listing-width":400,"product-listing-height":267,"product-listing-480":"https:\/\/www.greenfieldresidence.ro\/baneasa\/wp-content\/uploads\/2024\/02\/Cai-Acces-Greenfield-Baneasa-1.jpg","product-listing-480-width":80,"product-listing-480-height":53,"product-page":"https:\/\/www.greenfieldresidence.ro\/baneasa\/wp-content\/uploads\/2024\/02\/Cai-Acces-Greenfield-Baneasa-1.jpg","product-page-width":390,"product-page-height":260,"product-page-480":"https:\/\/www.greenfieldresidence.ro\/baneasa\/wp-content\/uploads\/2024\/02\/Cai-Acces-Greenfield-Baneasa-1.jpg","product-page-480-width":360,"product-page-480-height":240,"product-page-thumbs":"https:\/\/www.greenfieldresidence.ro\/baneasa\/wp-content\/uploads\/2024\/02\/Cai-Acces-Greenfield-Baneasa-1.jpg","product-page-thumbs-width":65,"product-page-thumbs-height":43,"product-page-gallery":"https:\/\/www.greenfieldresidence.ro\/baneasa\/wp-content\/uploads\/2024\/02\/Cai-Acces-Greenfield-Baneasa-1.jpg","product-page-gallery-width":600,"product-page-gallery-height":400,"product-page-gallery-thumbs":"https:\/\/www.greenfieldresidence.ro\/baneasa\/wp-content\/uploads\/2024\/02\/Cai-Acces-Greenfield-Baneasa-1.jpg","product-page-gallery-thumbs-width":150,"product-page-gallery-thumbs-height":100,"bottom-gallery":"https:\/\/www.greenfieldresidence.ro\/baneasa\/wp-content\/uploads\/2024\/02\/Cai-Acces-Greenfield-Baneasa-1.jpg","bottom-gallery-width":750,"bottom-gallery-height":500,"bottom-gallery-480":"https:\/\/www.greenfieldresidence.ro\/baneasa\/wp-content\/uploads\/2024\/02\/Cai-Acces-Greenfield-Baneasa-1.jpg","bottom-gallery-480-width":330,"bottom-gallery-480-height":220,"bottom-gallery-thumb":"https:\/\/www.greenfieldresidence.ro\/baneasa\/wp-content\/uploads\/2024\/02\/Cai-Acces-Greenfield-Baneasa-1.jpg","bottom-gallery-thumb-width":210,"bottom-gallery-thumb-height":140,"blog-posts-listing":"https:\/\/www.greenfieldresidence.ro\/baneasa\/wp-content\/uploads\/2024\/02\/Cai-Acces-Greenfield-Baneasa-1.jpg","blog-posts-listing-width":320,"blog-posts-listing-height":213,"testimonials-img-size":"https:\/\/www.greenfieldresidence.ro\/baneasa\/wp-content\/uploads\/2024\/02\/Cai-Acces-Greenfield-Baneasa-1.jpg","testimonials-img-size-width":60,"testimonials-img-size-height":40,"apartments-gallery":"https:\/\/www.greenfieldresidence.ro\/baneasa\/wp-content\/uploads\/2024\/02\/Cai-Acces-Greenfield-Baneasa-1.jpg","apartments-gallery-width":370,"apartments-gallery-height":247,"apartments-gallery-980":"https:\/\/www.greenfieldresidence.ro\/baneasa\/wp-content\/uploads\/2024\/02\/Cai-Acces-Greenfield-Baneasa-1.jpg","apartments-gallery-980-width":678,"apartments-gallery-980-height":452,"apartments-gallery-480":"https:\/\/www.greenfieldresidence.ro\/baneasa\/wp-content\/uploads\/2024\/02\/Cai-Acces-Greenfield-Baneasa-1.jpg","apartments-gallery-480-width":270,"apartments-gallery-480-height":180,"apartments-gallery-thumb":"https:\/\/www.greenfieldresidence.ro\/baneasa\/wp-content\/uploads\/2024\/02\/Cai-Acces-Greenfield-Baneasa-1.jpg","apartments-gallery-thumb-width":65,"apartments-gallery-thumb-height":43,"contact-picture":"https:\/\/www.greenfieldresidence.ro\/baneasa\/wp-content\/uploads\/2024\/02\/Cai-Acces-Greenfield-Baneasa-1.jpg","contact-picture-width":700,"contact-picture-height":467,"team-image":"https:\/\/www.greenfieldresidence.ro\/baneasa\/wp-content\/uploads\/2024\/02\/Cai-Acces-Greenfield-Baneasa-1.jpg","team-image-width":315,"team-image-height":210,"poster-image":"https:\/\/www.greenfieldresidence.ro\/baneasa\/wp-content\/uploads\/2024\/02\/Cai-Acces-Greenfield-Baneasa-1.jpg","poster-image-width":500,"poster-image-height":333,"phases-image":"https:\/\/www.greenfieldresidence.ro\/baneasa\/wp-content\/uploads\/2024\/02\/Cai-Acces-Greenfield-Baneasa-1.jpg","phases-image-width":960,"phases-image-height":640,"lifestyle-slider":"https:\/\/www.greenfieldresidence.ro\/baneasa\/wp-content\/uploads\/2024\/02\/Cai-Acces-Greenfield-Baneasa-1.jpg","lifestyle-slider-width":807,"lifestyle-slider-height":538,"lifestyle-slider-480":"https:\/\/www.greenfieldresidence.ro\/baneasa\/wp-content\/uploads\/2024\/02\/Cai-Acces-Greenfield-Baneasa-1.jpg","lifestyle-slider-480-width":330,"lifestyle-slider-480-height":220,"blog-size":"https:\/\/www.greenfieldresidence.ro\/baneasa\/wp-content\/uploads\/2024\/02\/Cai-Acces-Greenfield-Baneasa-1.jpg","blog-size-width":375,"blog-size-height":250}},"transport_pdf_link":false},"_links":{"self":[{"href":"https:\/\/www.greenfieldresidence.ro\/baneasa\/wp-json\/wp\/v2\/pages\/116","targetHints":{"allow":["GET"]}}],"collection":[{"href":"https:\/\/www.greenfieldresidence.ro\/baneasa\/wp-json\/wp\/v2\/pages"}],"about":[{"href":"https:\/\/www.greenfieldresidence.ro\/baneasa\/wp-json\/wp\/v2\/types\/page"}],"author":[{"embeddable":true,"href":"https:\/\/www.greenfieldresidence.ro\/baneasa\/wp-json\/wp\/v2\/users\/1"}],"replies":[{"embeddable":true,"href":"https:\/\/www.greenfieldresidence.ro\/baneasa\/wp-json\/wp\/v2\/comments?post=116"}],"version-history":[{"count":10,"href":"https:\/\/www.greenfieldresidence.ro\/baneasa\/wp-json\/wp\/v2\/pages\/116\/revisions"}],"predecessor-version":[{"id":23551,"href":"https:\/\/www.greenfieldresidence.ro\/baneasa\/wp-json\/wp\/v2\/pages\/116\/revisions\/23551"}],"wp:attachment":[{"href":"https:\/\/www.greenfieldresidence.ro\/baneasa\/wp-json\/wp\/v2\/media?parent=116"}],"wp:term":[{"taxonomy":"page-cat","embeddable":true,"href":"https:\/\/www.greenfieldresidence.ro\/baneasa\/wp-json\/wp\/v2\/page-cat?post=116"},{"taxonomy":"nr-camere","embeddable":true,"href":"https:\/\/www.greenfieldresidence.ro\/baneasa\/wp-json\/wp\/v2\/nr-camere?post=116"}],"curies":[{"name":"wp","href":"https:\/\/api.w.org\/{rel}","templated":true}]}}