{"id":697,"date":"2020-05-01T09:06:25","date_gmt":"2020-05-01T06:06:25","guid":{"rendered":"https:\/\/www.greenfieldresidence.ro\/baneasa\/?page_id=697"},"modified":"2025-02-12T13:58:48","modified_gmt":"2025-02-12T11:58:48","slug":"location","status":"publish","type":"page","link":"https:\/\/www.greenfieldresidence.ro\/baneasa\/en\/location\/","title":{"rendered":"Location"},"content":{"rendered":"","protected":false},"excerpt":{"rendered":"","protected":false},"author":1,"featured_media":23267,"parent":0,"menu_order":0,"comment_status":"closed","ping_status":"closed","template":"templates\/location.php","meta":{"_acf_changed":false,"footnotes":""},"page-cat":[],"nr-camere":[],"class_list":["post-697","page","type-page","status-publish","has-post-thumbnail","hentry"],"acf":[],"yoast_head":"<!-- This site is optimized with the Yoast SEO plugin v27.2 - https:\/\/yoast.com\/product\/yoast-seo-wordpress\/ -->\n<title>Location - Greenfield B\u0103neasa<\/title>\n<meta name=\"robots\" content=\"index, follow, max-snippet:-1, max-image-preview:large, max-video-preview:-1\" \/>\n<link rel=\"canonical\" href=\"https:\/\/www.greenfieldresidence.ro\/baneasa\/en\/location\/\" \/>\n<meta property=\"og:locale\" content=\"en_US\" \/>\n<meta property=\"og:type\" content=\"article\" \/>\n<meta property=\"og:title\" content=\"Location - Greenfield B\u0103neasa\" \/>\n<meta property=\"og:url\" content=\"https:\/\/www.greenfieldresidence.ro\/baneasa\/en\/location\/\" \/>\n<meta property=\"og:site_name\" content=\"Greenfield B\u0103neasa\" \/>\n<meta property=\"article:modified_time\" content=\"2025-02-12T11:58:48+00:00\" \/>\n<meta property=\"og:image\" content=\"https:\/\/www.greenfieldresidence.ro\/baneasa\/wp-content\/uploads\/2024\/02\/Cai-Acces-Greenfield-Baneasa-1.jpg\" \/>\n\t<meta property=\"og:image:width\" content=\"960\" \/>\n\t<meta property=\"og:image:height\" content=\"640\" \/>\n\t<meta property=\"og:image:type\" content=\"image\/jpeg\" \/>\n<meta name=\"twitter:card\" content=\"summary_large_image\" \/>\n<meta name=\"twitter:label1\" content=\"Est. reading time\" \/>\n\t<meta name=\"twitter:data1\" content=\"1 minute\" \/>\n<script type=\"application\/ld+json\" class=\"yoast-schema-graph\">{\"@context\":\"https:\/\/schema.org\",\"@graph\":[{\"@type\":\"WebPage\",\"@id\":\"https:\/\/www.greenfieldresidence.ro\/baneasa\/en\/location\/\",\"url\":\"https:\/\/www.greenfieldresidence.ro\/baneasa\/en\/location\/\",\"name\":\"Location - Greenfield B\u0103neasa\",\"isPartOf\":{\"@id\":\"https:\/\/www.greenfieldresidence.ro\/baneasa\/en\/#website\"},\"primaryImageOfPage\":{\"@id\":\"https:\/\/www.greenfieldresidence.ro\/baneasa\/en\/location\/#primaryimage\"},\"image\":{\"@id\":\"https:\/\/www.greenfieldresidence.ro\/baneasa\/en\/location\/#primaryimage\"},\"thumbnailUrl\":\"https:\/\/www.greenfieldresidence.ro\/baneasa\/wp-content\/uploads\/2024\/02\/Cai-Acces-Greenfield-Baneasa-1.jpg\",\"datePublished\":\"2020-05-01T06:06:25+00:00\",\"dateModified\":\"2025-02-12T11:58:48+00:00\",\"breadcrumb\":{\"@id\":\"https:\/\/www.greenfieldresidence.ro\/baneasa\/en\/location\/#breadcrumb\"},\"inLanguage\":\"en-US\",\"potentialAction\":[{\"@type\":\"ReadAction\",\"target\":[\"https:\/\/www.greenfieldresidence.ro\/baneasa\/en\/location\/\"]}]},{\"@type\":\"ImageObject\",\"inLanguage\":\"en-US\",\"@id\":\"https:\/\/www.greenfieldresidence.ro\/baneasa\/en\/location\/#primaryimage\",\"url\":\"https:\/\/www.greenfieldresidence.ro\/baneasa\/wp-content\/uploads\/2024\/02\/Cai-Acces-Greenfield-Baneasa-1.jpg\",\"contentUrl\":\"https:\/\/www.greenfieldresidence.ro\/baneasa\/wp-content\/uploads\/2024\/02\/Cai-Acces-Greenfield-Baneasa-1.jpg\",\"width\":960,\"height\":640},{\"@type\":\"BreadcrumbList\",\"@id\":\"https:\/\/www.greenfieldresidence.ro\/baneasa\/en\/location\/#breadcrumb\",\"itemListElement\":[{\"@type\":\"ListItem\",\"position\":1,\"name\":\"Home\",\"item\":\"https:\/\/www.greenfieldresidence.ro\/baneasa\/en\/home\/\"},{\"@type\":\"ListItem\",\"position\":2,\"name\":\"Location\"}]},{\"@type\":\"WebSite\",\"@id\":\"https:\/\/www.greenfieldresidence.ro\/baneasa\/en\/#website\",\"url\":\"https:\/\/www.greenfieldresidence.ro\/baneasa\/en\/\",\"name\":\"Greenfield B\u0103neasa\",\"description\":\"Cartierul \u00eembr\u0103\u021bi\u0219at de p\u0103dure\",\"publisher\":{\"@id\":\"https:\/\/www.greenfieldresidence.ro\/baneasa\/en\/#organization\"},\"potentialAction\":[{\"@type\":\"SearchAction\",\"target\":{\"@type\":\"EntryPoint\",\"urlTemplate\":\"https:\/\/www.greenfieldresidence.ro\/baneasa\/en\/?s={search_term_string}\"},\"query-input\":{\"@type\":\"PropertyValueSpecification\",\"valueRequired\":true,\"valueName\":\"search_term_string\"}}],\"inLanguage\":\"en-US\"},{\"@type\":\"Organization\",\"@id\":\"https:\/\/www.greenfieldresidence.ro\/baneasa\/en\/#organization\",\"name\":\"Greenfield B\u0103neasa\",\"url\":\"https:\/\/www.greenfieldresidence.ro\/baneasa\/en\/\",\"logo\":{\"@type\":\"ImageObject\",\"inLanguage\":\"en-US\",\"@id\":\"https:\/\/www.greenfieldresidence.ro\/baneasa\/en\/#\/schema\/logo\/image\/\",\"url\":\"https:\/\/www.greenfieldresidence.ro\/baneasa\/wp-content\/uploads\/2020\/05\/logo.svg\",\"contentUrl\":\"https:\/\/www.greenfieldresidence.ro\/baneasa\/wp-content\/uploads\/2020\/05\/logo.svg\",\"caption\":\"Greenfield B\u0103neasa\"},\"image\":{\"@id\":\"https:\/\/www.greenfieldresidence.ro\/baneasa\/en\/#\/schema\/logo\/image\/\"}}]}<\/script>\n<!-- \/ Yoast SEO plugin. -->","yoast_head_json":{"title":"Location - Greenfield B\u0103neasa","robots":{"index":"index","follow":"follow","max-snippet":"max-snippet:-1","max-image-preview":"max-image-preview:large","max-video-preview":"max-video-preview:-1"},"canonical":"https:\/\/www.greenfieldresidence.ro\/baneasa\/en\/location\/","og_locale":"en_US","og_type":"article","og_title":"Location - Greenfield B\u0103neasa","og_url":"https:\/\/www.greenfieldresidence.ro\/baneasa\/en\/location\/","og_site_name":"Greenfield B\u0103neasa","article_modified_time":"2025-02-12T11:58:48+00:00","og_image":[{"width":960,"height":640,"url":"https:\/\/www.greenfieldresidence.ro\/baneasa\/wp-content\/uploads\/2024\/02\/Cai-Acces-Greenfield-Baneasa-1.jpg","type":"image\/jpeg"}],"twitter_card":"summary_large_image","twitter_misc":{"Est. reading time":"1 minute"},"schema":{"@context":"https:\/\/schema.org","@graph":[{"@type":"WebPage","@id":"https:\/\/www.greenfieldresidence.ro\/baneasa\/en\/location\/","url":"https:\/\/www.greenfieldresidence.ro\/baneasa\/en\/location\/","name":"Location - Greenfield B\u0103neasa","isPartOf":{"@id":"https:\/\/www.greenfieldresidence.ro\/baneasa\/en\/#website"},"primaryImageOfPage":{"@id":"https:\/\/www.greenfieldresidence.ro\/baneasa\/en\/location\/#primaryimage"},"image":{"@id":"https:\/\/www.greenfieldresidence.ro\/baneasa\/en\/location\/#primaryimage"},"thumbnailUrl":"https:\/\/www.greenfieldresidence.ro\/baneasa\/wp-content\/uploads\/2024\/02\/Cai-Acces-Greenfield-Baneasa-1.jpg","datePublished":"2020-05-01T06:06:25+00:00","dateModified":"2025-02-12T11:58:48+00:00","breadcrumb":{"@id":"https:\/\/www.greenfieldresidence.ro\/baneasa\/en\/location\/#breadcrumb"},"inLanguage":"en-US","potentialAction":[{"@type":"ReadAction","target":["https:\/\/www.greenfieldresidence.ro\/baneasa\/en\/location\/"]}]},{"@type":"ImageObject","inLanguage":"en-US","@id":"https:\/\/www.greenfieldresidence.ro\/baneasa\/en\/location\/#primaryimage","url":"https:\/\/www.greenfieldresidence.ro\/baneasa\/wp-content\/uploads\/2024\/02\/Cai-Acces-Greenfield-Baneasa-1.jpg","contentUrl":"https:\/\/www.greenfieldresidence.ro\/baneasa\/wp-content\/uploads\/2024\/02\/Cai-Acces-Greenfield-Baneasa-1.jpg","width":960,"height":640},{"@type":"BreadcrumbList","@id":"https:\/\/www.greenfieldresidence.ro\/baneasa\/en\/location\/#breadcrumb","itemListElement":[{"@type":"ListItem","position":1,"name":"Home","item":"https:\/\/www.greenfieldresidence.ro\/baneasa\/en\/home\/"},{"@type":"ListItem","position":2,"name":"Location"}]},{"@type":"WebSite","@id":"https:\/\/www.greenfieldresidence.ro\/baneasa\/en\/#website","url":"https:\/\/www.greenfieldresidence.ro\/baneasa\/en\/","name":"Greenfield B\u0103neasa","description":"Cartierul \u00eembr\u0103\u021bi\u0219at de p\u0103dure","publisher":{"@id":"https:\/\/www.greenfieldresidence.ro\/baneasa\/en\/#organization"},"potentialAction":[{"@type":"SearchAction","target":{"@type":"EntryPoint","urlTemplate":"https:\/\/www.greenfieldresidence.ro\/baneasa\/en\/?s={search_term_string}"},"query-input":{"@type":"PropertyValueSpecification","valueRequired":true,"valueName":"search_term_string"}}],"inLanguage":"en-US"},{"@type":"Organization","@id":"https:\/\/www.greenfieldresidence.ro\/baneasa\/en\/#organization","name":"Greenfield B\u0103neasa","url":"https:\/\/www.greenfieldresidence.ro\/baneasa\/en\/","logo":{"@type":"ImageObject","inLanguage":"en-US","@id":"https:\/\/www.greenfieldresidence.ro\/baneasa\/en\/#\/schema\/logo\/image\/","url":"https:\/\/www.greenfieldresidence.ro\/baneasa\/wp-content\/uploads\/2020\/05\/logo.svg","contentUrl":"https:\/\/www.greenfieldresidence.ro\/baneasa\/wp-content\/uploads\/2020\/05\/logo.svg","caption":"Greenfield B\u0103neasa"},"image":{"@id":"https:\/\/www.greenfieldresidence.ro\/baneasa\/en\/#\/schema\/logo\/image\/"}}]}},"ACF":{"location_title":"GREENFIELD B\u0103neasa - Map","location_text":"<div class=\"flex max-w-full flex-col flex-grow\">\n<div class=\"min-h-8 text-message flex w-full flex-col items-end gap-2 whitespace-normal break-words text-start [.text-message+&amp;]:mt-5\" dir=\"auto\" data-message-author-role=\"assistant\" data-message-id=\"0b25f920-fa50-4451-9591-55d32382c478\" data-message-model-slug=\"gpt-4o\">\n<div class=\"flex w-full flex-col gap-1 empty:hidden first:pt-[3px]\">\n<div class=\"markdown prose w-full break-words dark:prose-invert light\">\n<p data-start=\"0\" data-end=\"225\">Bucharest, Sector 1, within the triangle formed by Drumul P\u0103durea Pustnicu Street \u2013 parallel to B\u0103neasa Forest, Vadul Moldovei Street \u2013 parallel to Tunari Forest, and Aleea Tei\u0219ani \u2013 to the north, parallel to the Ring Road.<\/p>\n<p data-start=\"227\" data-end=\"456\">As soon as you turn left past the Zoo, a winding pathway opens before you, gently meandering through B\u0103neasa Forest. You step among the dense, green trees, breathe in the fresh air, and make your way toward the end of the path.<\/p>\n<p data-start=\"458\" data-end=\"835\">It feels like you are no longer in Bucharest, as if you\u2019ve wandered deep into the heart of the forest. But suddenly, after just a few minutes, an entirely different city unfolds before you\u2014unlike anything else in Bucharest. A unique blend of minimalist modern architecture, an exceptional lifestyle, and a breathtaking natural landscape\u2014an urban oasis embraced by the forest.<\/p>\n<p data-start=\"837\" data-end=\"1045\" data-is-last-node=\"\">You\u2019ve arrived HOME, in the GREENFIELD B\u0103neasa residential community! The view is one of a kind! It feels as if the fast-paced rhythm of life slows down, and the atmosphere invites you to embrace tranquility.<\/p>\n<\/div>\n<\/div>\n<\/div>\n<\/div>\n","location_access_road_title":"Road Access","location_access_road_text":"<p data-start=\"0\" data-end=\"267\">The privileged location of the GREENFIELD B\u0103neasa residential community, in the northern part of the city, provides easy access to any point of interest\u2014whether it\u2019s the city&#8217;s business hub, the most exclusive shopping areas, or top-rated schools and kindergartens.<\/p>\n<p data-start=\"269\" data-end=\"743\">Access to GREENFIELD B\u0103neasa is available via two routes: by car through Aleea Tei\u0219ani, connecting to DN1 Bucharest \u2013 Ploie\u0219ti, or on foot via Vadul Moldovei Street, which links the residential complex to Bucharest Zoo (road closed by Romsilva on 07.01.2023 \u2013 <strong><a href=\"https:\/\/www.greenfieldresidence.ro\/baneasa\/blog\/imobiliare\/istoricul-drumului-din-strada-vadul-moldovei-si-demersurile-impact-pentru-mentinerea-acestuia-ca-drum-de-acces\/\">See the road history<\/a><\/strong> and <strong><a href=\"https:\/\/www.greenfieldresidence.ro\/baneasa\/blog\/deblocarea-accesului-catre-greenfield-prin-drumul-vadul-moldovei\/\">Access Restoration<\/a><\/strong> here). Additional access routes will be introduced as the neighborhood continues to develop. Currently, these are in the final approval stages of the PUZ documentation.<\/p>\n<p data-start=\"745\" data-end=\"976\">For those who love weekend getaways, GREENFIELD B\u0103neasa is the perfect location. Without having to cross the entire city, you can quickly reach any of the three major highways, thanks to the immediate connection to the Ring Road.<\/p>\n<p data-start=\"978\" data-end=\"1135\" data-is-last-node=\"\">Moreover, Henri Coand\u0103 International Airport is just 10 minutes away, meaning that living in Greenfield brings you an hour closer to any corner of the world.<\/p>\n","location_access_road_image":{"ID":22725,"id":22725,"title":"acces-greenfield","filename":"acces-greenfield.jpg","filesize":78483,"url":"https:\/\/www.greenfieldresidence.ro\/baneasa\/wp-content\/uploads\/2023\/01\/acces-greenfield.jpg","link":"https:\/\/www.greenfieldresidence.ro\/baneasa\/en\/location\/attachment\/acces-greenfield-2\/","alt":"","author":"5","description":"","caption":"","name":"acces-greenfield-2","status":"inherit","uploaded_to":697,"date":"2023-01-30 08:24:20","modified":"2024-02-07 13:17:21","menu_order":0,"mime_type":"image\/jpeg","type":"image","subtype":"jpeg","icon":"https:\/\/www.greenfieldresidence.ro\/baneasa\/wp-includes\/images\/media\/default.png","width":510,"height":340,"sizes":{"thumbnail":"https:\/\/www.greenfieldresidence.ro\/baneasa\/wp-content\/uploads\/2023\/01\/acces-greenfield.jpg","thumbnail-width":150,"thumbnail-height":100,"medium":"https:\/\/www.greenfieldresidence.ro\/baneasa\/wp-content\/uploads\/2023\/01\/acces-greenfield.jpg","medium-width":300,"medium-height":200,"medium_large":"https:\/\/www.greenfieldresidence.ro\/baneasa\/wp-content\/uploads\/2023\/01\/acces-greenfield.jpg","medium_large-width":510,"medium_large-height":340,"large":"https:\/\/www.greenfieldresidence.ro\/baneasa\/wp-content\/uploads\/2023\/01\/acces-greenfield.jpg","large-width":510,"large-height":340,"main-slider":"https:\/\/www.greenfieldresidence.ro\/baneasa\/wp-content\/uploads\/2023\/01\/acces-greenfield.jpg","main-slider-width":510,"main-slider-height":340,"main-slider-480":"https:\/\/www.greenfieldresidence.ro\/baneasa\/wp-content\/uploads\/2023\/01\/acces-greenfield.jpg","main-slider-480-width":330,"main-slider-480-height":220,"product-listing":"https:\/\/www.greenfieldresidence.ro\/baneasa\/wp-content\/uploads\/2023\/01\/acces-greenfield.jpg","product-listing-width":400,"product-listing-height":267,"product-listing-480":"https:\/\/www.greenfieldresidence.ro\/baneasa\/wp-content\/uploads\/2023\/01\/acces-greenfield.jpg","product-listing-480-width":80,"product-listing-480-height":53,"product-page":"https:\/\/www.greenfieldresidence.ro\/baneasa\/wp-content\/uploads\/2023\/01\/acces-greenfield.jpg","product-page-width":390,"product-page-height":260,"product-page-480":"https:\/\/www.greenfieldresidence.ro\/baneasa\/wp-content\/uploads\/2023\/01\/acces-greenfield.jpg","product-page-480-width":360,"product-page-480-height":240,"product-page-thumbs":"https:\/\/www.greenfieldresidence.ro\/baneasa\/wp-content\/uploads\/2023\/01\/acces-greenfield.jpg","product-page-thumbs-width":65,"product-page-thumbs-height":43,"product-page-gallery":"https:\/\/www.greenfieldresidence.ro\/baneasa\/wp-content\/uploads\/2023\/01\/acces-greenfield.jpg","product-page-gallery-width":510,"product-page-gallery-height":340,"product-page-gallery-thumbs":"https:\/\/www.greenfieldresidence.ro\/baneasa\/wp-content\/uploads\/2023\/01\/acces-greenfield.jpg","product-page-gallery-thumbs-width":150,"product-page-gallery-thumbs-height":100,"bottom-gallery":"https:\/\/www.greenfieldresidence.ro\/baneasa\/wp-content\/uploads\/2023\/01\/acces-greenfield.jpg","bottom-gallery-width":510,"bottom-gallery-height":340,"bottom-gallery-480":"https:\/\/www.greenfieldresidence.ro\/baneasa\/wp-content\/uploads\/2023\/01\/acces-greenfield.jpg","bottom-gallery-480-width":330,"bottom-gallery-480-height":220,"bottom-gallery-thumb":"https:\/\/www.greenfieldresidence.ro\/baneasa\/wp-content\/uploads\/2023\/01\/acces-greenfield.jpg","bottom-gallery-thumb-width":210,"bottom-gallery-thumb-height":140,"blog-posts-listing":"https:\/\/www.greenfieldresidence.ro\/baneasa\/wp-content\/uploads\/2023\/01\/acces-greenfield.jpg","blog-posts-listing-width":320,"blog-posts-listing-height":213,"testimonials-img-size":"https:\/\/www.greenfieldresidence.ro\/baneasa\/wp-content\/uploads\/2023\/01\/acces-greenfield.jpg","testimonials-img-size-width":60,"testimonials-img-size-height":40,"apartments-gallery":"https:\/\/www.greenfieldresidence.ro\/baneasa\/wp-content\/uploads\/2023\/01\/acces-greenfield.jpg","apartments-gallery-width":370,"apartments-gallery-height":247,"apartments-gallery-980":"https:\/\/www.greenfieldresidence.ro\/baneasa\/wp-content\/uploads\/2023\/01\/acces-greenfield.jpg","apartments-gallery-980-width":510,"apartments-gallery-980-height":340,"apartments-gallery-480":"https:\/\/www.greenfieldresidence.ro\/baneasa\/wp-content\/uploads\/2023\/01\/acces-greenfield.jpg","apartments-gallery-480-width":270,"apartments-gallery-480-height":180,"apartments-gallery-thumb":"https:\/\/www.greenfieldresidence.ro\/baneasa\/wp-content\/uploads\/2023\/01\/acces-greenfield.jpg","apartments-gallery-thumb-width":65,"apartments-gallery-thumb-height":43,"contact-picture":"https:\/\/www.greenfieldresidence.ro\/baneasa\/wp-content\/uploads\/2023\/01\/acces-greenfield.jpg","contact-picture-width":510,"contact-picture-height":340,"team-image":"https:\/\/www.greenfieldresidence.ro\/baneasa\/wp-content\/uploads\/2023\/01\/acces-greenfield.jpg","team-image-width":315,"team-image-height":210,"poster-image":"https:\/\/www.greenfieldresidence.ro\/baneasa\/wp-content\/uploads\/2023\/01\/acces-greenfield.jpg","poster-image-width":500,"poster-image-height":333,"phases-image":"https:\/\/www.greenfieldresidence.ro\/baneasa\/wp-content\/uploads\/2023\/01\/acces-greenfield.jpg","phases-image-width":510,"phases-image-height":340,"lifestyle-slider":"https:\/\/www.greenfieldresidence.ro\/baneasa\/wp-content\/uploads\/2023\/01\/acces-greenfield.jpg","lifestyle-slider-width":510,"lifestyle-slider-height":340,"lifestyle-slider-480":"https:\/\/www.greenfieldresidence.ro\/baneasa\/wp-content\/uploads\/2023\/01\/acces-greenfield.jpg","lifestyle-slider-480-width":330,"lifestyle-slider-480-height":220,"blog-size":"https:\/\/www.greenfieldresidence.ro\/baneasa\/wp-content\/uploads\/2023\/01\/acces-greenfield.jpg","blog-size-width":375,"blog-size-height":250}},"location_transportation_title":"Transport","location_transportation_text":"<p data-start=\"0\" data-end=\"204\">The neighborhood features a modern STB terminal, providing residents with access to the public transportation network of Bucharest. Bus line 203 connects Greenfield to the Pia\u021ba Victoriei metro station.<\/p>\n<p data-start=\"206\" data-end=\"529\">In the near future, according to public information available on the Metrorex website, Metro Line 6 will link the existing network to Otopeni Airport. Metro stations will be placed near the GREENFIELD B\u0103neasa residential complex, at B\u0103neasa Shopping City, the U.S. Embassy, the French High School, and the Otopeni Bridge.<\/p>\n<p data-start=\"531\" data-end=\"766\" data-is-last-node=\"\">Work has already begun, and the estimated date for the metro line to be operational is the end of 2027. This new line will bring significant benefits to our community, making it easier and quicker to access important areas of the city.<\/p>\n","location_transportation_image":{"ID":22088,"id":22088,"title":"harta-transport_martie2021","filename":"harta-transport_martie2021.png","filesize":284538,"url":"https:\/\/www.greenfieldresidence.ro\/baneasa\/wp-content\/uploads\/2021\/03\/harta-transport_martie2021.png","link":"https:\/\/www.greenfieldresidence.ro\/baneasa\/en\/location\/attachment\/harta-transport_martie2021-2\/","alt":"","author":"1","description":"","caption":"","name":"harta-transport_martie2021-2","status":"inherit","uploaded_to":697,"date":"2021-03-19 16:06:30","modified":"2024-02-07 13:17:21","menu_order":0,"mime_type":"image\/png","type":"image","subtype":"png","icon":"https:\/\/www.greenfieldresidence.ro\/baneasa\/wp-includes\/images\/media\/default.png","width":960,"height":640,"sizes":{"thumbnail":"https:\/\/www.greenfieldresidence.ro\/baneasa\/wp-content\/uploads\/2021\/03\/harta-transport_martie2021.png","thumbnail-width":150,"thumbnail-height":100,"medium":"https:\/\/www.greenfieldresidence.ro\/baneasa\/wp-content\/uploads\/2021\/03\/harta-transport_martie2021.png","medium-width":300,"medium-height":200,"medium_large":"https:\/\/www.greenfieldresidence.ro\/baneasa\/wp-content\/uploads\/2021\/03\/harta-transport_martie2021.png","medium_large-width":768,"medium_large-height":512,"large":"https:\/\/www.greenfieldresidence.ro\/baneasa\/wp-content\/uploads\/2021\/03\/harta-transport_martie2021.png","large-width":960,"large-height":640,"main-slider":"https:\/\/www.greenfieldresidence.ro\/baneasa\/wp-content\/uploads\/2021\/03\/harta-transport_martie2021.png","main-slider-width":807,"main-slider-height":538,"main-slider-480":"https:\/\/www.greenfieldresidence.ro\/baneasa\/wp-content\/uploads\/2021\/03\/harta-transport_martie2021.png","main-slider-480-width":330,"main-slider-480-height":220,"product-listing":"https:\/\/www.greenfieldresidence.ro\/baneasa\/wp-content\/uploads\/2021\/03\/harta-transport_martie2021.png","product-listing-width":400,"product-listing-height":267,"product-listing-480":"https:\/\/www.greenfieldresidence.ro\/baneasa\/wp-content\/uploads\/2021\/03\/harta-transport_martie2021.png","product-listing-480-width":80,"product-listing-480-height":53,"product-page":"https:\/\/www.greenfieldresidence.ro\/baneasa\/wp-content\/uploads\/2021\/03\/harta-transport_martie2021.png","product-page-width":390,"product-page-height":260,"product-page-480":"https:\/\/www.greenfieldresidence.ro\/baneasa\/wp-content\/uploads\/2021\/03\/harta-transport_martie2021.png","product-page-480-width":360,"product-page-480-height":240,"product-page-thumbs":"https:\/\/www.greenfieldresidence.ro\/baneasa\/wp-content\/uploads\/2021\/03\/harta-transport_martie2021.png","product-page-thumbs-width":65,"product-page-thumbs-height":43,"product-page-gallery":"https:\/\/www.greenfieldresidence.ro\/baneasa\/wp-content\/uploads\/2021\/03\/harta-transport_martie2021.png","product-page-gallery-width":600,"product-page-gallery-height":400,"product-page-gallery-thumbs":"https:\/\/www.greenfieldresidence.ro\/baneasa\/wp-content\/uploads\/2021\/03\/harta-transport_martie2021.png","product-page-gallery-thumbs-width":150,"product-page-gallery-thumbs-height":100,"bottom-gallery":"https:\/\/www.greenfieldresidence.ro\/baneasa\/wp-content\/uploads\/2021\/03\/harta-transport_martie2021.png","bottom-gallery-width":750,"bottom-gallery-height":500,"bottom-gallery-480":"https:\/\/www.greenfieldresidence.ro\/baneasa\/wp-content\/uploads\/2021\/03\/harta-transport_martie2021.png","bottom-gallery-480-width":330,"bottom-gallery-480-height":220,"bottom-gallery-thumb":"https:\/\/www.greenfieldresidence.ro\/baneasa\/wp-content\/uploads\/2021\/03\/harta-transport_martie2021.png","bottom-gallery-thumb-width":210,"bottom-gallery-thumb-height":140,"blog-posts-listing":"https:\/\/www.greenfieldresidence.ro\/baneasa\/wp-content\/uploads\/2021\/03\/harta-transport_martie2021.png","blog-posts-listing-width":320,"blog-posts-listing-height":213,"testimonials-img-size":"https:\/\/www.greenfieldresidence.ro\/baneasa\/wp-content\/uploads\/2021\/03\/harta-transport_martie2021.png","testimonials-img-size-width":60,"testimonials-img-size-height":40,"apartments-gallery":"https:\/\/www.greenfieldresidence.ro\/baneasa\/wp-content\/uploads\/2021\/03\/harta-transport_martie2021.png","apartments-gallery-width":370,"apartments-gallery-height":247,"apartments-gallery-980":"https:\/\/www.greenfieldresidence.ro\/baneasa\/wp-content\/uploads\/2021\/03\/harta-transport_martie2021.png","apartments-gallery-980-width":678,"apartments-gallery-980-height":452,"apartments-gallery-480":"https:\/\/www.greenfieldresidence.ro\/baneasa\/wp-content\/uploads\/2021\/03\/harta-transport_martie2021.png","apartments-gallery-480-width":270,"apartments-gallery-480-height":180,"apartments-gallery-thumb":"https:\/\/www.greenfieldresidence.ro\/baneasa\/wp-content\/uploads\/2021\/03\/harta-transport_martie2021.png","apartments-gallery-thumb-width":65,"apartments-gallery-thumb-height":43,"contact-picture":"https:\/\/www.greenfieldresidence.ro\/baneasa\/wp-content\/uploads\/2021\/03\/harta-transport_martie2021.png","contact-picture-width":700,"contact-picture-height":467,"team-image":"https:\/\/www.greenfieldresidence.ro\/baneasa\/wp-content\/uploads\/2021\/03\/harta-transport_martie2021.png","team-image-width":315,"team-image-height":210,"poster-image":"https:\/\/www.greenfieldresidence.ro\/baneasa\/wp-content\/uploads\/2021\/03\/harta-transport_martie2021.png","poster-image-width":500,"poster-image-height":333,"phases-image":"https:\/\/www.greenfieldresidence.ro\/baneasa\/wp-content\/uploads\/2021\/03\/harta-transport_martie2021.png","phases-image-width":960,"phases-image-height":640,"lifestyle-slider":"https:\/\/www.greenfieldresidence.ro\/baneasa\/wp-content\/uploads\/2021\/03\/harta-transport_martie2021.png","lifestyle-slider-width":807,"lifestyle-slider-height":538,"lifestyle-slider-480":"https:\/\/www.greenfieldresidence.ro\/baneasa\/wp-content\/uploads\/2021\/03\/harta-transport_martie2021.png","lifestyle-slider-480-width":330,"lifestyle-slider-480-height":220,"blog-size":"https:\/\/www.greenfieldresidence.ro\/baneasa\/wp-content\/uploads\/2021\/03\/harta-transport_martie2021.png","blog-size-width":375,"blog-size-height":250}},"transport_pdf_link":false},"_links":{"self":[{"href":"https:\/\/www.greenfieldresidence.ro\/baneasa\/en\/wp-json\/wp\/v2\/pages\/697","targetHints":{"allow":["GET"]}}],"collection":[{"href":"https:\/\/www.greenfieldresidence.ro\/baneasa\/en\/wp-json\/wp\/v2\/pages"}],"about":[{"href":"https:\/\/www.greenfieldresidence.ro\/baneasa\/en\/wp-json\/wp\/v2\/types\/page"}],"author":[{"embeddable":true,"href":"https:\/\/www.greenfieldresidence.ro\/baneasa\/en\/wp-json\/wp\/v2\/users\/1"}],"replies":[{"embeddable":true,"href":"https:\/\/www.greenfieldresidence.ro\/baneasa\/en\/wp-json\/wp\/v2\/comments?post=697"}],"version-history":[{"count":7,"href":"https:\/\/www.greenfieldresidence.ro\/baneasa\/en\/wp-json\/wp\/v2\/pages\/697\/revisions"}],"predecessor-version":[{"id":27251,"href":"https:\/\/www.greenfieldresidence.ro\/baneasa\/en\/wp-json\/wp\/v2\/pages\/697\/revisions\/27251"}],"wp:featuredmedia":[{"embeddable":true,"href":"https:\/\/www.greenfieldresidence.ro\/baneasa\/en\/wp-json\/wp\/v2\/media\/23267"}],"wp:attachment":[{"href":"https:\/\/www.greenfieldresidence.ro\/baneasa\/en\/wp-json\/wp\/v2\/media?parent=697"}],"wp:term":[{"taxonomy":"page-cat","embeddable":true,"href":"https:\/\/www.greenfieldresidence.ro\/baneasa\/en\/wp-json\/wp\/v2\/page-cat?post=697"},{"taxonomy":"nr-camere","embeddable":true,"href":"https:\/\/www.greenfieldresidence.ro\/baneasa\/en\/wp-json\/wp\/v2\/nr-camere?post=697"}],"curies":[{"name":"wp","href":"https:\/\/api.w.org\/{rel}","templated":true}]}}