{"id":27187,"date":"2025-02-12T11:58:08","date_gmt":"2025-02-12T09:58:08","guid":{"rendered":"https:\/\/www.greenfieldresidence.ro\/baneasa\/?page_id=27187"},"modified":"2025-08-28T10:43:15","modified_gmt":"2025-08-28T07:43:15","slug":"offers-apartments-greenfield-baneasa","status":"publish","type":"page","link":"https:\/\/www.greenfieldresidence.ro\/baneasa\/en\/offers-apartments-greenfield-baneasa\/","title":{"rendered":"GREENFIELD B\u0103neasa offers apartments"},"content":{"rendered":"<p><img decoding=\"async\" title=\"1200x500_en\" src=\"https:\/\/www.greenfieldresidence.ro\/baneasa\/wp-content\/uploads\/elementor\/thumbs\/1200x500_en-r4vpuszz1b2ke8mbvc026cycmf78o83v85t2plg0lc.jpg\" alt=\"1200x500_en\" \/> <a href=\"https:\/\/www.greenfieldresidence.ro\/baneasa\/en\/contact\/?apartament=Studio%2062%20mp\u200b\"><br \/>\n<img fetchpriority=\"high\" decoding=\"async\" src=\"https:\/\/www.greenfieldresidence.ro\/baneasa\/wp-content\/uploads\/2025\/02\/2-teilor-studio-62-mp.jpg\" alt=\"\" width=\"1024\" height=\"1024\" \/> <\/a><\/p>\n<h2><a href=\"#disclaimer\">VAT 9%<\/a><\/h2>\n<p><a href=\"https:\/\/www.greenfieldresidence.ro\/baneasa\/en\/offers-apartments-greenfield-baneasa\/#disclaimer\">Save: 19%* <img decoding=\"async\" style=\"width: 15px; height: 15px; vertical-align: middle;\" src=\"https:\/\/img.icons8.com\/?size=100&amp;id=63308&amp;format=png&amp;color=000000\" \/><\/a><\/p>\n<h2>from<br \/>\n1.450 \u20ac sqm<br \/>\n+ VAT<\/h2>\n<h2>Studio 62 sqm<\/h2>\n<h2>de la<\/h2>\n<p>89.857 \u20ac + VAT<\/p>\n<p>111.031 \u20ac + VAT<\/p>\n<p><a href=\"https:\/\/www.greenfieldresidence.ro\/baneasa\/en\/contact-en\/?apartament=Studio%2062%20mp\u200b\"><br \/>\nBook an appointment<br \/>\n<\/a><br \/>\n<a href=\"https:\/\/www.greenfieldresidence.ro\/baneasa\/en\/contact-en\/?apartament=Studio%20dublu%2069%20mp\"><br \/>\n<img decoding=\"async\" src=\"https:\/\/www.greenfieldresidence.ro\/baneasa\/wp-content\/uploads\/2025\/04\/3-teilor-studio-dublu-69-mp.jpg\" alt=\"\" width=\"1024\" height=\"1024\" \/> <\/a><\/p>\n<h2><a href=\"#disclaimer\">VAT 9%<\/a><\/h2>\n<p><a href=\"https:\/\/www.greenfieldresidence.ro\/baneasa\/oferte-apartamente\/#disclaimer\">Save: 9%* <img decoding=\"async\" style=\"width: 15px; height: 15px; vertical-align: middle;\" src=\"https:\/\/img.icons8.com\/?size=100&amp;id=63308&amp;format=png&amp;color=000000\" \/><\/a><\/p>\n<h2>de la<br \/>\n1.460 \u20ac mp<br \/>\n+ TVA<\/h2>\n<h2>Double Studio 69 sqm<\/h2>\n<h2>de la<\/h2>\n<p>100.171 \u20ac + TVA<\/p>\n<p>119.653 \u20ac + TVA<\/p>\n<p><a href=\"https:\/\/www.greenfieldresidence.ro\/baneasa\/en\/contact-en\/?apartament=Studio%20dublu%2069%20mp\"><br \/>\nBook an appointment<br \/>\n<\/a><br \/>\n<a href=\"https:\/\/www.greenfieldresidence.ro\/baneasa\/en\/contact-en\/?apartament=Apartament%202%20Camere,%2073%20m2\"><br \/>\n<img decoding=\"async\" src=\"https:\/\/www.greenfieldresidence.ro\/baneasa\/wp-content\/uploads\/2025\/02\/4-teilor-2-camere-73-mp.jpg\" alt=\"\" width=\"1024\" height=\"1024\" \/> <\/a><\/p>\n<h2><a href=\"#disclaimer\">VAT 9%<\/a><\/h2>\n<h2>from<br \/>\n1.499 \u20ac sqm<br \/>\n+ VAT<\/h2>\n<h2>2 room apartment, 73 sqm<\/h2>\n<h2>de la<\/h2>\n<p>110.056 \u20ac + VAT<\/p>\n<p>120.075 \u20ac + VAT<\/p>\n<p><a href=\"https:\/\/www.greenfieldresidence.ro\/baneasa\/en\/contact-en\/?apartament=Apartament%202%20Camere,%2073%20m2\"><br \/>\nBook an appointment<br \/>\n<\/a><\/p>\n<h2><a href=\"https:\/\/www.greenfieldresidence.ro\/baneasa\/en\/offers-apartments-greenfield-baneasa\/#disclaimer\">Save: 8%* <img decoding=\"async\" style=\"width: 15px; height: 15px; vertical-align: middle;\" src=\"https:\/\/img.icons8.com\/?size=100&amp;id=63308&amp;format=png&amp;color=000000\" \/><\/a><\/h2>\n<p><a href=\"https:\/\/www.greenfieldresidence.ro\/baneasa\/en\/contact-en\/?apartament=Apartament%202%20Camere,%2076%20m2\"><br \/>\n<img loading=\"lazy\" decoding=\"async\" src=\"https:\/\/www.greenfieldresidence.ro\/baneasa\/wp-content\/uploads\/2025\/02\/5-teilor-2-camere-76-mp.jpg\" alt=\"\" width=\"1024\" height=\"1024\" \/> <\/a><\/p>\n<h2><a href=\"#disclaimer\">VAT 9%<\/a><\/h2>\n<h2>from<br \/>\n1.460 \u20ac sqm<br \/>\n+ VAT<\/h2>\n<h2><a href=\"https:\/\/www.greenfieldresidence.ro\/baneasa\/en\/offers-apartments-greenfield-baneasa\/#disclaimer\">Save: 7%* <img decoding=\"async\" style=\"width: 15px; height: 15px; vertical-align: middle;\" src=\"https:\/\/img.icons8.com\/?size=100&amp;id=63308&amp;format=png&amp;color=000000\" \/><\/a><\/h2>\n<h2>2 room apartment, 76 m2<\/h2>\n<h2>de la<\/h2>\n<p>112.281 \u20ac + VAT<\/p>\n<p>120.321 \u20ac + VAT<\/p>\n<p><a href=\"https:\/\/www.greenfieldresidence.ro\/baneasa\/en\/contact-en\/?apartament=Apartament%202%20Camere,%2076%20m2\"><br \/>\nBook an appointment<br \/>\n<\/a><br \/>\n<a href=\"https:\/\/www.greenfieldresidence.ro\/baneasa\/en\/contact-en\/?apartament=Apartament%202%20Camere%20Open%20Space,%2079%20m2\"><br \/>\n<img loading=\"lazy\" decoding=\"async\" src=\"https:\/\/www.greenfieldresidence.ro\/baneasa\/wp-content\/uploads\/2025\/02\/8-teilor-2-camere-open-space-79-mp.jpg\" alt=\"\" width=\"1024\" height=\"1024\" \/> <\/a><\/p>\n<h2><a href=\"#disclaimer\">VAT 9%<\/a><\/h2>\n<h2>from<br \/>\n1.470 \u20ac sqm<br \/>\n+ VAT<\/h2>\n<h2>2 room apartment, Open Space, 79 m2<\/h2>\n<h2>de la<\/h2>\n<p>117.615 \u20ac + VAT<\/p>\n<p>129.105 \u20ac + VAT<\/p>\n<p><a href=\"https:\/\/www.greenfieldresidence.ro\/baneasa\/en\/contact-en\/?apartament=Apartament%202%20Camere%20Open%20Space,%2079%20m2\"><br \/>\nBook an appointment<br \/>\n<\/a><\/p>\n<h2><a href=\"https:\/\/www.greenfieldresidence.ro\/baneasa\/en\/offers-apartments-greenfield-baneasa\/#disclaimer\">Save: 8%* <img decoding=\"async\" style=\"width: 15px; height: 15px; vertical-align: middle;\" src=\"https:\/\/img.icons8.com\/?size=100&amp;id=63308&amp;format=png&amp;color=000000\" \/><\/a><\/h2>\n<p><a href=\"https:\/\/www.greenfieldresidence.ro\/baneasa\/en\/contact-en\/?apartament=Apartament%203%20Camere,%2098%20m2\"><br \/>\n<img loading=\"lazy\" decoding=\"async\" src=\"https:\/\/www.greenfieldresidence.ro\/baneasa\/wp-content\/uploads\/2025\/02\/19-teilor-3-camere-98-mp.jpg\" alt=\"\" width=\"1024\" height=\"1024\" \/> <\/a><\/p>\n<h2><a href=\"#disclaimer\">VAT 19%<\/a><\/h2>\n<h2>from<br \/>\n1.460 \u20ac sqm<br \/>\n+ VAT<\/h2>\n<h2>3 room apartment, 98 m2<\/h2>\n<h2>de la<\/h2>\n<p>142.861 \u20ac + VAT<\/p>\n<p>163.776 \u20ac + VAT<\/p>\n<p><a href=\"https:\/\/www.greenfieldresidence.ro\/baneasa\/en\/contact-en\/?apartament=Apartament%203%20Camere,%2098%20m2\"><br \/>\nBook an appointment<br \/>\n<\/a><\/p>\n<h2><a href=\"https:\/\/www.greenfieldresidence.ro\/baneasa\/en\/offers-apartments-greenfield-baneasa\/#disclaimer\">Save: 13%* <img decoding=\"async\" style=\"width: 15px; height: 15px; vertical-align: middle;\" src=\"https:\/\/img.icons8.com\/?size=100&amp;id=63308&amp;format=png&amp;color=000000\" \/><\/a><\/h2>\n<p><a href=\"https:\/\/www.greenfieldresidence.ro\/baneasa\/en\/contact-en\/?apartament=Apartament%203%20Camere%20Open%20Space,%2098%20m2\"><br \/>\n<img loading=\"lazy\" decoding=\"async\" src=\"https:\/\/www.greenfieldresidence.ro\/baneasa\/wp-content\/uploads\/2025\/02\/14-teilor-3-camere-open-space-98-mp.jpg\" alt=\"\" width=\"1024\" height=\"1024\" \/> <\/a><\/p>\n<h2><a href=\"#disclaimer\">VAT 19%<\/a><\/h2>\n<h2>from<br \/>\n1.460 \u20ac sqm<br \/>\n+ VAT<\/h2>\n<h2>3 room apartment, Open Space, 98 m2<\/h2>\n<h2>de la<\/h2>\n<p>145.463 \u20ac + VAT<\/p>\n<p>165.890 \u20ac + VAT<\/p>\n<p><a href=\"https:\/\/www.greenfieldresidence.ro\/baneasa\/en\/contact-en\/?apartament=Apartament%203%20Camere%20Open%20Space,%2098%20m2\"><br \/>\nBook an appointment<br \/>\n<\/a><\/p>\n<h2><a href=\"https:\/\/www.greenfieldresidence.ro\/baneasa\/en\/offers-apartments-greenfield-baneasa\/#disclaimer\">Save: 12%* <img decoding=\"async\" style=\"width: 15px; height: 15px; vertical-align: middle;\" src=\"https:\/\/img.icons8.com\/?size=100&amp;id=63308&amp;format=png&amp;color=000000\" \/><\/a><\/h2>\n<p><a href=\"https:\/\/www.greenfieldresidence.ro\/baneasa\/en\/contact-en\/?apartament=Apartament%203%20Camere%20Open%20Space,%20103%20m2\"><br \/>\n<img loading=\"lazy\" decoding=\"async\" src=\"https:\/\/www.greenfieldresidence.ro\/baneasa\/wp-content\/uploads\/2025\/02\/12-teilor-3-camere-open-space-103-mp.jpg\" alt=\"\" width=\"1024\" height=\"1024\" \/> <\/a><\/p>\n<h2><a href=\"#disclaimer\">VAT 19%<\/a><\/h2>\n<h2>from<br \/>\n1.475 \u20ac sqm<br \/>\n+ VAT<\/h2>\n<h2>3 room apartment, Open Space, 103 m2<\/h2>\n<h2>de la<\/h2>\n<p>152.459 \u20ac + VAT<\/p>\n<p>178.089 \u20ac + VAT<\/p>\n<p><a href=\"https:\/\/www.greenfieldresidence.ro\/baneasa\/en\/contact-en\/?apartament=Apartament%203%20Camere%20Open%20Space,%20103%20m2\"><br \/>\nBook an appointment<br \/>\n<\/a><\/p>\n<h2><a href=\"https:\/\/www.greenfieldresidence.ro\/baneasa\/en\/offers-apartments-greenfield-baneasa\/#disclaimer\">Save: 14%* <img decoding=\"async\" style=\"width: 15px; height: 15px; vertical-align: middle;\" src=\"https:\/\/img.icons8.com\/?size=100&amp;id=63308&amp;format=png&amp;color=000000\" \/><\/a><\/h2>\n<p><a href=\"https:\/\/www.greenfieldresidence.ro\/baneasa\/en\/contact-en\/?apartament=Apartament%203%20Camere,%20104%20m2\"><br \/>\n<img loading=\"lazy\" decoding=\"async\" src=\"https:\/\/www.greenfieldresidence.ro\/baneasa\/wp-content\/uploads\/2025\/02\/10-teilor-3-camere-104-mp.jpg\" alt=\"\" width=\"1024\" height=\"1024\" \/> <\/a><\/p>\n<h2><a href=\"#disclaimer\">VAT 19%<\/a><\/h2>\n<h2>from<br \/>\n1.475 \u20ac sqm<br \/>\n+ VAT<\/h2>\n<h2>3 room apartment, 104 m2<\/h2>\n<h2>de la<\/h2>\n<p>152.813 \u20ac + VAT<\/p>\n<p>175.135 \u20ac + VAT<\/p>\n<p><a href=\"https:\/\/www.greenfieldresidence.ro\/baneasa\/en\/contact-en\/?apartament=Apartament%203%20Camere,%20104%20m2\"><br \/>\nBook an appointment<br \/>\n<\/a><\/p>\n<h2><a href=\"https:\/\/www.greenfieldresidence.ro\/baneasa\/en\/offers-apartments-greenfield-baneasa\/#disclaimer\">Save: 13%* <img decoding=\"async\" style=\"width: 15px; height: 15px; vertical-align: middle;\" src=\"https:\/\/img.icons8.com\/?size=100&amp;id=63308&amp;format=png&amp;color=000000\" \/><\/a><\/h2>\n<p><a href=\"https:\/\/www.greenfieldresidence.ro\/baneasa\/en\/contact-en\/?apartament=Apartament%203%20Camere%20Open%20Space,%20108%20m2\"><br \/>\n<img loading=\"lazy\" decoding=\"async\" src=\"https:\/\/www.greenfieldresidence.ro\/baneasa\/wp-content\/uploads\/2025\/02\/13-teilor-3-camere-open-space-108-mp.jpg\" alt=\"\" width=\"1024\" height=\"1024\" \/> <\/a><\/p>\n<h2><a href=\"#disclaimer\">VAT 19%<\/a><\/h2>\n<h2>from<br \/>\n1.460 \u20ac sqm<br \/>\n+ VAT<\/h2>\n<h2>3 room apartment, Open Space, 108 m2<\/h2>\n<h2>de la<\/h2>\n<p>158.352 \u20ac + VAT<\/p>\n<p>176.248 \u20ac + VAT<\/p>\n<p><a href=\"https:\/\/www.greenfieldresidence.ro\/baneasa\/en\/contact-en\/?apartament=Apartament%203%20Camere%20Open%20Space,%20108%20m2\"><br \/>\nBook an appointment<br \/>\n<\/a><\/p>\n<h2><a href=\"https:\/\/www.greenfieldresidence.ro\/baneasa\/en\/offers-apartments-greenfield-baneasa\/#disclaimer\">Save: 10%* <img decoding=\"async\" style=\"width: 15px; height: 15px; vertical-align: middle;\" src=\"https:\/\/img.icons8.com\/?size=100&amp;id=63308&amp;format=png&amp;color=000000\" \/><\/a><\/h2>\n<p><a href=\"https:\/\/www.greenfieldresidence.ro\/baneasa\/en\/contact-en\/?apartament=Apartament%203%20Camere,%20108%20m2\"><br \/>\n<img loading=\"lazy\" decoding=\"async\" src=\"https:\/\/www.greenfieldresidence.ro\/baneasa\/wp-content\/uploads\/2025\/02\/11-teilor-3-camere-108-mp.jpg\" alt=\"\" width=\"1024\" height=\"1024\" \/> <\/a><\/p>\n<h2><a href=\"#disclaimer\">VAT 19%<\/a><\/h2>\n<h2>from<br \/>\n1.460 \u20ac sqm<br \/>\n+ VAT<\/h2>\n<h2>3 room apartment, 108 m2<\/h2>\n<h2>de la<\/h2>\n<p>158.352 \u20ac + VAT<\/p>\n<p>167.435 \u20ac + VAT<\/p>\n<p><a href=\"https:\/\/www.greenfieldresidence.ro\/baneasa\/en\/contact-en\/?apartament=Apartament%203%20Camere,%20108%20m2\"><br \/>\nBook an appointment<br \/>\n<\/a><\/p>\n<h2><a href=\"https:\/\/www.greenfieldresidence.ro\/baneasa\/en\/offers-apartments-greenfield-baneasa\/#disclaimer\">Save: 6%* <img decoding=\"async\" style=\"width: 15px; height: 15px; vertical-align: middle;\" src=\"https:\/\/img.icons8.com\/?size=100&amp;id=63308&amp;format=png&amp;color=000000\" \/><\/a><\/h2>\n<p data-start=\"0\" data-end=\"174\"><strong>Don&#8217;t miss this opportunity!<\/strong> This promotion is available for a limited number of apartments. Hurry up and secure your spot to enjoy significant savings on your future home!<\/p>\n<p data-start=\"176\" data-end=\"279\"><strong>Contact us now<\/strong> to schedule a viewing and learn more about the apartments available in this promotion!<\/p>\n<p data-start=\"281\" data-end=\"403\">*The offer is valid while stocks last. Each apartment is sold together with a parking space (\u20ac9,500+VAT or \u20ac12,500+VAT).<\/p>\n<p data-start=\"405\" data-end=\"510\" data-is-last-node=\"\">&#8220;<strong>Saving<\/strong>&#8221; is calculated as the difference between the list price and the promotional price, including VAT.<\/p>\n<p data-start=\"405\" data-end=\"510\" data-is-last-node=\"\"><strong><a href=\"https:\/\/www.greenfieldresidence.ro\/baneasa\/en\/blog-en\/real-estate\/vat-for-housing-in-2025-what-you-need-to-know-about-vat-rates-for-purchasing-a-home\/\">Read the conditions for applying real estate VAT in 2025.<\/a><\/strong><\/p>\n<p><a href=\"https:\/\/www.greenfieldresidence.ro\/baneasa\/en\/contact-en\/\"><br \/>\nBook an appointment<br \/>\n<\/a><\/p>\n","protected":false},"excerpt":{"rendered":"<p>VAT 9% Save: 19%* from 1.450 \u20ac sqm + VAT Studio 62 sqm de la 89.857 \u20ac + VAT 111.031 \u20ac + VAT..<\/p>\n","protected":false},"author":12,"featured_media":0,"parent":0,"menu_order":0,"comment_status":"closed","ping_status":"closed","template":"","meta":{"_acf_changed":false,"footnotes":""},"page-cat":[],"nr-camere":[],"class_list":["post-27187","page","type-page","status-publish","hentry"],"acf":[],"yoast_head":"<!-- This site is optimized with the Yoast SEO plugin v27.2 - https:\/\/yoast.com\/product\/yoast-seo-wordpress\/ -->\n<title>GREENFIELD B\u0103neasa offers apartments - Greenfield B\u0103neasa<\/title>\n<meta name=\"description\" content=\"GREENFIELD B\u0103neasa offers apartments. Smart prices from 89,900 euros + VAT. Completed Apartments, Bucharest, P\u0103durea B\u0103neasa, sector 1.\" \/>\n<meta name=\"robots\" content=\"index, follow, max-snippet:-1, max-image-preview:large, max-video-preview:-1\" \/>\n<link rel=\"canonical\" href=\"https:\/\/www.greenfieldresidence.ro\/baneasa\/en\/offers-apartments-greenfield-baneasa\/\" \/>\n<meta property=\"og:locale\" content=\"en_US\" \/>\n<meta property=\"og:type\" content=\"article\" \/>\n<meta property=\"og:title\" content=\"GREENFIELD B\u0103neasa offers apartments - Greenfield B\u0103neasa\" \/>\n<meta property=\"og:description\" content=\"GREENFIELD B\u0103neasa offers apartments. Smart prices from 89,900 euros + VAT. Completed Apartments, Bucharest, P\u0103durea B\u0103neasa, sector 1.\" \/>\n<meta property=\"og:url\" content=\"https:\/\/www.greenfieldresidence.ro\/baneasa\/en\/offers-apartments-greenfield-baneasa\/\" \/>\n<meta property=\"og:site_name\" content=\"Greenfield B\u0103neasa\" \/>\n<meta property=\"article:modified_time\" content=\"2025-08-28T07:43:15+00:00\" \/>\n<meta property=\"og:image\" content=\"https:\/\/www.greenfieldresidence.ro\/baneasa\/wp-content\/uploads\/elementor\/thumbs\/1200x500_en-r4vpuszz1b2ke8mbvc026cycmf78o83v85t2plg0lc.jpg\" \/>\n<meta name=\"twitter:card\" content=\"summary_large_image\" \/>\n<meta name=\"twitter:label1\" content=\"Est. reading time\" \/>\n\t<meta name=\"twitter:data1\" content=\"7 minutes\" \/>\n<script type=\"application\/ld+json\" class=\"yoast-schema-graph\">{\"@context\":\"https:\/\/schema.org\",\"@graph\":[{\"@type\":\"WebPage\",\"@id\":\"https:\/\/www.greenfieldresidence.ro\/baneasa\/en\/offers-apartments-greenfield-baneasa\/\",\"url\":\"https:\/\/www.greenfieldresidence.ro\/baneasa\/en\/offers-apartments-greenfield-baneasa\/\",\"name\":\"GREENFIELD B\u0103neasa offers apartments - Greenfield B\u0103neasa\",\"isPartOf\":{\"@id\":\"https:\/\/www.greenfieldresidence.ro\/baneasa\/en\/#website\"},\"primaryImageOfPage\":{\"@id\":\"https:\/\/www.greenfieldresidence.ro\/baneasa\/en\/offers-apartments-greenfield-baneasa\/#primaryimage\"},\"image\":{\"@id\":\"https:\/\/www.greenfieldresidence.ro\/baneasa\/en\/offers-apartments-greenfield-baneasa\/#primaryimage\"},\"thumbnailUrl\":\"https:\/\/www.greenfieldresidence.ro\/baneasa\/wp-content\/uploads\/elementor\/thumbs\/1200x500_en-r4vpuszz1b2ke8mbvc026cycmf78o83v85t2plg0lc.jpg\",\"datePublished\":\"2025-02-12T09:58:08+00:00\",\"dateModified\":\"2025-08-28T07:43:15+00:00\",\"description\":\"GREENFIELD B\u0103neasa offers apartments. Smart prices from 89,900 euros + VAT. Completed Apartments, Bucharest, P\u0103durea B\u0103neasa, sector 1.\",\"breadcrumb\":{\"@id\":\"https:\/\/www.greenfieldresidence.ro\/baneasa\/en\/offers-apartments-greenfield-baneasa\/#breadcrumb\"},\"inLanguage\":\"en-US\",\"potentialAction\":[{\"@type\":\"ReadAction\",\"target\":[\"https:\/\/www.greenfieldresidence.ro\/baneasa\/en\/offers-apartments-greenfield-baneasa\/\"]}]},{\"@type\":\"ImageObject\",\"inLanguage\":\"en-US\",\"@id\":\"https:\/\/www.greenfieldresidence.ro\/baneasa\/en\/offers-apartments-greenfield-baneasa\/#primaryimage\",\"url\":\"https:\/\/www.greenfieldresidence.ro\/baneasa\/wp-content\/uploads\/elementor\/thumbs\/1200x500_en-r4vpuszz1b2ke8mbvc026cycmf78o83v85t2plg0lc.jpg\",\"contentUrl\":\"https:\/\/www.greenfieldresidence.ro\/baneasa\/wp-content\/uploads\/elementor\/thumbs\/1200x500_en-r4vpuszz1b2ke8mbvc026cycmf78o83v85t2plg0lc.jpg\"},{\"@type\":\"BreadcrumbList\",\"@id\":\"https:\/\/www.greenfieldresidence.ro\/baneasa\/en\/offers-apartments-greenfield-baneasa\/#breadcrumb\",\"itemListElement\":[{\"@type\":\"ListItem\",\"position\":1,\"name\":\"Home\",\"item\":\"https:\/\/www.greenfieldresidence.ro\/baneasa\/en\/home\/\"},{\"@type\":\"ListItem\",\"position\":2,\"name\":\"GREENFIELD B\u0103neasa offers apartments\"}]},{\"@type\":\"WebSite\",\"@id\":\"https:\/\/www.greenfieldresidence.ro\/baneasa\/en\/#website\",\"url\":\"https:\/\/www.greenfieldresidence.ro\/baneasa\/en\/\",\"name\":\"Greenfield B\u0103neasa\",\"description\":\"Cartierul \u00eembr\u0103\u021bi\u0219at de p\u0103dure\",\"publisher\":{\"@id\":\"https:\/\/www.greenfieldresidence.ro\/baneasa\/en\/#organization\"},\"potentialAction\":[{\"@type\":\"SearchAction\",\"target\":{\"@type\":\"EntryPoint\",\"urlTemplate\":\"https:\/\/www.greenfieldresidence.ro\/baneasa\/en\/?s={search_term_string}\"},\"query-input\":{\"@type\":\"PropertyValueSpecification\",\"valueRequired\":true,\"valueName\":\"search_term_string\"}}],\"inLanguage\":\"en-US\"},{\"@type\":\"Organization\",\"@id\":\"https:\/\/www.greenfieldresidence.ro\/baneasa\/en\/#organization\",\"name\":\"Greenfield B\u0103neasa\",\"url\":\"https:\/\/www.greenfieldresidence.ro\/baneasa\/en\/\",\"logo\":{\"@type\":\"ImageObject\",\"inLanguage\":\"en-US\",\"@id\":\"https:\/\/www.greenfieldresidence.ro\/baneasa\/en\/#\/schema\/logo\/image\/\",\"url\":\"https:\/\/www.greenfieldresidence.ro\/baneasa\/wp-content\/uploads\/2020\/05\/logo.svg\",\"contentUrl\":\"https:\/\/www.greenfieldresidence.ro\/baneasa\/wp-content\/uploads\/2020\/05\/logo.svg\",\"caption\":\"Greenfield B\u0103neasa\"},\"image\":{\"@id\":\"https:\/\/www.greenfieldresidence.ro\/baneasa\/en\/#\/schema\/logo\/image\/\"}}]}<\/script>\n<!-- \/ Yoast SEO plugin. -->","yoast_head_json":{"title":"GREENFIELD B\u0103neasa offers apartments - Greenfield B\u0103neasa","description":"GREENFIELD B\u0103neasa offers apartments. Smart prices from 89,900 euros + VAT. Completed Apartments, Bucharest, P\u0103durea B\u0103neasa, sector 1.","robots":{"index":"index","follow":"follow","max-snippet":"max-snippet:-1","max-image-preview":"max-image-preview:large","max-video-preview":"max-video-preview:-1"},"canonical":"https:\/\/www.greenfieldresidence.ro\/baneasa\/en\/offers-apartments-greenfield-baneasa\/","og_locale":"en_US","og_type":"article","og_title":"GREENFIELD B\u0103neasa offers apartments - Greenfield B\u0103neasa","og_description":"GREENFIELD B\u0103neasa offers apartments. Smart prices from 89,900 euros + VAT. Completed Apartments, Bucharest, P\u0103durea B\u0103neasa, sector 1.","og_url":"https:\/\/www.greenfieldresidence.ro\/baneasa\/en\/offers-apartments-greenfield-baneasa\/","og_site_name":"Greenfield B\u0103neasa","article_modified_time":"2025-08-28T07:43:15+00:00","og_image":[{"url":"https:\/\/www.greenfieldresidence.ro\/baneasa\/wp-content\/uploads\/elementor\/thumbs\/1200x500_en-r4vpuszz1b2ke8mbvc026cycmf78o83v85t2plg0lc.jpg","type":"","width":"","height":""}],"twitter_card":"summary_large_image","twitter_misc":{"Est. reading time":"7 minutes"},"schema":{"@context":"https:\/\/schema.org","@graph":[{"@type":"WebPage","@id":"https:\/\/www.greenfieldresidence.ro\/baneasa\/en\/offers-apartments-greenfield-baneasa\/","url":"https:\/\/www.greenfieldresidence.ro\/baneasa\/en\/offers-apartments-greenfield-baneasa\/","name":"GREENFIELD B\u0103neasa offers apartments - Greenfield B\u0103neasa","isPartOf":{"@id":"https:\/\/www.greenfieldresidence.ro\/baneasa\/en\/#website"},"primaryImageOfPage":{"@id":"https:\/\/www.greenfieldresidence.ro\/baneasa\/en\/offers-apartments-greenfield-baneasa\/#primaryimage"},"image":{"@id":"https:\/\/www.greenfieldresidence.ro\/baneasa\/en\/offers-apartments-greenfield-baneasa\/#primaryimage"},"thumbnailUrl":"https:\/\/www.greenfieldresidence.ro\/baneasa\/wp-content\/uploads\/elementor\/thumbs\/1200x500_en-r4vpuszz1b2ke8mbvc026cycmf78o83v85t2plg0lc.jpg","datePublished":"2025-02-12T09:58:08+00:00","dateModified":"2025-08-28T07:43:15+00:00","description":"GREENFIELD B\u0103neasa offers apartments. Smart prices from 89,900 euros + VAT. Completed Apartments, Bucharest, P\u0103durea B\u0103neasa, sector 1.","breadcrumb":{"@id":"https:\/\/www.greenfieldresidence.ro\/baneasa\/en\/offers-apartments-greenfield-baneasa\/#breadcrumb"},"inLanguage":"en-US","potentialAction":[{"@type":"ReadAction","target":["https:\/\/www.greenfieldresidence.ro\/baneasa\/en\/offers-apartments-greenfield-baneasa\/"]}]},{"@type":"ImageObject","inLanguage":"en-US","@id":"https:\/\/www.greenfieldresidence.ro\/baneasa\/en\/offers-apartments-greenfield-baneasa\/#primaryimage","url":"https:\/\/www.greenfieldresidence.ro\/baneasa\/wp-content\/uploads\/elementor\/thumbs\/1200x500_en-r4vpuszz1b2ke8mbvc026cycmf78o83v85t2plg0lc.jpg","contentUrl":"https:\/\/www.greenfieldresidence.ro\/baneasa\/wp-content\/uploads\/elementor\/thumbs\/1200x500_en-r4vpuszz1b2ke8mbvc026cycmf78o83v85t2plg0lc.jpg"},{"@type":"BreadcrumbList","@id":"https:\/\/www.greenfieldresidence.ro\/baneasa\/en\/offers-apartments-greenfield-baneasa\/#breadcrumb","itemListElement":[{"@type":"ListItem","position":1,"name":"Home","item":"https:\/\/www.greenfieldresidence.ro\/baneasa\/en\/home\/"},{"@type":"ListItem","position":2,"name":"GREENFIELD B\u0103neasa offers apartments"}]},{"@type":"WebSite","@id":"https:\/\/www.greenfieldresidence.ro\/baneasa\/en\/#website","url":"https:\/\/www.greenfieldresidence.ro\/baneasa\/en\/","name":"Greenfield B\u0103neasa","description":"Cartierul \u00eembr\u0103\u021bi\u0219at de p\u0103dure","publisher":{"@id":"https:\/\/www.greenfieldresidence.ro\/baneasa\/en\/#organization"},"potentialAction":[{"@type":"SearchAction","target":{"@type":"EntryPoint","urlTemplate":"https:\/\/www.greenfieldresidence.ro\/baneasa\/en\/?s={search_term_string}"},"query-input":{"@type":"PropertyValueSpecification","valueRequired":true,"valueName":"search_term_string"}}],"inLanguage":"en-US"},{"@type":"Organization","@id":"https:\/\/www.greenfieldresidence.ro\/baneasa\/en\/#organization","name":"Greenfield B\u0103neasa","url":"https:\/\/www.greenfieldresidence.ro\/baneasa\/en\/","logo":{"@type":"ImageObject","inLanguage":"en-US","@id":"https:\/\/www.greenfieldresidence.ro\/baneasa\/en\/#\/schema\/logo\/image\/","url":"https:\/\/www.greenfieldresidence.ro\/baneasa\/wp-content\/uploads\/2020\/05\/logo.svg","contentUrl":"https:\/\/www.greenfieldresidence.ro\/baneasa\/wp-content\/uploads\/2020\/05\/logo.svg","caption":"Greenfield B\u0103neasa"},"image":{"@id":"https:\/\/www.greenfieldresidence.ro\/baneasa\/en\/#\/schema\/logo\/image\/"}}]}},"ACF":false,"_links":{"self":[{"href":"https:\/\/www.greenfieldresidence.ro\/baneasa\/en\/wp-json\/wp\/v2\/pages\/27187","targetHints":{"allow":["GET"]}}],"collection":[{"href":"https:\/\/www.greenfieldresidence.ro\/baneasa\/en\/wp-json\/wp\/v2\/pages"}],"about":[{"href":"https:\/\/www.greenfieldresidence.ro\/baneasa\/en\/wp-json\/wp\/v2\/types\/page"}],"author":[{"embeddable":true,"href":"https:\/\/www.greenfieldresidence.ro\/baneasa\/en\/wp-json\/wp\/v2\/users\/12"}],"replies":[{"embeddable":true,"href":"https:\/\/www.greenfieldresidence.ro\/baneasa\/en\/wp-json\/wp\/v2\/comments?post=27187"}],"version-history":[{"count":42,"href":"https:\/\/www.greenfieldresidence.ro\/baneasa\/en\/wp-json\/wp\/v2\/pages\/27187\/revisions"}],"predecessor-version":[{"id":29314,"href":"https:\/\/www.greenfieldresidence.ro\/baneasa\/en\/wp-json\/wp\/v2\/pages\/27187\/revisions\/29314"}],"wp:attachment":[{"href":"https:\/\/www.greenfieldresidence.ro\/baneasa\/en\/wp-json\/wp\/v2\/media?parent=27187"}],"wp:term":[{"taxonomy":"page-cat","embeddable":true,"href":"https:\/\/www.greenfieldresidence.ro\/baneasa\/en\/wp-json\/wp\/v2\/page-cat?post=27187"},{"taxonomy":"nr-camere","embeddable":true,"href":"https:\/\/www.greenfieldresidence.ro\/baneasa\/en\/wp-json\/wp\/v2\/nr-camere?post=27187"}],"curies":[{"name":"wp","href":"https:\/\/api.w.org\/{rel}","templated":true}]}}