{"id":26848,"date":"2024-12-09T13:31:18","date_gmt":"2024-12-09T11:31:18","guid":{"rendered":"https:\/\/www.greenfieldresidence.ro\/baneasa\/?page_id=26848"},"modified":"2025-01-15T13:37:17","modified_gmt":"2025-01-15T11:37:17","slug":"location-3","status":"publish","type":"page","link":"https:\/\/www.greenfieldresidence.ro\/baneasa\/en\/location-3\/","title":{"rendered":"Location"},"content":{"rendered":"\t\t<div data-elementor-type=\"wp-page\" data-elementor-id=\"26848\" class=\"elementor elementor-26848 elementor-25619\" data-elementor-post-type=\"page\">\n\t\t\t\t<div class=\"elementor-element elementor-element-f262cf6 e-flex e-con-boxed e-con e-parent\" data-id=\"f262cf6\" data-element_type=\"container\" data-e-type=\"container\" data-settings=\"{&quot;background_background&quot;:&quot;classic&quot;,&quot;sticky&quot;:&quot;top&quot;,&quot;sticky_on&quot;:[&quot;desktop&quot;],&quot;sticky_parent&quot;:&quot;yes&quot;,&quot;sticky_offset&quot;:0,&quot;sticky_effects_offset&quot;:0,&quot;sticky_anchor_link_offset&quot;:0}\">\n\t\t\t\t\t<div class=\"e-con-inner\">\n\t\t\t\t<div class=\"elementor-element elementor-element-7a5ff3d elementor-widget elementor-widget-button\" data-id=\"7a5ff3d\" data-element_type=\"widget\" data-e-type=\"widget\" data-widget_type=\"button.default\">\n\t\t\t\t\t\t\t\t\t\t<a class=\"elementor-button elementor-button-link elementor-size-sm\" href=\"https:\/\/www.greenfieldresidence.ro\/baneasa\/locatie\/#greenfield-location\">\n\t\t\t\t\t\t<span class=\"elementor-button-content-wrapper\">\n\t\t\t\t\t\t\t\t\t<span class=\"elementor-button-text\">Map<\/span>\n\t\t\t\t\t<\/span>\n\t\t\t\t\t<\/a>\n\t\t\t\t\t\t\t\t<\/div>\n\t\t\t\t<div class=\"elementor-element elementor-element-561f79e elementor-widget elementor-widget-button\" data-id=\"561f79e\" data-element_type=\"widget\" data-e-type=\"widget\" data-widget_type=\"button.default\">\n\t\t\t\t\t\t\t\t\t\t<a class=\"elementor-button elementor-button-link elementor-size-sm\" href=\"https:\/\/www.greenfieldresidence.ro\/baneasa\/locatie\/#access-road\">\n\t\t\t\t\t\t<span class=\"elementor-button-content-wrapper\">\n\t\t\t\t\t\t\t\t\t<span class=\"elementor-button-text\">Road Access<\/span>\n\t\t\t\t\t<\/span>\n\t\t\t\t\t<\/a>\n\t\t\t\t\t\t\t\t<\/div>\n\t\t\t\t<div class=\"elementor-element elementor-element-59d3d2e elementor-widget elementor-widget-button\" data-id=\"59d3d2e\" data-element_type=\"widget\" data-e-type=\"widget\" data-widget_type=\"button.default\">\n\t\t\t\t\t\t\t\t\t\t<a class=\"elementor-button elementor-button-link elementor-size-sm\" href=\"https:\/\/www.greenfieldresidence.ro\/baneasa\/locatie\/#transport\">\n\t\t\t\t\t\t<span class=\"elementor-button-content-wrapper\">\n\t\t\t\t\t\t\t\t\t<span class=\"elementor-button-text\">Transport<\/span>\n\t\t\t\t\t<\/span>\n\t\t\t\t\t<\/a>\n\t\t\t\t\t\t\t\t<\/div>\n\t\t\t\t\t<\/div>\n\t\t\t\t<\/div>\n\t\t<div class=\"elementor-element elementor-element-78f28cf e-flex e-con-boxed e-con e-parent\" data-id=\"78f28cf\" data-element_type=\"container\" data-e-type=\"container\" id=\"greenfield-location\" data-settings=\"{&quot;background_background&quot;:&quot;classic&quot;}\">\n\t\t\t\t\t<div class=\"e-con-inner\">\n\t\t<div class=\"elementor-element elementor-element-79b5c6b e-con-full e-flex e-con e-child\" data-id=\"79b5c6b\" data-element_type=\"container\" data-e-type=\"container\">\n\t\t\t\t<div class=\"elementor-element elementor-element-4032f61 elementor-widget elementor-widget-heading\" data-id=\"4032f61\" data-element_type=\"widget\" data-e-type=\"widget\" data-widget_type=\"heading.default\">\n\t\t\t\t\t<h2 class=\"elementor-heading-title elementor-size-default\">Map<\/h2>\t\t\t\t<\/div>\n\t\t\t\t<div class=\"elementor-element elementor-element-d89af5c elementor-widget elementor-widget-text-editor\" data-id=\"d89af5c\" data-element_type=\"widget\" data-e-type=\"widget\" data-widget_type=\"text-editor.default\">\n\t\t\t\t\t\t\t\t\tPadurea Neagra Road, District 1, Bucharest\n\n\t\t\t\t\t\t\t\t<\/div>\n\t\t\t\t<div class=\"elementor-element elementor-element-d3ba1da elementor-widget elementor-widget-text-editor\" data-id=\"d3ba1da\" data-element_type=\"widget\" data-e-type=\"widget\" data-widget_type=\"text-editor.default\">\n\t\t\t\t\t\t\t\t\tEver since you turn left next to the Zoo, an alley opens in front of you, meandering slightly through B\u0103neasa Forest. You walk through the green trees, inhale the fresh air and head to the end of the alley. You have the feeling that you are no longer in Bucharest and that you got lost in the middle of the forest. But, at some point, after only a few minutes, a city different from everything in Bucharest suddenly opens up, a unique combination of modern minimalist architecture, exceptional lifestyle and a spectacular natural landscape, a city embraced by the forest. \n\n\t\t\t\t\t\t\t\t<\/div>\n\t\t\t\t<div class=\"elementor-element elementor-element-68b45dc elementor-widget elementor-widget-text-editor\" data-id=\"68b45dc\" data-element_type=\"widget\" data-e-type=\"widget\" data-widget_type=\"text-editor.default\">\n\t\t\t\t\t\t\t\t\tYou\u2019ve come reached your destination: HOME, in Greenfield! The view is unique! It seems that the fast pace of life slows down, and the atmosphere urges peace.\n\n\t\t\t\t\t\t\t\t<\/div>\n\t\t\t\t<\/div>\n\t\t<div class=\"elementor-element elementor-element-67530bb e-con-full outlinedImg e-flex e-con e-child\" data-id=\"67530bb\" data-element_type=\"container\" data-e-type=\"container\">\n\t\t\t\t<div class=\"elementor-element elementor-element-1944d1e outlinedImg elementor-widget elementor-widget-google_maps\" data-id=\"1944d1e\" data-element_type=\"widget\" data-e-type=\"widget\" data-widget_type=\"google_maps.default\">\n\t\t\t\t\t\t\t<div class=\"elementor-custom-embed\">\n\t\t\t<iframe loading=\"lazy\"\n\t\t\t\t\tsrc=\"https:\/\/maps.google.com\/maps?q=Greenfield%20baneasa%20Residence&#038;t=m&#038;z=15&#038;output=embed&#038;iwloc=near\"\n\t\t\t\t\ttitle=\"Greenfield baneasa Residence\"\n\t\t\t\t\taria-label=\"Greenfield baneasa Residence\"\n\t\t\t><\/iframe>\n\t\t<\/div>\n\t\t\t\t\t\t<\/div>\n\t\t\t\t<\/div>\n\t\t\t\t\t<\/div>\n\t\t\t\t<\/div>\n\t\t<div class=\"elementor-element elementor-element-8ccfa73 e-flex e-con-boxed e-con e-parent\" data-id=\"8ccfa73\" data-element_type=\"container\" data-e-type=\"container\" id=\"access-road\" data-settings=\"{&quot;background_background&quot;:&quot;classic&quot;}\">\n\t\t\t\t\t<div class=\"e-con-inner\">\n\t\t<div class=\"elementor-element elementor-element-f005449 e-con-full e-flex e-con e-child\" data-id=\"f005449\" data-element_type=\"container\" data-e-type=\"container\">\n\t\t\t\t<div class=\"elementor-element elementor-element-eba6618 elementor-widget elementor-widget-heading\" data-id=\"eba6618\" data-element_type=\"widget\" data-e-type=\"widget\" data-widget_type=\"heading.default\">\n\t\t\t\t\t<h2 class=\"elementor-heading-title elementor-size-default\">Road Access\n<\/h2>\t\t\t\t<\/div>\n\t\t\t\t<div class=\"elementor-element elementor-element-a9ec0b6 elementor-widget elementor-widget-text-editor\" data-id=\"a9ec0b6\" data-element_type=\"widget\" data-e-type=\"widget\" data-widget_type=\"text-editor.default\">\n\t\t\t\t\t\t\t\t\tThe privileged position of Greenfield Residence, in the North area, allows quick access to any point of interest, whether it is the business area of \u200b\u200bthe city, the most select shopping area or top schools and kindergartens.\n\n\t\t\t\t\t\t\t\t<\/div>\n\t\t\t\t<div class=\"elementor-element elementor-element-d5a2088 elementor-widget elementor-widget-text-editor\" data-id=\"d5a2088\" data-element_type=\"widget\" data-e-type=\"widget\" data-widget_type=\"text-editor.default\">\n\t\t\t\t\t\t\t\t\t<p>The access to Greenfield is made on two roads, through Aleea Tei\u0219ani with entrance from DN1 Bucharest \u2013 Ploie\u0219ti, or through Vadul Moldovei Street, which connects the residential complex to Bucharest ZOO (Road closed for car traffic by Romsilva on January 07, 2023 \u2013 <a href=\"https:\/\/www.greenfieldresidence.ro\/baneasa\/en\/blog-en\/history-of-the-road-located-at-vadul-moldovei-street-and-impacts-efforts-to-maintain-it-as-an-access-road\/\" target=\"_blank\" rel=\"noopener\"><span style=\"text-decoration: underline;\"><strong>See the road history here<\/strong><\/span><\/a>). Additional access roads are about to be added as the neighborhood develops. Today, they are in the final phase of approving the PUZ documentation.<\/p>\t\t\t\t\t\t\t\t<\/div>\n\t\t\t\t<div class=\"elementor-element elementor-element-c056e75 elementor-widget elementor-widget-text-editor\" data-id=\"c056e75\" data-element_type=\"widget\" data-e-type=\"widget\" data-widget_type=\"text-editor.default\">\n\t\t\t\t\t\t\t\t\tFor those who love weekend getaways, Greenfield location is ideal. Without crossing the entire city, you immediately reach any of the three highways, thanks to the immediate access to the Ring Road.\n\n\t\t\t\t\t\t\t\t<\/div>\n\t\t\t\t<div class=\"elementor-element elementor-element-a1be40c elementor-widget elementor-widget-text-editor\" data-id=\"a1be40c\" data-element_type=\"widget\" data-e-type=\"widget\" data-widget_type=\"text-editor.default\">\n\t\t\t\t\t\t\t\t\tIn addition, Henri Coanda Airport is 10 minutes away, so in Greenfield you are one hour closer to any corner of the world.\n\n\t\t\t\t\t\t\t\t<\/div>\n\t\t\t\t<\/div>\n\t\t<div class=\"elementor-element elementor-element-f6df6d1 e-con-full e-flex e-con e-child\" data-id=\"f6df6d1\" data-element_type=\"container\" data-e-type=\"container\">\n\t\t\t\t<div class=\"elementor-element elementor-element-7da3934 outlinedImg elementor-widget elementor-widget-image\" data-id=\"7da3934\" data-element_type=\"widget\" data-e-type=\"widget\" data-widget_type=\"image.default\">\n\t\t\t\t\t\t\t\t\t\t\t\t\t\t\t<img fetchpriority=\"high\" decoding=\"async\" width=\"500\" height=\"340\" src=\"https:\/\/www.greenfieldresidence.ro\/baneasa\/wp-content\/uploads\/2024\/12\/acces-greenfield-500x365c.jpg\" class=\"attachment-poster-image size-poster-image wp-image-25629\" alt=\"\" \/>\t\t\t\t\t\t\t\t\t\t\t\t\t\t\t<\/div>\n\t\t\t\t<\/div>\n\t\t\t\t\t<\/div>\n\t\t\t\t<\/div>\n\t\t<div class=\"elementor-element elementor-element-e8ed47c e-flex e-con-boxed e-con e-parent\" data-id=\"e8ed47c\" data-element_type=\"container\" data-e-type=\"container\" id=\"transport\" data-settings=\"{&quot;background_background&quot;:&quot;classic&quot;}\">\n\t\t\t\t\t<div class=\"e-con-inner\">\n\t\t<div class=\"elementor-element elementor-element-4f9824d e-con-full e-flex e-con e-child\" data-id=\"4f9824d\" data-element_type=\"container\" data-e-type=\"container\">\n\t\t\t\t<div class=\"elementor-element elementor-element-8429604 elementor-widget elementor-widget-heading\" data-id=\"8429604\" data-element_type=\"widget\" data-e-type=\"widget\" data-widget_type=\"heading.default\">\n\t\t\t\t\t<h2 class=\"elementor-heading-title elementor-size-default\">Transport<\/h2>\t\t\t\t<\/div>\n\t\t\t\t<div class=\"elementor-element elementor-element-00913f9 elementor-widget elementor-widget-text-editor\" data-id=\"00913f9\" data-element_type=\"widget\" data-e-type=\"widget\" data-widget_type=\"text-editor.default\">\n\t\t\t\t\t\t\t\t\tIn the neighbourhood there is a modern STB terminal that provides residents with access to the public passenger transport of Bucharest. Line 203 connects GREENFIELD to Piata Victoriei subway station.\n\n\t\t\t\t\t\t\t\t<\/div>\n\t\t\t\t<div class=\"elementor-element elementor-element-21e1d74 elementor-widget elementor-widget-text-editor\" data-id=\"21e1d74\" data-element_type=\"widget\" data-e-type=\"widget\" data-widget_type=\"text-editor.default\">\n\t\t\t\t\t\t\t\t\tIn the near future, according to the public information on the Metrorex website, Metro Line 6 will connect the existing network with Otopeni airport. Metro stations will be located near the GREENFIELD B\u0103neasa residential compound, in front of the B\u0103neasa Shopping City shopping center, the US Embassy, the French High School, respectively the Otopeni bridge.\n\n\t\t\t\t\t\t\t\t<\/div>\n\t\t\t\t<div class=\"elementor-element elementor-element-e5f38d8 elementor-widget elementor-widget-text-editor\" data-id=\"e5f38d8\" data-element_type=\"widget\" data-e-type=\"widget\" data-widget_type=\"text-editor.default\">\n\t\t\t\t\t\t\t\t\tThe works have already begun. The estimated date on which the metro line will be operational is the end of 2027. This new line will bring significant benefits to our community, facilitating quick access to important areas of the city.\n\n\t\t\t\t\t\t\t\t<\/div>\n\t\t\t\t<\/div>\n\t\t<div class=\"elementor-element elementor-element-4b8f0e4 e-con-full outlinedImg e-flex e-con e-child\" data-id=\"4b8f0e4\" data-element_type=\"container\" data-e-type=\"container\">\n\t\t\t\t<div class=\"elementor-element elementor-element-f0b0e54 elementor-widget elementor-widget-image\" data-id=\"f0b0e54\" data-element_type=\"widget\" data-e-type=\"widget\" data-widget_type=\"image.default\">\n\t\t\t\t\t\t\t\t\t\t\t\t\t\t\t<img decoding=\"async\" width=\"500\" height=\"365\" src=\"https:\/\/www.greenfieldresidence.ro\/baneasa\/wp-content\/uploads\/2024\/12\/Cai-Acces-Greenfield-Baneasa-1-500x365c.jpg\" class=\"attachment-large size-large wp-image-25631\" alt=\"\" \/>\t\t\t\t\t\t\t\t\t\t\t\t\t\t\t<\/div>\n\t\t\t\t<\/div>\n\t\t\t\t\t<\/div>\n\t\t\t\t<\/div>\n\t\t\t\t<\/div>\n\t\t","protected":false},"excerpt":{"rendered":"<p>Map Road Access Transport Map Padurea Neagra Road, District 1, Bucharest Ever since you turn left next to the Zoo, an alley opens..<\/p>\n","protected":false},"author":5,"featured_media":0,"parent":0,"menu_order":0,"comment_status":"closed","ping_status":"closed","template":"","meta":{"_acf_changed":false,"footnotes":""},"page-cat":[],"nr-camere":[],"class_list":["post-26848","page","type-page","status-publish","hentry"],"acf":[],"yoast_head":"<!-- This site is optimized with the Yoast SEO plugin v27.4 - https:\/\/yoast.com\/product\/yoast-seo-wordpress\/ -->\n<title>Location - Greenfield B\u0103neasa<\/title>\n<meta name=\"robots\" content=\"index, follow, max-snippet:-1, max-image-preview:large, max-video-preview:-1\" \/>\n<link rel=\"canonical\" href=\"https:\/\/www.greenfieldresidence.ro\/baneasa\/en\/location-3\/\" \/>\n<meta property=\"og:locale\" content=\"en_US\" \/>\n<meta property=\"og:type\" content=\"article\" \/>\n<meta property=\"og:title\" content=\"Location - Greenfield B\u0103neasa\" \/>\n<meta property=\"og:description\" content=\"Map Road Access Transport Map Padurea Neagra Road, District 1, Bucharest Ever since you turn left next to the Zoo, an alley opens..\" \/>\n<meta property=\"og:url\" content=\"https:\/\/www.greenfieldresidence.ro\/baneasa\/en\/location-3\/\" \/>\n<meta property=\"og:site_name\" content=\"Greenfield B\u0103neasa\" \/>\n<meta property=\"article:modified_time\" content=\"2025-01-15T11:37:17+00:00\" \/>\n<meta property=\"og:image\" content=\"https:\/\/www.greenfieldresidence.ro\/baneasa\/wp-content\/uploads\/2024\/12\/acces-greenfield-500x365c.jpg\" \/>\n\t<meta property=\"og:image:width\" content=\"500\" \/>\n\t<meta property=\"og:image:height\" content=\"340\" \/>\n\t<meta property=\"og:image:type\" content=\"image\/jpeg\" \/>\n<meta name=\"twitter:card\" content=\"summary_large_image\" \/>\n<script type=\"application\/ld+json\" class=\"yoast-schema-graph\">{\"@context\":\"https:\\\/\\\/schema.org\",\"@graph\":[{\"@type\":\"WebPage\",\"@id\":\"https:\\\/\\\/www.greenfieldresidence.ro\\\/baneasa\\\/en\\\/location-3\\\/\",\"url\":\"https:\\\/\\\/www.greenfieldresidence.ro\\\/baneasa\\\/en\\\/location-3\\\/\",\"name\":\"Location - Greenfield B\u0103neasa\",\"isPartOf\":{\"@id\":\"https:\\\/\\\/www.greenfieldresidence.ro\\\/baneasa\\\/en\\\/#website\"},\"primaryImageOfPage\":{\"@id\":\"https:\\\/\\\/www.greenfieldresidence.ro\\\/baneasa\\\/en\\\/location-3\\\/#primaryimage\"},\"image\":{\"@id\":\"https:\\\/\\\/www.greenfieldresidence.ro\\\/baneasa\\\/en\\\/location-3\\\/#primaryimage\"},\"thumbnailUrl\":\"https:\\\/\\\/www.greenfieldresidence.ro\\\/baneasa\\\/wp-content\\\/uploads\\\/2024\\\/12\\\/acces-greenfield-500x365c.jpg\",\"datePublished\":\"2024-12-09T11:31:18+00:00\",\"dateModified\":\"2025-01-15T11:37:17+00:00\",\"breadcrumb\":{\"@id\":\"https:\\\/\\\/www.greenfieldresidence.ro\\\/baneasa\\\/en\\\/location-3\\\/#breadcrumb\"},\"inLanguage\":\"en-US\",\"potentialAction\":[{\"@type\":\"ReadAction\",\"target\":[\"https:\\\/\\\/www.greenfieldresidence.ro\\\/baneasa\\\/en\\\/location-3\\\/\"]}]},{\"@type\":\"ImageObject\",\"inLanguage\":\"en-US\",\"@id\":\"https:\\\/\\\/www.greenfieldresidence.ro\\\/baneasa\\\/en\\\/location-3\\\/#primaryimage\",\"url\":\"https:\\\/\\\/www.greenfieldresidence.ro\\\/baneasa\\\/wp-content\\\/uploads\\\/2024\\\/12\\\/acces-greenfield-500x365c.jpg\",\"contentUrl\":\"https:\\\/\\\/www.greenfieldresidence.ro\\\/baneasa\\\/wp-content\\\/uploads\\\/2024\\\/12\\\/acces-greenfield-500x365c.jpg\"},{\"@type\":\"BreadcrumbList\",\"@id\":\"https:\\\/\\\/www.greenfieldresidence.ro\\\/baneasa\\\/en\\\/location-3\\\/#breadcrumb\",\"itemListElement\":[{\"@type\":\"ListItem\",\"position\":1,\"name\":\"Home\",\"item\":\"https:\\\/\\\/www.greenfieldresidence.ro\\\/baneasa\\\/en\\\/home\\\/\"},{\"@type\":\"ListItem\",\"position\":2,\"name\":\"Location\"}]},{\"@type\":\"WebSite\",\"@id\":\"https:\\\/\\\/www.greenfieldresidence.ro\\\/baneasa\\\/en\\\/#website\",\"url\":\"https:\\\/\\\/www.greenfieldresidence.ro\\\/baneasa\\\/en\\\/\",\"name\":\"Greenfield B\u0103neasa\",\"description\":\"Cartierul \u00eembr\u0103\u021bi\u0219at de p\u0103dure\",\"publisher\":{\"@id\":\"https:\\\/\\\/www.greenfieldresidence.ro\\\/baneasa\\\/en\\\/#organization\"},\"potentialAction\":[{\"@type\":\"SearchAction\",\"target\":{\"@type\":\"EntryPoint\",\"urlTemplate\":\"https:\\\/\\\/www.greenfieldresidence.ro\\\/baneasa\\\/en\\\/?s={search_term_string}\"},\"query-input\":{\"@type\":\"PropertyValueSpecification\",\"valueRequired\":true,\"valueName\":\"search_term_string\"}}],\"inLanguage\":\"en-US\"},{\"@type\":\"Organization\",\"@id\":\"https:\\\/\\\/www.greenfieldresidence.ro\\\/baneasa\\\/en\\\/#organization\",\"name\":\"Greenfield B\u0103neasa\",\"url\":\"https:\\\/\\\/www.greenfieldresidence.ro\\\/baneasa\\\/en\\\/\",\"logo\":{\"@type\":\"ImageObject\",\"inLanguage\":\"en-US\",\"@id\":\"https:\\\/\\\/www.greenfieldresidence.ro\\\/baneasa\\\/en\\\/#\\\/schema\\\/logo\\\/image\\\/\",\"url\":\"https:\\\/\\\/www.greenfieldresidence.ro\\\/baneasa\\\/wp-content\\\/uploads\\\/2020\\\/05\\\/logo.svg\",\"contentUrl\":\"https:\\\/\\\/www.greenfieldresidence.ro\\\/baneasa\\\/wp-content\\\/uploads\\\/2020\\\/05\\\/logo.svg\",\"caption\":\"Greenfield B\u0103neasa\"},\"image\":{\"@id\":\"https:\\\/\\\/www.greenfieldresidence.ro\\\/baneasa\\\/en\\\/#\\\/schema\\\/logo\\\/image\\\/\"}}]}<\/script>\n<!-- \/ Yoast SEO plugin. -->","yoast_head_json":{"title":"Location - Greenfield B\u0103neasa","robots":{"index":"index","follow":"follow","max-snippet":"max-snippet:-1","max-image-preview":"max-image-preview:large","max-video-preview":"max-video-preview:-1"},"canonical":"https:\/\/www.greenfieldresidence.ro\/baneasa\/en\/location-3\/","og_locale":"en_US","og_type":"article","og_title":"Location - Greenfield B\u0103neasa","og_description":"Map Road Access Transport Map Padurea Neagra Road, District 1, Bucharest Ever since you turn left next to the Zoo, an alley opens..","og_url":"https:\/\/www.greenfieldresidence.ro\/baneasa\/en\/location-3\/","og_site_name":"Greenfield B\u0103neasa","article_modified_time":"2025-01-15T11:37:17+00:00","og_image":[{"width":500,"height":340,"url":"https:\/\/www.greenfieldresidence.ro\/baneasa\/wp-content\/uploads\/2024\/12\/acces-greenfield-500x365c.jpg","type":"image\/jpeg"}],"twitter_card":"summary_large_image","schema":{"@context":"https:\/\/schema.org","@graph":[{"@type":"WebPage","@id":"https:\/\/www.greenfieldresidence.ro\/baneasa\/en\/location-3\/","url":"https:\/\/www.greenfieldresidence.ro\/baneasa\/en\/location-3\/","name":"Location - Greenfield B\u0103neasa","isPartOf":{"@id":"https:\/\/www.greenfieldresidence.ro\/baneasa\/en\/#website"},"primaryImageOfPage":{"@id":"https:\/\/www.greenfieldresidence.ro\/baneasa\/en\/location-3\/#primaryimage"},"image":{"@id":"https:\/\/www.greenfieldresidence.ro\/baneasa\/en\/location-3\/#primaryimage"},"thumbnailUrl":"https:\/\/www.greenfieldresidence.ro\/baneasa\/wp-content\/uploads\/2024\/12\/acces-greenfield-500x365c.jpg","datePublished":"2024-12-09T11:31:18+00:00","dateModified":"2025-01-15T11:37:17+00:00","breadcrumb":{"@id":"https:\/\/www.greenfieldresidence.ro\/baneasa\/en\/location-3\/#breadcrumb"},"inLanguage":"en-US","potentialAction":[{"@type":"ReadAction","target":["https:\/\/www.greenfieldresidence.ro\/baneasa\/en\/location-3\/"]}]},{"@type":"ImageObject","inLanguage":"en-US","@id":"https:\/\/www.greenfieldresidence.ro\/baneasa\/en\/location-3\/#primaryimage","url":"https:\/\/www.greenfieldresidence.ro\/baneasa\/wp-content\/uploads\/2024\/12\/acces-greenfield-500x365c.jpg","contentUrl":"https:\/\/www.greenfieldresidence.ro\/baneasa\/wp-content\/uploads\/2024\/12\/acces-greenfield-500x365c.jpg"},{"@type":"BreadcrumbList","@id":"https:\/\/www.greenfieldresidence.ro\/baneasa\/en\/location-3\/#breadcrumb","itemListElement":[{"@type":"ListItem","position":1,"name":"Home","item":"https:\/\/www.greenfieldresidence.ro\/baneasa\/en\/home\/"},{"@type":"ListItem","position":2,"name":"Location"}]},{"@type":"WebSite","@id":"https:\/\/www.greenfieldresidence.ro\/baneasa\/en\/#website","url":"https:\/\/www.greenfieldresidence.ro\/baneasa\/en\/","name":"Greenfield B\u0103neasa","description":"Cartierul \u00eembr\u0103\u021bi\u0219at de p\u0103dure","publisher":{"@id":"https:\/\/www.greenfieldresidence.ro\/baneasa\/en\/#organization"},"potentialAction":[{"@type":"SearchAction","target":{"@type":"EntryPoint","urlTemplate":"https:\/\/www.greenfieldresidence.ro\/baneasa\/en\/?s={search_term_string}"},"query-input":{"@type":"PropertyValueSpecification","valueRequired":true,"valueName":"search_term_string"}}],"inLanguage":"en-US"},{"@type":"Organization","@id":"https:\/\/www.greenfieldresidence.ro\/baneasa\/en\/#organization","name":"Greenfield B\u0103neasa","url":"https:\/\/www.greenfieldresidence.ro\/baneasa\/en\/","logo":{"@type":"ImageObject","inLanguage":"en-US","@id":"https:\/\/www.greenfieldresidence.ro\/baneasa\/en\/#\/schema\/logo\/image\/","url":"https:\/\/www.greenfieldresidence.ro\/baneasa\/wp-content\/uploads\/2020\/05\/logo.svg","contentUrl":"https:\/\/www.greenfieldresidence.ro\/baneasa\/wp-content\/uploads\/2020\/05\/logo.svg","caption":"Greenfield B\u0103neasa"},"image":{"@id":"https:\/\/www.greenfieldresidence.ro\/baneasa\/en\/#\/schema\/logo\/image\/"}}]}},"ACF":false,"_links":{"self":[{"href":"https:\/\/www.greenfieldresidence.ro\/baneasa\/en\/wp-json\/wp\/v2\/pages\/26848","targetHints":{"allow":["GET"]}}],"collection":[{"href":"https:\/\/www.greenfieldresidence.ro\/baneasa\/en\/wp-json\/wp\/v2\/pages"}],"about":[{"href":"https:\/\/www.greenfieldresidence.ro\/baneasa\/en\/wp-json\/wp\/v2\/types\/page"}],"author":[{"embeddable":true,"href":"https:\/\/www.greenfieldresidence.ro\/baneasa\/en\/wp-json\/wp\/v2\/users\/5"}],"replies":[{"embeddable":true,"href":"https:\/\/www.greenfieldresidence.ro\/baneasa\/en\/wp-json\/wp\/v2\/comments?post=26848"}],"version-history":[{"count":5,"href":"https:\/\/www.greenfieldresidence.ro\/baneasa\/en\/wp-json\/wp\/v2\/pages\/26848\/revisions"}],"predecessor-version":[{"id":26955,"href":"https:\/\/www.greenfieldresidence.ro\/baneasa\/en\/wp-json\/wp\/v2\/pages\/26848\/revisions\/26955"}],"wp:attachment":[{"href":"https:\/\/www.greenfieldresidence.ro\/baneasa\/en\/wp-json\/wp\/v2\/media?parent=26848"}],"wp:term":[{"taxonomy":"page-cat","embeddable":true,"href":"https:\/\/www.greenfieldresidence.ro\/baneasa\/en\/wp-json\/wp\/v2\/page-cat?post=26848"},{"taxonomy":"nr-camere","embeddable":true,"href":"https:\/\/www.greenfieldresidence.ro\/baneasa\/en\/wp-json\/wp\/v2\/nr-camere?post=26848"}],"curies":[{"name":"wp","href":"https:\/\/api.w.org\/{rel}","templated":true}]}}