{"id":23472,"date":"2024-05-15T16:07:31","date_gmt":"2024-05-15T13:07:31","guid":{"rendered":"https:\/\/www.greenfieldresidence.ro\/baneasa\/3-rooms-99-mp-with-garden\/"},"modified":"2024-10-16T17:20:58","modified_gmt":"2024-10-16T14:20:58","slug":"3-rooms-99-mp-with-garden","status":"publish","type":"page","link":"https:\/\/www.greenfieldresidence.ro\/baneasa\/en\/3-rooms-99-mp-with-garden\/","title":{"rendered":"3 Rooms 99 m<sup>2<\/sup> with Garden"},"content":{"rendered":"","protected":false},"excerpt":{"rendered":"","protected":false},"author":7,"featured_media":23473,"parent":0,"menu_order":0,"comment_status":"closed","ping_status":"closed","template":"templates\/apartment.php","meta":{"_acf_changed":false,"footnotes":""},"page-cat":[6092],"nr-camere":[6095],"class_list":["post-23472","page","type-page","status-publish","has-post-thumbnail","hentry","page-cat-apartamente","nr-camere-3-camere"],"acf":[],"yoast_head":"<!-- This site is optimized with the Yoast SEO plugin v27.2 - https:\/\/yoast.com\/product\/yoast-seo-wordpress\/ -->\n<title>3 Rooms 99 mp with Garden - Greenfield B\u0103neasa<\/title>\n<meta name=\"robots\" content=\"index, follow, max-snippet:-1, max-image-preview:large, max-video-preview:-1\" \/>\n<link rel=\"canonical\" href=\"https:\/\/www.greenfieldresidence.ro\/baneasa\/en\/3-rooms-99-mp-with-garden\/\" \/>\n<meta property=\"og:locale\" content=\"en_US\" \/>\n<meta property=\"og:type\" content=\"article\" \/>\n<meta property=\"og:title\" content=\"3 Rooms 99 mp with Garden - Greenfield B\u0103neasa\" \/>\n<meta property=\"og:url\" content=\"https:\/\/www.greenfieldresidence.ro\/baneasa\/en\/3-rooms-99-mp-with-garden\/\" \/>\n<meta property=\"og:site_name\" content=\"Greenfield B\u0103neasa\" \/>\n<meta property=\"article:modified_time\" content=\"2024-10-16T14:20:58+00:00\" \/>\n<meta property=\"og:image\" content=\"https:\/\/www.greenfieldresidence.ro\/baneasa\/wp-content\/uploads\/products\/18-teilor-3-camere-99-mp-cu-gradina.jpg\" \/>\n\t<meta property=\"og:image:width\" content=\"1500\" \/>\n\t<meta property=\"og:image:height\" content=\"1500\" \/>\n\t<meta property=\"og:image:type\" content=\"image\/jpeg\" \/>\n<meta name=\"twitter:card\" content=\"summary_large_image\" \/>\n<script type=\"application\/ld+json\" class=\"yoast-schema-graph\">{\"@context\":\"https:\/\/schema.org\",\"@graph\":[{\"@type\":\"WebPage\",\"@id\":\"https:\/\/www.greenfieldresidence.ro\/baneasa\/en\/3-rooms-99-mp-with-garden\/\",\"url\":\"https:\/\/www.greenfieldresidence.ro\/baneasa\/en\/3-rooms-99-mp-with-garden\/\",\"name\":\"3 Rooms 99 mp with Garden - Greenfield B\u0103neasa\",\"isPartOf\":{\"@id\":\"https:\/\/www.greenfieldresidence.ro\/baneasa\/en\/#website\"},\"primaryImageOfPage\":{\"@id\":\"https:\/\/www.greenfieldresidence.ro\/baneasa\/en\/3-rooms-99-mp-with-garden\/#primaryimage\"},\"image\":{\"@id\":\"https:\/\/www.greenfieldresidence.ro\/baneasa\/en\/3-rooms-99-mp-with-garden\/#primaryimage\"},\"thumbnailUrl\":\"https:\/\/www.greenfieldresidence.ro\/baneasa\/wp-content\/uploads\/products\/18-teilor-3-camere-99-mp-cu-gradina.jpg\",\"datePublished\":\"2024-05-15T13:07:31+00:00\",\"dateModified\":\"2024-10-16T14:20:58+00:00\",\"breadcrumb\":{\"@id\":\"https:\/\/www.greenfieldresidence.ro\/baneasa\/en\/3-rooms-99-mp-with-garden\/#breadcrumb\"},\"inLanguage\":\"en-US\",\"potentialAction\":[{\"@type\":\"ReadAction\",\"target\":[\"https:\/\/www.greenfieldresidence.ro\/baneasa\/en\/3-rooms-99-mp-with-garden\/\"]}]},{\"@type\":\"ImageObject\",\"inLanguage\":\"en-US\",\"@id\":\"https:\/\/www.greenfieldresidence.ro\/baneasa\/en\/3-rooms-99-mp-with-garden\/#primaryimage\",\"url\":\"https:\/\/www.greenfieldresidence.ro\/baneasa\/wp-content\/uploads\/products\/18-teilor-3-camere-99-mp-cu-gradina.jpg\",\"contentUrl\":\"https:\/\/www.greenfieldresidence.ro\/baneasa\/wp-content\/uploads\/products\/18-teilor-3-camere-99-mp-cu-gradina.jpg\",\"width\":1500,\"height\":1500},{\"@type\":\"BreadcrumbList\",\"@id\":\"https:\/\/www.greenfieldresidence.ro\/baneasa\/en\/3-rooms-99-mp-with-garden\/#breadcrumb\",\"itemListElement\":[{\"@type\":\"ListItem\",\"position\":1,\"name\":\"Home\",\"item\":\"https:\/\/www.greenfieldresidence.ro\/baneasa\/en\/home\/\"},{\"@type\":\"ListItem\",\"position\":2,\"name\":\"3 Rooms 99 mp with Garden\"}]},{\"@type\":\"WebSite\",\"@id\":\"https:\/\/www.greenfieldresidence.ro\/baneasa\/en\/#website\",\"url\":\"https:\/\/www.greenfieldresidence.ro\/baneasa\/en\/\",\"name\":\"Greenfield B\u0103neasa\",\"description\":\"Cartierul \u00eembr\u0103\u021bi\u0219at de p\u0103dure\",\"publisher\":{\"@id\":\"https:\/\/www.greenfieldresidence.ro\/baneasa\/en\/#organization\"},\"potentialAction\":[{\"@type\":\"SearchAction\",\"target\":{\"@type\":\"EntryPoint\",\"urlTemplate\":\"https:\/\/www.greenfieldresidence.ro\/baneasa\/en\/?s={search_term_string}\"},\"query-input\":{\"@type\":\"PropertyValueSpecification\",\"valueRequired\":true,\"valueName\":\"search_term_string\"}}],\"inLanguage\":\"en-US\"},{\"@type\":\"Organization\",\"@id\":\"https:\/\/www.greenfieldresidence.ro\/baneasa\/en\/#organization\",\"name\":\"Greenfield B\u0103neasa\",\"url\":\"https:\/\/www.greenfieldresidence.ro\/baneasa\/en\/\",\"logo\":{\"@type\":\"ImageObject\",\"inLanguage\":\"en-US\",\"@id\":\"https:\/\/www.greenfieldresidence.ro\/baneasa\/en\/#\/schema\/logo\/image\/\",\"url\":\"https:\/\/www.greenfieldresidence.ro\/baneasa\/wp-content\/uploads\/2020\/05\/logo.svg\",\"contentUrl\":\"https:\/\/www.greenfieldresidence.ro\/baneasa\/wp-content\/uploads\/2020\/05\/logo.svg\",\"caption\":\"Greenfield B\u0103neasa\"},\"image\":{\"@id\":\"https:\/\/www.greenfieldresidence.ro\/baneasa\/en\/#\/schema\/logo\/image\/\"}}]}<\/script>\n<!-- \/ Yoast SEO plugin. -->","yoast_head_json":{"title":"3 Rooms 99 mp with Garden - Greenfield B\u0103neasa","robots":{"index":"index","follow":"follow","max-snippet":"max-snippet:-1","max-image-preview":"max-image-preview:large","max-video-preview":"max-video-preview:-1"},"canonical":"https:\/\/www.greenfieldresidence.ro\/baneasa\/en\/3-rooms-99-mp-with-garden\/","og_locale":"en_US","og_type":"article","og_title":"3 Rooms 99 mp with Garden - Greenfield B\u0103neasa","og_url":"https:\/\/www.greenfieldresidence.ro\/baneasa\/en\/3-rooms-99-mp-with-garden\/","og_site_name":"Greenfield B\u0103neasa","article_modified_time":"2024-10-16T14:20:58+00:00","og_image":[{"width":1500,"height":1500,"url":"https:\/\/www.greenfieldresidence.ro\/baneasa\/wp-content\/uploads\/products\/18-teilor-3-camere-99-mp-cu-gradina.jpg","type":"image\/jpeg"}],"twitter_card":"summary_large_image","schema":{"@context":"https:\/\/schema.org","@graph":[{"@type":"WebPage","@id":"https:\/\/www.greenfieldresidence.ro\/baneasa\/en\/3-rooms-99-mp-with-garden\/","url":"https:\/\/www.greenfieldresidence.ro\/baneasa\/en\/3-rooms-99-mp-with-garden\/","name":"3 Rooms 99 mp with Garden - Greenfield B\u0103neasa","isPartOf":{"@id":"https:\/\/www.greenfieldresidence.ro\/baneasa\/en\/#website"},"primaryImageOfPage":{"@id":"https:\/\/www.greenfieldresidence.ro\/baneasa\/en\/3-rooms-99-mp-with-garden\/#primaryimage"},"image":{"@id":"https:\/\/www.greenfieldresidence.ro\/baneasa\/en\/3-rooms-99-mp-with-garden\/#primaryimage"},"thumbnailUrl":"https:\/\/www.greenfieldresidence.ro\/baneasa\/wp-content\/uploads\/products\/18-teilor-3-camere-99-mp-cu-gradina.jpg","datePublished":"2024-05-15T13:07:31+00:00","dateModified":"2024-10-16T14:20:58+00:00","breadcrumb":{"@id":"https:\/\/www.greenfieldresidence.ro\/baneasa\/en\/3-rooms-99-mp-with-garden\/#breadcrumb"},"inLanguage":"en-US","potentialAction":[{"@type":"ReadAction","target":["https:\/\/www.greenfieldresidence.ro\/baneasa\/en\/3-rooms-99-mp-with-garden\/"]}]},{"@type":"ImageObject","inLanguage":"en-US","@id":"https:\/\/www.greenfieldresidence.ro\/baneasa\/en\/3-rooms-99-mp-with-garden\/#primaryimage","url":"https:\/\/www.greenfieldresidence.ro\/baneasa\/wp-content\/uploads\/products\/18-teilor-3-camere-99-mp-cu-gradina.jpg","contentUrl":"https:\/\/www.greenfieldresidence.ro\/baneasa\/wp-content\/uploads\/products\/18-teilor-3-camere-99-mp-cu-gradina.jpg","width":1500,"height":1500},{"@type":"BreadcrumbList","@id":"https:\/\/www.greenfieldresidence.ro\/baneasa\/en\/3-rooms-99-mp-with-garden\/#breadcrumb","itemListElement":[{"@type":"ListItem","position":1,"name":"Home","item":"https:\/\/www.greenfieldresidence.ro\/baneasa\/en\/home\/"},{"@type":"ListItem","position":2,"name":"3 Rooms 99 mp with Garden"}]},{"@type":"WebSite","@id":"https:\/\/www.greenfieldresidence.ro\/baneasa\/en\/#website","url":"https:\/\/www.greenfieldresidence.ro\/baneasa\/en\/","name":"Greenfield B\u0103neasa","description":"Cartierul \u00eembr\u0103\u021bi\u0219at de p\u0103dure","publisher":{"@id":"https:\/\/www.greenfieldresidence.ro\/baneasa\/en\/#organization"},"potentialAction":[{"@type":"SearchAction","target":{"@type":"EntryPoint","urlTemplate":"https:\/\/www.greenfieldresidence.ro\/baneasa\/en\/?s={search_term_string}"},"query-input":{"@type":"PropertyValueSpecification","valueRequired":true,"valueName":"search_term_string"}}],"inLanguage":"en-US"},{"@type":"Organization","@id":"https:\/\/www.greenfieldresidence.ro\/baneasa\/en\/#organization","name":"Greenfield B\u0103neasa","url":"https:\/\/www.greenfieldresidence.ro\/baneasa\/en\/","logo":{"@type":"ImageObject","inLanguage":"en-US","@id":"https:\/\/www.greenfieldresidence.ro\/baneasa\/en\/#\/schema\/logo\/image\/","url":"https:\/\/www.greenfieldresidence.ro\/baneasa\/wp-content\/uploads\/2020\/05\/logo.svg","contentUrl":"https:\/\/www.greenfieldresidence.ro\/baneasa\/wp-content\/uploads\/2020\/05\/logo.svg","caption":"Greenfield B\u0103neasa"},"image":{"@id":"https:\/\/www.greenfieldresidence.ro\/baneasa\/en\/#\/schema\/logo\/image\/"}}]}},"ACF":{"phase":"teilor","Tip":"3 Camere","pret":"183,597 \u20ac","tva":"TVA","SC":"94.39","SU":"73.08","SB":"66.50","ST":"98.8","TG":"G","etaj":"P","stadiu":"Finalizat","imagini":[{"ID":23474,"id":23474,"title":"18-teilor-3-camere-99-mp-cu-gradina","filename":"18-teilor-3-camere-99-mp-cu-gradina.jpg","filesize":302532,"url":"https:\/\/www.greenfieldresidence.ro\/baneasa\/wp-content\/uploads\/products\/18-teilor-3-camere-99-mp-cu-gradina.jpg","link":"https:\/\/www.greenfieldresidence.ro\/baneasa\/en\/18-teilor-3-camere-99-mp-cu-gradina-2\/","alt":"","author":"7","description":"","caption":"","name":"18-teilor-3-camere-99-mp-cu-gradina-2","status":"inherit","uploaded_to":0,"date":"2024-05-15 13:07:32","modified":"2024-05-15 13:07:32","menu_order":0,"mime_type":"image\/jpeg","type":"image","subtype":"jpeg","icon":"https:\/\/www.greenfieldresidence.ro\/baneasa\/wp-includes\/images\/media\/default.png","width":1500,"height":1500,"sizes":{"thumbnail":"https:\/\/www.greenfieldresidence.ro\/baneasa\/wp-content\/uploads\/products\/18-teilor-3-camere-99-mp-cu-gradina.jpg","thumbnail-width":150,"thumbnail-height":150,"medium":"https:\/\/www.greenfieldresidence.ro\/baneasa\/wp-content\/uploads\/products\/18-teilor-3-camere-99-mp-cu-gradina.jpg","medium-width":300,"medium-height":300,"medium_large":"https:\/\/www.greenfieldresidence.ro\/baneasa\/wp-content\/uploads\/products\/18-teilor-3-camere-99-mp-cu-gradina.jpg","medium_large-width":768,"medium_large-height":768,"large":"https:\/\/www.greenfieldresidence.ro\/baneasa\/wp-content\/uploads\/products\/18-teilor-3-camere-99-mp-cu-gradina.jpg","large-width":1024,"large-height":1024,"main-slider":"https:\/\/www.greenfieldresidence.ro\/baneasa\/wp-content\/uploads\/products\/18-teilor-3-camere-99-mp-cu-gradina.jpg","main-slider-width":538,"main-slider-height":538,"main-slider-480":"https:\/\/www.greenfieldresidence.ro\/baneasa\/wp-content\/uploads\/products\/18-teilor-3-camere-99-mp-cu-gradina.jpg","main-slider-480-width":220,"main-slider-480-height":220,"product-listing":"https:\/\/www.greenfieldresidence.ro\/baneasa\/wp-content\/uploads\/products\/18-teilor-3-camere-99-mp-cu-gradina.jpg","product-listing-width":350,"product-listing-height":350,"product-listing-480":"https:\/\/www.greenfieldresidence.ro\/baneasa\/wp-content\/uploads\/products\/18-teilor-3-camere-99-mp-cu-gradina.jpg","product-listing-480-width":80,"product-listing-480-height":80,"product-page":"https:\/\/www.greenfieldresidence.ro\/baneasa\/wp-content\/uploads\/products\/18-teilor-3-camere-99-mp-cu-gradina.jpg","product-page-width":390,"product-page-height":390,"product-page-480":"https:\/\/www.greenfieldresidence.ro\/baneasa\/wp-content\/uploads\/products\/18-teilor-3-camere-99-mp-cu-gradina.jpg","product-page-480-width":360,"product-page-480-height":360,"product-page-thumbs":"https:\/\/www.greenfieldresidence.ro\/baneasa\/wp-content\/uploads\/products\/18-teilor-3-camere-99-mp-cu-gradina.jpg","product-page-thumbs-width":65,"product-page-thumbs-height":65,"product-page-gallery":"https:\/\/www.greenfieldresidence.ro\/baneasa\/wp-content\/uploads\/products\/18-teilor-3-camere-99-mp-cu-gradina.jpg","product-page-gallery-width":600,"product-page-gallery-height":600,"product-page-gallery-thumbs":"https:\/\/www.greenfieldresidence.ro\/baneasa\/wp-content\/uploads\/products\/18-teilor-3-camere-99-mp-cu-gradina.jpg","product-page-gallery-thumbs-width":150,"product-page-gallery-thumbs-height":150,"bottom-gallery":"https:\/\/www.greenfieldresidence.ro\/baneasa\/wp-content\/uploads\/products\/18-teilor-3-camere-99-mp-cu-gradina.jpg","bottom-gallery-width":500,"bottom-gallery-height":500,"bottom-gallery-480":"https:\/\/www.greenfieldresidence.ro\/baneasa\/wp-content\/uploads\/products\/18-teilor-3-camere-99-mp-cu-gradina.jpg","bottom-gallery-480-width":220,"bottom-gallery-480-height":220,"bottom-gallery-thumb":"https:\/\/www.greenfieldresidence.ro\/baneasa\/wp-content\/uploads\/products\/18-teilor-3-camere-99-mp-cu-gradina.jpg","bottom-gallery-thumb-width":140,"bottom-gallery-thumb-height":140,"blog-posts-listing":"https:\/\/www.greenfieldresidence.ro\/baneasa\/wp-content\/uploads\/products\/18-teilor-3-camere-99-mp-cu-gradina.jpg","blog-posts-listing-width":220,"blog-posts-listing-height":220,"testimonials-img-size":"https:\/\/www.greenfieldresidence.ro\/baneasa\/wp-content\/uploads\/products\/18-teilor-3-camere-99-mp-cu-gradina.jpg","testimonials-img-size-width":60,"testimonials-img-size-height":60,"apartments-gallery":"https:\/\/www.greenfieldresidence.ro\/baneasa\/wp-content\/uploads\/products\/18-teilor-3-camere-99-mp-cu-gradina.jpg","apartments-gallery-width":370,"apartments-gallery-height":370,"apartments-gallery-980":"https:\/\/www.greenfieldresidence.ro\/baneasa\/wp-content\/uploads\/products\/18-teilor-3-camere-99-mp-cu-gradina.jpg","apartments-gallery-980-width":678,"apartments-gallery-980-height":678,"apartments-gallery-480":"https:\/\/www.greenfieldresidence.ro\/baneasa\/wp-content\/uploads\/products\/18-teilor-3-camere-99-mp-cu-gradina.jpg","apartments-gallery-480-width":200,"apartments-gallery-480-height":200,"apartments-gallery-thumb":"https:\/\/www.greenfieldresidence.ro\/baneasa\/wp-content\/uploads\/products\/18-teilor-3-camere-99-mp-cu-gradina.jpg","apartments-gallery-thumb-width":65,"apartments-gallery-thumb-height":65,"contact-picture":"https:\/\/www.greenfieldresidence.ro\/baneasa\/wp-content\/uploads\/products\/18-teilor-3-camere-99-mp-cu-gradina.jpg","contact-picture-width":504,"contact-picture-height":504,"team-image":"https:\/\/www.greenfieldresidence.ro\/baneasa\/wp-content\/uploads\/products\/18-teilor-3-camere-99-mp-cu-gradina.jpg","team-image-width":315,"team-image-height":315,"poster-image":"https:\/\/www.greenfieldresidence.ro\/baneasa\/wp-content\/uploads\/products\/18-teilor-3-camere-99-mp-cu-gradina.jpg","poster-image-width":365,"poster-image-height":365,"phases-image":"https:\/\/www.greenfieldresidence.ro\/baneasa\/wp-content\/uploads\/products\/18-teilor-3-camere-99-mp-cu-gradina.jpg","phases-image-width":1500,"phases-image-height":1500,"lifestyle-slider":"https:\/\/www.greenfieldresidence.ro\/baneasa\/wp-content\/uploads\/products\/18-teilor-3-camere-99-mp-cu-gradina.jpg","lifestyle-slider-width":538,"lifestyle-slider-height":538,"lifestyle-slider-480":"https:\/\/www.greenfieldresidence.ro\/baneasa\/wp-content\/uploads\/products\/18-teilor-3-camere-99-mp-cu-gradina.jpg","lifestyle-slider-480-width":220,"lifestyle-slider-480-height":220,"blog-size":"https:\/\/www.greenfieldresidence.ro\/baneasa\/wp-content\/uploads\/products\/18-teilor-3-camere-99-mp-cu-gradina.jpg","blog-size-width":250,"blog-size-height":250}}]},"_links":{"self":[{"href":"https:\/\/www.greenfieldresidence.ro\/baneasa\/en\/wp-json\/wp\/v2\/pages\/23472","targetHints":{"allow":["GET"]}}],"collection":[{"href":"https:\/\/www.greenfieldresidence.ro\/baneasa\/en\/wp-json\/wp\/v2\/pages"}],"about":[{"href":"https:\/\/www.greenfieldresidence.ro\/baneasa\/en\/wp-json\/wp\/v2\/types\/page"}],"author":[{"embeddable":true,"href":"https:\/\/www.greenfieldresidence.ro\/baneasa\/en\/wp-json\/wp\/v2\/users\/7"}],"replies":[{"embeddable":true,"href":"https:\/\/www.greenfieldresidence.ro\/baneasa\/en\/wp-json\/wp\/v2\/comments?post=23472"}],"version-history":[{"count":1,"href":"https:\/\/www.greenfieldresidence.ro\/baneasa\/en\/wp-json\/wp\/v2\/pages\/23472\/revisions"}],"predecessor-version":[{"id":24553,"href":"https:\/\/www.greenfieldresidence.ro\/baneasa\/en\/wp-json\/wp\/v2\/pages\/23472\/revisions\/24553"}],"wp:featuredmedia":[{"embeddable":true,"href":"https:\/\/www.greenfieldresidence.ro\/baneasa\/en\/wp-json\/wp\/v2\/media\/23473"}],"wp:attachment":[{"href":"https:\/\/www.greenfieldresidence.ro\/baneasa\/en\/wp-json\/wp\/v2\/media?parent=23472"}],"wp:term":[{"taxonomy":"page-cat","embeddable":true,"href":"https:\/\/www.greenfieldresidence.ro\/baneasa\/en\/wp-json\/wp\/v2\/page-cat?post=23472"},{"taxonomy":"nr-camere","embeddable":true,"href":"https:\/\/www.greenfieldresidence.ro\/baneasa\/en\/wp-json\/wp\/v2\/nr-camere?post=23472"}],"curies":[{"name":"wp","href":"https:\/\/api.w.org\/{rel}","templated":true}]}}