{"id":23420,"date":"2024-05-15T16:07:25","date_gmt":"2024-05-15T13:07:25","guid":{"rendered":"https:\/\/www.greenfieldresidence.ro\/baneasa\/2-rooms-76-mp\/"},"modified":"2024-10-16T17:20:38","modified_gmt":"2024-10-16T14:20:38","slug":"2-rooms-76-mp","status":"publish","type":"page","link":"https:\/\/www.greenfieldresidence.ro\/baneasa\/en\/2-rooms-76-mp\/","title":{"rendered":"2 Rooms 76 m<sup>2<\/sup>"},"content":{"rendered":"","protected":false},"excerpt":{"rendered":"","protected":false},"author":7,"featured_media":23421,"parent":0,"menu_order":0,"comment_status":"closed","ping_status":"closed","template":"templates\/apartment.php","meta":{"_acf_changed":false,"footnotes":""},"page-cat":[6092],"nr-camere":[6093],"class_list":["post-23420","page","type-page","status-publish","has-post-thumbnail","hentry","page-cat-apartamente","nr-camere-2-camere"],"acf":[],"yoast_head":"<!-- This site is optimized with the Yoast SEO plugin v27.2 - https:\/\/yoast.com\/product\/yoast-seo-wordpress\/ -->\n<title>2 Rooms 76 mp - Greenfield B\u0103neasa<\/title>\n<meta name=\"robots\" content=\"index, follow, max-snippet:-1, max-image-preview:large, max-video-preview:-1\" \/>\n<link rel=\"canonical\" href=\"https:\/\/www.greenfieldresidence.ro\/baneasa\/en\/2-rooms-76-mp\/\" \/>\n<meta property=\"og:locale\" content=\"en_US\" \/>\n<meta property=\"og:type\" content=\"article\" \/>\n<meta property=\"og:title\" content=\"2 Rooms 76 mp - Greenfield B\u0103neasa\" \/>\n<meta property=\"og:url\" content=\"https:\/\/www.greenfieldresidence.ro\/baneasa\/en\/2-rooms-76-mp\/\" \/>\n<meta property=\"og:site_name\" content=\"Greenfield B\u0103neasa\" \/>\n<meta property=\"article:modified_time\" content=\"2024-10-16T14:20:38+00:00\" \/>\n<meta property=\"og:image\" content=\"https:\/\/www.greenfieldresidence.ro\/baneasa\/wp-content\/uploads\/products\/5-teilor-2-camere-76-mp.jpg\" \/>\n\t<meta property=\"og:image:width\" content=\"1500\" \/>\n\t<meta property=\"og:image:height\" content=\"1500\" \/>\n\t<meta property=\"og:image:type\" content=\"image\/jpeg\" \/>\n<meta name=\"twitter:card\" content=\"summary_large_image\" \/>\n<script type=\"application\/ld+json\" class=\"yoast-schema-graph\">{\"@context\":\"https:\/\/schema.org\",\"@graph\":[{\"@type\":\"WebPage\",\"@id\":\"https:\/\/www.greenfieldresidence.ro\/baneasa\/en\/2-rooms-76-mp\/\",\"url\":\"https:\/\/www.greenfieldresidence.ro\/baneasa\/en\/2-rooms-76-mp\/\",\"name\":\"2 Rooms 76 mp - Greenfield B\u0103neasa\",\"isPartOf\":{\"@id\":\"https:\/\/www.greenfieldresidence.ro\/baneasa\/en\/#website\"},\"primaryImageOfPage\":{\"@id\":\"https:\/\/www.greenfieldresidence.ro\/baneasa\/en\/2-rooms-76-mp\/#primaryimage\"},\"image\":{\"@id\":\"https:\/\/www.greenfieldresidence.ro\/baneasa\/en\/2-rooms-76-mp\/#primaryimage\"},\"thumbnailUrl\":\"https:\/\/www.greenfieldresidence.ro\/baneasa\/wp-content\/uploads\/products\/5-teilor-2-camere-76-mp.jpg\",\"datePublished\":\"2024-05-15T13:07:25+00:00\",\"dateModified\":\"2024-10-16T14:20:38+00:00\",\"breadcrumb\":{\"@id\":\"https:\/\/www.greenfieldresidence.ro\/baneasa\/en\/2-rooms-76-mp\/#breadcrumb\"},\"inLanguage\":\"en-US\",\"potentialAction\":[{\"@type\":\"ReadAction\",\"target\":[\"https:\/\/www.greenfieldresidence.ro\/baneasa\/en\/2-rooms-76-mp\/\"]}]},{\"@type\":\"ImageObject\",\"inLanguage\":\"en-US\",\"@id\":\"https:\/\/www.greenfieldresidence.ro\/baneasa\/en\/2-rooms-76-mp\/#primaryimage\",\"url\":\"https:\/\/www.greenfieldresidence.ro\/baneasa\/wp-content\/uploads\/products\/5-teilor-2-camere-76-mp.jpg\",\"contentUrl\":\"https:\/\/www.greenfieldresidence.ro\/baneasa\/wp-content\/uploads\/products\/5-teilor-2-camere-76-mp.jpg\",\"width\":1500,\"height\":1500,\"caption\":\"Apartament 2 Camere, 76 m2\"},{\"@type\":\"BreadcrumbList\",\"@id\":\"https:\/\/www.greenfieldresidence.ro\/baneasa\/en\/2-rooms-76-mp\/#breadcrumb\",\"itemListElement\":[{\"@type\":\"ListItem\",\"position\":1,\"name\":\"Home\",\"item\":\"https:\/\/www.greenfieldresidence.ro\/baneasa\/en\/home\/\"},{\"@type\":\"ListItem\",\"position\":2,\"name\":\"2 Rooms 76 mp\"}]},{\"@type\":\"WebSite\",\"@id\":\"https:\/\/www.greenfieldresidence.ro\/baneasa\/en\/#website\",\"url\":\"https:\/\/www.greenfieldresidence.ro\/baneasa\/en\/\",\"name\":\"Greenfield B\u0103neasa\",\"description\":\"Cartierul \u00eembr\u0103\u021bi\u0219at de p\u0103dure\",\"publisher\":{\"@id\":\"https:\/\/www.greenfieldresidence.ro\/baneasa\/en\/#organization\"},\"potentialAction\":[{\"@type\":\"SearchAction\",\"target\":{\"@type\":\"EntryPoint\",\"urlTemplate\":\"https:\/\/www.greenfieldresidence.ro\/baneasa\/en\/?s={search_term_string}\"},\"query-input\":{\"@type\":\"PropertyValueSpecification\",\"valueRequired\":true,\"valueName\":\"search_term_string\"}}],\"inLanguage\":\"en-US\"},{\"@type\":\"Organization\",\"@id\":\"https:\/\/www.greenfieldresidence.ro\/baneasa\/en\/#organization\",\"name\":\"Greenfield B\u0103neasa\",\"url\":\"https:\/\/www.greenfieldresidence.ro\/baneasa\/en\/\",\"logo\":{\"@type\":\"ImageObject\",\"inLanguage\":\"en-US\",\"@id\":\"https:\/\/www.greenfieldresidence.ro\/baneasa\/en\/#\/schema\/logo\/image\/\",\"url\":\"https:\/\/www.greenfieldresidence.ro\/baneasa\/wp-content\/uploads\/2020\/05\/logo.svg\",\"contentUrl\":\"https:\/\/www.greenfieldresidence.ro\/baneasa\/wp-content\/uploads\/2020\/05\/logo.svg\",\"caption\":\"Greenfield B\u0103neasa\"},\"image\":{\"@id\":\"https:\/\/www.greenfieldresidence.ro\/baneasa\/en\/#\/schema\/logo\/image\/\"}}]}<\/script>\n<!-- \/ Yoast SEO plugin. -->","yoast_head_json":{"title":"2 Rooms 76 mp - Greenfield B\u0103neasa","robots":{"index":"index","follow":"follow","max-snippet":"max-snippet:-1","max-image-preview":"max-image-preview:large","max-video-preview":"max-video-preview:-1"},"canonical":"https:\/\/www.greenfieldresidence.ro\/baneasa\/en\/2-rooms-76-mp\/","og_locale":"en_US","og_type":"article","og_title":"2 Rooms 76 mp - Greenfield B\u0103neasa","og_url":"https:\/\/www.greenfieldresidence.ro\/baneasa\/en\/2-rooms-76-mp\/","og_site_name":"Greenfield B\u0103neasa","article_modified_time":"2024-10-16T14:20:38+00:00","og_image":[{"width":1500,"height":1500,"url":"https:\/\/www.greenfieldresidence.ro\/baneasa\/wp-content\/uploads\/products\/5-teilor-2-camere-76-mp.jpg","type":"image\/jpeg"}],"twitter_card":"summary_large_image","schema":{"@context":"https:\/\/schema.org","@graph":[{"@type":"WebPage","@id":"https:\/\/www.greenfieldresidence.ro\/baneasa\/en\/2-rooms-76-mp\/","url":"https:\/\/www.greenfieldresidence.ro\/baneasa\/en\/2-rooms-76-mp\/","name":"2 Rooms 76 mp - Greenfield B\u0103neasa","isPartOf":{"@id":"https:\/\/www.greenfieldresidence.ro\/baneasa\/en\/#website"},"primaryImageOfPage":{"@id":"https:\/\/www.greenfieldresidence.ro\/baneasa\/en\/2-rooms-76-mp\/#primaryimage"},"image":{"@id":"https:\/\/www.greenfieldresidence.ro\/baneasa\/en\/2-rooms-76-mp\/#primaryimage"},"thumbnailUrl":"https:\/\/www.greenfieldresidence.ro\/baneasa\/wp-content\/uploads\/products\/5-teilor-2-camere-76-mp.jpg","datePublished":"2024-05-15T13:07:25+00:00","dateModified":"2024-10-16T14:20:38+00:00","breadcrumb":{"@id":"https:\/\/www.greenfieldresidence.ro\/baneasa\/en\/2-rooms-76-mp\/#breadcrumb"},"inLanguage":"en-US","potentialAction":[{"@type":"ReadAction","target":["https:\/\/www.greenfieldresidence.ro\/baneasa\/en\/2-rooms-76-mp\/"]}]},{"@type":"ImageObject","inLanguage":"en-US","@id":"https:\/\/www.greenfieldresidence.ro\/baneasa\/en\/2-rooms-76-mp\/#primaryimage","url":"https:\/\/www.greenfieldresidence.ro\/baneasa\/wp-content\/uploads\/products\/5-teilor-2-camere-76-mp.jpg","contentUrl":"https:\/\/www.greenfieldresidence.ro\/baneasa\/wp-content\/uploads\/products\/5-teilor-2-camere-76-mp.jpg","width":1500,"height":1500,"caption":"Apartament 2 Camere, 76 m2"},{"@type":"BreadcrumbList","@id":"https:\/\/www.greenfieldresidence.ro\/baneasa\/en\/2-rooms-76-mp\/#breadcrumb","itemListElement":[{"@type":"ListItem","position":1,"name":"Home","item":"https:\/\/www.greenfieldresidence.ro\/baneasa\/en\/home\/"},{"@type":"ListItem","position":2,"name":"2 Rooms 76 mp"}]},{"@type":"WebSite","@id":"https:\/\/www.greenfieldresidence.ro\/baneasa\/en\/#website","url":"https:\/\/www.greenfieldresidence.ro\/baneasa\/en\/","name":"Greenfield B\u0103neasa","description":"Cartierul \u00eembr\u0103\u021bi\u0219at de p\u0103dure","publisher":{"@id":"https:\/\/www.greenfieldresidence.ro\/baneasa\/en\/#organization"},"potentialAction":[{"@type":"SearchAction","target":{"@type":"EntryPoint","urlTemplate":"https:\/\/www.greenfieldresidence.ro\/baneasa\/en\/?s={search_term_string}"},"query-input":{"@type":"PropertyValueSpecification","valueRequired":true,"valueName":"search_term_string"}}],"inLanguage":"en-US"},{"@type":"Organization","@id":"https:\/\/www.greenfieldresidence.ro\/baneasa\/en\/#organization","name":"Greenfield B\u0103neasa","url":"https:\/\/www.greenfieldresidence.ro\/baneasa\/en\/","logo":{"@type":"ImageObject","inLanguage":"en-US","@id":"https:\/\/www.greenfieldresidence.ro\/baneasa\/en\/#\/schema\/logo\/image\/","url":"https:\/\/www.greenfieldresidence.ro\/baneasa\/wp-content\/uploads\/2020\/05\/logo.svg","contentUrl":"https:\/\/www.greenfieldresidence.ro\/baneasa\/wp-content\/uploads\/2020\/05\/logo.svg","caption":"Greenfield B\u0103neasa"},"image":{"@id":"https:\/\/www.greenfieldresidence.ro\/baneasa\/en\/#\/schema\/logo\/image\/"}}]}},"ACF":{"phase":"teilor","Tip":"2 Camere","pret":"119,970 \u20ac","tva":"TVA","SC":"67.62","badge":"9% VAT","SU":"60.78","SB":"8.62","ST":"76.24","TG":"T","etaj":"1-10","stadiu":"Finalizat","imagini":[{"ID":23422,"id":23422,"title":"5-teilor-2-camere-76-mp","filename":"5-teilor-2-camere-76-mp.jpg","filesize":594998,"url":"https:\/\/www.greenfieldresidence.ro\/baneasa\/wp-content\/uploads\/products\/5-teilor-2-camere-76-mp.jpg","link":"https:\/\/www.greenfieldresidence.ro\/baneasa\/en\/5-teilor-2-camere-76-mp-2\/","alt":"Apartament 2 Camere, 76 m2","author":"7","description":"Apartament 2 Camere, 76 m2","caption":"Apartament 2 Camere, 76 m2","name":"5-teilor-2-camere-76-mp-2","status":"inherit","uploaded_to":0,"date":"2024-05-15 13:07:25","modified":"2025-06-30 07:34:04","menu_order":0,"mime_type":"image\/jpeg","type":"image","subtype":"jpeg","icon":"https:\/\/www.greenfieldresidence.ro\/baneasa\/wp-includes\/images\/media\/default.png","width":1500,"height":1500,"sizes":{"thumbnail":"https:\/\/www.greenfieldresidence.ro\/baneasa\/wp-content\/uploads\/products\/5-teilor-2-camere-76-mp.jpg","thumbnail-width":150,"thumbnail-height":150,"medium":"https:\/\/www.greenfieldresidence.ro\/baneasa\/wp-content\/uploads\/products\/5-teilor-2-camere-76-mp.jpg","medium-width":300,"medium-height":300,"medium_large":"https:\/\/www.greenfieldresidence.ro\/baneasa\/wp-content\/uploads\/products\/5-teilor-2-camere-76-mp.jpg","medium_large-width":768,"medium_large-height":768,"large":"https:\/\/www.greenfieldresidence.ro\/baneasa\/wp-content\/uploads\/products\/5-teilor-2-camere-76-mp.jpg","large-width":1024,"large-height":1024,"main-slider":"https:\/\/www.greenfieldresidence.ro\/baneasa\/wp-content\/uploads\/products\/5-teilor-2-camere-76-mp.jpg","main-slider-width":538,"main-slider-height":538,"main-slider-480":"https:\/\/www.greenfieldresidence.ro\/baneasa\/wp-content\/uploads\/products\/5-teilor-2-camere-76-mp.jpg","main-slider-480-width":220,"main-slider-480-height":220,"product-listing":"https:\/\/www.greenfieldresidence.ro\/baneasa\/wp-content\/uploads\/products\/5-teilor-2-camere-76-mp.jpg","product-listing-width":350,"product-listing-height":350,"product-listing-480":"https:\/\/www.greenfieldresidence.ro\/baneasa\/wp-content\/uploads\/products\/5-teilor-2-camere-76-mp.jpg","product-listing-480-width":80,"product-listing-480-height":80,"product-page":"https:\/\/www.greenfieldresidence.ro\/baneasa\/wp-content\/uploads\/products\/5-teilor-2-camere-76-mp.jpg","product-page-width":390,"product-page-height":390,"product-page-480":"https:\/\/www.greenfieldresidence.ro\/baneasa\/wp-content\/uploads\/products\/5-teilor-2-camere-76-mp.jpg","product-page-480-width":360,"product-page-480-height":360,"product-page-thumbs":"https:\/\/www.greenfieldresidence.ro\/baneasa\/wp-content\/uploads\/products\/5-teilor-2-camere-76-mp.jpg","product-page-thumbs-width":65,"product-page-thumbs-height":65,"product-page-gallery":"https:\/\/www.greenfieldresidence.ro\/baneasa\/wp-content\/uploads\/products\/5-teilor-2-camere-76-mp.jpg","product-page-gallery-width":600,"product-page-gallery-height":600,"product-page-gallery-thumbs":"https:\/\/www.greenfieldresidence.ro\/baneasa\/wp-content\/uploads\/products\/5-teilor-2-camere-76-mp.jpg","product-page-gallery-thumbs-width":150,"product-page-gallery-thumbs-height":150,"bottom-gallery":"https:\/\/www.greenfieldresidence.ro\/baneasa\/wp-content\/uploads\/products\/5-teilor-2-camere-76-mp.jpg","bottom-gallery-width":500,"bottom-gallery-height":500,"bottom-gallery-480":"https:\/\/www.greenfieldresidence.ro\/baneasa\/wp-content\/uploads\/products\/5-teilor-2-camere-76-mp.jpg","bottom-gallery-480-width":220,"bottom-gallery-480-height":220,"bottom-gallery-thumb":"https:\/\/www.greenfieldresidence.ro\/baneasa\/wp-content\/uploads\/products\/5-teilor-2-camere-76-mp.jpg","bottom-gallery-thumb-width":140,"bottom-gallery-thumb-height":140,"blog-posts-listing":"https:\/\/www.greenfieldresidence.ro\/baneasa\/wp-content\/uploads\/products\/5-teilor-2-camere-76-mp.jpg","blog-posts-listing-width":220,"blog-posts-listing-height":220,"testimonials-img-size":"https:\/\/www.greenfieldresidence.ro\/baneasa\/wp-content\/uploads\/products\/5-teilor-2-camere-76-mp.jpg","testimonials-img-size-width":60,"testimonials-img-size-height":60,"apartments-gallery":"https:\/\/www.greenfieldresidence.ro\/baneasa\/wp-content\/uploads\/products\/5-teilor-2-camere-76-mp.jpg","apartments-gallery-width":370,"apartments-gallery-height":370,"apartments-gallery-980":"https:\/\/www.greenfieldresidence.ro\/baneasa\/wp-content\/uploads\/products\/5-teilor-2-camere-76-mp.jpg","apartments-gallery-980-width":678,"apartments-gallery-980-height":678,"apartments-gallery-480":"https:\/\/www.greenfieldresidence.ro\/baneasa\/wp-content\/uploads\/products\/5-teilor-2-camere-76-mp.jpg","apartments-gallery-480-width":200,"apartments-gallery-480-height":200,"apartments-gallery-thumb":"https:\/\/www.greenfieldresidence.ro\/baneasa\/wp-content\/uploads\/products\/5-teilor-2-camere-76-mp.jpg","apartments-gallery-thumb-width":65,"apartments-gallery-thumb-height":65,"contact-picture":"https:\/\/www.greenfieldresidence.ro\/baneasa\/wp-content\/uploads\/products\/5-teilor-2-camere-76-mp.jpg","contact-picture-width":504,"contact-picture-height":504,"team-image":"https:\/\/www.greenfieldresidence.ro\/baneasa\/wp-content\/uploads\/products\/5-teilor-2-camere-76-mp.jpg","team-image-width":315,"team-image-height":315,"poster-image":"https:\/\/www.greenfieldresidence.ro\/baneasa\/wp-content\/uploads\/products\/5-teilor-2-camere-76-mp.jpg","poster-image-width":365,"poster-image-height":365,"phases-image":"https:\/\/www.greenfieldresidence.ro\/baneasa\/wp-content\/uploads\/products\/5-teilor-2-camere-76-mp.jpg","phases-image-width":1500,"phases-image-height":1500,"lifestyle-slider":"https:\/\/www.greenfieldresidence.ro\/baneasa\/wp-content\/uploads\/products\/5-teilor-2-camere-76-mp.jpg","lifestyle-slider-width":538,"lifestyle-slider-height":538,"lifestyle-slider-480":"https:\/\/www.greenfieldresidence.ro\/baneasa\/wp-content\/uploads\/products\/5-teilor-2-camere-76-mp.jpg","lifestyle-slider-480-width":220,"lifestyle-slider-480-height":220,"blog-size":"https:\/\/www.greenfieldresidence.ro\/baneasa\/wp-content\/uploads\/products\/5-teilor-2-camere-76-mp.jpg","blog-size-width":250,"blog-size-height":250}}]},"_links":{"self":[{"href":"https:\/\/www.greenfieldresidence.ro\/baneasa\/en\/wp-json\/wp\/v2\/pages\/23420","targetHints":{"allow":["GET"]}}],"collection":[{"href":"https:\/\/www.greenfieldresidence.ro\/baneasa\/en\/wp-json\/wp\/v2\/pages"}],"about":[{"href":"https:\/\/www.greenfieldresidence.ro\/baneasa\/en\/wp-json\/wp\/v2\/types\/page"}],"author":[{"embeddable":true,"href":"https:\/\/www.greenfieldresidence.ro\/baneasa\/en\/wp-json\/wp\/v2\/users\/7"}],"replies":[{"embeddable":true,"href":"https:\/\/www.greenfieldresidence.ro\/baneasa\/en\/wp-json\/wp\/v2\/comments?post=23420"}],"version-history":[{"count":1,"href":"https:\/\/www.greenfieldresidence.ro\/baneasa\/en\/wp-json\/wp\/v2\/pages\/23420\/revisions"}],"predecessor-version":[{"id":24545,"href":"https:\/\/www.greenfieldresidence.ro\/baneasa\/en\/wp-json\/wp\/v2\/pages\/23420\/revisions\/24545"}],"wp:featuredmedia":[{"embeddable":true,"href":"https:\/\/www.greenfieldresidence.ro\/baneasa\/en\/wp-json\/wp\/v2\/media\/23421"}],"wp:attachment":[{"href":"https:\/\/www.greenfieldresidence.ro\/baneasa\/en\/wp-json\/wp\/v2\/media?parent=23420"}],"wp:term":[{"taxonomy":"page-cat","embeddable":true,"href":"https:\/\/www.greenfieldresidence.ro\/baneasa\/en\/wp-json\/wp\/v2\/page-cat?post=23420"},{"taxonomy":"nr-camere","embeddable":true,"href":"https:\/\/www.greenfieldresidence.ro\/baneasa\/en\/wp-json\/wp\/v2\/nr-camere?post=23420"}],"curies":[{"name":"wp","href":"https:\/\/api.w.org\/{rel}","templated":true}]}}