{"id":13961,"date":"2021-05-05T13:06:54","date_gmt":"2021-05-05T10:06:54","guid":{"rendered":"https:\/\/www.greenfieldresidence.ro\/baneasa\/services\/apartments-for-rent\/for-rent-apartament-4-camere-3\/"},"modified":"2022-03-14T19:15:21","modified_gmt":"2022-03-14T17:15:21","slug":"for-rent-apartament-4-camere-3","status":"publish","type":"page","link":"https:\/\/www.greenfieldresidence.ro\/baneasa\/en\/services\/apartments-for-rent\/for-rent-apartament-4-camere-3\/","title":{"rendered":"Apartament 4 Camere"},"content":{"rendered":"<p>De \u00eenchiriat!\u00a0Apartament 4 camere\u00a0situat la etaj 2 din 5, cu 3 b\u0103i, 2 locuri de parcare, complet mobilat \u0219i utilat. Apartamentul are central\u0103 proprie, \u00eenc\u0103lzire prin pardoseal\u0103, aer condi\u021bionat, contoare utilit\u0103\u021bi separate, internet de mare vitez\u0103, Wi-Fi, dar \u0219i o teras\u0103 spa\u021bioas\u0103 cu vedere spre p\u0103dure!<\/p>\n","protected":false},"excerpt":{"rendered":"<p>De \u00eenchiriat!\u00a0Apartament 4 camere\u00a0situat la etaj 2 din 5, cu 3 b\u0103i, 2 locuri de parcare, complet mobilat \u0219i utilat. Apartamentul are central\u0103..<\/p>\n","protected":false},"author":1,"featured_media":13962,"parent":2830,"menu_order":0,"comment_status":"closed","ping_status":"closed","template":"templates\/rent.php","meta":{"_acf_changed":false,"footnotes":""},"page-cat":[],"nr-camere":[],"class_list":["post-13961","page","type-page","status-publish","has-post-thumbnail","hentry"],"acf":[],"yoast_head":"<!-- This site is optimized with the Yoast SEO plugin v27.2 - https:\/\/yoast.com\/product\/yoast-seo-wordpress\/ -->\n<title>Apartament 4 Camere - Greenfield B\u0103neasa<\/title>\n<meta name=\"robots\" content=\"index, follow, max-snippet:-1, max-image-preview:large, max-video-preview:-1\" \/>\n<link rel=\"canonical\" href=\"https:\/\/www.greenfieldresidence.ro\/baneasa\/en\/services\/apartments-for-rent\/for-rent-apartament-4-camere-3\/\" \/>\n<meta property=\"og:locale\" content=\"en_US\" \/>\n<meta property=\"og:type\" content=\"article\" \/>\n<meta property=\"og:title\" content=\"Apartament 4 Camere - Greenfield B\u0103neasa\" \/>\n<meta property=\"og:description\" content=\"De \u00eenchiriat!\u00a0Apartament 4 camere\u00a0situat la etaj 2 din 5, cu 3 b\u0103i, 2 locuri de parcare, complet mobilat \u0219i utilat. Apartamentul are central\u0103..\" \/>\n<meta property=\"og:url\" content=\"https:\/\/www.greenfieldresidence.ro\/baneasa\/en\/services\/apartments-for-rent\/for-rent-apartament-4-camere-3\/\" \/>\n<meta property=\"og:site_name\" content=\"Greenfield B\u0103neasa\" \/>\n<meta property=\"article:modified_time\" content=\"2022-03-14T17:15:21+00:00\" \/>\n<meta property=\"og:image\" content=\"https:\/\/www.greenfieldresidence.ro\/baneasa\/wp-content\/uploads\/rents\/10-apartament-4-camere.jpg\" \/>\n\t<meta property=\"og:image:width\" content=\"800\" \/>\n\t<meta property=\"og:image:height\" content=\"600\" \/>\n\t<meta property=\"og:image:type\" content=\"image\/jpeg\" \/>\n<meta name=\"twitter:card\" content=\"summary_large_image\" \/>\n<script type=\"application\/ld+json\" class=\"yoast-schema-graph\">{\"@context\":\"https:\/\/schema.org\",\"@graph\":[{\"@type\":\"WebPage\",\"@id\":\"https:\/\/www.greenfieldresidence.ro\/baneasa\/en\/services\/apartments-for-rent\/for-rent-apartament-4-camere-3\/\",\"url\":\"https:\/\/www.greenfieldresidence.ro\/baneasa\/en\/services\/apartments-for-rent\/for-rent-apartament-4-camere-3\/\",\"name\":\"Apartament 4 Camere - Greenfield B\u0103neasa\",\"isPartOf\":{\"@id\":\"https:\/\/www.greenfieldresidence.ro\/baneasa\/en\/#website\"},\"primaryImageOfPage\":{\"@id\":\"https:\/\/www.greenfieldresidence.ro\/baneasa\/en\/services\/apartments-for-rent\/for-rent-apartament-4-camere-3\/#primaryimage\"},\"image\":{\"@id\":\"https:\/\/www.greenfieldresidence.ro\/baneasa\/en\/services\/apartments-for-rent\/for-rent-apartament-4-camere-3\/#primaryimage\"},\"thumbnailUrl\":\"https:\/\/www.greenfieldresidence.ro\/baneasa\/wp-content\/uploads\/rents\/10-apartament-4-camere.jpg\",\"datePublished\":\"2021-05-05T10:06:54+00:00\",\"dateModified\":\"2022-03-14T17:15:21+00:00\",\"breadcrumb\":{\"@id\":\"https:\/\/www.greenfieldresidence.ro\/baneasa\/en\/services\/apartments-for-rent\/for-rent-apartament-4-camere-3\/#breadcrumb\"},\"inLanguage\":\"en-US\",\"potentialAction\":[{\"@type\":\"ReadAction\",\"target\":[\"https:\/\/www.greenfieldresidence.ro\/baneasa\/en\/services\/apartments-for-rent\/for-rent-apartament-4-camere-3\/\"]}]},{\"@type\":\"ImageObject\",\"inLanguage\":\"en-US\",\"@id\":\"https:\/\/www.greenfieldresidence.ro\/baneasa\/en\/services\/apartments-for-rent\/for-rent-apartament-4-camere-3\/#primaryimage\",\"url\":\"https:\/\/www.greenfieldresidence.ro\/baneasa\/wp-content\/uploads\/rents\/10-apartament-4-camere.jpg\",\"contentUrl\":\"https:\/\/www.greenfieldresidence.ro\/baneasa\/wp-content\/uploads\/rents\/10-apartament-4-camere.jpg\",\"width\":800,\"height\":600},{\"@type\":\"BreadcrumbList\",\"@id\":\"https:\/\/www.greenfieldresidence.ro\/baneasa\/en\/services\/apartments-for-rent\/for-rent-apartament-4-camere-3\/#breadcrumb\",\"itemListElement\":[{\"@type\":\"ListItem\",\"position\":1,\"name\":\"Home\",\"item\":\"https:\/\/www.greenfieldresidence.ro\/baneasa\/en\/home\/\"},{\"@type\":\"ListItem\",\"position\":2,\"name\":\"Services\",\"item\":\"https:\/\/www.greenfieldresidence.ro\/baneasa\/en\/services\/\"},{\"@type\":\"ListItem\",\"position\":3,\"name\":\"Apartments for rent\",\"item\":\"https:\/\/www.greenfieldresidence.ro\/baneasa\/en\/?page_id=2830\"},{\"@type\":\"ListItem\",\"position\":4,\"name\":\"Apartament 4 Camere\"}]},{\"@type\":\"WebSite\",\"@id\":\"https:\/\/www.greenfieldresidence.ro\/baneasa\/en\/#website\",\"url\":\"https:\/\/www.greenfieldresidence.ro\/baneasa\/en\/\",\"name\":\"Greenfield B\u0103neasa\",\"description\":\"Cartierul \u00eembr\u0103\u021bi\u0219at de p\u0103dure\",\"publisher\":{\"@id\":\"https:\/\/www.greenfieldresidence.ro\/baneasa\/en\/#organization\"},\"potentialAction\":[{\"@type\":\"SearchAction\",\"target\":{\"@type\":\"EntryPoint\",\"urlTemplate\":\"https:\/\/www.greenfieldresidence.ro\/baneasa\/en\/?s={search_term_string}\"},\"query-input\":{\"@type\":\"PropertyValueSpecification\",\"valueRequired\":true,\"valueName\":\"search_term_string\"}}],\"inLanguage\":\"en-US\"},{\"@type\":\"Organization\",\"@id\":\"https:\/\/www.greenfieldresidence.ro\/baneasa\/en\/#organization\",\"name\":\"Greenfield B\u0103neasa\",\"url\":\"https:\/\/www.greenfieldresidence.ro\/baneasa\/en\/\",\"logo\":{\"@type\":\"ImageObject\",\"inLanguage\":\"en-US\",\"@id\":\"https:\/\/www.greenfieldresidence.ro\/baneasa\/en\/#\/schema\/logo\/image\/\",\"url\":\"https:\/\/www.greenfieldresidence.ro\/baneasa\/wp-content\/uploads\/2020\/05\/logo.svg\",\"contentUrl\":\"https:\/\/www.greenfieldresidence.ro\/baneasa\/wp-content\/uploads\/2020\/05\/logo.svg\",\"caption\":\"Greenfield B\u0103neasa\"},\"image\":{\"@id\":\"https:\/\/www.greenfieldresidence.ro\/baneasa\/en\/#\/schema\/logo\/image\/\"}}]}<\/script>\n<!-- \/ Yoast SEO plugin. -->","yoast_head_json":{"title":"Apartament 4 Camere - Greenfield B\u0103neasa","robots":{"index":"index","follow":"follow","max-snippet":"max-snippet:-1","max-image-preview":"max-image-preview:large","max-video-preview":"max-video-preview:-1"},"canonical":"https:\/\/www.greenfieldresidence.ro\/baneasa\/en\/services\/apartments-for-rent\/for-rent-apartament-4-camere-3\/","og_locale":"en_US","og_type":"article","og_title":"Apartament 4 Camere - Greenfield B\u0103neasa","og_description":"De \u00eenchiriat!\u00a0Apartament 4 camere\u00a0situat la etaj 2 din 5, cu 3 b\u0103i, 2 locuri de parcare, complet mobilat \u0219i utilat. Apartamentul are central\u0103..","og_url":"https:\/\/www.greenfieldresidence.ro\/baneasa\/en\/services\/apartments-for-rent\/for-rent-apartament-4-camere-3\/","og_site_name":"Greenfield B\u0103neasa","article_modified_time":"2022-03-14T17:15:21+00:00","og_image":[{"width":800,"height":600,"url":"https:\/\/www.greenfieldresidence.ro\/baneasa\/wp-content\/uploads\/rents\/10-apartament-4-camere.jpg","type":"image\/jpeg"}],"twitter_card":"summary_large_image","schema":{"@context":"https:\/\/schema.org","@graph":[{"@type":"WebPage","@id":"https:\/\/www.greenfieldresidence.ro\/baneasa\/en\/services\/apartments-for-rent\/for-rent-apartament-4-camere-3\/","url":"https:\/\/www.greenfieldresidence.ro\/baneasa\/en\/services\/apartments-for-rent\/for-rent-apartament-4-camere-3\/","name":"Apartament 4 Camere - Greenfield B\u0103neasa","isPartOf":{"@id":"https:\/\/www.greenfieldresidence.ro\/baneasa\/en\/#website"},"primaryImageOfPage":{"@id":"https:\/\/www.greenfieldresidence.ro\/baneasa\/en\/services\/apartments-for-rent\/for-rent-apartament-4-camere-3\/#primaryimage"},"image":{"@id":"https:\/\/www.greenfieldresidence.ro\/baneasa\/en\/services\/apartments-for-rent\/for-rent-apartament-4-camere-3\/#primaryimage"},"thumbnailUrl":"https:\/\/www.greenfieldresidence.ro\/baneasa\/wp-content\/uploads\/rents\/10-apartament-4-camere.jpg","datePublished":"2021-05-05T10:06:54+00:00","dateModified":"2022-03-14T17:15:21+00:00","breadcrumb":{"@id":"https:\/\/www.greenfieldresidence.ro\/baneasa\/en\/services\/apartments-for-rent\/for-rent-apartament-4-camere-3\/#breadcrumb"},"inLanguage":"en-US","potentialAction":[{"@type":"ReadAction","target":["https:\/\/www.greenfieldresidence.ro\/baneasa\/en\/services\/apartments-for-rent\/for-rent-apartament-4-camere-3\/"]}]},{"@type":"ImageObject","inLanguage":"en-US","@id":"https:\/\/www.greenfieldresidence.ro\/baneasa\/en\/services\/apartments-for-rent\/for-rent-apartament-4-camere-3\/#primaryimage","url":"https:\/\/www.greenfieldresidence.ro\/baneasa\/wp-content\/uploads\/rents\/10-apartament-4-camere.jpg","contentUrl":"https:\/\/www.greenfieldresidence.ro\/baneasa\/wp-content\/uploads\/rents\/10-apartament-4-camere.jpg","width":800,"height":600},{"@type":"BreadcrumbList","@id":"https:\/\/www.greenfieldresidence.ro\/baneasa\/en\/services\/apartments-for-rent\/for-rent-apartament-4-camere-3\/#breadcrumb","itemListElement":[{"@type":"ListItem","position":1,"name":"Home","item":"https:\/\/www.greenfieldresidence.ro\/baneasa\/en\/home\/"},{"@type":"ListItem","position":2,"name":"Services","item":"https:\/\/www.greenfieldresidence.ro\/baneasa\/en\/services\/"},{"@type":"ListItem","position":3,"name":"Apartments for rent","item":"https:\/\/www.greenfieldresidence.ro\/baneasa\/en\/?page_id=2830"},{"@type":"ListItem","position":4,"name":"Apartament 4 Camere"}]},{"@type":"WebSite","@id":"https:\/\/www.greenfieldresidence.ro\/baneasa\/en\/#website","url":"https:\/\/www.greenfieldresidence.ro\/baneasa\/en\/","name":"Greenfield B\u0103neasa","description":"Cartierul \u00eembr\u0103\u021bi\u0219at de p\u0103dure","publisher":{"@id":"https:\/\/www.greenfieldresidence.ro\/baneasa\/en\/#organization"},"potentialAction":[{"@type":"SearchAction","target":{"@type":"EntryPoint","urlTemplate":"https:\/\/www.greenfieldresidence.ro\/baneasa\/en\/?s={search_term_string}"},"query-input":{"@type":"PropertyValueSpecification","valueRequired":true,"valueName":"search_term_string"}}],"inLanguage":"en-US"},{"@type":"Organization","@id":"https:\/\/www.greenfieldresidence.ro\/baneasa\/en\/#organization","name":"Greenfield B\u0103neasa","url":"https:\/\/www.greenfieldresidence.ro\/baneasa\/en\/","logo":{"@type":"ImageObject","inLanguage":"en-US","@id":"https:\/\/www.greenfieldresidence.ro\/baneasa\/en\/#\/schema\/logo\/image\/","url":"https:\/\/www.greenfieldresidence.ro\/baneasa\/wp-content\/uploads\/2020\/05\/logo.svg","contentUrl":"https:\/\/www.greenfieldresidence.ro\/baneasa\/wp-content\/uploads\/2020\/05\/logo.svg","caption":"Greenfield B\u0103neasa"},"image":{"@id":"https:\/\/www.greenfieldresidence.ro\/baneasa\/en\/#\/schema\/logo\/image\/"}}]}},"ACF":{"Pret":"1,000 \u20ac","Status":"0","Status_Text":"Rented","images":[{"ID":22142,"id":22142,"title":"10-apartament-4-camere","filename":"10-apartament-4-camere.jpg","filesize":80653,"url":"https:\/\/www.greenfieldresidence.ro\/baneasa\/wp-content\/uploads\/rents\/10-apartament-4-camere.jpg","link":"https:\/\/www.greenfieldresidence.ro\/baneasa\/en\/10-apartament-4-camere-2\/","alt":"","author":"1","description":"","caption":"","name":"10-apartament-4-camere-2","status":"inherit","uploaded_to":0,"date":"2021-05-05 10:06:54","modified":"2021-05-05 10:06:54","menu_order":0,"mime_type":"image\/jpeg","type":"image","subtype":"jpeg","icon":"https:\/\/www.greenfieldresidence.ro\/baneasa\/wp-includes\/images\/media\/default.png","width":800,"height":600,"sizes":{"thumbnail":"https:\/\/www.greenfieldresidence.ro\/baneasa\/wp-content\/uploads\/rents\/10-apartament-4-camere.jpg","thumbnail-width":150,"thumbnail-height":113,"medium":"https:\/\/www.greenfieldresidence.ro\/baneasa\/wp-content\/uploads\/rents\/10-apartament-4-camere.jpg","medium-width":300,"medium-height":225,"medium_large":"https:\/\/www.greenfieldresidence.ro\/baneasa\/wp-content\/uploads\/rents\/10-apartament-4-camere.jpg","medium_large-width":768,"medium_large-height":576,"large":"https:\/\/www.greenfieldresidence.ro\/baneasa\/wp-content\/uploads\/rents\/10-apartament-4-camere.jpg","large-width":800,"large-height":600,"main-slider":"https:\/\/www.greenfieldresidence.ro\/baneasa\/wp-content\/uploads\/rents\/10-apartament-4-camere.jpg","main-slider-width":717,"main-slider-height":538,"main-slider-480":"https:\/\/www.greenfieldresidence.ro\/baneasa\/wp-content\/uploads\/rents\/10-apartament-4-camere.jpg","main-slider-480-width":293,"main-slider-480-height":220,"product-listing":"https:\/\/www.greenfieldresidence.ro\/baneasa\/wp-content\/uploads\/rents\/10-apartament-4-camere.jpg","product-listing-width":400,"product-listing-height":300,"product-listing-480":"https:\/\/www.greenfieldresidence.ro\/baneasa\/wp-content\/uploads\/rents\/10-apartament-4-camere.jpg","product-listing-480-width":80,"product-listing-480-height":60,"product-page":"https:\/\/www.greenfieldresidence.ro\/baneasa\/wp-content\/uploads\/rents\/10-apartament-4-camere.jpg","product-page-width":390,"product-page-height":293,"product-page-480":"https:\/\/www.greenfieldresidence.ro\/baneasa\/wp-content\/uploads\/rents\/10-apartament-4-camere.jpg","product-page-480-width":360,"product-page-480-height":270,"product-page-thumbs":"https:\/\/www.greenfieldresidence.ro\/baneasa\/wp-content\/uploads\/rents\/10-apartament-4-camere.jpg","product-page-thumbs-width":65,"product-page-thumbs-height":49,"product-page-gallery":"https:\/\/www.greenfieldresidence.ro\/baneasa\/wp-content\/uploads\/rents\/10-apartament-4-camere.jpg","product-page-gallery-width":600,"product-page-gallery-height":450,"product-page-gallery-thumbs":"https:\/\/www.greenfieldresidence.ro\/baneasa\/wp-content\/uploads\/rents\/10-apartament-4-camere.jpg","product-page-gallery-thumbs-width":150,"product-page-gallery-thumbs-height":113,"bottom-gallery":"https:\/\/www.greenfieldresidence.ro\/baneasa\/wp-content\/uploads\/rents\/10-apartament-4-camere.jpg","bottom-gallery-width":667,"bottom-gallery-height":500,"bottom-gallery-480":"https:\/\/www.greenfieldresidence.ro\/baneasa\/wp-content\/uploads\/rents\/10-apartament-4-camere.jpg","bottom-gallery-480-width":293,"bottom-gallery-480-height":220,"bottom-gallery-thumb":"https:\/\/www.greenfieldresidence.ro\/baneasa\/wp-content\/uploads\/rents\/10-apartament-4-camere.jpg","bottom-gallery-thumb-width":187,"bottom-gallery-thumb-height":140,"blog-posts-listing":"https:\/\/www.greenfieldresidence.ro\/baneasa\/wp-content\/uploads\/rents\/10-apartament-4-camere.jpg","blog-posts-listing-width":293,"blog-posts-listing-height":220,"testimonials-img-size":"https:\/\/www.greenfieldresidence.ro\/baneasa\/wp-content\/uploads\/rents\/10-apartament-4-camere.jpg","testimonials-img-size-width":60,"testimonials-img-size-height":45,"apartments-gallery":"https:\/\/www.greenfieldresidence.ro\/baneasa\/wp-content\/uploads\/rents\/10-apartament-4-camere.jpg","apartments-gallery-width":370,"apartments-gallery-height":278,"apartments-gallery-980":"https:\/\/www.greenfieldresidence.ro\/baneasa\/wp-content\/uploads\/rents\/10-apartament-4-camere.jpg","apartments-gallery-980-width":678,"apartments-gallery-980-height":509,"apartments-gallery-480":"https:\/\/www.greenfieldresidence.ro\/baneasa\/wp-content\/uploads\/rents\/10-apartament-4-camere.jpg","apartments-gallery-480-width":267,"apartments-gallery-480-height":200,"apartments-gallery-thumb":"https:\/\/www.greenfieldresidence.ro\/baneasa\/wp-content\/uploads\/rents\/10-apartament-4-camere.jpg","apartments-gallery-thumb-width":65,"apartments-gallery-thumb-height":49,"contact-picture":"https:\/\/www.greenfieldresidence.ro\/baneasa\/wp-content\/uploads\/rents\/10-apartament-4-camere.jpg","contact-picture-width":672,"contact-picture-height":504,"team-image":"https:\/\/www.greenfieldresidence.ro\/baneasa\/wp-content\/uploads\/rents\/10-apartament-4-camere.jpg","team-image-width":315,"team-image-height":236,"poster-image":"https:\/\/www.greenfieldresidence.ro\/baneasa\/wp-content\/uploads\/rents\/10-apartament-4-camere.jpg","poster-image-width":487,"poster-image-height":365,"phases-image":"https:\/\/www.greenfieldresidence.ro\/baneasa\/wp-content\/uploads\/rents\/10-apartament-4-camere.jpg","phases-image-width":800,"phases-image-height":600,"lifestyle-slider":"https:\/\/www.greenfieldresidence.ro\/baneasa\/wp-content\/uploads\/rents\/10-apartament-4-camere.jpg","lifestyle-slider-width":717,"lifestyle-slider-height":538,"lifestyle-slider-480":"https:\/\/www.greenfieldresidence.ro\/baneasa\/wp-content\/uploads\/rents\/10-apartament-4-camere.jpg","lifestyle-slider-480-width":293,"lifestyle-slider-480-height":220,"blog-size":"https:\/\/www.greenfieldresidence.ro\/baneasa\/wp-content\/uploads\/rents\/10-apartament-4-camere.jpg","blog-size-width":333,"blog-size-height":250}}],"Telefon":""},"_links":{"self":[{"href":"https:\/\/www.greenfieldresidence.ro\/baneasa\/en\/wp-json\/wp\/v2\/pages\/13961","targetHints":{"allow":["GET"]}}],"collection":[{"href":"https:\/\/www.greenfieldresidence.ro\/baneasa\/en\/wp-json\/wp\/v2\/pages"}],"about":[{"href":"https:\/\/www.greenfieldresidence.ro\/baneasa\/en\/wp-json\/wp\/v2\/types\/page"}],"author":[{"embeddable":true,"href":"https:\/\/www.greenfieldresidence.ro\/baneasa\/en\/wp-json\/wp\/v2\/users\/1"}],"replies":[{"embeddable":true,"href":"https:\/\/www.greenfieldresidence.ro\/baneasa\/en\/wp-json\/wp\/v2\/comments?post=13961"}],"version-history":[{"count":2,"href":"https:\/\/www.greenfieldresidence.ro\/baneasa\/en\/wp-json\/wp\/v2\/pages\/13961\/revisions"}],"predecessor-version":[{"id":17019,"href":"https:\/\/www.greenfieldresidence.ro\/baneasa\/en\/wp-json\/wp\/v2\/pages\/13961\/revisions\/17019"}],"up":[{"embeddable":true,"href":"https:\/\/www.greenfieldresidence.ro\/baneasa\/en\/wp-json\/wp\/v2\/pages\/2830"}],"wp:featuredmedia":[{"embeddable":true,"href":"https:\/\/www.greenfieldresidence.ro\/baneasa\/en\/wp-json\/wp\/v2\/media\/13962"}],"wp:attachment":[{"href":"https:\/\/www.greenfieldresidence.ro\/baneasa\/en\/wp-json\/wp\/v2\/media?parent=13961"}],"wp:term":[{"taxonomy":"page-cat","embeddable":true,"href":"https:\/\/www.greenfieldresidence.ro\/baneasa\/en\/wp-json\/wp\/v2\/page-cat?post=13961"},{"taxonomy":"nr-camere","embeddable":true,"href":"https:\/\/www.greenfieldresidence.ro\/baneasa\/en\/wp-json\/wp\/v2\/nr-camere?post=13961"}],"curies":[{"name":"wp","href":"https:\/\/api.w.org\/{rel}","templated":true}]}}