{"id":13958,"date":"2021-05-05T13:06:53","date_gmt":"2021-05-05T10:06:53","guid":{"rendered":"https:\/\/www.greenfieldresidence.ro\/baneasa\/services\/apartments-for-rent\/for-rent-apartament-4-camere-2\/"},"modified":"2022-03-14T19:15:14","modified_gmt":"2022-03-14T17:15:14","slug":"for-rent-apartament-4-camere-2","status":"publish","type":"page","link":"https:\/\/www.greenfieldresidence.ro\/baneasa\/en\/services\/apartments-for-rent\/for-rent-apartament-4-camere-2\/","title":{"rendered":"Apartament 4 Camere"},"content":{"rendered":"<p>De \u00eenchiriat! Apartament de 4 camere, mobilat complet \u0219i utilat. Imobilul este prev\u0103zut cu 3 grupuri sanitare, living orientat spre apus, iar dormitoarele au toate vedere spre p\u0103dure. Etaj 3\/5.<\/p>\n<p>Pute\u021bi solicita mai multe fotografii cu apartamentul la mailul: greenfield@greenfieldresidence.ro<\/p>\n","protected":false},"excerpt":{"rendered":"<p>De \u00eenchiriat! Apartament de 4 camere, mobilat complet \u0219i utilat. Imobilul este prev\u0103zut cu 3 grupuri sanitare, living orientat spre apus, iar dormitoarele..<\/p>\n","protected":false},"author":1,"featured_media":13959,"parent":2830,"menu_order":0,"comment_status":"closed","ping_status":"closed","template":"templates\/rent.php","meta":{"_acf_changed":false,"footnotes":""},"page-cat":[],"nr-camere":[],"class_list":["post-13958","page","type-page","status-publish","has-post-thumbnail","hentry"],"acf":[],"yoast_head":"<!-- This site is optimized with the Yoast SEO plugin v27.2 - https:\/\/yoast.com\/product\/yoast-seo-wordpress\/ -->\n<title>Apartament 4 Camere - Greenfield B\u0103neasa<\/title>\n<meta name=\"robots\" content=\"index, follow, max-snippet:-1, max-image-preview:large, max-video-preview:-1\" \/>\n<link rel=\"canonical\" href=\"https:\/\/www.greenfieldresidence.ro\/baneasa\/en\/services\/apartments-for-rent\/for-rent-apartament-4-camere-2\/\" \/>\n<meta property=\"og:locale\" content=\"en_US\" \/>\n<meta property=\"og:type\" content=\"article\" \/>\n<meta property=\"og:title\" content=\"Apartament 4 Camere - Greenfield B\u0103neasa\" \/>\n<meta property=\"og:description\" content=\"De \u00eenchiriat! Apartament de 4 camere, mobilat complet \u0219i utilat. Imobilul este prev\u0103zut cu 3 grupuri sanitare, living orientat spre apus, iar dormitoarele..\" \/>\n<meta property=\"og:url\" content=\"https:\/\/www.greenfieldresidence.ro\/baneasa\/en\/services\/apartments-for-rent\/for-rent-apartament-4-camere-2\/\" \/>\n<meta property=\"og:site_name\" content=\"Greenfield B\u0103neasa\" \/>\n<meta property=\"article:modified_time\" content=\"2022-03-14T17:15:14+00:00\" \/>\n<meta property=\"og:image\" content=\"https:\/\/www.greenfieldresidence.ro\/baneasa\/wp-content\/uploads\/rents\/9-apartament-4-camere.jpg\" \/>\n\t<meta property=\"og:image:width\" content=\"1157\" \/>\n\t<meta property=\"og:image:height\" content=\"768\" \/>\n\t<meta property=\"og:image:type\" content=\"image\/jpeg\" \/>\n<meta name=\"twitter:card\" content=\"summary_large_image\" \/>\n<script type=\"application\/ld+json\" class=\"yoast-schema-graph\">{\"@context\":\"https:\/\/schema.org\",\"@graph\":[{\"@type\":\"WebPage\",\"@id\":\"https:\/\/www.greenfieldresidence.ro\/baneasa\/en\/services\/apartments-for-rent\/for-rent-apartament-4-camere-2\/\",\"url\":\"https:\/\/www.greenfieldresidence.ro\/baneasa\/en\/services\/apartments-for-rent\/for-rent-apartament-4-camere-2\/\",\"name\":\"Apartament 4 Camere - Greenfield B\u0103neasa\",\"isPartOf\":{\"@id\":\"https:\/\/www.greenfieldresidence.ro\/baneasa\/en\/#website\"},\"primaryImageOfPage\":{\"@id\":\"https:\/\/www.greenfieldresidence.ro\/baneasa\/en\/services\/apartments-for-rent\/for-rent-apartament-4-camere-2\/#primaryimage\"},\"image\":{\"@id\":\"https:\/\/www.greenfieldresidence.ro\/baneasa\/en\/services\/apartments-for-rent\/for-rent-apartament-4-camere-2\/#primaryimage\"},\"thumbnailUrl\":\"https:\/\/www.greenfieldresidence.ro\/baneasa\/wp-content\/uploads\/rents\/9-apartament-4-camere.jpg\",\"datePublished\":\"2021-05-05T10:06:53+00:00\",\"dateModified\":\"2022-03-14T17:15:14+00:00\",\"breadcrumb\":{\"@id\":\"https:\/\/www.greenfieldresidence.ro\/baneasa\/en\/services\/apartments-for-rent\/for-rent-apartament-4-camere-2\/#breadcrumb\"},\"inLanguage\":\"en-US\",\"potentialAction\":[{\"@type\":\"ReadAction\",\"target\":[\"https:\/\/www.greenfieldresidence.ro\/baneasa\/en\/services\/apartments-for-rent\/for-rent-apartament-4-camere-2\/\"]}]},{\"@type\":\"ImageObject\",\"inLanguage\":\"en-US\",\"@id\":\"https:\/\/www.greenfieldresidence.ro\/baneasa\/en\/services\/apartments-for-rent\/for-rent-apartament-4-camere-2\/#primaryimage\",\"url\":\"https:\/\/www.greenfieldresidence.ro\/baneasa\/wp-content\/uploads\/rents\/9-apartament-4-camere.jpg\",\"contentUrl\":\"https:\/\/www.greenfieldresidence.ro\/baneasa\/wp-content\/uploads\/rents\/9-apartament-4-camere.jpg\",\"width\":1157,\"height\":768},{\"@type\":\"BreadcrumbList\",\"@id\":\"https:\/\/www.greenfieldresidence.ro\/baneasa\/en\/services\/apartments-for-rent\/for-rent-apartament-4-camere-2\/#breadcrumb\",\"itemListElement\":[{\"@type\":\"ListItem\",\"position\":1,\"name\":\"Home\",\"item\":\"https:\/\/www.greenfieldresidence.ro\/baneasa\/en\/home\/\"},{\"@type\":\"ListItem\",\"position\":2,\"name\":\"Services\",\"item\":\"https:\/\/www.greenfieldresidence.ro\/baneasa\/en\/services\/\"},{\"@type\":\"ListItem\",\"position\":3,\"name\":\"Apartments for rent\",\"item\":\"https:\/\/www.greenfieldresidence.ro\/baneasa\/en\/?page_id=2830\"},{\"@type\":\"ListItem\",\"position\":4,\"name\":\"Apartament 4 Camere\"}]},{\"@type\":\"WebSite\",\"@id\":\"https:\/\/www.greenfieldresidence.ro\/baneasa\/en\/#website\",\"url\":\"https:\/\/www.greenfieldresidence.ro\/baneasa\/en\/\",\"name\":\"Greenfield B\u0103neasa\",\"description\":\"Cartierul \u00eembr\u0103\u021bi\u0219at de p\u0103dure\",\"publisher\":{\"@id\":\"https:\/\/www.greenfieldresidence.ro\/baneasa\/en\/#organization\"},\"potentialAction\":[{\"@type\":\"SearchAction\",\"target\":{\"@type\":\"EntryPoint\",\"urlTemplate\":\"https:\/\/www.greenfieldresidence.ro\/baneasa\/en\/?s={search_term_string}\"},\"query-input\":{\"@type\":\"PropertyValueSpecification\",\"valueRequired\":true,\"valueName\":\"search_term_string\"}}],\"inLanguage\":\"en-US\"},{\"@type\":\"Organization\",\"@id\":\"https:\/\/www.greenfieldresidence.ro\/baneasa\/en\/#organization\",\"name\":\"Greenfield B\u0103neasa\",\"url\":\"https:\/\/www.greenfieldresidence.ro\/baneasa\/en\/\",\"logo\":{\"@type\":\"ImageObject\",\"inLanguage\":\"en-US\",\"@id\":\"https:\/\/www.greenfieldresidence.ro\/baneasa\/en\/#\/schema\/logo\/image\/\",\"url\":\"https:\/\/www.greenfieldresidence.ro\/baneasa\/wp-content\/uploads\/2020\/05\/logo.svg\",\"contentUrl\":\"https:\/\/www.greenfieldresidence.ro\/baneasa\/wp-content\/uploads\/2020\/05\/logo.svg\",\"caption\":\"Greenfield B\u0103neasa\"},\"image\":{\"@id\":\"https:\/\/www.greenfieldresidence.ro\/baneasa\/en\/#\/schema\/logo\/image\/\"}}]}<\/script>\n<!-- \/ Yoast SEO plugin. -->","yoast_head_json":{"title":"Apartament 4 Camere - Greenfield B\u0103neasa","robots":{"index":"index","follow":"follow","max-snippet":"max-snippet:-1","max-image-preview":"max-image-preview:large","max-video-preview":"max-video-preview:-1"},"canonical":"https:\/\/www.greenfieldresidence.ro\/baneasa\/en\/services\/apartments-for-rent\/for-rent-apartament-4-camere-2\/","og_locale":"en_US","og_type":"article","og_title":"Apartament 4 Camere - Greenfield B\u0103neasa","og_description":"De \u00eenchiriat! Apartament de 4 camere, mobilat complet \u0219i utilat. Imobilul este prev\u0103zut cu 3 grupuri sanitare, living orientat spre apus, iar dormitoarele..","og_url":"https:\/\/www.greenfieldresidence.ro\/baneasa\/en\/services\/apartments-for-rent\/for-rent-apartament-4-camere-2\/","og_site_name":"Greenfield B\u0103neasa","article_modified_time":"2022-03-14T17:15:14+00:00","og_image":[{"width":1157,"height":768,"url":"https:\/\/www.greenfieldresidence.ro\/baneasa\/wp-content\/uploads\/rents\/9-apartament-4-camere.jpg","type":"image\/jpeg"}],"twitter_card":"summary_large_image","schema":{"@context":"https:\/\/schema.org","@graph":[{"@type":"WebPage","@id":"https:\/\/www.greenfieldresidence.ro\/baneasa\/en\/services\/apartments-for-rent\/for-rent-apartament-4-camere-2\/","url":"https:\/\/www.greenfieldresidence.ro\/baneasa\/en\/services\/apartments-for-rent\/for-rent-apartament-4-camere-2\/","name":"Apartament 4 Camere - Greenfield B\u0103neasa","isPartOf":{"@id":"https:\/\/www.greenfieldresidence.ro\/baneasa\/en\/#website"},"primaryImageOfPage":{"@id":"https:\/\/www.greenfieldresidence.ro\/baneasa\/en\/services\/apartments-for-rent\/for-rent-apartament-4-camere-2\/#primaryimage"},"image":{"@id":"https:\/\/www.greenfieldresidence.ro\/baneasa\/en\/services\/apartments-for-rent\/for-rent-apartament-4-camere-2\/#primaryimage"},"thumbnailUrl":"https:\/\/www.greenfieldresidence.ro\/baneasa\/wp-content\/uploads\/rents\/9-apartament-4-camere.jpg","datePublished":"2021-05-05T10:06:53+00:00","dateModified":"2022-03-14T17:15:14+00:00","breadcrumb":{"@id":"https:\/\/www.greenfieldresidence.ro\/baneasa\/en\/services\/apartments-for-rent\/for-rent-apartament-4-camere-2\/#breadcrumb"},"inLanguage":"en-US","potentialAction":[{"@type":"ReadAction","target":["https:\/\/www.greenfieldresidence.ro\/baneasa\/en\/services\/apartments-for-rent\/for-rent-apartament-4-camere-2\/"]}]},{"@type":"ImageObject","inLanguage":"en-US","@id":"https:\/\/www.greenfieldresidence.ro\/baneasa\/en\/services\/apartments-for-rent\/for-rent-apartament-4-camere-2\/#primaryimage","url":"https:\/\/www.greenfieldresidence.ro\/baneasa\/wp-content\/uploads\/rents\/9-apartament-4-camere.jpg","contentUrl":"https:\/\/www.greenfieldresidence.ro\/baneasa\/wp-content\/uploads\/rents\/9-apartament-4-camere.jpg","width":1157,"height":768},{"@type":"BreadcrumbList","@id":"https:\/\/www.greenfieldresidence.ro\/baneasa\/en\/services\/apartments-for-rent\/for-rent-apartament-4-camere-2\/#breadcrumb","itemListElement":[{"@type":"ListItem","position":1,"name":"Home","item":"https:\/\/www.greenfieldresidence.ro\/baneasa\/en\/home\/"},{"@type":"ListItem","position":2,"name":"Services","item":"https:\/\/www.greenfieldresidence.ro\/baneasa\/en\/services\/"},{"@type":"ListItem","position":3,"name":"Apartments for rent","item":"https:\/\/www.greenfieldresidence.ro\/baneasa\/en\/?page_id=2830"},{"@type":"ListItem","position":4,"name":"Apartament 4 Camere"}]},{"@type":"WebSite","@id":"https:\/\/www.greenfieldresidence.ro\/baneasa\/en\/#website","url":"https:\/\/www.greenfieldresidence.ro\/baneasa\/en\/","name":"Greenfield B\u0103neasa","description":"Cartierul \u00eembr\u0103\u021bi\u0219at de p\u0103dure","publisher":{"@id":"https:\/\/www.greenfieldresidence.ro\/baneasa\/en\/#organization"},"potentialAction":[{"@type":"SearchAction","target":{"@type":"EntryPoint","urlTemplate":"https:\/\/www.greenfieldresidence.ro\/baneasa\/en\/?s={search_term_string}"},"query-input":{"@type":"PropertyValueSpecification","valueRequired":true,"valueName":"search_term_string"}}],"inLanguage":"en-US"},{"@type":"Organization","@id":"https:\/\/www.greenfieldresidence.ro\/baneasa\/en\/#organization","name":"Greenfield B\u0103neasa","url":"https:\/\/www.greenfieldresidence.ro\/baneasa\/en\/","logo":{"@type":"ImageObject","inLanguage":"en-US","@id":"https:\/\/www.greenfieldresidence.ro\/baneasa\/en\/#\/schema\/logo\/image\/","url":"https:\/\/www.greenfieldresidence.ro\/baneasa\/wp-content\/uploads\/2020\/05\/logo.svg","contentUrl":"https:\/\/www.greenfieldresidence.ro\/baneasa\/wp-content\/uploads\/2020\/05\/logo.svg","caption":"Greenfield B\u0103neasa"},"image":{"@id":"https:\/\/www.greenfieldresidence.ro\/baneasa\/en\/#\/schema\/logo\/image\/"}}]}},"ACF":{"Pret":"1,000 \u20ac","Status":"0","Status_Text":"Rented","images":[{"ID":22141,"id":22141,"title":"9-apartament-4-camere","filename":"9-apartament-4-camere.jpg","filesize":134366,"url":"https:\/\/www.greenfieldresidence.ro\/baneasa\/wp-content\/uploads\/rents\/9-apartament-4-camere.jpg","link":"https:\/\/www.greenfieldresidence.ro\/baneasa\/en\/9-apartament-4-camere-2-2\/","alt":"","author":"1","description":"","caption":"","name":"9-apartament-4-camere-2-2","status":"inherit","uploaded_to":0,"date":"2021-05-05 10:06:53","modified":"2021-05-05 10:06:53","menu_order":0,"mime_type":"image\/jpeg","type":"image","subtype":"jpeg","icon":"https:\/\/www.greenfieldresidence.ro\/baneasa\/wp-includes\/images\/media\/default.png","width":1157,"height":768,"sizes":{"thumbnail":"https:\/\/www.greenfieldresidence.ro\/baneasa\/wp-content\/uploads\/rents\/9-apartament-4-camere.jpg","thumbnail-width":150,"thumbnail-height":100,"medium":"https:\/\/www.greenfieldresidence.ro\/baneasa\/wp-content\/uploads\/rents\/9-apartament-4-camere.jpg","medium-width":300,"medium-height":199,"medium_large":"https:\/\/www.greenfieldresidence.ro\/baneasa\/wp-content\/uploads\/rents\/9-apartament-4-camere.jpg","medium_large-width":768,"medium_large-height":510,"large":"https:\/\/www.greenfieldresidence.ro\/baneasa\/wp-content\/uploads\/rents\/9-apartament-4-camere.jpg","large-width":1024,"large-height":680,"main-slider":"https:\/\/www.greenfieldresidence.ro\/baneasa\/wp-content\/uploads\/rents\/9-apartament-4-camere.jpg","main-slider-width":811,"main-slider-height":538,"main-slider-480":"https:\/\/www.greenfieldresidence.ro\/baneasa\/wp-content\/uploads\/rents\/9-apartament-4-camere.jpg","main-slider-480-width":331,"main-slider-480-height":220,"product-listing":"https:\/\/www.greenfieldresidence.ro\/baneasa\/wp-content\/uploads\/rents\/9-apartament-4-camere.jpg","product-listing-width":400,"product-listing-height":266,"product-listing-480":"https:\/\/www.greenfieldresidence.ro\/baneasa\/wp-content\/uploads\/rents\/9-apartament-4-camere.jpg","product-listing-480-width":80,"product-listing-480-height":53,"product-page":"https:\/\/www.greenfieldresidence.ro\/baneasa\/wp-content\/uploads\/rents\/9-apartament-4-camere.jpg","product-page-width":390,"product-page-height":259,"product-page-480":"https:\/\/www.greenfieldresidence.ro\/baneasa\/wp-content\/uploads\/rents\/9-apartament-4-camere.jpg","product-page-480-width":360,"product-page-480-height":239,"product-page-thumbs":"https:\/\/www.greenfieldresidence.ro\/baneasa\/wp-content\/uploads\/rents\/9-apartament-4-camere.jpg","product-page-thumbs-width":65,"product-page-thumbs-height":43,"product-page-gallery":"https:\/\/www.greenfieldresidence.ro\/baneasa\/wp-content\/uploads\/rents\/9-apartament-4-camere.jpg","product-page-gallery-width":600,"product-page-gallery-height":398,"product-page-gallery-thumbs":"https:\/\/www.greenfieldresidence.ro\/baneasa\/wp-content\/uploads\/rents\/9-apartament-4-camere.jpg","product-page-gallery-thumbs-width":150,"product-page-gallery-thumbs-height":100,"bottom-gallery":"https:\/\/www.greenfieldresidence.ro\/baneasa\/wp-content\/uploads\/rents\/9-apartament-4-camere.jpg","bottom-gallery-width":753,"bottom-gallery-height":500,"bottom-gallery-480":"https:\/\/www.greenfieldresidence.ro\/baneasa\/wp-content\/uploads\/rents\/9-apartament-4-camere.jpg","bottom-gallery-480-width":331,"bottom-gallery-480-height":220,"bottom-gallery-thumb":"https:\/\/www.greenfieldresidence.ro\/baneasa\/wp-content\/uploads\/rents\/9-apartament-4-camere.jpg","bottom-gallery-thumb-width":211,"bottom-gallery-thumb-height":140,"blog-posts-listing":"https:\/\/www.greenfieldresidence.ro\/baneasa\/wp-content\/uploads\/rents\/9-apartament-4-camere.jpg","blog-posts-listing-width":320,"blog-posts-listing-height":212,"testimonials-img-size":"https:\/\/www.greenfieldresidence.ro\/baneasa\/wp-content\/uploads\/rents\/9-apartament-4-camere.jpg","testimonials-img-size-width":60,"testimonials-img-size-height":40,"apartments-gallery":"https:\/\/www.greenfieldresidence.ro\/baneasa\/wp-content\/uploads\/rents\/9-apartament-4-camere.jpg","apartments-gallery-width":370,"apartments-gallery-height":246,"apartments-gallery-980":"https:\/\/www.greenfieldresidence.ro\/baneasa\/wp-content\/uploads\/rents\/9-apartament-4-camere.jpg","apartments-gallery-980-width":678,"apartments-gallery-980-height":450,"apartments-gallery-480":"https:\/\/www.greenfieldresidence.ro\/baneasa\/wp-content\/uploads\/rents\/9-apartament-4-camere.jpg","apartments-gallery-480-width":270,"apartments-gallery-480-height":179,"apartments-gallery-thumb":"https:\/\/www.greenfieldresidence.ro\/baneasa\/wp-content\/uploads\/rents\/9-apartament-4-camere.jpg","apartments-gallery-thumb-width":65,"apartments-gallery-thumb-height":43,"contact-picture":"https:\/\/www.greenfieldresidence.ro\/baneasa\/wp-content\/uploads\/rents\/9-apartament-4-camere.jpg","contact-picture-width":700,"contact-picture-height":465,"team-image":"https:\/\/www.greenfieldresidence.ro\/baneasa\/wp-content\/uploads\/rents\/9-apartament-4-camere.jpg","team-image-width":315,"team-image-height":209,"poster-image":"https:\/\/www.greenfieldresidence.ro\/baneasa\/wp-content\/uploads\/rents\/9-apartament-4-camere.jpg","poster-image-width":500,"poster-image-height":332,"phases-image":"https:\/\/www.greenfieldresidence.ro\/baneasa\/wp-content\/uploads\/rents\/9-apartament-4-camere.jpg","phases-image-width":1157,"phases-image-height":768,"lifestyle-slider":"https:\/\/www.greenfieldresidence.ro\/baneasa\/wp-content\/uploads\/rents\/9-apartament-4-camere.jpg","lifestyle-slider-width":811,"lifestyle-slider-height":538,"lifestyle-slider-480":"https:\/\/www.greenfieldresidence.ro\/baneasa\/wp-content\/uploads\/rents\/9-apartament-4-camere.jpg","lifestyle-slider-480-width":331,"lifestyle-slider-480-height":220,"blog-size":"https:\/\/www.greenfieldresidence.ro\/baneasa\/wp-content\/uploads\/rents\/9-apartament-4-camere.jpg","blog-size-width":377,"blog-size-height":250}}],"Telefon":""},"_links":{"self":[{"href":"https:\/\/www.greenfieldresidence.ro\/baneasa\/en\/wp-json\/wp\/v2\/pages\/13958","targetHints":{"allow":["GET"]}}],"collection":[{"href":"https:\/\/www.greenfieldresidence.ro\/baneasa\/en\/wp-json\/wp\/v2\/pages"}],"about":[{"href":"https:\/\/www.greenfieldresidence.ro\/baneasa\/en\/wp-json\/wp\/v2\/types\/page"}],"author":[{"embeddable":true,"href":"https:\/\/www.greenfieldresidence.ro\/baneasa\/en\/wp-json\/wp\/v2\/users\/1"}],"replies":[{"embeddable":true,"href":"https:\/\/www.greenfieldresidence.ro\/baneasa\/en\/wp-json\/wp\/v2\/comments?post=13958"}],"version-history":[{"count":1,"href":"https:\/\/www.greenfieldresidence.ro\/baneasa\/en\/wp-json\/wp\/v2\/pages\/13958\/revisions"}],"predecessor-version":[{"id":17018,"href":"https:\/\/www.greenfieldresidence.ro\/baneasa\/en\/wp-json\/wp\/v2\/pages\/13958\/revisions\/17018"}],"up":[{"embeddable":true,"href":"https:\/\/www.greenfieldresidence.ro\/baneasa\/en\/wp-json\/wp\/v2\/pages\/2830"}],"wp:featuredmedia":[{"embeddable":true,"href":"https:\/\/www.greenfieldresidence.ro\/baneasa\/en\/wp-json\/wp\/v2\/media\/13959"}],"wp:attachment":[{"href":"https:\/\/www.greenfieldresidence.ro\/baneasa\/en\/wp-json\/wp\/v2\/media?parent=13958"}],"wp:term":[{"taxonomy":"page-cat","embeddable":true,"href":"https:\/\/www.greenfieldresidence.ro\/baneasa\/en\/wp-json\/wp\/v2\/page-cat?post=13958"},{"taxonomy":"nr-camere","embeddable":true,"href":"https:\/\/www.greenfieldresidence.ro\/baneasa\/en\/wp-json\/wp\/v2\/nr-camere?post=13958"}],"curies":[{"name":"wp","href":"https:\/\/api.w.org\/{rel}","templated":true}]}}