{"id":13955,"date":"2021-05-05T13:06:51","date_gmt":"2021-05-05T10:06:51","guid":{"rendered":"https:\/\/www.greenfieldresidence.ro\/baneasa\/services\/apartments-for-rent\/for-rent-apartament-4-camere\/"},"modified":"2022-03-14T19:15:36","modified_gmt":"2022-03-14T17:15:36","slug":"for-rent-apartament-4-camere","status":"publish","type":"page","link":"https:\/\/www.greenfieldresidence.ro\/baneasa\/en\/services\/apartments-for-rent\/for-rent-apartament-4-camere\/","title":{"rendered":"Apartament 4 Camere"},"content":{"rendered":"<p>De \u00eenchiriat!\u00a0Apartament 4 camere spa\u021bios. Livingul, buc\u0103t\u0103ria, b\u0103ile \u0219i dou\u0103 dintre cele trei dormitoare sunt complet mobilate \u0219i utilate, iar cel de-al treilea dormitor poate fi amenajat de c\u0103tre proprietar\u00a0\u00een func\u021bie de nevoile chiria\u0219ului. Dot\u0103rile apartamentului includ: central\u0103 proprie, \u00eenc\u0103lzire prin pardoseal\u0103, aer condi\u021bionat, frigider, cuptor, aragaz, ma\u0219in\u0103 de sp\u0103lat.<\/p>\n","protected":false},"excerpt":{"rendered":"<p>De \u00eenchiriat!\u00a0Apartament 4 camere spa\u021bios. Livingul, buc\u0103t\u0103ria, b\u0103ile \u0219i dou\u0103 dintre cele trei dormitoare sunt complet mobilate \u0219i utilate, iar cel de-al treilea..<\/p>\n","protected":false},"author":1,"featured_media":13956,"parent":2830,"menu_order":0,"comment_status":"closed","ping_status":"closed","template":"templates\/rent.php","meta":{"_acf_changed":false,"footnotes":""},"page-cat":[],"nr-camere":[],"class_list":["post-13955","page","type-page","status-publish","has-post-thumbnail","hentry"],"acf":[],"yoast_head":"<!-- This site is optimized with the Yoast SEO plugin v27.2 - https:\/\/yoast.com\/product\/yoast-seo-wordpress\/ -->\n<title>Apartament 4 Camere - Greenfield B\u0103neasa<\/title>\n<meta name=\"robots\" content=\"index, follow, max-snippet:-1, max-image-preview:large, max-video-preview:-1\" \/>\n<link rel=\"canonical\" href=\"https:\/\/www.greenfieldresidence.ro\/baneasa\/en\/services\/apartments-for-rent\/for-rent-apartament-4-camere\/\" \/>\n<meta property=\"og:locale\" content=\"en_US\" \/>\n<meta property=\"og:type\" content=\"article\" \/>\n<meta property=\"og:title\" content=\"Apartament 4 Camere - Greenfield B\u0103neasa\" \/>\n<meta property=\"og:description\" content=\"De \u00eenchiriat!\u00a0Apartament 4 camere spa\u021bios. Livingul, buc\u0103t\u0103ria, b\u0103ile \u0219i dou\u0103 dintre cele trei dormitoare sunt complet mobilate \u0219i utilate, iar cel de-al treilea..\" \/>\n<meta property=\"og:url\" content=\"https:\/\/www.greenfieldresidence.ro\/baneasa\/en\/services\/apartments-for-rent\/for-rent-apartament-4-camere\/\" \/>\n<meta property=\"og:site_name\" content=\"Greenfield B\u0103neasa\" \/>\n<meta property=\"article:modified_time\" content=\"2022-03-14T17:15:36+00:00\" \/>\n<meta property=\"og:image\" content=\"https:\/\/www.greenfieldresidence.ro\/baneasa\/wp-content\/uploads\/rents\/8-apartament-4-camere.jpg\" \/>\n\t<meta property=\"og:image:width\" content=\"1200\" \/>\n\t<meta property=\"og:image:height\" content=\"1600\" \/>\n\t<meta property=\"og:image:type\" content=\"image\/jpeg\" \/>\n<meta name=\"twitter:card\" content=\"summary_large_image\" \/>\n<script type=\"application\/ld+json\" class=\"yoast-schema-graph\">{\"@context\":\"https:\/\/schema.org\",\"@graph\":[{\"@type\":\"WebPage\",\"@id\":\"https:\/\/www.greenfieldresidence.ro\/baneasa\/en\/services\/apartments-for-rent\/for-rent-apartament-4-camere\/\",\"url\":\"https:\/\/www.greenfieldresidence.ro\/baneasa\/en\/services\/apartments-for-rent\/for-rent-apartament-4-camere\/\",\"name\":\"Apartament 4 Camere - Greenfield B\u0103neasa\",\"isPartOf\":{\"@id\":\"https:\/\/www.greenfieldresidence.ro\/baneasa\/en\/#website\"},\"primaryImageOfPage\":{\"@id\":\"https:\/\/www.greenfieldresidence.ro\/baneasa\/en\/services\/apartments-for-rent\/for-rent-apartament-4-camere\/#primaryimage\"},\"image\":{\"@id\":\"https:\/\/www.greenfieldresidence.ro\/baneasa\/en\/services\/apartments-for-rent\/for-rent-apartament-4-camere\/#primaryimage\"},\"thumbnailUrl\":\"https:\/\/www.greenfieldresidence.ro\/baneasa\/wp-content\/uploads\/rents\/8-apartament-4-camere.jpg\",\"datePublished\":\"2021-05-05T10:06:51+00:00\",\"dateModified\":\"2022-03-14T17:15:36+00:00\",\"breadcrumb\":{\"@id\":\"https:\/\/www.greenfieldresidence.ro\/baneasa\/en\/services\/apartments-for-rent\/for-rent-apartament-4-camere\/#breadcrumb\"},\"inLanguage\":\"en-US\",\"potentialAction\":[{\"@type\":\"ReadAction\",\"target\":[\"https:\/\/www.greenfieldresidence.ro\/baneasa\/en\/services\/apartments-for-rent\/for-rent-apartament-4-camere\/\"]}]},{\"@type\":\"ImageObject\",\"inLanguage\":\"en-US\",\"@id\":\"https:\/\/www.greenfieldresidence.ro\/baneasa\/en\/services\/apartments-for-rent\/for-rent-apartament-4-camere\/#primaryimage\",\"url\":\"https:\/\/www.greenfieldresidence.ro\/baneasa\/wp-content\/uploads\/rents\/8-apartament-4-camere.jpg\",\"contentUrl\":\"https:\/\/www.greenfieldresidence.ro\/baneasa\/wp-content\/uploads\/rents\/8-apartament-4-camere.jpg\",\"width\":1200,\"height\":1600},{\"@type\":\"BreadcrumbList\",\"@id\":\"https:\/\/www.greenfieldresidence.ro\/baneasa\/en\/services\/apartments-for-rent\/for-rent-apartament-4-camere\/#breadcrumb\",\"itemListElement\":[{\"@type\":\"ListItem\",\"position\":1,\"name\":\"Home\",\"item\":\"https:\/\/www.greenfieldresidence.ro\/baneasa\/en\/home\/\"},{\"@type\":\"ListItem\",\"position\":2,\"name\":\"Services\",\"item\":\"https:\/\/www.greenfieldresidence.ro\/baneasa\/en\/services\/\"},{\"@type\":\"ListItem\",\"position\":3,\"name\":\"Apartments for rent\",\"item\":\"https:\/\/www.greenfieldresidence.ro\/baneasa\/en\/?page_id=2830\"},{\"@type\":\"ListItem\",\"position\":4,\"name\":\"Apartament 4 Camere\"}]},{\"@type\":\"WebSite\",\"@id\":\"https:\/\/www.greenfieldresidence.ro\/baneasa\/en\/#website\",\"url\":\"https:\/\/www.greenfieldresidence.ro\/baneasa\/en\/\",\"name\":\"Greenfield B\u0103neasa\",\"description\":\"Cartierul \u00eembr\u0103\u021bi\u0219at de p\u0103dure\",\"publisher\":{\"@id\":\"https:\/\/www.greenfieldresidence.ro\/baneasa\/en\/#organization\"},\"potentialAction\":[{\"@type\":\"SearchAction\",\"target\":{\"@type\":\"EntryPoint\",\"urlTemplate\":\"https:\/\/www.greenfieldresidence.ro\/baneasa\/en\/?s={search_term_string}\"},\"query-input\":{\"@type\":\"PropertyValueSpecification\",\"valueRequired\":true,\"valueName\":\"search_term_string\"}}],\"inLanguage\":\"en-US\"},{\"@type\":\"Organization\",\"@id\":\"https:\/\/www.greenfieldresidence.ro\/baneasa\/en\/#organization\",\"name\":\"Greenfield B\u0103neasa\",\"url\":\"https:\/\/www.greenfieldresidence.ro\/baneasa\/en\/\",\"logo\":{\"@type\":\"ImageObject\",\"inLanguage\":\"en-US\",\"@id\":\"https:\/\/www.greenfieldresidence.ro\/baneasa\/en\/#\/schema\/logo\/image\/\",\"url\":\"https:\/\/www.greenfieldresidence.ro\/baneasa\/wp-content\/uploads\/2020\/05\/logo.svg\",\"contentUrl\":\"https:\/\/www.greenfieldresidence.ro\/baneasa\/wp-content\/uploads\/2020\/05\/logo.svg\",\"caption\":\"Greenfield B\u0103neasa\"},\"image\":{\"@id\":\"https:\/\/www.greenfieldresidence.ro\/baneasa\/en\/#\/schema\/logo\/image\/\"}}]}<\/script>\n<!-- \/ Yoast SEO plugin. -->","yoast_head_json":{"title":"Apartament 4 Camere - Greenfield B\u0103neasa","robots":{"index":"index","follow":"follow","max-snippet":"max-snippet:-1","max-image-preview":"max-image-preview:large","max-video-preview":"max-video-preview:-1"},"canonical":"https:\/\/www.greenfieldresidence.ro\/baneasa\/en\/services\/apartments-for-rent\/for-rent-apartament-4-camere\/","og_locale":"en_US","og_type":"article","og_title":"Apartament 4 Camere - Greenfield B\u0103neasa","og_description":"De \u00eenchiriat!\u00a0Apartament 4 camere spa\u021bios. Livingul, buc\u0103t\u0103ria, b\u0103ile \u0219i dou\u0103 dintre cele trei dormitoare sunt complet mobilate \u0219i utilate, iar cel de-al treilea..","og_url":"https:\/\/www.greenfieldresidence.ro\/baneasa\/en\/services\/apartments-for-rent\/for-rent-apartament-4-camere\/","og_site_name":"Greenfield B\u0103neasa","article_modified_time":"2022-03-14T17:15:36+00:00","og_image":[{"width":1200,"height":1600,"url":"https:\/\/www.greenfieldresidence.ro\/baneasa\/wp-content\/uploads\/rents\/8-apartament-4-camere.jpg","type":"image\/jpeg"}],"twitter_card":"summary_large_image","schema":{"@context":"https:\/\/schema.org","@graph":[{"@type":"WebPage","@id":"https:\/\/www.greenfieldresidence.ro\/baneasa\/en\/services\/apartments-for-rent\/for-rent-apartament-4-camere\/","url":"https:\/\/www.greenfieldresidence.ro\/baneasa\/en\/services\/apartments-for-rent\/for-rent-apartament-4-camere\/","name":"Apartament 4 Camere - Greenfield B\u0103neasa","isPartOf":{"@id":"https:\/\/www.greenfieldresidence.ro\/baneasa\/en\/#website"},"primaryImageOfPage":{"@id":"https:\/\/www.greenfieldresidence.ro\/baneasa\/en\/services\/apartments-for-rent\/for-rent-apartament-4-camere\/#primaryimage"},"image":{"@id":"https:\/\/www.greenfieldresidence.ro\/baneasa\/en\/services\/apartments-for-rent\/for-rent-apartament-4-camere\/#primaryimage"},"thumbnailUrl":"https:\/\/www.greenfieldresidence.ro\/baneasa\/wp-content\/uploads\/rents\/8-apartament-4-camere.jpg","datePublished":"2021-05-05T10:06:51+00:00","dateModified":"2022-03-14T17:15:36+00:00","breadcrumb":{"@id":"https:\/\/www.greenfieldresidence.ro\/baneasa\/en\/services\/apartments-for-rent\/for-rent-apartament-4-camere\/#breadcrumb"},"inLanguage":"en-US","potentialAction":[{"@type":"ReadAction","target":["https:\/\/www.greenfieldresidence.ro\/baneasa\/en\/services\/apartments-for-rent\/for-rent-apartament-4-camere\/"]}]},{"@type":"ImageObject","inLanguage":"en-US","@id":"https:\/\/www.greenfieldresidence.ro\/baneasa\/en\/services\/apartments-for-rent\/for-rent-apartament-4-camere\/#primaryimage","url":"https:\/\/www.greenfieldresidence.ro\/baneasa\/wp-content\/uploads\/rents\/8-apartament-4-camere.jpg","contentUrl":"https:\/\/www.greenfieldresidence.ro\/baneasa\/wp-content\/uploads\/rents\/8-apartament-4-camere.jpg","width":1200,"height":1600},{"@type":"BreadcrumbList","@id":"https:\/\/www.greenfieldresidence.ro\/baneasa\/en\/services\/apartments-for-rent\/for-rent-apartament-4-camere\/#breadcrumb","itemListElement":[{"@type":"ListItem","position":1,"name":"Home","item":"https:\/\/www.greenfieldresidence.ro\/baneasa\/en\/home\/"},{"@type":"ListItem","position":2,"name":"Services","item":"https:\/\/www.greenfieldresidence.ro\/baneasa\/en\/services\/"},{"@type":"ListItem","position":3,"name":"Apartments for rent","item":"https:\/\/www.greenfieldresidence.ro\/baneasa\/en\/?page_id=2830"},{"@type":"ListItem","position":4,"name":"Apartament 4 Camere"}]},{"@type":"WebSite","@id":"https:\/\/www.greenfieldresidence.ro\/baneasa\/en\/#website","url":"https:\/\/www.greenfieldresidence.ro\/baneasa\/en\/","name":"Greenfield B\u0103neasa","description":"Cartierul \u00eembr\u0103\u021bi\u0219at de p\u0103dure","publisher":{"@id":"https:\/\/www.greenfieldresidence.ro\/baneasa\/en\/#organization"},"potentialAction":[{"@type":"SearchAction","target":{"@type":"EntryPoint","urlTemplate":"https:\/\/www.greenfieldresidence.ro\/baneasa\/en\/?s={search_term_string}"},"query-input":{"@type":"PropertyValueSpecification","valueRequired":true,"valueName":"search_term_string"}}],"inLanguage":"en-US"},{"@type":"Organization","@id":"https:\/\/www.greenfieldresidence.ro\/baneasa\/en\/#organization","name":"Greenfield B\u0103neasa","url":"https:\/\/www.greenfieldresidence.ro\/baneasa\/en\/","logo":{"@type":"ImageObject","inLanguage":"en-US","@id":"https:\/\/www.greenfieldresidence.ro\/baneasa\/en\/#\/schema\/logo\/image\/","url":"https:\/\/www.greenfieldresidence.ro\/baneasa\/wp-content\/uploads\/2020\/05\/logo.svg","contentUrl":"https:\/\/www.greenfieldresidence.ro\/baneasa\/wp-content\/uploads\/2020\/05\/logo.svg","caption":"Greenfield B\u0103neasa"},"image":{"@id":"https:\/\/www.greenfieldresidence.ro\/baneasa\/en\/#\/schema\/logo\/image\/"}}]}},"ACF":{"Pret":"1,000 \u20ac","Telefon":"0747.070.063","Status":"0","Status_Text":"Rented","images":[{"ID":22140,"id":22140,"title":"8-apartament-4-camere","filename":"8-apartament-4-camere.jpg","filesize":244148,"url":"https:\/\/www.greenfieldresidence.ro\/baneasa\/wp-content\/uploads\/rents\/8-apartament-4-camere.jpg","link":"https:\/\/www.greenfieldresidence.ro\/baneasa\/en\/8-apartament-4-camere-2-2\/","alt":"","author":"1","description":"","caption":"","name":"8-apartament-4-camere-2-2","status":"inherit","uploaded_to":0,"date":"2021-05-05 10:06:51","modified":"2021-05-05 10:06:51","menu_order":0,"mime_type":"image\/jpeg","type":"image","subtype":"jpeg","icon":"https:\/\/www.greenfieldresidence.ro\/baneasa\/wp-includes\/images\/media\/default.png","width":1200,"height":1600,"sizes":{"thumbnail":"https:\/\/www.greenfieldresidence.ro\/baneasa\/wp-content\/uploads\/rents\/8-apartament-4-camere.jpg","thumbnail-width":113,"thumbnail-height":150,"medium":"https:\/\/www.greenfieldresidence.ro\/baneasa\/wp-content\/uploads\/rents\/8-apartament-4-camere.jpg","medium-width":225,"medium-height":300,"medium_large":"https:\/\/www.greenfieldresidence.ro\/baneasa\/wp-content\/uploads\/rents\/8-apartament-4-camere.jpg","medium_large-width":768,"medium_large-height":1024,"large":"https:\/\/www.greenfieldresidence.ro\/baneasa\/wp-content\/uploads\/rents\/8-apartament-4-camere.jpg","large-width":768,"large-height":1024,"main-slider":"https:\/\/www.greenfieldresidence.ro\/baneasa\/wp-content\/uploads\/rents\/8-apartament-4-camere.jpg","main-slider-width":404,"main-slider-height":538,"main-slider-480":"https:\/\/www.greenfieldresidence.ro\/baneasa\/wp-content\/uploads\/rents\/8-apartament-4-camere.jpg","main-slider-480-width":165,"main-slider-480-height":220,"product-listing":"https:\/\/www.greenfieldresidence.ro\/baneasa\/wp-content\/uploads\/rents\/8-apartament-4-camere.jpg","product-listing-width":263,"product-listing-height":350,"product-listing-480":"https:\/\/www.greenfieldresidence.ro\/baneasa\/wp-content\/uploads\/rents\/8-apartament-4-camere.jpg","product-listing-480-width":60,"product-listing-480-height":80,"product-page":"https:\/\/www.greenfieldresidence.ro\/baneasa\/wp-content\/uploads\/rents\/8-apartament-4-camere.jpg","product-page-width":293,"product-page-height":390,"product-page-480":"https:\/\/www.greenfieldresidence.ro\/baneasa\/wp-content\/uploads\/rents\/8-apartament-4-camere.jpg","product-page-480-width":270,"product-page-480-height":360,"product-page-thumbs":"https:\/\/www.greenfieldresidence.ro\/baneasa\/wp-content\/uploads\/rents\/8-apartament-4-camere.jpg","product-page-thumbs-width":49,"product-page-thumbs-height":65,"product-page-gallery":"https:\/\/www.greenfieldresidence.ro\/baneasa\/wp-content\/uploads\/rents\/8-apartament-4-camere.jpg","product-page-gallery-width":450,"product-page-gallery-height":600,"product-page-gallery-thumbs":"https:\/\/www.greenfieldresidence.ro\/baneasa\/wp-content\/uploads\/rents\/8-apartament-4-camere.jpg","product-page-gallery-thumbs-width":113,"product-page-gallery-thumbs-height":150,"bottom-gallery":"https:\/\/www.greenfieldresidence.ro\/baneasa\/wp-content\/uploads\/rents\/8-apartament-4-camere.jpg","bottom-gallery-width":375,"bottom-gallery-height":500,"bottom-gallery-480":"https:\/\/www.greenfieldresidence.ro\/baneasa\/wp-content\/uploads\/rents\/8-apartament-4-camere.jpg","bottom-gallery-480-width":165,"bottom-gallery-480-height":220,"bottom-gallery-thumb":"https:\/\/www.greenfieldresidence.ro\/baneasa\/wp-content\/uploads\/rents\/8-apartament-4-camere.jpg","bottom-gallery-thumb-width":105,"bottom-gallery-thumb-height":140,"blog-posts-listing":"https:\/\/www.greenfieldresidence.ro\/baneasa\/wp-content\/uploads\/rents\/8-apartament-4-camere.jpg","blog-posts-listing-width":165,"blog-posts-listing-height":220,"testimonials-img-size":"https:\/\/www.greenfieldresidence.ro\/baneasa\/wp-content\/uploads\/rents\/8-apartament-4-camere.jpg","testimonials-img-size-width":45,"testimonials-img-size-height":60,"apartments-gallery":"https:\/\/www.greenfieldresidence.ro\/baneasa\/wp-content\/uploads\/rents\/8-apartament-4-camere.jpg","apartments-gallery-width":278,"apartments-gallery-height":370,"apartments-gallery-980":"https:\/\/www.greenfieldresidence.ro\/baneasa\/wp-content\/uploads\/rents\/8-apartament-4-camere.jpg","apartments-gallery-980-width":509,"apartments-gallery-980-height":678,"apartments-gallery-480":"https:\/\/www.greenfieldresidence.ro\/baneasa\/wp-content\/uploads\/rents\/8-apartament-4-camere.jpg","apartments-gallery-480-width":150,"apartments-gallery-480-height":200,"apartments-gallery-thumb":"https:\/\/www.greenfieldresidence.ro\/baneasa\/wp-content\/uploads\/rents\/8-apartament-4-camere.jpg","apartments-gallery-thumb-width":49,"apartments-gallery-thumb-height":65,"contact-picture":"https:\/\/www.greenfieldresidence.ro\/baneasa\/wp-content\/uploads\/rents\/8-apartament-4-camere.jpg","contact-picture-width":378,"contact-picture-height":504,"team-image":"https:\/\/www.greenfieldresidence.ro\/baneasa\/wp-content\/uploads\/rents\/8-apartament-4-camere.jpg","team-image-width":236,"team-image-height":315,"poster-image":"https:\/\/www.greenfieldresidence.ro\/baneasa\/wp-content\/uploads\/rents\/8-apartament-4-camere.jpg","poster-image-width":274,"poster-image-height":365,"phases-image":"https:\/\/www.greenfieldresidence.ro\/baneasa\/wp-content\/uploads\/rents\/8-apartament-4-camere.jpg","phases-image-width":1125,"phases-image-height":1500,"lifestyle-slider":"https:\/\/www.greenfieldresidence.ro\/baneasa\/wp-content\/uploads\/rents\/8-apartament-4-camere.jpg","lifestyle-slider-width":404,"lifestyle-slider-height":538,"lifestyle-slider-480":"https:\/\/www.greenfieldresidence.ro\/baneasa\/wp-content\/uploads\/rents\/8-apartament-4-camere.jpg","lifestyle-slider-480-width":165,"lifestyle-slider-480-height":220,"blog-size":"https:\/\/www.greenfieldresidence.ro\/baneasa\/wp-content\/uploads\/rents\/8-apartament-4-camere.jpg","blog-size-width":188,"blog-size-height":250}}]},"_links":{"self":[{"href":"https:\/\/www.greenfieldresidence.ro\/baneasa\/en\/wp-json\/wp\/v2\/pages\/13955","targetHints":{"allow":["GET"]}}],"collection":[{"href":"https:\/\/www.greenfieldresidence.ro\/baneasa\/en\/wp-json\/wp\/v2\/pages"}],"about":[{"href":"https:\/\/www.greenfieldresidence.ro\/baneasa\/en\/wp-json\/wp\/v2\/types\/page"}],"author":[{"embeddable":true,"href":"https:\/\/www.greenfieldresidence.ro\/baneasa\/en\/wp-json\/wp\/v2\/users\/1"}],"replies":[{"embeddable":true,"href":"https:\/\/www.greenfieldresidence.ro\/baneasa\/en\/wp-json\/wp\/v2\/comments?post=13955"}],"version-history":[{"count":1,"href":"https:\/\/www.greenfieldresidence.ro\/baneasa\/en\/wp-json\/wp\/v2\/pages\/13955\/revisions"}],"predecessor-version":[{"id":17020,"href":"https:\/\/www.greenfieldresidence.ro\/baneasa\/en\/wp-json\/wp\/v2\/pages\/13955\/revisions\/17020"}],"up":[{"embeddable":true,"href":"https:\/\/www.greenfieldresidence.ro\/baneasa\/en\/wp-json\/wp\/v2\/pages\/2830"}],"wp:featuredmedia":[{"embeddable":true,"href":"https:\/\/www.greenfieldresidence.ro\/baneasa\/en\/wp-json\/wp\/v2\/media\/13956"}],"wp:attachment":[{"href":"https:\/\/www.greenfieldresidence.ro\/baneasa\/en\/wp-json\/wp\/v2\/media?parent=13955"}],"wp:term":[{"taxonomy":"page-cat","embeddable":true,"href":"https:\/\/www.greenfieldresidence.ro\/baneasa\/en\/wp-json\/wp\/v2\/page-cat?post=13955"},{"taxonomy":"nr-camere","embeddable":true,"href":"https:\/\/www.greenfieldresidence.ro\/baneasa\/en\/wp-json\/wp\/v2\/nr-camere?post=13955"}],"curies":[{"name":"wp","href":"https:\/\/api.w.org\/{rel}","templated":true}]}}