{"id":13756,"date":"2021-04-23T13:43:51","date_gmt":"2021-04-23T10:43:51","guid":{"rendered":"https:\/\/www.greenfieldresidence.ro\/baneasa\/?page_id=13756"},"modified":"2021-04-23T16:44:40","modified_gmt":"2021-04-23T13:44:40","slug":"studio","status":"publish","type":"page","link":"https:\/\/www.greenfieldresidence.ro\/baneasa\/en\/virtual-tour\/studio\/","title":{"rendered":"Studio virtual tour"},"content":{"rendered":"<p>&nbsp;<\/p>\n<p>This virtual visit to a chic studio in Greenfield will pleasantly surprise you, through the glazed, open spaces and the practical arrangement of the points of interest. The moments spent on the studio terrace will surely delight your senses.<\/p>\n<p>Do you like what you saw? We are waiting for you to watch!<\/p>\n","protected":false},"excerpt":{"rendered":"<p>&nbsp; This virtual visit to a chic studio in Greenfield will pleasantly surprise you, through the glazed, open spaces and the practical arrangement..<\/p>\n","protected":false},"author":1,"featured_media":0,"parent":13481,"menu_order":0,"comment_status":"closed","ping_status":"closed","template":"tours.php","meta":{"_acf_changed":false,"footnotes":""},"page-cat":[],"nr-camere":[],"class_list":["post-13756","page","type-page","status-publish","hentry"],"acf":[],"yoast_head":"<!-- This site is optimized with the Yoast SEO plugin v27.4 - https:\/\/yoast.com\/product\/yoast-seo-wordpress\/ -->\n<title>Studio virtual tour - Greenfield B\u0103neasa<\/title>\n<meta name=\"robots\" content=\"index, follow, max-snippet:-1, max-image-preview:large, max-video-preview:-1\" \/>\n<link rel=\"canonical\" href=\"https:\/\/www.greenfieldresidence.ro\/baneasa\/en\/virtual-tour\/studio\/\" \/>\n<meta property=\"og:locale\" content=\"en_US\" \/>\n<meta property=\"og:type\" content=\"article\" \/>\n<meta property=\"og:title\" content=\"Studio virtual tour - Greenfield B\u0103neasa\" \/>\n<meta property=\"og:description\" content=\"&nbsp; This virtual visit to a chic studio in Greenfield will pleasantly surprise you, through the glazed, open spaces and the practical arrangement..\" \/>\n<meta property=\"og:url\" content=\"https:\/\/www.greenfieldresidence.ro\/baneasa\/en\/virtual-tour\/studio\/\" \/>\n<meta property=\"og:site_name\" content=\"Greenfield B\u0103neasa\" \/>\n<meta property=\"article:modified_time\" content=\"2021-04-23T13:44:40+00:00\" \/>\n<meta name=\"twitter:card\" content=\"summary_large_image\" \/>\n<script type=\"application\/ld+json\" class=\"yoast-schema-graph\">{\"@context\":\"https:\\\/\\\/schema.org\",\"@graph\":[{\"@type\":\"WebPage\",\"@id\":\"https:\\\/\\\/www.greenfieldresidence.ro\\\/baneasa\\\/en\\\/virtual-tour\\\/studio\\\/\",\"url\":\"https:\\\/\\\/www.greenfieldresidence.ro\\\/baneasa\\\/en\\\/virtual-tour\\\/studio\\\/\",\"name\":\"Studio virtual tour - Greenfield B\u0103neasa\",\"isPartOf\":{\"@id\":\"https:\\\/\\\/www.greenfieldresidence.ro\\\/baneasa\\\/en\\\/#website\"},\"datePublished\":\"2021-04-23T10:43:51+00:00\",\"dateModified\":\"2021-04-23T13:44:40+00:00\",\"breadcrumb\":{\"@id\":\"https:\\\/\\\/www.greenfieldresidence.ro\\\/baneasa\\\/en\\\/virtual-tour\\\/studio\\\/#breadcrumb\"},\"inLanguage\":\"en-US\",\"potentialAction\":[{\"@type\":\"ReadAction\",\"target\":[\"https:\\\/\\\/www.greenfieldresidence.ro\\\/baneasa\\\/en\\\/virtual-tour\\\/studio\\\/\"]}]},{\"@type\":\"BreadcrumbList\",\"@id\":\"https:\\\/\\\/www.greenfieldresidence.ro\\\/baneasa\\\/en\\\/virtual-tour\\\/studio\\\/#breadcrumb\",\"itemListElement\":[{\"@type\":\"ListItem\",\"position\":1,\"name\":\"Home\",\"item\":\"https:\\\/\\\/www.greenfieldresidence.ro\\\/baneasa\\\/en\\\/home\\\/\"},{\"@type\":\"ListItem\",\"position\":2,\"name\":\"Virtual tour\",\"item\":\"https:\\\/\\\/www.greenfieldresidence.ro\\\/baneasa\\\/en\\\/virtual-tour\\\/\"},{\"@type\":\"ListItem\",\"position\":3,\"name\":\"Studio virtual tour\"}]},{\"@type\":\"WebSite\",\"@id\":\"https:\\\/\\\/www.greenfieldresidence.ro\\\/baneasa\\\/en\\\/#website\",\"url\":\"https:\\\/\\\/www.greenfieldresidence.ro\\\/baneasa\\\/en\\\/\",\"name\":\"Greenfield B\u0103neasa\",\"description\":\"Cartierul \u00eembr\u0103\u021bi\u0219at de p\u0103dure\",\"publisher\":{\"@id\":\"https:\\\/\\\/www.greenfieldresidence.ro\\\/baneasa\\\/en\\\/#organization\"},\"potentialAction\":[{\"@type\":\"SearchAction\",\"target\":{\"@type\":\"EntryPoint\",\"urlTemplate\":\"https:\\\/\\\/www.greenfieldresidence.ro\\\/baneasa\\\/en\\\/?s={search_term_string}\"},\"query-input\":{\"@type\":\"PropertyValueSpecification\",\"valueRequired\":true,\"valueName\":\"search_term_string\"}}],\"inLanguage\":\"en-US\"},{\"@type\":\"Organization\",\"@id\":\"https:\\\/\\\/www.greenfieldresidence.ro\\\/baneasa\\\/en\\\/#organization\",\"name\":\"Greenfield B\u0103neasa\",\"url\":\"https:\\\/\\\/www.greenfieldresidence.ro\\\/baneasa\\\/en\\\/\",\"logo\":{\"@type\":\"ImageObject\",\"inLanguage\":\"en-US\",\"@id\":\"https:\\\/\\\/www.greenfieldresidence.ro\\\/baneasa\\\/en\\\/#\\\/schema\\\/logo\\\/image\\\/\",\"url\":\"https:\\\/\\\/www.greenfieldresidence.ro\\\/baneasa\\\/wp-content\\\/uploads\\\/2020\\\/05\\\/logo.svg\",\"contentUrl\":\"https:\\\/\\\/www.greenfieldresidence.ro\\\/baneasa\\\/wp-content\\\/uploads\\\/2020\\\/05\\\/logo.svg\",\"caption\":\"Greenfield B\u0103neasa\"},\"image\":{\"@id\":\"https:\\\/\\\/www.greenfieldresidence.ro\\\/baneasa\\\/en\\\/#\\\/schema\\\/logo\\\/image\\\/\"}}]}<\/script>\n<!-- \/ Yoast SEO plugin. -->","yoast_head_json":{"title":"Studio virtual tour - Greenfield B\u0103neasa","robots":{"index":"index","follow":"follow","max-snippet":"max-snippet:-1","max-image-preview":"max-image-preview:large","max-video-preview":"max-video-preview:-1"},"canonical":"https:\/\/www.greenfieldresidence.ro\/baneasa\/en\/virtual-tour\/studio\/","og_locale":"en_US","og_type":"article","og_title":"Studio virtual tour - Greenfield B\u0103neasa","og_description":"&nbsp; This virtual visit to a chic studio in Greenfield will pleasantly surprise you, through the glazed, open spaces and the practical arrangement..","og_url":"https:\/\/www.greenfieldresidence.ro\/baneasa\/en\/virtual-tour\/studio\/","og_site_name":"Greenfield B\u0103neasa","article_modified_time":"2021-04-23T13:44:40+00:00","twitter_card":"summary_large_image","schema":{"@context":"https:\/\/schema.org","@graph":[{"@type":"WebPage","@id":"https:\/\/www.greenfieldresidence.ro\/baneasa\/en\/virtual-tour\/studio\/","url":"https:\/\/www.greenfieldresidence.ro\/baneasa\/en\/virtual-tour\/studio\/","name":"Studio virtual tour - Greenfield B\u0103neasa","isPartOf":{"@id":"https:\/\/www.greenfieldresidence.ro\/baneasa\/en\/#website"},"datePublished":"2021-04-23T10:43:51+00:00","dateModified":"2021-04-23T13:44:40+00:00","breadcrumb":{"@id":"https:\/\/www.greenfieldresidence.ro\/baneasa\/en\/virtual-tour\/studio\/#breadcrumb"},"inLanguage":"en-US","potentialAction":[{"@type":"ReadAction","target":["https:\/\/www.greenfieldresidence.ro\/baneasa\/en\/virtual-tour\/studio\/"]}]},{"@type":"BreadcrumbList","@id":"https:\/\/www.greenfieldresidence.ro\/baneasa\/en\/virtual-tour\/studio\/#breadcrumb","itemListElement":[{"@type":"ListItem","position":1,"name":"Home","item":"https:\/\/www.greenfieldresidence.ro\/baneasa\/en\/home\/"},{"@type":"ListItem","position":2,"name":"Virtual tour","item":"https:\/\/www.greenfieldresidence.ro\/baneasa\/en\/virtual-tour\/"},{"@type":"ListItem","position":3,"name":"Studio virtual tour"}]},{"@type":"WebSite","@id":"https:\/\/www.greenfieldresidence.ro\/baneasa\/en\/#website","url":"https:\/\/www.greenfieldresidence.ro\/baneasa\/en\/","name":"Greenfield B\u0103neasa","description":"Cartierul \u00eembr\u0103\u021bi\u0219at de p\u0103dure","publisher":{"@id":"https:\/\/www.greenfieldresidence.ro\/baneasa\/en\/#organization"},"potentialAction":[{"@type":"SearchAction","target":{"@type":"EntryPoint","urlTemplate":"https:\/\/www.greenfieldresidence.ro\/baneasa\/en\/?s={search_term_string}"},"query-input":{"@type":"PropertyValueSpecification","valueRequired":true,"valueName":"search_term_string"}}],"inLanguage":"en-US"},{"@type":"Organization","@id":"https:\/\/www.greenfieldresidence.ro\/baneasa\/en\/#organization","name":"Greenfield B\u0103neasa","url":"https:\/\/www.greenfieldresidence.ro\/baneasa\/en\/","logo":{"@type":"ImageObject","inLanguage":"en-US","@id":"https:\/\/www.greenfieldresidence.ro\/baneasa\/en\/#\/schema\/logo\/image\/","url":"https:\/\/www.greenfieldresidence.ro\/baneasa\/wp-content\/uploads\/2020\/05\/logo.svg","contentUrl":"https:\/\/www.greenfieldresidence.ro\/baneasa\/wp-content\/uploads\/2020\/05\/logo.svg","caption":"Greenfield B\u0103neasa"},"image":{"@id":"https:\/\/www.greenfieldresidence.ro\/baneasa\/en\/#\/schema\/logo\/image\/"}}]}},"ACF":{"url_tur":"studio","eticheta_formular":"Studio"},"_links":{"self":[{"href":"https:\/\/www.greenfieldresidence.ro\/baneasa\/en\/wp-json\/wp\/v2\/pages\/13756","targetHints":{"allow":["GET"]}}],"collection":[{"href":"https:\/\/www.greenfieldresidence.ro\/baneasa\/en\/wp-json\/wp\/v2\/pages"}],"about":[{"href":"https:\/\/www.greenfieldresidence.ro\/baneasa\/en\/wp-json\/wp\/v2\/types\/page"}],"author":[{"embeddable":true,"href":"https:\/\/www.greenfieldresidence.ro\/baneasa\/en\/wp-json\/wp\/v2\/users\/1"}],"replies":[{"embeddable":true,"href":"https:\/\/www.greenfieldresidence.ro\/baneasa\/en\/wp-json\/wp\/v2\/comments?post=13756"}],"version-history":[{"count":3,"href":"https:\/\/www.greenfieldresidence.ro\/baneasa\/en\/wp-json\/wp\/v2\/pages\/13756\/revisions"}],"predecessor-version":[{"id":13766,"href":"https:\/\/www.greenfieldresidence.ro\/baneasa\/en\/wp-json\/wp\/v2\/pages\/13756\/revisions\/13766"}],"up":[{"embeddable":true,"href":"https:\/\/www.greenfieldresidence.ro\/baneasa\/en\/wp-json\/wp\/v2\/pages\/13481"}],"wp:attachment":[{"href":"https:\/\/www.greenfieldresidence.ro\/baneasa\/en\/wp-json\/wp\/v2\/media?parent=13756"}],"wp:term":[{"taxonomy":"page-cat","embeddable":true,"href":"https:\/\/www.greenfieldresidence.ro\/baneasa\/en\/wp-json\/wp\/v2\/page-cat?post=13756"},{"taxonomy":"nr-camere","embeddable":true,"href":"https:\/\/www.greenfieldresidence.ro\/baneasa\/en\/wp-json\/wp\/v2\/nr-camere?post=13756"}],"curies":[{"name":"wp","href":"https:\/\/api.w.org\/{rel}","templated":true}]}}