{"id":84,"date":"2021-06-28T19:11:34","date_gmt":"2021-06-28T19:11:34","guid":{"rendered":"http:\/\/greenfieldresidence.stg.impact.p.welink.ro\/?page_id=84"},"modified":"2021-06-30T06:45:55","modified_gmt":"2021-06-30T06:45:55","slug":"politica-cookie","status":"publish","type":"page","link":"https:\/\/www.greenfieldresidence.ro\/apartamente-noi-vanzare\/politica-cookie\/","title":{"rendered":"Politica Cookie"},"content":{"rendered":"<p>Acest website folose\u0219te cookie-uri proprii \u0219i ale unor ter\u021be p\u0103r\u021bi pentru a personaliza con\u021binutul \u0219i anun\u021burile, pentru a oferi func\u021bii de social media \u0219i pentru a analiza traficul nostru. De asemenea, partenerii no\u0219tri de social media, de publicitate \u0219i de analiz\u0103 pot avea informa\u021bii despre utilizarea de c\u0103tre dumneavoastr\u0103 a site-ului, ace\u0219tia put\u00e2ndu-le combina cu alte informa\u021bii pe care le-a\u021bi furnizat sau care le-au colectat de la utilizarea serviciilor dumneavoastr\u0103.<\/p>\n<p>\u00cen timpul parcurgerii website-ului, utilizatorul accept\u0103 utilizarea de cookie-uri. Cu toate acestea, utilizatorul are posibilitatea de a \u00eempiedica generarea de cookie-uri \u0219i de a le dezactiva select\u00e2nd op\u021biunea corespunz\u0103toare din browser-ul lor sau dezactiv\u00e2ndu-le pe fiecare \u00een parte. \u00cen cazul \u00een care un browser a blocat utilizarea de cookie-uri, este posibil ca unele dintre serviciile \u0219i func\u021bionalit\u0103\u021bile website-ului s\u0103 nu fie disponibile.<\/p>\n<p><strong>Ce este un cookie? <\/strong><\/p>\n<p>Un cookie este un mic fragment de text pe care site-urile web \u00eel transmit browser-ului \u0219i care este stocat \u00een dispozitivul utilizatorului, cum ar fi computerul personal, telefonul mobil, tablet\u0103, etc. Aceste fi\u0219iere sunt utilizate de c\u0103tre website s\u0103-\u0219i aminteasc\u0103 informa\u021bii despre vizitele utilizatorilor, cum ar fi preferin\u021bele de limb\u0103 \u0219i alte op\u021biuni, \u00een timp ce v\u0103 ajut\u0103 s\u0103 seta\u021bi lucrurile pentru urm\u0103toarele vizite \u0219i de a face site-ul web mai util prin personalizarea con\u021binutului s\u0103u. Cookie-urile joac\u0103 un rol foarte important \u00een \u00eembun\u0103t\u0103\u021birea experien\u021bei de utilizare a site-ului web.<\/p>\n<p><strong>Cum folosim cookies?<\/strong><\/p>\n<p>Prin consim\u021b\u0103m\u00e2ntul acordat, utilizatorul permite instalarea cookie-urilor \u00een dispozitivul s\u0103u pentru a ne spune urm\u0103toarele informa\u021bii:<\/p>\n<ul>\n<li>Informa\u021bii statistice cu privire la utilizarea website-ului.<\/li>\n<li>Formatul de web preferat pentru accesul la dispozitive mobile.<\/li>\n<li>Cele mai recente c\u0103ut\u0103ri f\u0103cute din serviciile de pe web, precum \u0219i detaliile personalizate ale acestor servicii.<\/li>\n<li>Detalii pentru conectarea la re\u021belele sociale pentru utilizatorii care acceseaz\u0103 site-ul web prin conturile lor de pe Facebook.<\/li>\n<\/ul>\n<p><strong>Tipuri de cookie-uri folosite <\/strong><\/p>\n<p>Acest website folose\u0219te at\u00e2t cookie-uri temporare c\u00e2t \u0219i permanente. Cookie-urile temporare (de sesiune) stocheaz\u0103 date doar at\u00e2t timp c\u00e2t utilizatorul este pe website, \u00een timp ce cookie-urile permanente sunt stocate pe dispozitivul utilizatorului, astfel \u00eenc\u00e2t s\u0103 poat\u0103 fi accesate \u0219i utilizate \u00een mai mult de o sesiune.<\/p>\n<p>\u00cen func\u021bie de scop \u0219i de datele ob\u021binute prin intermediul  cookie-urilor, putem utiliza:<\/p>\n<p><em>Cookie-uri strict necesare<\/em>, f\u0103r\u0103 de care nu v-am putea livra con\u021binutul site-ului \u0219i care asigur\u0103 func\u021bionalitatea de baz\u0103 a site-ului. \u00cen leg\u0103tur\u0103 cu acestea nu v\u0103 pute\u021bi manifesta op\u021biunea, dac\u0103 dori\u021bi s\u0103 utiliza\u021bi acest site.<\/p>\n<table width=\"688\">\n<tbody>\n<tr>\n<td width=\"167\">&nbsp;<\/p>\n<p>&nbsp;<\/p>\n<p>&nbsp;<\/td>\n<td width=\"124\"><strong>Denumire<\/strong><\/td>\n<td width=\"249\"><strong>Scop<\/strong><\/td>\n<td width=\"148\"><strong>Durata<\/strong><\/td>\n<\/tr>\n<tr>\n<td width=\"167\">greenfieldresidence.ro<\/td>\n<td width=\"124\">PHPSESSID<\/td>\n<td width=\"249\">Men\u021binerea sesiunii de lucru<\/td>\n<td width=\"148\">Sesiune<\/td>\n<\/tr>\n<tr>\n<td width=\"167\">greenfieldresidence.ro<\/td>\n<td width=\"124\">CONSENT<\/td>\n<td width=\"249\">\u00cenregistrarea op\u021biunii cu privire la cookies<\/td>\n<td width=\"148\">6 luni<\/td>\n<\/tr>\n<\/tbody>\n<\/table>\n<p>&nbsp;<\/p>\n<p><em>Cookie-uri de publicitate <\/em><\/p>\n<p>Aceste cookie-uri ajut\u0103 la gestionarea eficient\u0103 a spa\u021biilor de publicitate, care sunt incluse \u00een pagina web sau aplica\u021bia din care se presteaz\u0103 serviciul. Ele sunt folosite pentru a adapta con\u021binutul de publicitate, pentru a v\u0103 asigura c\u0103 este relevant pentru dumneavoastr\u0103 \u0219i pentru a evita afi\u0219area reclamelor pe care utilizatorul le-a v\u0103zut deja.<\/p>\n<p><em>Cookie-uri de analiz\u0103 statistic\u0103 <\/em><\/p>\n<p>Aceste cookie-uri sunt folosite pentru a colecta informa\u021bii cu privire la modul \u00een care utilizatorii interac\u021bioneaz\u0103 cu website-ul nostru, pentru comportamentul general al tuturor utilizatorilor care urmeaz\u0103 s\u0103 fie analizate pentru a ne ajuta s\u0103 aducem \u00eembun\u0103t\u0103\u021biri, \u0219i nu pot fi folosite pentru a identifica utilizatorii individuali. Ve\u021bi reg\u0103si, mai jos, exemple de astfel de cookies.<\/p>\n<p><em>Cookie-uri complementare <\/em><\/p>\n<p>Aceste cookie-uri sunt folosite pentru a face schimb de con\u021binut social, care este gestionat integral de Facebook, Twitter etc. Site-ul nostru web integreaz\u0103 \u201eplug-inuri ale modulelor de socializare\u201d, care permit membrilor re\u021belelor de socializare s\u0103 \u00eemp\u0103rt\u0103\u0219easc\u0103 \u0219i s\u0103 fac\u0103 schimb de con\u021binut.<\/p>\n<p>&nbsp;<\/p>\n<p><strong>Modul \u00een care sunt administrate cookie-urile pe browser <\/strong><\/p>\n<p>Utilizatorul are posibilitatea de a permite, bloca sau \u0219terge cookie-urile instalate \u00een sistemul s\u0103u prin modificarea set\u0103rilor de op\u021biuni ale browser-ului instalat \u00een dispozitivul acestuia:<\/p>\n<ol>\n<li>Pentru a modifica set\u0103rile cookie-urilor pe <strong>Google Chrome<\/strong>:<\/li>\n<\/ol>\n<ul>\n<li>Face\u021bi click pe meniul din bara de instrumente.<\/li>\n<li>Selecta\u021bi Set\u0103ri.<\/li>\n<li>Face\u021bi click pe Afi\u0219a\u021bi set\u0103rile avansate.<\/li>\n<li>\u00cen sec\u021biunea de confiden\u021bialitate face\u021bi click pe set\u0103rile de con\u021binut.<\/li>\n<li>Sub Cookies exist\u0103 o serie de op\u021biuni pentru set\u0103ri.<\/li>\n<\/ul>\n<p>&nbsp;<\/p>\n<p>Informa\u021bii suplimentare despre Google<\/p>\n<p>Chrome:  <a href=\"https:\/\/support.google.com\/chrome\/answer\/95647?hl=ro\">https:\/\/support.google.com\/chrome\/answer\/95647?hl=ro<\/a><\/p>\n<ol>\n<li>Pentru a modifica set\u0103rile cookie-urilor pe <strong>Mozilla Firefox<\/strong>:<\/li>\n<\/ol>\n<ul>\n<li>\u00cen partea de sus a ferestrei face\u0163i click pe butonul Firefox.<\/li>\n<li>Selectati op\u0163iunile.<\/li>\n<li>Selecta\u021bi panoul de confiden\u021bialitate.<\/li>\n<li>\u00cen op\u021biunea Firefox selecta\u0163i utilizare set\u0103ri personalizate pentru istorie \u0219i ve\u021bi putea alege din diferite op\u021biuni.<\/li>\n<\/ul>\n<p>&nbsp;<\/p>\n<p>Informa\u021bii suplimentare despre Mozilla Firefox pute\u021bi reg\u0103si acces\u00e2nd:<\/p>\n<p><a href=\"https:\/\/support.mozilla.org\/ro\/kb\/cookie-urile\">https:\/\/support.mozilla.org\/ro\/kb\/cookie-urile<\/a><\/p>\n<p>&nbsp;<\/p>\n<ol>\n<li>Pentru a modifica set\u0103rile cookie-urilor pe <strong>Internet Explorer 9<\/strong>:<\/li>\n<\/ol>\n<ul>\n<li>\u00cen partea de sus a ferestrei Internet Explorer, click pe meniul Instrumente.<\/li>\n<li>Selecta\u021bi Siguran\u021b\u0103 \u0219i apoi op\u021biunea \u0218tergere istoric navigare pentru a elimina cookie-urile. Selecta\u021bi caseta de validare Cookies, apoi face\u021bi click pe \u0218tergere.<\/li>\n<li>Face\u021bi click pe fila Confiden\u021bialitate, apoi, sub Settings, deplasa\u021bi cursorul la partea de sus pentru a bloca toate cookie-urile sau la partea de jos pentru a permite toate cookie-urile, \u0219i apoi face\u021bi clic pe OK.<\/li>\n<\/ul>\n<p>Informa\u021bii suplimentare despre cum pute\u021bi gestiona cookies \u00een cazul Internet Explorer 9: <a href=\"https:\/\/support.microsoft.com\/ro-ro\/help\/278835\/how-to-delete-cookie-files-in-internet-explorer\">https:\/\/support.microsoft.com\/ro-ro\/help\/278835\/how-to-delete-cookie-files-in-internet-explorer<\/a><\/p>\n<p>Dac\u0103 bloca\u021bi utilizarea de cookie-uri pe browser-ul dvs. unele dintre serviciile \u0219i func\u021bionalit\u0103\u021bi ale site-ului web ar putea s\u0103 nu fie disponibile. Unele browsere permit utilizatorilor set\u0103ri specifice pentru utilizarea cookie-urilor de c\u0103tre anumite siteuri web, care permite un control mai precis al informa\u0163iilor private. Acest lucru \u00eenseamn\u0103 c\u0103 pute\u021bi bloca cookie-urile de pe toate site-urile web, cu excep\u021bia celor care ave\u021bi \u00eencredere.<\/p>\n<p>Dac\u0103 ave\u021bi \u00eendoieli sau \u00eentreb\u0103ri cu privire la politica de Cookie-uri, v\u0103 rug\u0103m s\u0103 scrie\u021bi la adresa dpo@impactsa.ro.<\/p>\n<p>&nbsp;<\/p>\n","protected":false},"excerpt":{"rendered":"<p>Acest website folose\u0219te cookie-uri proprii \u0219i ale unor ter\u021be p\u0103r\u021bi pentru a personaliza con\u021binutul \u0219i anun\u021burile, pentru a oferi func\u021bii de social media \u0219i pentru a analiza traficul nostru. De asemenea, partenerii no\u0219tri de social media, de publicitate \u0219i de analiz\u0103 pot avea informa\u021bii despre utilizarea de c\u0103tre dumneavoastr\u0103 a site-ului, ace\u0219tia put\u00e2ndu-le combina cu [&hellip;]<\/p>\n","protected":false},"author":4,"featured_media":0,"parent":0,"menu_order":0,"comment_status":"closed","ping_status":"closed","template":"","meta":{"_acf_changed":false,"footnotes":""},"class_list":["post-84","page","type-page","status-publish","hentry"],"acf":[],"yoast_head":"<!-- This site is optimized with the Yoast SEO plugin v27.2 - https:\/\/yoast.com\/product\/yoast-seo-wordpress\/ -->\n<title>Politica Cookie - Greenfield Residence<\/title>\n<meta name=\"robots\" content=\"index, follow, max-snippet:-1, max-image-preview:large, max-video-preview:-1\" \/>\n<link rel=\"canonical\" href=\"https:\/\/www.greenfieldresidence.ro\/apartamente-noi-vanzare\/politica-cookie\/\" \/>\n<meta property=\"og:locale\" content=\"ro_RO\" \/>\n<meta property=\"og:type\" content=\"article\" \/>\n<meta property=\"og:title\" content=\"Politica Cookie - Greenfield Residence\" \/>\n<meta property=\"og:description\" content=\"Acest website folose\u0219te cookie-uri proprii \u0219i ale unor ter\u021be p\u0103r\u021bi pentru a personaliza con\u021binutul \u0219i anun\u021burile, pentru a oferi func\u021bii de social media \u0219i pentru a analiza traficul nostru. De asemenea, partenerii no\u0219tri de social media, de publicitate \u0219i de analiz\u0103 pot avea informa\u021bii despre utilizarea de c\u0103tre dumneavoastr\u0103 a site-ului, ace\u0219tia put\u00e2ndu-le combina cu [&hellip;]\" \/>\n<meta property=\"og:url\" content=\"https:\/\/www.greenfieldresidence.ro\/apartamente-noi-vanzare\/politica-cookie\/\" \/>\n<meta property=\"og:site_name\" content=\"Greenfield Residence\" \/>\n<meta property=\"article:modified_time\" content=\"2021-06-30T06:45:55+00:00\" \/>\n<meta name=\"twitter:card\" content=\"summary_large_image\" \/>\n<meta name=\"twitter:label1\" content=\"Timp estimat pentru citire\" \/>\n\t<meta name=\"twitter:data1\" content=\"5 minute\" \/>\n<script type=\"application\/ld+json\" class=\"yoast-schema-graph\">{\"@context\":\"https:\/\/schema.org\",\"@graph\":[{\"@type\":\"WebPage\",\"@id\":\"https:\/\/www.greenfieldresidence.ro\/apartamente-noi-vanzare\/politica-cookie\/\",\"url\":\"https:\/\/www.greenfieldresidence.ro\/apartamente-noi-vanzare\/politica-cookie\/\",\"name\":\"Politica Cookie - Greenfield Residence\",\"isPartOf\":{\"@id\":\"https:\/\/www.greenfieldresidence.ro\/apartamente-noi-vanzare\/#website\"},\"datePublished\":\"2021-06-28T19:11:34+00:00\",\"dateModified\":\"2021-06-30T06:45:55+00:00\",\"breadcrumb\":{\"@id\":\"https:\/\/www.greenfieldresidence.ro\/apartamente-noi-vanzare\/politica-cookie\/#breadcrumb\"},\"inLanguage\":\"ro-RO\",\"potentialAction\":[{\"@type\":\"ReadAction\",\"target\":[\"https:\/\/www.greenfieldresidence.ro\/apartamente-noi-vanzare\/politica-cookie\/\"]}]},{\"@type\":\"BreadcrumbList\",\"@id\":\"https:\/\/www.greenfieldresidence.ro\/apartamente-noi-vanzare\/politica-cookie\/#breadcrumb\",\"itemListElement\":[{\"@type\":\"ListItem\",\"position\":1,\"name\":\"Home\",\"item\":\"https:\/\/www.greenfieldresidence.ro\/apartamente-noi-vanzare\/\"},{\"@type\":\"ListItem\",\"position\":2,\"name\":\"Politica Cookie\"}]},{\"@type\":\"WebSite\",\"@id\":\"https:\/\/www.greenfieldresidence.ro\/apartamente-noi-vanzare\/#website\",\"url\":\"https:\/\/www.greenfieldresidence.ro\/apartamente-noi-vanzare\/\",\"name\":\"Greenfield Residence\",\"description\":\"O comunitate durabil\u0103, \u00een armonie cu natura\",\"potentialAction\":[{\"@type\":\"SearchAction\",\"target\":{\"@type\":\"EntryPoint\",\"urlTemplate\":\"https:\/\/www.greenfieldresidence.ro\/apartamente-noi-vanzare\/?s={search_term_string}\"},\"query-input\":{\"@type\":\"PropertyValueSpecification\",\"valueRequired\":true,\"valueName\":\"search_term_string\"}}],\"inLanguage\":\"ro-RO\"}]}<\/script>\n<!-- \/ Yoast SEO plugin. -->","yoast_head_json":{"title":"Politica Cookie - Greenfield Residence","robots":{"index":"index","follow":"follow","max-snippet":"max-snippet:-1","max-image-preview":"max-image-preview:large","max-video-preview":"max-video-preview:-1"},"canonical":"https:\/\/www.greenfieldresidence.ro\/apartamente-noi-vanzare\/politica-cookie\/","og_locale":"ro_RO","og_type":"article","og_title":"Politica Cookie - Greenfield Residence","og_description":"Acest website folose\u0219te cookie-uri proprii \u0219i ale unor ter\u021be p\u0103r\u021bi pentru a personaliza con\u021binutul \u0219i anun\u021burile, pentru a oferi func\u021bii de social media \u0219i pentru a analiza traficul nostru. De asemenea, partenerii no\u0219tri de social media, de publicitate \u0219i de analiz\u0103 pot avea informa\u021bii despre utilizarea de c\u0103tre dumneavoastr\u0103 a site-ului, ace\u0219tia put\u00e2ndu-le combina cu [&hellip;]","og_url":"https:\/\/www.greenfieldresidence.ro\/apartamente-noi-vanzare\/politica-cookie\/","og_site_name":"Greenfield Residence","article_modified_time":"2021-06-30T06:45:55+00:00","twitter_card":"summary_large_image","twitter_misc":{"Timp estimat pentru citire":"5 minute"},"schema":{"@context":"https:\/\/schema.org","@graph":[{"@type":"WebPage","@id":"https:\/\/www.greenfieldresidence.ro\/apartamente-noi-vanzare\/politica-cookie\/","url":"https:\/\/www.greenfieldresidence.ro\/apartamente-noi-vanzare\/politica-cookie\/","name":"Politica Cookie - Greenfield Residence","isPartOf":{"@id":"https:\/\/www.greenfieldresidence.ro\/apartamente-noi-vanzare\/#website"},"datePublished":"2021-06-28T19:11:34+00:00","dateModified":"2021-06-30T06:45:55+00:00","breadcrumb":{"@id":"https:\/\/www.greenfieldresidence.ro\/apartamente-noi-vanzare\/politica-cookie\/#breadcrumb"},"inLanguage":"ro-RO","potentialAction":[{"@type":"ReadAction","target":["https:\/\/www.greenfieldresidence.ro\/apartamente-noi-vanzare\/politica-cookie\/"]}]},{"@type":"BreadcrumbList","@id":"https:\/\/www.greenfieldresidence.ro\/apartamente-noi-vanzare\/politica-cookie\/#breadcrumb","itemListElement":[{"@type":"ListItem","position":1,"name":"Home","item":"https:\/\/www.greenfieldresidence.ro\/apartamente-noi-vanzare\/"},{"@type":"ListItem","position":2,"name":"Politica Cookie"}]},{"@type":"WebSite","@id":"https:\/\/www.greenfieldresidence.ro\/apartamente-noi-vanzare\/#website","url":"https:\/\/www.greenfieldresidence.ro\/apartamente-noi-vanzare\/","name":"Greenfield Residence","description":"O comunitate durabil\u0103, \u00een armonie cu natura","potentialAction":[{"@type":"SearchAction","target":{"@type":"EntryPoint","urlTemplate":"https:\/\/www.greenfieldresidence.ro\/apartamente-noi-vanzare\/?s={search_term_string}"},"query-input":{"@type":"PropertyValueSpecification","valueRequired":true,"valueName":"search_term_string"}}],"inLanguage":"ro-RO"}]}},"_links":{"self":[{"href":"https:\/\/www.greenfieldresidence.ro\/apartamente-noi-vanzare\/wp-json\/wp\/v2\/pages\/84","targetHints":{"allow":["GET"]}}],"collection":[{"href":"https:\/\/www.greenfieldresidence.ro\/apartamente-noi-vanzare\/wp-json\/wp\/v2\/pages"}],"about":[{"href":"https:\/\/www.greenfieldresidence.ro\/apartamente-noi-vanzare\/wp-json\/wp\/v2\/types\/page"}],"author":[{"embeddable":true,"href":"https:\/\/www.greenfieldresidence.ro\/apartamente-noi-vanzare\/wp-json\/wp\/v2\/users\/4"}],"replies":[{"embeddable":true,"href":"https:\/\/www.greenfieldresidence.ro\/apartamente-noi-vanzare\/wp-json\/wp\/v2\/comments?post=84"}],"version-history":[{"count":4,"href":"https:\/\/www.greenfieldresidence.ro\/apartamente-noi-vanzare\/wp-json\/wp\/v2\/pages\/84\/revisions"}],"predecessor-version":[{"id":123,"href":"https:\/\/www.greenfieldresidence.ro\/apartamente-noi-vanzare\/wp-json\/wp\/v2\/pages\/84\/revisions\/123"}],"wp:attachment":[{"href":"https:\/\/www.greenfieldresidence.ro\/apartamente-noi-vanzare\/wp-json\/wp\/v2\/media?parent=84"}],"curies":[{"name":"wp","href":"https:\/\/api.w.org\/{rel}","templated":true}]}}