{"id":2,"date":"2021-06-25T21:15:03","date_gmt":"2021-06-25T21:15:03","guid":{"rendered":"http:\/\/wl.greenfieldresidence.lh\/?page_id=2"},"modified":"2025-01-17T06:56:21","modified_gmt":"2025-01-17T06:56:21","slug":"sample-page","status":"publish","type":"page","link":"https:\/\/www.greenfieldresidence.ro\/apartamente-noi-vanzare\/","title":{"rendered":"Homepage"},"content":{"rendered":"","protected":false},"excerpt":{"rendered":"","protected":false},"author":4,"featured_media":0,"parent":0,"menu_order":0,"comment_status":"closed","ping_status":"open","template":"","meta":{"_acf_changed":false,"footnotes":""},"class_list":["post-2","page","type-page","status-publish","hentry"],"acf":[],"yoast_head":"<!-- This site is optimized with the Yoast SEO plugin v27.2 - https:\/\/yoast.com\/product\/yoast-seo-wordpress\/ -->\n<title>Greenfield - O comunitate durabil\u0103, \u00een armonie cu natura<\/title>\n<meta name=\"description\" content=\"Greenfield Residence, un concept integrat de wellbeing, ofer\u0103 locuin\u021be \u201caffordable\u201d cu servicii de prim\u0103 necesitate, dezvoltate \u00een cadrul unui centru comunitar integrat. Viziteaza Greenfield B\u0103neasa \u00een Bucure\u0219ti \u0219i Greenfield Copou \u00een Ia\u0219i.\" \/>\n<meta name=\"robots\" content=\"index, follow, max-snippet:-1, max-image-preview:large, max-video-preview:-1\" \/>\n<link rel=\"canonical\" href=\"https:\/\/www.greenfieldresidence.ro\/apartamente-noi-vanzare\/\" \/>\n<meta property=\"og:locale\" content=\"ro_RO\" \/>\n<meta property=\"og:type\" content=\"article\" \/>\n<meta property=\"og:title\" content=\"Greenfield - O comunitate durabil\u0103, \u00een armonie cu natura\" \/>\n<meta property=\"og:description\" content=\"Greenfield Residence, un concept integrat de wellbeing, ofer\u0103 locuin\u021be \u201caffordable\u201d cu servicii de prim\u0103 necesitate, dezvoltate \u00een cadrul unui centru comunitar integrat. Viziteaza Greenfield B\u0103neasa \u00een Bucure\u0219ti \u0219i Greenfield Copou \u00een Ia\u0219i.\" \/>\n<meta property=\"og:url\" content=\"https:\/\/www.greenfieldresidence.ro\/apartamente-noi-vanzare\/\" \/>\n<meta property=\"og:site_name\" content=\"Greenfield Residence\" \/>\n<meta property=\"article:modified_time\" content=\"2025-01-17T06:56:21+00:00\" \/>\n<meta name=\"twitter:card\" content=\"summary_large_image\" \/>\n<script type=\"application\/ld+json\" class=\"yoast-schema-graph\">{\"@context\":\"https:\/\/schema.org\",\"@graph\":[{\"@type\":\"WebPage\",\"@id\":\"https:\/\/www.greenfieldresidence.ro\/apartamente-noi-vanzare\/\",\"url\":\"https:\/\/www.greenfieldresidence.ro\/apartamente-noi-vanzare\/\",\"name\":\"Greenfield - O comunitate durabil\u0103, \u00een armonie cu natura\",\"isPartOf\":{\"@id\":\"https:\/\/www.greenfieldresidence.ro\/apartamente-noi-vanzare\/#website\"},\"datePublished\":\"2021-06-25T21:15:03+00:00\",\"dateModified\":\"2025-01-17T06:56:21+00:00\",\"description\":\"Greenfield Residence, un concept integrat de wellbeing, ofer\u0103 locuin\u021be \u201caffordable\u201d cu servicii de prim\u0103 necesitate, dezvoltate \u00een cadrul unui centru comunitar integrat. Viziteaza Greenfield B\u0103neasa \u00een Bucure\u0219ti \u0219i Greenfield Copou \u00een Ia\u0219i.\",\"breadcrumb\":{\"@id\":\"https:\/\/www.greenfieldresidence.ro\/apartamente-noi-vanzare\/#breadcrumb\"},\"inLanguage\":\"ro-RO\",\"potentialAction\":[{\"@type\":\"ReadAction\",\"target\":[\"https:\/\/www.greenfieldresidence.ro\/apartamente-noi-vanzare\/\"]}]},{\"@type\":\"BreadcrumbList\",\"@id\":\"https:\/\/www.greenfieldresidence.ro\/apartamente-noi-vanzare\/#breadcrumb\",\"itemListElement\":[{\"@type\":\"ListItem\",\"position\":1,\"name\":\"Home\",\"item\":\"https:\/\/www.greenfieldresidence.ro\/apartamente-noi-vanzare\/\"},{\"@type\":\"ListItem\",\"position\":2,\"name\":\"Homepage\"}]},{\"@type\":\"WebSite\",\"@id\":\"https:\/\/www.greenfieldresidence.ro\/apartamente-noi-vanzare\/#website\",\"url\":\"https:\/\/www.greenfieldresidence.ro\/apartamente-noi-vanzare\/\",\"name\":\"Greenfield Residence\",\"description\":\"O comunitate durabil\u0103, \u00een armonie cu natura\",\"potentialAction\":[{\"@type\":\"SearchAction\",\"target\":{\"@type\":\"EntryPoint\",\"urlTemplate\":\"https:\/\/www.greenfieldresidence.ro\/apartamente-noi-vanzare\/?s={search_term_string}\"},\"query-input\":{\"@type\":\"PropertyValueSpecification\",\"valueRequired\":true,\"valueName\":\"search_term_string\"}}],\"inLanguage\":\"ro-RO\"}]}<\/script>\n<!-- \/ Yoast SEO plugin. -->","yoast_head_json":{"title":"Greenfield - O comunitate durabil\u0103, \u00een armonie cu natura","description":"Greenfield Residence, un concept integrat de wellbeing, ofer\u0103 locuin\u021be \u201caffordable\u201d cu servicii de prim\u0103 necesitate, dezvoltate \u00een cadrul unui centru comunitar integrat. Viziteaza Greenfield B\u0103neasa \u00een Bucure\u0219ti \u0219i Greenfield Copou \u00een Ia\u0219i.","robots":{"index":"index","follow":"follow","max-snippet":"max-snippet:-1","max-image-preview":"max-image-preview:large","max-video-preview":"max-video-preview:-1"},"canonical":"https:\/\/www.greenfieldresidence.ro\/apartamente-noi-vanzare\/","og_locale":"ro_RO","og_type":"article","og_title":"Greenfield - O comunitate durabil\u0103, \u00een armonie cu natura","og_description":"Greenfield Residence, un concept integrat de wellbeing, ofer\u0103 locuin\u021be \u201caffordable\u201d cu servicii de prim\u0103 necesitate, dezvoltate \u00een cadrul unui centru comunitar integrat. Viziteaza Greenfield B\u0103neasa \u00een Bucure\u0219ti \u0219i Greenfield Copou \u00een Ia\u0219i.","og_url":"https:\/\/www.greenfieldresidence.ro\/apartamente-noi-vanzare\/","og_site_name":"Greenfield Residence","article_modified_time":"2025-01-17T06:56:21+00:00","twitter_card":"summary_large_image","schema":{"@context":"https:\/\/schema.org","@graph":[{"@type":"WebPage","@id":"https:\/\/www.greenfieldresidence.ro\/apartamente-noi-vanzare\/","url":"https:\/\/www.greenfieldresidence.ro\/apartamente-noi-vanzare\/","name":"Greenfield - O comunitate durabil\u0103, \u00een armonie cu natura","isPartOf":{"@id":"https:\/\/www.greenfieldresidence.ro\/apartamente-noi-vanzare\/#website"},"datePublished":"2021-06-25T21:15:03+00:00","dateModified":"2025-01-17T06:56:21+00:00","description":"Greenfield Residence, un concept integrat de wellbeing, ofer\u0103 locuin\u021be \u201caffordable\u201d cu servicii de prim\u0103 necesitate, dezvoltate \u00een cadrul unui centru comunitar integrat. Viziteaza Greenfield B\u0103neasa \u00een Bucure\u0219ti \u0219i Greenfield Copou \u00een Ia\u0219i.","breadcrumb":{"@id":"https:\/\/www.greenfieldresidence.ro\/apartamente-noi-vanzare\/#breadcrumb"},"inLanguage":"ro-RO","potentialAction":[{"@type":"ReadAction","target":["https:\/\/www.greenfieldresidence.ro\/apartamente-noi-vanzare\/"]}]},{"@type":"BreadcrumbList","@id":"https:\/\/www.greenfieldresidence.ro\/apartamente-noi-vanzare\/#breadcrumb","itemListElement":[{"@type":"ListItem","position":1,"name":"Home","item":"https:\/\/www.greenfieldresidence.ro\/apartamente-noi-vanzare\/"},{"@type":"ListItem","position":2,"name":"Homepage"}]},{"@type":"WebSite","@id":"https:\/\/www.greenfieldresidence.ro\/apartamente-noi-vanzare\/#website","url":"https:\/\/www.greenfieldresidence.ro\/apartamente-noi-vanzare\/","name":"Greenfield Residence","description":"O comunitate durabil\u0103, \u00een armonie cu natura","potentialAction":[{"@type":"SearchAction","target":{"@type":"EntryPoint","urlTemplate":"https:\/\/www.greenfieldresidence.ro\/apartamente-noi-vanzare\/?s={search_term_string}"},"query-input":{"@type":"PropertyValueSpecification","valueRequired":true,"valueName":"search_term_string"}}],"inLanguage":"ro-RO"}]}},"_links":{"self":[{"href":"https:\/\/www.greenfieldresidence.ro\/apartamente-noi-vanzare\/wp-json\/wp\/v2\/pages\/2","targetHints":{"allow":["GET"]}}],"collection":[{"href":"https:\/\/www.greenfieldresidence.ro\/apartamente-noi-vanzare\/wp-json\/wp\/v2\/pages"}],"about":[{"href":"https:\/\/www.greenfieldresidence.ro\/apartamente-noi-vanzare\/wp-json\/wp\/v2\/types\/page"}],"author":[{"embeddable":true,"href":"https:\/\/www.greenfieldresidence.ro\/apartamente-noi-vanzare\/wp-json\/wp\/v2\/users\/4"}],"replies":[{"embeddable":true,"href":"https:\/\/www.greenfieldresidence.ro\/apartamente-noi-vanzare\/wp-json\/wp\/v2\/comments?post=2"}],"version-history":[{"count":7,"href":"https:\/\/www.greenfieldresidence.ro\/apartamente-noi-vanzare\/wp-json\/wp\/v2\/pages\/2\/revisions"}],"predecessor-version":[{"id":341,"href":"https:\/\/www.greenfieldresidence.ro\/apartamente-noi-vanzare\/wp-json\/wp\/v2\/pages\/2\/revisions\/341"}],"wp:attachment":[{"href":"https:\/\/www.greenfieldresidence.ro\/apartamente-noi-vanzare\/wp-json\/wp\/v2\/media?parent=2"}],"curies":[{"name":"wp","href":"https:\/\/api.w.org\/{rel}","templated":true}]}}